{"id":2885,"date":"2022-03-16T15:31:34","date_gmt":"2022-03-16T14:31:34","guid":{"rendered":"https:\/\/wp.unil.ch\/swiss100\/?page_id=2885"},"modified":"2022-03-16T15:31:35","modified_gmt":"2022-03-16T14:31:35","slug":"francois-hermann","status":"publish","type":"page","link":"https:\/\/wp.unil.ch\/swiss100\/de\/team\/francois-hermann\/","title":{"rendered":"Fran\u00e7ois Hermann"},"content":{"rendered":"\n<div class=\"wp-block-columns is-layout-flex wp-container-core-columns-is-layout-9d6595d7 wp-block-columns-is-layout-flex\">\n<div class=\"wp-block-column is-layout-flow wp-block-column-is-layout-flow\" style=\"flex-basis:33.33%\">\n<figure class=\"wp-block-image size-large\"><img alt=\"\" loading=\"lazy\" decoding=\"async\" width=\"819\" height=\"1024\" src=\"https:\/\/wp.unil.ch\/swiss100\/files\/2021\/12\/francoisVH-819x1024.jpg\" alt=\"\" class=\"wp-image-2486\" srcset=\"https:\/\/wp.unil.ch\/swiss100\/files\/2021\/12\/francoisVH-819x1024.jpg 819w, https:\/\/wp.unil.ch\/swiss100\/files\/2021\/12\/francoisVH-240x300.jpg 240w, https:\/\/wp.unil.ch\/swiss100\/files\/2021\/12\/francoisVH-120x150.jpg 120w, https:\/\/wp.unil.ch\/swiss100\/files\/2021\/12\/francoisVH-768x960.jpg 768w, https:\/\/wp.unil.ch\/swiss100\/files\/2021\/12\/francoisVH-540x675.jpg 540w, https:\/\/wp.unil.ch\/swiss100\/files\/2021\/12\/francoisVH.jpg 960w\" sizes=\"auto, (max-width: 819px) 100vw, 819px\" \/><figcaption>Projektverantwortlicher<\/figcaption><\/figure>\n\n\n\n<blockquote class=\"wp-block-quote is-layout-flow wp-block-quote-is-layout-flow\"><p><em>Im Rahmen von SWISS100 suche ich nach Daten zur Demographie und zu den Aktivit\u00e4ten von Hundertj\u00e4hrigen sowie nach einem Erfahrungsaustausch mit Kollegen.<\/em><\/p><\/blockquote>\n<\/div>\n\n\n\n<div class=\"wp-block-column is-layout-flow wp-block-column-is-layout-flow\" style=\"flex-basis:66.66%\">\n<h2 class=\"has-medium-font-size wp-block-heading\">Positionen<\/h2>\n\n\n\n<ul class=\"wp-block-list\"><li>Stellvertretender Chefarzt, Abteilung f\u00fcr Rehabilitation und Geriatrie, Universit\u00e4tskliniken Genf (HUG), Schweiz<\/li><li>Ordentlicher Professor f\u00fcr Rehabilitation und Geriatrie, Medizinische Fakult\u00e4t der Universit\u00e4t Genf, Schweiz<\/li><li>Berater in der Abteilung f\u00fcr Pflegequalit\u00e4t des HUG<\/li><\/ul>\n\n\n\n<h2 class=\"has-medium-font-size wp-block-heading\">Akademischer Hintergrund<\/h2>\n\n\n\n<ul class=\"wp-block-list\"><li>Medizinischer Doktor, Medizinische Fakult\u00e4t der Universit\u00e4t Genf, Schweiz<\/li><li>MPH Harvard University School of Public Health, Boston, MA, USA<\/li><li>Zertifikat in Gesundheitsmanagement, Wirtschaftshochschule der Universit\u00e4t Genf (HEC), Schweiz<\/li><\/ul>\n\n\n\n<h2 class=\"has-medium-font-size wp-block-heading\">Vorherige ERfahrungen<\/h2>\n\n\n\n<ul class=\"wp-block-list\"><li>Fellowship in Clinical Computing, Zentrum f\u00fcr klinische Informatik, Beth Israel Hospital, Harvard University School of Medicine, Boston, MA, USA<\/li><li>Projektleiter in der Abteilung f\u00fcr Geriatrie, der Informatikabteilung und der Abteilung f\u00fcr Pflegequalit\u00e4t, Universit\u00e4tsspit\u00e4ler Genf, Schweiz<\/li><\/ul>\n\n\n\n<h2 class=\"has-medium-font-size wp-block-heading\">Forschungsschwerpunkte<\/h2>\n\n\n\n<ul class=\"wp-block-list\"><li>Geriatrische Epidemiologie, die von der Genetik und dem Labor bis hin zu klinischen und Bev\u00f6lkerungsstudien reicht<\/li><li>Studien zur t\u00e4glichen Sterblichkeit in 16 europ\u00e4ischen L\u00e4ndern und zum Zusammenhang mit dem Klimawandel<\/li><li>Bildgebung und kognitiver Verfall<\/li><\/ul>\n\n\n\n<h2 class=\"has-medium-font-size wp-block-heading\"><strong>Zus\u00e4tzliche Erfahrungen\/Meilensteine<\/strong><\/h2>\n\n\n\n<ul class=\"wp-block-list\"><li>Erste Studie \u00fcber die Pr\u00e4valenz von Demenz in der Schweiz<\/li><li>Erste koordinierte internationale Studie \u00fcber Hundertj\u00e4hrige (5-COOP)<\/li><li>Mitglied der Ethikkommission des (Kanton) Genf<\/li><\/ul>\n<\/div>\n<\/div>\n","protected":false},"excerpt":{"rendered":"<p>Im Rahmen von SWISS100 suche ich nach Daten zur Demographie und zu den Aktivit\u00e4ten von Hundertj\u00e4hrigen sowie nach einem Erfahrungsaustausch mit Kollegen. Positionen Stellvertretender Chefarzt, Abteilung f\u00fcr Rehabilitation&hellip;<\/p>\n","protected":false},"author":1002150,"featured_media":0,"parent":919,"menu_order":-1,"comment_status":"closed","ping_status":"closed","template":"template-full-width.php","meta":{"_seopress_robots_primary_cat":"","_seopress_titles_title":"","_seopress_titles_desc":"","_seopress_robots_index":"","footnotes":""},"class_list":["post-2885","page","type-page","status-publish","has-post-thumbnail"],"_links":{"self":[{"href":"https:\/\/wp.unil.ch\/swiss100\/de\/wp-json\/wp\/v2\/pages\/2885","targetHints":{"allow":["GET"]}}],"collection":[{"href":"https:\/\/wp.unil.ch\/swiss100\/de\/wp-json\/wp\/v2\/pages"}],"about":[{"href":"https:\/\/wp.unil.ch\/swiss100\/de\/wp-json\/wp\/v2\/types\/page"}],"author":[{"embeddable":true,"href":"https:\/\/wp.unil.ch\/swiss100\/de\/wp-json\/wp\/v2\/users\/1002150"}],"replies":[{"embeddable":true,"href":"https:\/\/wp.unil.ch\/swiss100\/de\/wp-json\/wp\/v2\/comments?post=2885"}],"version-history":[{"count":0,"href":"https:\/\/wp.unil.ch\/swiss100\/de\/wp-json\/wp\/v2\/pages\/2885\/revisions"}],"up":[{"embeddable":true,"href":"https:\/\/wp.unil.ch\/swiss100\/de\/wp-json\/wp\/v2\/pages\/919"}],"wp:attachment":[{"href":"https:\/\/wp.unil.ch\/swiss100\/de\/wp-json\/wp\/v2\/media?parent=2885"}],"curies":[{"name":"wp","href":"https:\/\/api.w.org\/{rel}","templated":true}]}}