{"id":2882,"date":"2022-03-16T15:27:07","date_gmt":"2022-03-16T14:27:07","guid":{"rendered":"https:\/\/wp.unil.ch\/swiss100\/?page_id=2882"},"modified":"2022-03-16T15:27:09","modified_gmt":"2022-03-16T14:27:09","slug":"karl-heinz-krause","status":"publish","type":"page","link":"https:\/\/wp.unil.ch\/swiss100\/de\/team\/karl-heinz-krause\/","title":{"rendered":"Karl-Heinz Krause"},"content":{"rendered":"\n<div class=\"wp-block-columns is-layout-flex wp-container-core-columns-is-layout-9d6595d7 wp-block-columns-is-layout-flex\">\n<div class=\"wp-block-column is-layout-flow wp-block-column-is-layout-flow\" style=\"flex-basis:33.33%\">\n<figure class=\"wp-block-image size-full\"><img alt=\"\" loading=\"lazy\" decoding=\"async\" width=\"451\" height=\"562\" src=\"https:\/\/wp.unil.ch\/swiss100\/files\/2021\/12\/karl_vh.jpg\" alt=\"\" class=\"wp-image-2542\" srcset=\"https:\/\/wp.unil.ch\/swiss100\/files\/2021\/12\/karl_vh.jpg 451w, https:\/\/wp.unil.ch\/swiss100\/files\/2021\/12\/karl_vh-241x300.jpg 241w, https:\/\/wp.unil.ch\/swiss100\/files\/2021\/12\/karl_vh-120x150.jpg 120w\" sizes=\"auto, (max-width: 451px) 100vw, 451px\" \/><figcaption>Projektpartner<\/figcaption><\/figure>\n\n\n\n<blockquote class=\"wp-block-quote is-layout-flow wp-block-quote-is-layout-flow\"><p><em>In SWISS100 besch\u00e4ftige ich mich mit biologischen Markern des Alterns bei Hundertj\u00e4hrigen.<\/em><\/p><\/blockquote>\n<\/div>\n\n\n\n<div class=\"wp-block-column is-layout-flow wp-block-column-is-layout-flow\" style=\"flex-basis:66.66%\">\n<h2 class=\"has-medium-font-size wp-block-heading\">positionen<\/h2>\n\n\n\n<ul class=\"wp-block-list\"><li>Professor f\u00fcr Medizin, Universit\u00e4tsspit\u00e4ler und medizinische Fakult\u00e4t Genf<\/li><li>Gew\u00e4hltes Mitglied der Schweizerischen Akademie der Medizinischen Wissenschaften und der American Society of Clinical Investigation<\/li><\/ul>\n\n\n\n<h2 class=\"has-medium-font-size wp-block-heading\">Akademischer Hintergrund<\/h2>\n\n\n\n<ul class=\"wp-block-list\"><li>Studium an der Medizinische Fakult\u00e4t, Universit\u00e4t M\u00fcnchen, Deutschland<\/li><li>Facharztanerkennung f\u00fcr Innere Medizin (Bayerische Landes\u00e4rztekammer, M\u00fcnchen, Deutschland)<\/li><li>Privatdozent, Universit\u00e4t Genf, Medizinische Fakult\u00e4t, Schweiz. Titel der Dissertation: &#8222;Mechanismen und Pharmakologie des rezeptorvermittelten Ca2+-Einstroms in neutrophilen Granulozyten und anderen nicht-erregbaren Geweben&#8220;.<\/li><\/ul>\n\n\n\n<h2 class=\"has-medium-font-size wp-block-heading\">Vorherige Erfahrungen<\/h2>\n\n\n\n<ul class=\"wp-block-list\"><li>Assistenzarzt: Universit\u00e4tskliniken M\u00fcnchen und Genf<\/li><li>Fellow f\u00fcr Infektionskrankheiten, Universit\u00e4tskliniken Iowa, USA<\/li><li>Au\u00dferordentlicher Professor, Universit\u00e4t Genf<\/li><\/ul>\n\n\n\n<h2 class=\"has-medium-font-size wp-block-heading\">Forschungsschwerpunkte<\/h2>\n\n\n\n<ul class=\"wp-block-list\"><li>NADPH-Oxidasen, oxidativer Stress und Redox-Biologie<\/li><li>Biologische Mechanismen der Alterung<\/li><li>Stammzellen und Zelltherapie<\/li><\/ul>\n\n\n\n<h2 class=\"has-medium-font-size wp-block-heading\">Zus\u00e4tzliche Erfahrungen\/Meilensteine<\/h2>\n\n\n\n<ul class=\"wp-block-list\"><li>Wissenschaftlicher Berater des Schweizerischen Nationalfonds 2002-2010<\/li><li>Gr\u00fcnder mehrerer Biotechnologie-Spin-off-Unternehmen (Genkyotex, Transcure Bioservices, Antion Biosciences, Neurix, HPlus Therapeutics)<\/li><li>Ehrenprofessor, Peking-Krankenhaus, Peking, China, 2000.<\/li><li>Freundschaftspreis der chinesischen Regierung, Peking, China, 2003<\/li><li>Ernst-Klenk-Dozent, Universit\u00e4t zu K\u00f6ln, 2010<\/li><li>Innovationsmedaille der Universit\u00e4t Genf, 2016<\/li><\/ul>\n\n\n\n<p><\/p>\n<\/div>\n<\/div>\n\n\n\n<p><\/p>\n","protected":false},"excerpt":{"rendered":"<p>In SWISS100 besch\u00e4ftige ich mich mit biologischen Markern des Alterns bei Hundertj\u00e4hrigen. positionen Professor f\u00fcr Medizin, Universit\u00e4tsspit\u00e4ler und medizinische Fakult\u00e4t Genf Gew\u00e4hltes Mitglied der Schweizerischen Akademie der Medizinischen&hellip;<\/p>\n","protected":false},"author":1002150,"featured_media":0,"parent":919,"menu_order":-1,"comment_status":"closed","ping_status":"closed","template":"template-full-width.php","meta":{"_seopress_robots_primary_cat":"","_seopress_titles_title":"","_seopress_titles_desc":"","_seopress_robots_index":"","footnotes":""},"class_list":["post-2882","page","type-page","status-publish","has-post-thumbnail"],"_links":{"self":[{"href":"https:\/\/wp.unil.ch\/swiss100\/de\/wp-json\/wp\/v2\/pages\/2882","targetHints":{"allow":["GET"]}}],"collection":[{"href":"https:\/\/wp.unil.ch\/swiss100\/de\/wp-json\/wp\/v2\/pages"}],"about":[{"href":"https:\/\/wp.unil.ch\/swiss100\/de\/wp-json\/wp\/v2\/types\/page"}],"author":[{"embeddable":true,"href":"https:\/\/wp.unil.ch\/swiss100\/de\/wp-json\/wp\/v2\/users\/1002150"}],"replies":[{"embeddable":true,"href":"https:\/\/wp.unil.ch\/swiss100\/de\/wp-json\/wp\/v2\/comments?post=2882"}],"version-history":[{"count":0,"href":"https:\/\/wp.unil.ch\/swiss100\/de\/wp-json\/wp\/v2\/pages\/2882\/revisions"}],"up":[{"embeddable":true,"href":"https:\/\/wp.unil.ch\/swiss100\/de\/wp-json\/wp\/v2\/pages\/919"}],"wp:attachment":[{"href":"https:\/\/wp.unil.ch\/swiss100\/de\/wp-json\/wp\/v2\/media?parent=2882"}],"curies":[{"name":"wp","href":"https:\/\/api.w.org\/{rel}","templated":true}]}}