{"id":2850,"date":"2022-03-16T12:10:17","date_gmt":"2022-03-16T11:10:17","guid":{"rendered":"https:\/\/wp.unil.ch\/swiss100\/?page_id=2850"},"modified":"2022-03-16T12:10:19","modified_gmt":"2022-03-16T11:10:19","slug":"kim-uittenhove","status":"publish","type":"page","link":"https:\/\/wp.unil.ch\/swiss100\/de\/team\/kim-uittenhove\/","title":{"rendered":"Kim Uittenhove"},"content":{"rendered":"\n<div class=\"wp-block-columns is-layout-flex wp-container-core-columns-is-layout-9d6595d7 wp-block-columns-is-layout-flex\">\n<div class=\"wp-block-column is-layout-flow wp-block-column-is-layout-flow\" style=\"flex-basis:33.33%\">\n<figure class=\"wp-block-image size-large\"><img alt=\"\" loading=\"lazy\" decoding=\"async\" width=\"819\" height=\"1024\" src=\"https:\/\/wp.unil.ch\/swiss100\/files\/2021\/12\/kimVH-819x1024.jpg\" alt=\"\" class=\"wp-image-2502\" srcset=\"https:\/\/wp.unil.ch\/swiss100\/files\/2021\/12\/kimVH-819x1024.jpg 819w, https:\/\/wp.unil.ch\/swiss100\/files\/2021\/12\/kimVH-240x300.jpg 240w, https:\/\/wp.unil.ch\/swiss100\/files\/2021\/12\/kimVH-120x150.jpg 120w, https:\/\/wp.unil.ch\/swiss100\/files\/2021\/12\/kimVH-768x960.jpg 768w, https:\/\/wp.unil.ch\/swiss100\/files\/2021\/12\/kimVH-540x675.jpg 540w, https:\/\/wp.unil.ch\/swiss100\/files\/2021\/12\/kimVH.jpg 960w\" sizes=\"auto, (max-width: 819px) 100vw, 819px\" \/><figcaption>Wissenschaftlerin<\/figcaption><\/figure>\n\n\n\n<blockquote class=\"wp-block-quote is-layout-flow wp-block-quote-is-layout-flow\"><p><em><em>Ich konzentriere mich auf die intellektuellen Ressourcen der Hundertj\u00e4hrigen in SWISS100. Zum Beispiel Ged\u00e4chtnis und Aufmerksamkeit im Alter von 100 Jahren.<\/em><\/em><\/p><\/blockquote>\n<\/div>\n\n\n\n<div class=\"wp-block-column is-layout-flow wp-block-column-is-layout-flow\" style=\"flex-basis:66.66%\">\n<h2 class=\"has-medium-font-size wp-block-heading\">Positionen<\/h2>\n\n\n\n<ul class=\"wp-block-list\"><li>SNF-Wissenschaftlerin am Institut f\u00fcr Psychologie der Universit\u00e4t Lausanne<\/li><li>Wissenschaftliche Mitarbeiterin an der Fakult\u00e4t f\u00fcr Psychologie und Erziehungswissenschaften der Universit\u00e4t Genf<\/li><\/ul>\n\n\n\n<h2 class=\"has-medium-font-size wp-block-heading\">Akademischer Hintergrund<\/h2>\n\n\n\n<ul class=\"wp-block-list\"><li>Bachelor und Master in Theoretischer und Experimenteller Psychologie an der Universit\u00e4t Gent, Belgien<\/li><li>Doktorat \u00fcber kognitives Altern an der Universit\u00e4t Aix-Marseille, Frankreich<\/li><\/ul>\n\n\n\n<h2 class=\"has-medium-font-size wp-block-heading\"><strong>Vorherige Erfahrungen<\/strong><\/h2>\n\n\n\n<ul class=\"wp-block-list\"><li>Postdoktorandin, Universit\u00e4t Lausanne<\/li><li>Postdoktorandin, Universit\u00e4t Genf<\/li><li>Doktorandin, Universit\u00e4t Aix-Marseille<\/li><li>Lehrveranstaltungen zur numerischen Kognition an den Universit\u00e4ten Fribourg und Genf<\/li><\/ul>\n\n\n\n<h2 class=\"has-medium-font-size wp-block-heading\"><strong>Forschungsschwerpunkte<\/strong><\/h2>\n\n\n\n<ul class=\"wp-block-list\"><li>Kognitive Funktion im Erwachsenenalter und im hohen Alter<\/li><li>Strategien, die der kognitiven Funktion w\u00e4hrend der Lebensspanne zugrunde liegen<\/li><li>Arbeitsged\u00e4chtnis und Aufmerksamkeit<\/li><li>Numerische Kognition<\/li><\/ul>\n\n\n\n<h2 class=\"has-medium-font-size wp-block-heading\"><strong>Zus\u00e4tzliche Erfahrungen\/Meilensteine<\/strong><\/h2>\n\n\n\n<ul class=\"wp-block-list\"><li>Projektleiterin in einem Projekt, das k\u00fcnstliche Intelligenz einsetzt, um Strategien im menschlichen Verhalten aufzudecken, finanziert durch ein SPARK-Stipendium (SNF, 11\/2019)<\/li><li>Verleihung des Dissertationspreises f\u00fcr die Dissertation &#8222;Altern und strategische Variationen in der numerischen Kognition&#8220; an der Universit\u00e4t Aix-Marseille (12\/2012)<\/li><\/ul>\n\n\n\n<h2 class=\"has-normal-font-size wp-block-heading\">Rolle in SWISS100<\/h2>\n\n\n\n<ul class=\"wp-block-list\"><li>Koordination der Studien<\/li><li>Analyse und Ver\u00f6ffentlichungen zu psychologischen Merkmalen von Hundertj\u00e4hrigen (insbesondere Kognition)<\/li><\/ul>\n<\/div>\n<\/div>\n","protected":false},"excerpt":{"rendered":"<p>Ich konzentriere mich auf die intellektuellen Ressourcen der Hundertj\u00e4hrigen in SWISS100. Zum Beispiel Ged\u00e4chtnis und Aufmerksamkeit im Alter von 100 Jahren. Positionen SNF-Wissenschaftlerin am Institut f\u00fcr Psychologie der&hellip;<\/p>\n","protected":false},"author":1002150,"featured_media":0,"parent":919,"menu_order":-1,"comment_status":"closed","ping_status":"closed","template":"template-full-width.php","meta":{"_seopress_robots_primary_cat":"","_seopress_titles_title":"","_seopress_titles_desc":"","_seopress_robots_index":"","footnotes":""},"class_list":["post-2850","page","type-page","status-publish","has-post-thumbnail"],"_links":{"self":[{"href":"https:\/\/wp.unil.ch\/swiss100\/de\/wp-json\/wp\/v2\/pages\/2850","targetHints":{"allow":["GET"]}}],"collection":[{"href":"https:\/\/wp.unil.ch\/swiss100\/de\/wp-json\/wp\/v2\/pages"}],"about":[{"href":"https:\/\/wp.unil.ch\/swiss100\/de\/wp-json\/wp\/v2\/types\/page"}],"author":[{"embeddable":true,"href":"https:\/\/wp.unil.ch\/swiss100\/de\/wp-json\/wp\/v2\/users\/1002150"}],"replies":[{"embeddable":true,"href":"https:\/\/wp.unil.ch\/swiss100\/de\/wp-json\/wp\/v2\/comments?post=2850"}],"version-history":[{"count":0,"href":"https:\/\/wp.unil.ch\/swiss100\/de\/wp-json\/wp\/v2\/pages\/2850\/revisions"}],"up":[{"embeddable":true,"href":"https:\/\/wp.unil.ch\/swiss100\/de\/wp-json\/wp\/v2\/pages\/919"}],"wp:attachment":[{"href":"https:\/\/wp.unil.ch\/swiss100\/de\/wp-json\/wp\/v2\/media?parent=2850"}],"curies":[{"name":"wp","href":"https:\/\/api.w.org\/{rel}","templated":true}]}}