{"id":2848,"date":"2022-03-16T12:06:02","date_gmt":"2022-03-16T11:06:02","guid":{"rendered":"https:\/\/wp.unil.ch\/swiss100\/?page_id=2848"},"modified":"2022-03-16T12:06:04","modified_gmt":"2022-03-16T11:06:04","slug":"flavien-delhaes","status":"publish","type":"page","link":"https:\/\/wp.unil.ch\/swiss100\/de\/team\/flavien-delhaes\/","title":{"rendered":"Flavien Delhaes"},"content":{"rendered":"\n<div class=\"wp-block-columns is-layout-flex wp-container-core-columns-is-layout-9d6595d7 wp-block-columns-is-layout-flex\">\n<div class=\"wp-block-column is-layout-flow wp-block-column-is-layout-flow\" style=\"flex-basis:33.33%\">\n<figure class=\"wp-block-image size-large\"><img alt=\"\" loading=\"lazy\" decoding=\"async\" width=\"819\" height=\"1024\" src=\"https:\/\/wp.unil.ch\/swiss100\/files\/2021\/12\/flavienVH-819x1024.jpg\" alt=\"\" class=\"wp-image-2506\" srcset=\"https:\/\/wp.unil.ch\/swiss100\/files\/2021\/12\/flavienVH-819x1024.jpg 819w, https:\/\/wp.unil.ch\/swiss100\/files\/2021\/12\/flavienVH-240x300.jpg 240w, https:\/\/wp.unil.ch\/swiss100\/files\/2021\/12\/flavienVH-120x150.jpg 120w, https:\/\/wp.unil.ch\/swiss100\/files\/2021\/12\/flavienVH-768x960.jpg 768w, https:\/\/wp.unil.ch\/swiss100\/files\/2021\/12\/flavienVH-540x675.jpg 540w, https:\/\/wp.unil.ch\/swiss100\/files\/2021\/12\/flavienVH.jpg 960w\" sizes=\"auto, (max-width: 819px) 100vw, 819px\" \/><figcaption>Wissenschaftler<\/figcaption><\/figure>\n\n\n\n<blockquote class=\"wp-block-quote is-layout-flow wp-block-quote-is-layout-flow\"><p><em>Mit SWISS100 m\u00f6chte ich die biologischen Marker und Mechanismen des Alterns bei Hundertj\u00e4hrigen entschl\u00fcsseln.<\/em><\/p><\/blockquote>\n<\/div>\n\n\n\n<div class=\"wp-block-column is-layout-flow wp-block-column-is-layout-flow\" style=\"flex-basis:66.66%\">\n<h2 class=\"has-medium-font-size wp-block-heading\">Positionen<\/h2>\n\n\n\n<ul class=\"wp-block-list\"><li>SNF-Wissenschaftler an der Abteilung f\u00fcr Pathologie und Immunologie der Universit\u00e4t Genf<\/li><\/ul>\n\n\n\n<h2 class=\"has-medium-font-size wp-block-heading\">Akademischer Hintergrund<\/h2>\n\n\n\n<ul class=\"wp-block-list\"><li>Bachelor in Wissenschaft, Technologie und Gesundheit an der Universit\u00e4t Bordeaux, Frankreich<\/li><li>Master in Zellularbiologie und Physiopathologie an der Universit\u00e4t Bordeaux, Frankreich<\/li><li>Doktorat in Biowissenschaften an der Universit\u00e4t Lausanne, Schweiz<\/li><\/ul>\n\n\n\n<h2 class=\"has-medium-font-size wp-block-heading\">Vorherige Erfahrungen<\/h2>\n\n\n\n<ul class=\"wp-block-list\"><li>Postdoc Wissenschaflter, Adolphe Merkle Institut, Freiburg, Schweiz<\/li><li>Postdoc Wissenschaftler, Universit\u00e4t von Western Ontario, London, Kanada<\/li><li>Lehrveranstaltungen zur Physiologie der Schwangerschaft und zu Schwangerschaftskomplikationen an der University of Western Ontario, London, Kanada<\/li><\/ul>\n\n\n\n<h2 class=\"has-medium-font-size wp-block-heading\">Forschungsschwerpunkte<\/h2>\n\n\n\n<ul class=\"wp-block-list\"><li>Stoffwechsel, oxidativer Stress und die Funktion der Mitochondrien<\/li><li>Biologische Mechanismen der Alterung<\/li><li>Die Rolle der westlichen Ern\u00e4hrung und der Hypoxie bei menschlichen Krankheiten<\/li><\/ul>\n\n\n\n<h2 class=\"has-medium-font-size wp-block-heading\">Zus\u00e4tzliche Erfahrungen\/Meilensteine<\/h2>\n\n\n\n<ul class=\"wp-block-list\"><li>Preis f\u00fcr den Vortrag &#8222;Human umbilical vein displays gender-specific alterations in the nitric oxide\/cGMP relaxing pathway in growth-restricted neonates.&#8220; an der DMCP-CHUV, Lausanne, Schweiz (01\/2015)<\/li><li>Auszeichnung mit einem Posterpreis f\u00fcr  &#8222;Reduction of Mitochondrial Function in the Hypoxic Human Placenta: the Importance of Mitochondria Remodelling and Complex II Activity&#8220; auf dem Physiology and Pharmacology Annual Research Day, London, Kanada (11\/2019)<\/li><li>Instructional Skills Workshop 2019, Zentrum f\u00fcr Lehren und Lernen, UWO<\/li><\/ul>\n\n\n\n<h2 class=\"has-normal-font-size wp-block-heading\">Rolle in Swiss100<\/h2>\n\n\n\n<ul class=\"wp-block-list\"><li>Unterst\u00fctzung bei der Erhebung biologischer Daten<\/li><li>Analyse und Ver\u00f6ffentlichung der biologischen Aspekte f\u00fcr au\u00dfergew\u00f6hnliche Langlebigkeit<\/li><\/ul>\n<\/div>\n<\/div>\n","protected":false},"excerpt":{"rendered":"<p>Mit SWISS100 m\u00f6chte ich die biologischen Marker und Mechanismen des Alterns bei Hundertj\u00e4hrigen entschl\u00fcsseln. Positionen SNF-Wissenschaftler an der Abteilung f\u00fcr Pathologie und Immunologie der Universit\u00e4t Genf Akademischer Hintergrund&hellip;<\/p>\n","protected":false},"author":1002150,"featured_media":0,"parent":919,"menu_order":-1,"comment_status":"closed","ping_status":"closed","template":"template-full-width.php","meta":{"_seopress_robots_primary_cat":"","_seopress_titles_title":"","_seopress_titles_desc":"","_seopress_robots_index":"","footnotes":""},"class_list":["post-2848","page","type-page","status-publish","has-post-thumbnail"],"_links":{"self":[{"href":"https:\/\/wp.unil.ch\/swiss100\/de\/wp-json\/wp\/v2\/pages\/2848","targetHints":{"allow":["GET"]}}],"collection":[{"href":"https:\/\/wp.unil.ch\/swiss100\/de\/wp-json\/wp\/v2\/pages"}],"about":[{"href":"https:\/\/wp.unil.ch\/swiss100\/de\/wp-json\/wp\/v2\/types\/page"}],"author":[{"embeddable":true,"href":"https:\/\/wp.unil.ch\/swiss100\/de\/wp-json\/wp\/v2\/users\/1002150"}],"replies":[{"embeddable":true,"href":"https:\/\/wp.unil.ch\/swiss100\/de\/wp-json\/wp\/v2\/comments?post=2848"}],"version-history":[{"count":0,"href":"https:\/\/wp.unil.ch\/swiss100\/de\/wp-json\/wp\/v2\/pages\/2848\/revisions"}],"up":[{"embeddable":true,"href":"https:\/\/wp.unil.ch\/swiss100\/de\/wp-json\/wp\/v2\/pages\/919"}],"wp:attachment":[{"href":"https:\/\/wp.unil.ch\/swiss100\/de\/wp-json\/wp\/v2\/media?parent=2848"}],"curies":[{"name":"wp","href":"https:\/\/api.w.org\/{rel}","templated":true}]}}