{"id":2846,"date":"2022-03-16T11:43:33","date_gmt":"2022-03-16T10:43:33","guid":{"rendered":"https:\/\/wp.unil.ch\/swiss100\/?page_id=2846"},"modified":"2022-03-16T11:43:35","modified_gmt":"2022-03-16T10:43:35","slug":"garnelle-ziade","status":"publish","type":"page","link":"https:\/\/wp.unil.ch\/swiss100\/de\/team\/garnelle-ziade\/","title":{"rendered":"Garnelle Ziade"},"content":{"rendered":"\n<div class=\"wp-block-columns is-layout-flex wp-container-core-columns-is-layout-9d6595d7 wp-block-columns-is-layout-flex\">\n<div class=\"wp-block-column is-layout-flow wp-block-column-is-layout-flow\" style=\"flex-basis:33.33%\">\n<figure class=\"wp-block-image size-large\"><img alt=\"\" loading=\"lazy\" decoding=\"async\" width=\"819\" height=\"1024\" src=\"https:\/\/wp.unil.ch\/swiss100\/files\/2021\/12\/garnelleVH-819x1024.jpg\" alt=\"\" class=\"wp-image-2522\" srcset=\"https:\/\/wp.unil.ch\/swiss100\/files\/2021\/12\/garnelleVH-819x1024.jpg 819w, https:\/\/wp.unil.ch\/swiss100\/files\/2021\/12\/garnelleVH-240x300.jpg 240w, https:\/\/wp.unil.ch\/swiss100\/files\/2021\/12\/garnelleVH-120x150.jpg 120w, https:\/\/wp.unil.ch\/swiss100\/files\/2021\/12\/garnelleVH-768x960.jpg 768w, https:\/\/wp.unil.ch\/swiss100\/files\/2021\/12\/garnelleVH-540x675.jpg 540w, https:\/\/wp.unil.ch\/swiss100\/files\/2021\/12\/garnelleVH.jpg 960w\" sizes=\"auto, (max-width: 819px) 100vw, 819px\" \/><figcaption><strong>Do<\/strong>ktorandin<\/figcaption><\/figure>\n\n\n\n<blockquote class=\"wp-block-quote is-layout-flow wp-block-quote-is-layout-flow\"><p><em>Mein Hauptinteresse an SWISS100 ist es, die zwischenmenschlichen Beziehungen von Hundertj\u00e4hrigen und deren Einfluss auf das psychologische Funktionieren zu untersuchen.<\/em><\/p><\/blockquote>\n<\/div>\n\n\n\n<div class=\"wp-block-column is-layout-flow wp-block-column-is-layout-flow\" style=\"flex-basis:66.66%\">\n<h4 class=\"has-normal-font-size wp-block-heading\">Positionen<\/h4>\n\n\n\n<ul class=\"wp-block-list\"><li>Doktorandin in Psychologie, Institut f\u00fcr Psychologie, Universit\u00e4t Lausanne, Schweiz<\/li><\/ul>\n\n\n\n<h4 class=\"has-normal-font-size wp-block-heading\">Akademischer Hintergrund<\/h4>\n\n\n\n<ul class=\"wp-block-list\"><li>Master in Klinischer und Gesundheitspsychologie, Universit\u00e4t Freiburg, Schweiz<\/li><li>Bachelor in klinischer Psychologie, Heilig-Geist-Universit\u00e4t von Kaslik (USEK), Libanon<\/li><\/ul>\n\n\n\n<h4 class=\"has-normal-font-size wp-block-heading\">Vorherige erfahrungen<\/h4>\n\n\n\n<ul class=\"wp-block-list\"><li>Psychosoziale Intervention bei Alkoholismus nach der Entw\u00f6hnung, Stiftung Le Torry, Fribourg<\/li><li>Mitarbeit im Pr\u00e4ventionsprojekt PA-TRAGEN (Pr\u00e4vention des transgenerationalen Alkoholismus), FERARIHS-HEALTH, Villars-sur-Gl\u00e2ne<\/li><li>Realisierung von Hilfsmitteln (Gesundheitsquiz) zur Alzheimer-Krankheit f\u00fcr Senioren, FERARIHS-HEALTH, Fribourg<\/li><li>Soziale und psychologische Unterst\u00fctzung f\u00fcr \u00e4ltere Menschen mit k\u00f6rperlichen und\/oder geistigen Behinderungen in einem Heim, Verein St. Camille, Marly<\/li><\/ul>\n\n\n\n<h4 class=\"has-normal-font-size wp-block-heading\">Forschungsschwerpunkt<\/h4>\n\n\n\n<ul class=\"wp-block-list\"><li>Der Einfluss von Pers\u00f6nlichkeitsmerkmalen auf das Funktionieren von Beziehungen<\/li><li>Psychosoziale Interaktionen<\/li><li>Zwischenmenschliche Beziehungen<\/li><\/ul>\n\n\n\n<h2 class=\"has-normal-font-size wp-block-heading\">Rolle in Swiss100<\/h2>\n\n\n\n<ul class=\"wp-block-list\"><li>Datenerhebung im franz\u00f6sischsprachigen Raum<\/li><li>Doktorat in Psychologie mit Schwerpunkt auf Gesundheit und Pers\u00f6nlichkeit bei Hundertj\u00e4hrigen<\/li><\/ul>\n<\/div>\n<\/div>\n","protected":false},"excerpt":{"rendered":"<p>Mein Hauptinteresse an SWISS100 ist es, die zwischenmenschlichen Beziehungen von Hundertj\u00e4hrigen und deren Einfluss auf das psychologische Funktionieren zu untersuchen. Positionen Doktorandin in Psychologie, Institut f\u00fcr Psychologie, Universit\u00e4t&hellip;<\/p>\n","protected":false},"author":1002150,"featured_media":0,"parent":919,"menu_order":-1,"comment_status":"closed","ping_status":"closed","template":"template-full-width.php","meta":{"_seopress_robots_primary_cat":"","_seopress_titles_title":"","_seopress_titles_desc":"","_seopress_robots_index":"","footnotes":""},"class_list":["post-2846","page","type-page","status-publish","has-post-thumbnail"],"_links":{"self":[{"href":"https:\/\/wp.unil.ch\/swiss100\/de\/wp-json\/wp\/v2\/pages\/2846","targetHints":{"allow":["GET"]}}],"collection":[{"href":"https:\/\/wp.unil.ch\/swiss100\/de\/wp-json\/wp\/v2\/pages"}],"about":[{"href":"https:\/\/wp.unil.ch\/swiss100\/de\/wp-json\/wp\/v2\/types\/page"}],"author":[{"embeddable":true,"href":"https:\/\/wp.unil.ch\/swiss100\/de\/wp-json\/wp\/v2\/users\/1002150"}],"replies":[{"embeddable":true,"href":"https:\/\/wp.unil.ch\/swiss100\/de\/wp-json\/wp\/v2\/comments?post=2846"}],"version-history":[{"count":0,"href":"https:\/\/wp.unil.ch\/swiss100\/de\/wp-json\/wp\/v2\/pages\/2846\/revisions"}],"up":[{"embeddable":true,"href":"https:\/\/wp.unil.ch\/swiss100\/de\/wp-json\/wp\/v2\/pages\/919"}],"wp:attachment":[{"href":"https:\/\/wp.unil.ch\/swiss100\/de\/wp-json\/wp\/v2\/media?parent=2846"}],"curies":[{"name":"wp","href":"https:\/\/api.w.org\/{rel}","templated":true}]}}