{"id":2844,"date":"2022-03-16T11:39:35","date_gmt":"2022-03-16T10:39:35","guid":{"rendered":"https:\/\/wp.unil.ch\/swiss100\/?page_id=2844"},"modified":"2022-03-16T11:39:37","modified_gmt":"2022-03-16T10:39:37","slug":"daniele-zaccaria","status":"publish","type":"page","link":"https:\/\/wp.unil.ch\/swiss100\/de\/team\/daniele-zaccaria\/","title":{"rendered":"Daniele Zaccaria"},"content":{"rendered":"\n<div class=\"wp-block-columns is-layout-flex wp-container-core-columns-is-layout-9d6595d7 wp-block-columns-is-layout-flex\">\n<div class=\"wp-block-column is-layout-flow wp-block-column-is-layout-flow\" style=\"flex-basis:33.33%\">\n<figure class=\"wp-block-image size-large\"><img alt=\"\" loading=\"lazy\" decoding=\"async\" width=\"819\" height=\"1024\" src=\"https:\/\/wp.unil.ch\/swiss100\/files\/2021\/12\/danieleVH-819x1024.jpg\" alt=\"\" class=\"wp-image-2498\" srcset=\"https:\/\/wp.unil.ch\/swiss100\/files\/2021\/12\/danieleVH-819x1024.jpg 819w, https:\/\/wp.unil.ch\/swiss100\/files\/2021\/12\/danieleVH-240x300.jpg 240w, https:\/\/wp.unil.ch\/swiss100\/files\/2021\/12\/danieleVH-120x150.jpg 120w, https:\/\/wp.unil.ch\/swiss100\/files\/2021\/12\/danieleVH-768x960.jpg 768w, https:\/\/wp.unil.ch\/swiss100\/files\/2021\/12\/danieleVH-540x675.jpg 540w, https:\/\/wp.unil.ch\/swiss100\/files\/2021\/12\/danieleVH.jpg 960w\" sizes=\"auto, (max-width: 819px) 100vw, 819px\" \/><figcaption>Wissenschaftler<\/figcaption><\/figure>\n\n\n\n<blockquote class=\"wp-block-quote is-layout-flow wp-block-quote-is-layout-flow\"><p><em>SWISS100 bietet eine spannende M\u00f6glichkeit, soziale Netzwerke, Isolation und Einsamkeit bei Hundertj\u00e4hrigen zu untersuchen und zu verstehen.<\/em><\/p><\/blockquote>\n<\/div>\n\n\n\n<div class=\"wp-block-column is-layout-flow wp-block-column-is-layout-flow\" style=\"flex-basis:66.66%\">\n<h2 class=\"has-medium-font-size wp-block-heading\">Positionen<\/h2>\n\n\n\n<ul class=\"wp-block-list\"><li>Wissenschaftler, Fachhochschule der S\u00fcdschweiz (SUPSI)<\/li><\/ul>\n\n\n\n<h2 class=\"has-medium-font-size wp-block-heading\">Akademischer Hintergrund<\/h2>\n\n\n\n<ul class=\"wp-block-list\"><li>PhD in Wirtschaftssoziologie, Universit\u00e4t Brescia, Italien<\/li><li>MA in Soziologie, Universit\u00e4t Mailand Bicocca, Italien<\/li><\/ul>\n\n\n\n<h2 class=\"has-medium-font-size wp-block-heading\"><strong>Vorherige Erfahrungen<\/strong><\/h2>\n\n\n\n<ul class=\"wp-block-list\"><li>Forscher und Erhebungsleiter, Golgi Cenci Foundation, Abbiategrasso, Mailand, Italien<\/li><li>Gastwissenschaftler, Fachbereich Soziologie, Universit\u00e4t Tillburg, Niederlande<\/li><li>Post-Doc-Stipendiat: Abteilung f\u00fcr Soziologie und Sozialforschung, Universit\u00e4t Mailand Bioccca, Italien<\/li><\/ul>\n\n\n\n<h2 class=\"has-medium-font-size wp-block-heading\"><strong>Forschungsschwerpunkt<\/strong><\/h2>\n\n\n\n<ul class=\"wp-block-list\"><li>Einsamkeit und soziale Isolation \u00e4lterer Menschen<\/li><li>Soziale Ungleichheiten im sp\u00e4teren Leben<\/li><li>Methodik der Datenerhebung mit Fragebogen<\/li><li>Einfluss der beruflichen Laufbahn auf die Gebrechlichkeit im h\u00f6heren Lebensalter<\/li><li>Fortgeschrittene Statistik f\u00fcr Sozialwissenschaften<\/li><\/ul>\n\n\n\n<h2 class=\"has-medium-font-size wp-block-heading\"><strong>Zus\u00e4tzliche Erfahrungen\/Meilensteine<\/strong><\/h2>\n\n\n\n<ul class=\"wp-block-list\"><li>Co-PI des Forschungsprojekts &#8222;Aging in a Networked Society &#8211; \u00c4ltere Menschen, soziale Netzwerke und Wohlbefinden&#8220;.<\/li><li>Mitglied der ISA-RC33 Forschungsgruppe &#8222;Surveying older people: Alter, Kognition und Qualit\u00e4t von Umfragedaten&#8220;<\/li><li>Mitglied des Organisationskomitees f\u00fcr die Jahreskonferenz 2021 der European Survey Research Association &#8211; ESRA (Mailand, Juli 2021)<\/li><\/ul>\n\n\n\n<h2 class=\"has-normal-font-size wp-block-heading\">Rolle In Swiss100<\/h2>\n\n\n\n<ul class=\"wp-block-list\"><li>Koordination der Datenerhebung im italienischsprachigen Raum<\/li><li>Analysen und Publikationen zu soziologischen Merkmalen bei Schweizer Hundertj\u00e4hrigen<\/li><\/ul>\n<\/div>\n<\/div>\n","protected":false},"excerpt":{"rendered":"<p>SWISS100 bietet eine spannende M\u00f6glichkeit, soziale Netzwerke, Isolation und Einsamkeit bei Hundertj\u00e4hrigen zu untersuchen und zu verstehen. Positionen Wissenschaftler, Fachhochschule der S\u00fcdschweiz (SUPSI) Akademischer Hintergrund PhD in Wirtschaftssoziologie,&hellip;<\/p>\n","protected":false},"author":1002150,"featured_media":0,"parent":919,"menu_order":-1,"comment_status":"closed","ping_status":"closed","template":"template-full-width.php","meta":{"_seopress_robots_primary_cat":"","_seopress_titles_title":"","_seopress_titles_desc":"","_seopress_robots_index":"","footnotes":""},"class_list":["post-2844","page","type-page","status-publish","has-post-thumbnail"],"_links":{"self":[{"href":"https:\/\/wp.unil.ch\/swiss100\/de\/wp-json\/wp\/v2\/pages\/2844","targetHints":{"allow":["GET"]}}],"collection":[{"href":"https:\/\/wp.unil.ch\/swiss100\/de\/wp-json\/wp\/v2\/pages"}],"about":[{"href":"https:\/\/wp.unil.ch\/swiss100\/de\/wp-json\/wp\/v2\/types\/page"}],"author":[{"embeddable":true,"href":"https:\/\/wp.unil.ch\/swiss100\/de\/wp-json\/wp\/v2\/users\/1002150"}],"replies":[{"embeddable":true,"href":"https:\/\/wp.unil.ch\/swiss100\/de\/wp-json\/wp\/v2\/comments?post=2844"}],"version-history":[{"count":0,"href":"https:\/\/wp.unil.ch\/swiss100\/de\/wp-json\/wp\/v2\/pages\/2844\/revisions"}],"up":[{"embeddable":true,"href":"https:\/\/wp.unil.ch\/swiss100\/de\/wp-json\/wp\/v2\/pages\/919"}],"wp:attachment":[{"href":"https:\/\/wp.unil.ch\/swiss100\/de\/wp-json\/wp\/v2\/media?parent=2844"}],"curies":[{"name":"wp","href":"https:\/\/api.w.org\/{rel}","templated":true}]}}