{"id":2842,"date":"2022-03-16T11:32:02","date_gmt":"2022-03-16T10:32:02","guid":{"rendered":"https:\/\/wp.unil.ch\/swiss100\/?page_id=2842"},"modified":"2023-02-21T12:07:55","modified_gmt":"2023-02-21T11:07:55","slug":"justine-falciola","status":"publish","type":"page","link":"https:\/\/wp.unil.ch\/swiss100\/de\/team\/justine-falciola\/","title":{"rendered":"Justine Falciola"},"content":{"rendered":"\n<div class=\"wp-block-columns is-layout-flex wp-container-core-columns-is-layout-9d6595d7 wp-block-columns-is-layout-flex\">\n<div class=\"wp-block-column is-layout-flow wp-block-column-is-layout-flow\" style=\"flex-basis:33.33%\">\n<figure class=\"wp-block-image size-large\"><img alt=\"\" loading=\"lazy\" decoding=\"async\" width=\"819\" height=\"1024\" src=\"https:\/\/wp.unil.ch\/swiss100\/files\/2022\/02\/justine-819x1024.jpg\" alt=\"\" class=\"wp-image-2789\" srcset=\"https:\/\/wp.unil.ch\/swiss100\/files\/2022\/02\/justine-819x1024.jpg 819w, https:\/\/wp.unil.ch\/swiss100\/files\/2022\/02\/justine-240x300.jpg 240w, https:\/\/wp.unil.ch\/swiss100\/files\/2022\/02\/justine-120x150.jpg 120w, https:\/\/wp.unil.ch\/swiss100\/files\/2022\/02\/justine-768x960.jpg 768w, https:\/\/wp.unil.ch\/swiss100\/files\/2022\/02\/justine-540x675.jpg 540w, https:\/\/wp.unil.ch\/swiss100\/files\/2022\/02\/justine.jpg 960w\" sizes=\"auto, (max-width: 819px) 100vw, 819px\" \/><figcaption>Researcher<\/figcaption><\/figure>\n\n\n\n<blockquote class=\"wp-block-quote is-layout-flow wp-block-quote-is-layout-flow\"><p><\/p><\/blockquote>\n<\/div>\n\n\n\n<div class=\"wp-block-column is-layout-flow wp-block-column-is-layout-flow\" style=\"flex-basis:66.66%\">\n<h2 class=\"has-medium-font-size wp-block-heading\" id=\"current-position\">Positionen<\/h2>\n\n\n\n<ul class=\"wp-block-list\"><li>SNF-Postdoktorandin an der medizinischen Fakult\u00e4t der Universit\u00e4t Genf<\/li><li>Dozentin an der Genfer Hochschule f\u00fcr Wirtschaft und Management, Universit\u00e4t Genf<\/li><\/ul>\n\n\n\n<h2 class=\"has-medium-font-size wp-block-heading\" id=\"educational-background\">Akademischer Hintergrund<\/h2>\n\n\n\n<ul class=\"wp-block-list\"><li>Bachelor und Master in Wirtschaftswissenschaften, Universit\u00e4t Genf<\/li><li>Doktorat in \u00d6konometrie \u00fcber die Modellierung latenter Variablen und kausale Inferenz, Universit\u00e4t Genf<\/li><\/ul>\n\n\n\n<h2 class=\"has-medium-font-size wp-block-heading\" id=\"prior-experience\">Vorherige ERfahrungen<\/h2>\n\n\n\n<ul class=\"wp-block-list\"><li>Forschungs- und Lehrassistentin, Universit\u00e4t Genf<\/li><li>Forschungsberaterin und Datenanalystin, Konferenz der Vereinten Nationen f\u00fcr Handel und Entwicklung<\/li><li>Wissenschaftliche Beraterin und Datenanalystin, International Trade Center<\/li><\/ul>\n\n\n\n<h2 class=\"has-medium-font-size wp-block-heading\" id=\"research-focus\">Forschungsschwerpunkte<\/h2>\n\n\n\n<ul class=\"wp-block-list\"><li>Theorie und Praxis der Modellierung latenter Variablen<\/li><li>Verwundbarkeit und Widerstandsf\u00e4higkeit von Unternehmen<\/li><li>Causal inference und robuste Statistik<\/li><\/ul>\n\n\n\n<h2 class=\"has-medium-font-size wp-block-heading\" id=\"additional-experiences-milestones\">Zus\u00e4tzliche Erfahrungen\/Meilensteine<\/h2>\n\n\n\n<ul class=\"wp-block-list\"><li>Coordinator for the MOOC &#8222;Global Koordinatorin f\u00fcr den MOOC &#8222;Global Statistics &#8211; Composite Indiced for International Comparison&#8220;, Universit\u00e4t Genf<\/li><li>Lehrassistentin f\u00fcr &#8222;Policy Evaluation: Impact and Treatment Effect Estimation&#8220;, Genfer Sommerschulen, Universit\u00e4t Genf<\/li><li>Gastwissenschaftlerin an der Fondazione Marco Biagi, Modena, Italien<\/li><li>Auszeichnung f\u00fcr den besten Artikel beim Young Scholars&#8216; Workshop, Marco-Biagi-Preis 2016<\/li><\/ul>\n\n\n\n<h2 class=\"has-normal-font-size wp-block-heading\" id=\"role-in-swiss100\">Rolle in Swiss100<\/h2>\n\n\n\n<ul class=\"wp-block-list\"><li>Verwaltung der Daten<\/li><li>Statistische Unterst\u00fctzung des Forschungsteams<\/li><li>Analysen und Publikationen zu sozio\u00f6konomischen Merkmalen von Schweizer Hundertj\u00e4hrigen<\/li><\/ul>\n<\/div>\n<\/div>\n","protected":false},"excerpt":{"rendered":"<p>Positionen SNF-Postdoktorandin an der medizinischen Fakult\u00e4t der Universit\u00e4t Genf Dozentin an der Genfer Hochschule f\u00fcr Wirtschaft und Management, Universit\u00e4t Genf Akademischer Hintergrund Bachelor und Master in Wirtschaftswissenschaften, Universit\u00e4t&hellip;<\/p>\n","protected":false},"author":1002150,"featured_media":0,"parent":919,"menu_order":0,"comment_status":"closed","ping_status":"closed","template":"","meta":{"_seopress_robots_primary_cat":"","_seopress_titles_title":"","_seopress_titles_desc":"","_seopress_robots_index":"","footnotes":""},"class_list":["post-2842","page","type-page","status-publish","has-post-thumbnail"],"_links":{"self":[{"href":"https:\/\/wp.unil.ch\/swiss100\/de\/wp-json\/wp\/v2\/pages\/2842","targetHints":{"allow":["GET"]}}],"collection":[{"href":"https:\/\/wp.unil.ch\/swiss100\/de\/wp-json\/wp\/v2\/pages"}],"about":[{"href":"https:\/\/wp.unil.ch\/swiss100\/de\/wp-json\/wp\/v2\/types\/page"}],"author":[{"embeddable":true,"href":"https:\/\/wp.unil.ch\/swiss100\/de\/wp-json\/wp\/v2\/users\/1002150"}],"replies":[{"embeddable":true,"href":"https:\/\/wp.unil.ch\/swiss100\/de\/wp-json\/wp\/v2\/comments?post=2842"}],"version-history":[{"count":0,"href":"https:\/\/wp.unil.ch\/swiss100\/de\/wp-json\/wp\/v2\/pages\/2842\/revisions"}],"up":[{"embeddable":true,"href":"https:\/\/wp.unil.ch\/swiss100\/de\/wp-json\/wp\/v2\/pages\/919"}],"wp:attachment":[{"href":"https:\/\/wp.unil.ch\/swiss100\/de\/wp-json\/wp\/v2\/media?parent=2842"}],"curies":[{"name":"wp","href":"https:\/\/api.w.org\/{rel}","templated":true}]}}