{"id":2838,"date":"2022-03-16T11:15:07","date_gmt":"2022-03-16T10:15:07","guid":{"rendered":"https:\/\/wp.unil.ch\/swiss100\/?page_id=2838"},"modified":"2022-03-16T11:15:10","modified_gmt":"2022-03-16T10:15:10","slug":"barbara-masotti","status":"publish","type":"page","link":"https:\/\/wp.unil.ch\/swiss100\/de\/team\/barbara-masotti\/","title":{"rendered":"Barbara Masotti"},"content":{"rendered":"\n<div class=\"wp-block-columns is-layout-flex wp-container-core-columns-is-layout-9d6595d7 wp-block-columns-is-layout-flex\">\n<div class=\"wp-block-column is-layout-flow wp-block-column-is-layout-flow\" style=\"flex-basis:33.33%\">\n<figure class=\"wp-block-image size-large\"><img alt=\"\" loading=\"lazy\" decoding=\"async\" width=\"819\" height=\"1024\" src=\"https:\/\/wp.unil.ch\/swiss100\/files\/2021\/12\/barbaraVH2-819x1024.jpg\" alt=\"\" class=\"wp-image-2537\" srcset=\"https:\/\/wp.unil.ch\/swiss100\/files\/2021\/12\/barbaraVH2-819x1024.jpg 819w, https:\/\/wp.unil.ch\/swiss100\/files\/2021\/12\/barbaraVH2-240x300.jpg 240w, https:\/\/wp.unil.ch\/swiss100\/files\/2021\/12\/barbaraVH2-120x150.jpg 120w, https:\/\/wp.unil.ch\/swiss100\/files\/2021\/12\/barbaraVH2-768x960.jpg 768w, https:\/\/wp.unil.ch\/swiss100\/files\/2021\/12\/barbaraVH2-540x675.jpg 540w, https:\/\/wp.unil.ch\/swiss100\/files\/2021\/12\/barbaraVH2.jpg 932w\" sizes=\"auto, (max-width: 819px) 100vw, 819px\" \/><figcaption>Wissenschaftlerin<\/figcaption><\/figure>\n\n\n\n<blockquote class=\"wp-block-quote is-layout-flow wp-block-quote-is-layout-flow\"><p><em><em>Mit SWISS100 m\u00f6chte ich mehr \u00fcber die Art und Weise und die Erfahrungen bei der formellen und informellen Pflege in diesem speziellen Lebensabschnitt erfahren.<\/em><\/em><\/p><\/blockquote>\n<\/div>\n\n\n\n<div class=\"wp-block-column is-layout-flow wp-block-column-is-layout-flow\" style=\"flex-basis:66.66%\">\n<h2 class=\"has-medium-font-size wp-block-heading\">Positionen<\/h2>\n\n\n\n<ul class=\"wp-block-list\"><li>Wissenschaftlerin am Kompetenzzentrum f\u00fcr das Altern, Fachhochschule der S\u00fcdschweiz (SUPSI)<\/li><li>Wissenschaftliche Mitarbeiterin, Zentrum f\u00fcr das interdisziplin\u00e4re Studium der Gerontologie und Vulnerabilit\u00e4t (CIGEV), Universit\u00e4t Genf (UNIGE)<\/li><\/ul>\n\n\n\n<h2 class=\"has-medium-font-size wp-block-heading\">Akademischer Hintergrund<\/h2>\n\n\n\n<ul class=\"wp-block-list\"><li>Doktorat in Sozio\u00f6konomie, Universit\u00e4t Genf<\/li><li>Master in Soziologie, Universit\u00e4t Fribourg<\/li><li>Bachelor in Sozialwissenschaften, Universit\u00e4t Fribourg<\/li><\/ul>\n\n\n\n<h2 class=\"has-medium-font-size wp-block-heading\"><strong>Vorherige Erfahrungen<\/strong><\/h2>\n\n\n\n<ul class=\"wp-block-list\"><li>Assistentin, Abteilung f\u00fcr Betriebswirtschaft, Gesundheit und Soziales (DEASS-SUPSI)<\/li><li>Mitglied des Nationalen Forschungsschwerpunkts LIVES &#8211; \u00dcberwindung der Verletzlichkeit: Perspektiven im Lebensverlauf<\/li><\/ul>\n\n\n\n<h2 class=\"has-medium-font-size wp-block-heading\"><strong>Forschungsschwerpunkte<\/strong><\/h2>\n\n\n\n<ul class=\"wp-block-list\"><li>Care and family ties during later lifePflege und famili\u00e4re Bindungen im h\u00f6heren Lebensalter<\/li><li>Wahrnehmung von Ver\u00e4nderungen und Altern<\/li><li>Mixed methods<\/li><\/ul>\n\n\n\n<h2 class=\"has-medium-font-size wp-block-heading\"><strong>Zus\u00e4tzliche Erfahrungen\/Meilensteine<\/strong><\/h2>\n\n\n\n<ul class=\"wp-block-list\"><li>VLV \u2013 Vivre Leben Vivere, CIGEV, LIVES (Doktorattstudentin)<\/li><li>Pro Senectute Award<\/li><\/ul>\n\n\n\n<h2 class=\"has-normal-font-size wp-block-heading\">Rolle in SWISS100<\/h2>\n\n\n\n<ul class=\"wp-block-list\"><li>Koordination der Datenerhebung im italienischsprachigen Raum<\/li><li>Analysen und Publikationen zu soziologischen Merkmalen bei Schweizer Hundertj\u00e4hrigen<\/li><\/ul>\n<\/div>\n<\/div>\n","protected":false},"excerpt":{"rendered":"<p>Mit SWISS100 m\u00f6chte ich mehr \u00fcber die Art und Weise und die Erfahrungen bei der formellen und informellen Pflege in diesem speziellen Lebensabschnitt erfahren. Positionen Wissenschaftlerin am Kompetenzzentrum&hellip;<\/p>\n","protected":false},"author":1002150,"featured_media":0,"parent":919,"menu_order":-1,"comment_status":"closed","ping_status":"closed","template":"template-full-width.php","meta":{"_seopress_robots_primary_cat":"","_seopress_titles_title":"","_seopress_titles_desc":"","_seopress_robots_index":"","footnotes":""},"class_list":["post-2838","page","type-page","status-publish","has-post-thumbnail"],"_links":{"self":[{"href":"https:\/\/wp.unil.ch\/swiss100\/de\/wp-json\/wp\/v2\/pages\/2838","targetHints":{"allow":["GET"]}}],"collection":[{"href":"https:\/\/wp.unil.ch\/swiss100\/de\/wp-json\/wp\/v2\/pages"}],"about":[{"href":"https:\/\/wp.unil.ch\/swiss100\/de\/wp-json\/wp\/v2\/types\/page"}],"author":[{"embeddable":true,"href":"https:\/\/wp.unil.ch\/swiss100\/de\/wp-json\/wp\/v2\/users\/1002150"}],"replies":[{"embeddable":true,"href":"https:\/\/wp.unil.ch\/swiss100\/de\/wp-json\/wp\/v2\/comments?post=2838"}],"version-history":[{"count":0,"href":"https:\/\/wp.unil.ch\/swiss100\/de\/wp-json\/wp\/v2\/pages\/2838\/revisions"}],"up":[{"embeddable":true,"href":"https:\/\/wp.unil.ch\/swiss100\/de\/wp-json\/wp\/v2\/pages\/919"}],"wp:attachment":[{"href":"https:\/\/wp.unil.ch\/swiss100\/de\/wp-json\/wp\/v2\/media?parent=2838"}],"curies":[{"name":"wp","href":"https:\/\/api.w.org\/{rel}","templated":true}]}}