{"id":2836,"date":"2022-03-16T11:05:48","date_gmt":"2022-03-16T10:05:48","guid":{"rendered":"https:\/\/wp.unil.ch\/swiss100\/?page_id=2836"},"modified":"2022-03-16T11:05:50","modified_gmt":"2022-03-16T10:05:50","slug":"armin-von-gunten","status":"publish","type":"page","link":"https:\/\/wp.unil.ch\/swiss100\/de\/team\/armin-von-gunten\/","title":{"rendered":"Armin von Gunten"},"content":{"rendered":"\n<div class=\"wp-block-columns is-layout-flex wp-container-core-columns-is-layout-9d6595d7 wp-block-columns-is-layout-flex\">\n<div class=\"wp-block-column is-layout-flow wp-block-column-is-layout-flow\" style=\"flex-basis:33.33%\">\n<div class=\"wp-block-image\"><figure class=\"aligncenter size-large\"><img alt=\"\" loading=\"lazy\" decoding=\"async\" width=\"819\" height=\"1024\" src=\"https:\/\/wp.unil.ch\/swiss100\/files\/2021\/12\/arminVH-819x1024.jpg\" alt=\"\" class=\"wp-image-2482\" srcset=\"https:\/\/wp.unil.ch\/swiss100\/files\/2021\/12\/arminVH-819x1024.jpg 819w, https:\/\/wp.unil.ch\/swiss100\/files\/2021\/12\/arminVH-240x300.jpg 240w, https:\/\/wp.unil.ch\/swiss100\/files\/2021\/12\/arminVH-120x150.jpg 120w, https:\/\/wp.unil.ch\/swiss100\/files\/2021\/12\/arminVH-768x960.jpg 768w, https:\/\/wp.unil.ch\/swiss100\/files\/2021\/12\/arminVH-540x675.jpg 540w, https:\/\/wp.unil.ch\/swiss100\/files\/2021\/12\/arminVH.jpg 960w\" sizes=\"auto, (max-width: 819px) 100vw, 819px\" \/><figcaption><strong>Projektverantwortlicher<\/strong><\/figcaption><\/figure><\/div>\n\n\n\n<blockquote class=\"wp-block-quote is-layout-flow wp-block-quote-is-layout-flow\"><p><em><em>In SWISS100 interessiere ich mich vor allem f\u00fcr die lebenslangen Determinanten der Psychopathologie bei sehr alten Menschen.<\/em><\/em><\/p><\/blockquote>\n<\/div>\n\n\n\n<div class=\"wp-block-column is-layout-flow wp-block-column-is-layout-flow\" style=\"flex-basis:66.66%\">\n<h2 class=\"has-medium-font-size wp-block-heading\">Positionen<\/h2>\n\n\n\n<ul class=\"wp-block-list\"><li>Chefarzt des Dienstes f\u00fcr Alterspsychiatrie (SUPAA), Abteilung f\u00fcr Psychiatrie (DP), Universit\u00e4tsspital Lausanne (CHUV)<\/li><li>Ordentlicher Professor f\u00fcr Alterspsychiatrie und Psychotherapie an der Universit\u00e4t Lausanne (UNIL)<\/li><li>Vizepr\u00e4sident der Schweizerischen Gesellschaft f\u00fcr Alterspsychiatrie<\/li><li>Vizepr\u00e4sident der Europ\u00e4ischen Vereinigung f\u00fcr Gerontopsychiatrie<\/li><\/ul>\n\n\n\n<h2 class=\"has-medium-font-size wp-block-heading\">Akademischer Hintergrund<\/h2>\n\n\n\n<ul class=\"wp-block-list\"><li>Facharzt f\u00fcr Psychiatrie und Psychotherapie<\/li><li>Subspezialit\u00e4t f\u00fcr Alterspsychiatrie und Psychotherapie und Konsiliar- und Liaisonpsychiatrie<\/li><li>FMH \/ ISFM-Zertifikat f\u00fcr Interventionelle Psychiatrie<\/li><\/ul>\n\n\n\n<h2 class=\"has-medium-font-size wp-block-heading\">Vorherige Erfahrungen<\/h2>\n\n\n\n<ul class=\"wp-block-list\"><li>Klinische Erfahhrung in Psychiatrie und Psychotherapie in der franz\u00f6sischsprachigen Schweiz und in Neurologie an der Universidade Federal do Cear\u00e1 in Brasilien<\/li><li>Postdoktoranden-Stipendium f\u00fcr klinische Forschung im Bereich Neuropsychiatrie am University College London (UCL), Institute of Neurology, UK<\/li><li>Postdoktoranden-Forschungsstipendium f\u00fcr Neurowissenschaften an der Mount Sinai School of Medicine, New York City, USA<\/li><li>Gastprofessor an der Pontif\u00edcia Universidade Cat\u00f3lica do Rio Grande do Sul in Porto Alegre, Brasilien<\/li><\/ul>\n\n\n\n<h2 class=\"has-medium-font-size wp-block-heading\">Forschungsschwerpunkte<\/h2>\n\n\n\n<ul class=\"wp-block-list\"><li>Predictors of behavioral and psychological Symptome und Anzeichen bei \u00e4lteren Menschen mit kognitiven St\u00f6rungen und weiterem kognitiven Verfall<\/li><li>Verschiedene Methoden abgeleitet aus den Bereichen Psychopathologie, Mathematik, Neuropsychologie, Epidemiologie, Genetik, Metabolismus und Neuroimaging sowie Tiermodelle<\/li><\/ul>\n\n\n\n<h2 class=\"has-medium-font-size wp-block-heading\"><strong>Zus\u00e4tzliche Erfharungen\/Meilensteine<\/strong><\/h2>\n\n\n\n<ul class=\"wp-block-list\"><li>Ehemaliger Direktor des WHO-Kollaborationszentrums f\u00fcr Alterspsychiatrie<\/li><li>Vorsitzender der Arbeitsgruppen &#8222;Verhaltensweisen und psychologische Symptome bei neurokognitiven St\u00f6rungen&#8220; und &#8222;Altersperspektive&#8220; der ICD-11-Taskforce der WHO<\/li><li>Gr\u00fcndungsmitglied der Schweizerischen Gesellschaft f\u00fcr Interventionelle Psychiatrie<\/li><\/ul>\n<\/div>\n<\/div>\n","protected":false},"excerpt":{"rendered":"<p>In SWISS100 interessiere ich mich vor allem f\u00fcr die lebenslangen Determinanten der Psychopathologie bei sehr alten Menschen. Positionen Chefarzt des Dienstes f\u00fcr Alterspsychiatrie (SUPAA), Abteilung f\u00fcr Psychiatrie (DP),&hellip;<\/p>\n","protected":false},"author":1002150,"featured_media":0,"parent":919,"menu_order":-1,"comment_status":"closed","ping_status":"closed","template":"template-full-width.php","meta":{"_seopress_robots_primary_cat":"","_seopress_titles_title":"","_seopress_titles_desc":"","_seopress_robots_index":"","footnotes":""},"class_list":["post-2836","page","type-page","status-publish","has-post-thumbnail"],"_links":{"self":[{"href":"https:\/\/wp.unil.ch\/swiss100\/de\/wp-json\/wp\/v2\/pages\/2836","targetHints":{"allow":["GET"]}}],"collection":[{"href":"https:\/\/wp.unil.ch\/swiss100\/de\/wp-json\/wp\/v2\/pages"}],"about":[{"href":"https:\/\/wp.unil.ch\/swiss100\/de\/wp-json\/wp\/v2\/types\/page"}],"author":[{"embeddable":true,"href":"https:\/\/wp.unil.ch\/swiss100\/de\/wp-json\/wp\/v2\/users\/1002150"}],"replies":[{"embeddable":true,"href":"https:\/\/wp.unil.ch\/swiss100\/de\/wp-json\/wp\/v2\/comments?post=2836"}],"version-history":[{"count":0,"href":"https:\/\/wp.unil.ch\/swiss100\/de\/wp-json\/wp\/v2\/pages\/2836\/revisions"}],"up":[{"embeddable":true,"href":"https:\/\/wp.unil.ch\/swiss100\/de\/wp-json\/wp\/v2\/pages\/919"}],"wp:attachment":[{"href":"https:\/\/wp.unil.ch\/swiss100\/de\/wp-json\/wp\/v2\/media?parent=2836"}],"curies":[{"name":"wp","href":"https:\/\/api.w.org\/{rel}","templated":true}]}}