{"id":2395,"date":"2021-10-05T17:28:14","date_gmt":"2021-10-05T15:28:14","guid":{"rendered":"https:\/\/wp.unil.ch\/swiss100\/?page_id=2395"},"modified":"2023-10-31T10:39:38","modified_gmt":"2023-10-31T09:39:38","slug":"melanie-becker","status":"publish","type":"page","link":"https:\/\/wp.unil.ch\/swiss100\/de\/team\/melanie-becker\/","title":{"rendered":"Melanie Stahlmann"},"content":{"rendered":"\n<div class=\"wp-block-columns is-layout-flex wp-container-core-columns-is-layout-9d6595d7 wp-block-columns-is-layout-flex\">\n<div class=\"wp-block-column is-layout-flow wp-block-column-is-layout-flow\" style=\"flex-basis:33.33%\">\n<figure class=\"wp-block-image size-large\"><img alt=\"\" loading=\"lazy\" decoding=\"async\" width=\"819\" height=\"1024\" src=\"https:\/\/wp.unil.ch\/swiss100\/files\/2021\/12\/melanieVH-819x1024.jpg\" alt=\"\" class=\"wp-image-2518\" srcset=\"https:\/\/wp.unil.ch\/swiss100\/files\/2021\/12\/melanieVH-819x1024.jpg 819w, https:\/\/wp.unil.ch\/swiss100\/files\/2021\/12\/melanieVH-240x300.jpg 240w, https:\/\/wp.unil.ch\/swiss100\/files\/2021\/12\/melanieVH-120x150.jpg 120w, https:\/\/wp.unil.ch\/swiss100\/files\/2021\/12\/melanieVH-768x960.jpg 768w, https:\/\/wp.unil.ch\/swiss100\/files\/2021\/12\/melanieVH-540x675.jpg 540w, https:\/\/wp.unil.ch\/swiss100\/files\/2021\/12\/melanieVH.jpg 960w\" sizes=\"auto, (max-width: 819px) 100vw, 819px\" \/><figcaption class=\"wp-element-caption\">Doktorandin<\/figcaption><\/figure>\n\n\n\n<blockquote class=\"wp-block-quote is-layout-flow wp-block-quote-is-layout-flow\">\n<p><em>Bei SWISS100 interessieren mich besonders die t\u00e4gliche Stimmung der Hundertj\u00e4hrigen, ihre pers\u00f6nlichen Resourcen, die sozialen Interaktionen und wie dies ihr Wohlbefinden beeinflusst.<\/em><\/p>\n<\/blockquote>\n<\/div>\n\n\n\n<div class=\"wp-block-column is-layout-flow wp-block-column-is-layout-flow\" style=\"flex-basis:66.66%\">\n<h2 class=\"wp-block-heading has-medium-font-size\">Aktuelle Position<\/h2>\n\n\n\n<ul class=\"wp-block-list\">\n<li>Doktorandin, Universit\u00e4ts Forschungsschwerpunkt \u201cDynamik Gesunden Alterns\u201d, Universit\u00e4t Z\u00fcrich<\/li>\n<\/ul>\n\n\n\n<h2 class=\"wp-block-heading has-medium-font-size\"><strong>Akademischer Hintergrund<\/strong><\/h2>\n\n\n\n<ul class=\"wp-block-list\">\n<li>Master of Science in Psychologie, Friedrich-Schiller-Universit\u00e4t Jena, Deutschland<\/li>\n\n\n\n<li>Bachelor of Science in Psychologie, Martin-Luther-Universit\u00e4t Halle, Deutschland<\/li>\n<\/ul>\n\n\n\n<h2 class=\"wp-block-heading has-medium-font-size\"><strong>Vorherige Erfahrungen<\/strong><\/h2>\n\n\n\n<ul class=\"wp-block-list\">\n<li>Studentische Hilfskraft, Allgemeine Psychologie, FSU Jena, Deutschland<\/li>\n\n\n\n<li>Stuentische Hilfskraft, Psychologische Diagnostik und Differentielle Psychologie, MLU Halle, Deutschland<\/li>\n\n\n\n<li>Forschungspraktikantin, Pers\u00f6nlichkeitspsychologie und Diagnostik, Universit\u00e4t Z\u00fcrich<\/li>\n<\/ul>\n\n\n\n<h2 class=\"wp-block-heading has-medium-font-size\"><strong>Forschungsschwerpunkte<\/strong><\/h2>\n\n\n\n<ul class=\"wp-block-list\">\n<li>Positive emotionen und Wohlbefinden<\/li>\n\n\n\n<li>Methoden zur Verhaltensbeobachtung<\/li>\n<\/ul>\n<\/div>\n<\/div>\n","protected":false},"excerpt":{"rendered":"<p>Bei SWISS100 interessieren mich besonders die t\u00e4gliche Stimmung der Hundertj\u00e4hrigen, ihre pers\u00f6nlichen Resourcen, die sozialen Interaktionen und wie dies ihr Wohlbefinden beeinflusst. Aktuelle Position Akademischer Hintergrund Vorherige Erfahrungen&hellip;<\/p>\n","protected":false},"author":1002150,"featured_media":0,"parent":919,"menu_order":-1,"comment_status":"closed","ping_status":"closed","template":"template-full-width.php","meta":{"_seopress_robots_primary_cat":"","_seopress_titles_title":"","_seopress_titles_desc":"","_seopress_robots_index":"","footnotes":""},"class_list":["post-2395","page","type-page","status-publish","has-post-thumbnail"],"_links":{"self":[{"href":"https:\/\/wp.unil.ch\/swiss100\/de\/wp-json\/wp\/v2\/pages\/2395","targetHints":{"allow":["GET"]}}],"collection":[{"href":"https:\/\/wp.unil.ch\/swiss100\/de\/wp-json\/wp\/v2\/pages"}],"about":[{"href":"https:\/\/wp.unil.ch\/swiss100\/de\/wp-json\/wp\/v2\/types\/page"}],"author":[{"embeddable":true,"href":"https:\/\/wp.unil.ch\/swiss100\/de\/wp-json\/wp\/v2\/users\/1002150"}],"replies":[{"embeddable":true,"href":"https:\/\/wp.unil.ch\/swiss100\/de\/wp-json\/wp\/v2\/comments?post=2395"}],"version-history":[{"count":1,"href":"https:\/\/wp.unil.ch\/swiss100\/de\/wp-json\/wp\/v2\/pages\/2395\/revisions"}],"predecessor-version":[{"id":4113,"href":"https:\/\/wp.unil.ch\/swiss100\/de\/wp-json\/wp\/v2\/pages\/2395\/revisions\/4113"}],"up":[{"embeddable":true,"href":"https:\/\/wp.unil.ch\/swiss100\/de\/wp-json\/wp\/v2\/pages\/919"}],"wp:attachment":[{"href":"https:\/\/wp.unil.ch\/swiss100\/de\/wp-json\/wp\/v2\/media?parent=2395"}],"curies":[{"name":"wp","href":"https:\/\/api.w.org\/{rel}","templated":true}]}}