{"id":2370,"date":"2021-10-05T17:14:18","date_gmt":"2021-10-05T15:14:18","guid":{"rendered":"https:\/\/wp.unil.ch\/swiss100\/?page_id=2370"},"modified":"2021-12-13T13:46:47","modified_gmt":"2021-12-13T12:46:47","slug":"mike-martin","status":"publish","type":"page","link":"https:\/\/wp.unil.ch\/swiss100\/de\/team\/mike-martin\/","title":{"rendered":"Mike Martin"},"content":{"rendered":"\n<div class=\"wp-block-columns is-layout-flex wp-container-core-columns-is-layout-9d6595d7 wp-block-columns-is-layout-flex\">\n<div class=\"wp-block-column is-layout-flow wp-block-column-is-layout-flow\" style=\"flex-basis:33.33%\">\n<figure class=\"wp-block-image size-full\"><img alt=\"\" loading=\"lazy\" decoding=\"async\" width=\"682\" height=\"853\" src=\"https:\/\/wp.unil.ch\/swiss100\/files\/2021\/12\/mikeVH.jpg\" alt=\"\" class=\"wp-image-2490\" srcset=\"https:\/\/wp.unil.ch\/swiss100\/files\/2021\/12\/mikeVH.jpg 682w, https:\/\/wp.unil.ch\/swiss100\/files\/2021\/12\/mikeVH-240x300.jpg 240w, https:\/\/wp.unil.ch\/swiss100\/files\/2021\/12\/mikeVH-120x150.jpg 120w, https:\/\/wp.unil.ch\/swiss100\/files\/2021\/12\/mikeVH-540x675.jpg 540w\" sizes=\"auto, (max-width: 682px) 100vw, 682px\" \/><figcaption>Projektpartner<\/figcaption><\/figure>\n\n\n\n<blockquote class=\"wp-block-quote is-layout-flow wp-block-quote-is-layout-flow\"><p><em><em>Ein gro\u00dfer Teil der Altersph\u00e4nomene, einschlie\u00dflich des extremen Alters, wird aufgrund seiner Komplexit\u00e4t oft von der Forschung ausgeschlossen. Ich bin begeistert davon, dass SWISS100 zum ersten Mal in der Schweiz diese wenig untersuchte Gruppe einbezieht und ihre F\u00e4higkeiten, Eigenschaften, Ziele und Aktivit\u00e4ten dokumentiert.<\/em><\/em><\/p><\/blockquote>\n<\/div>\n\n\n\n<div class=\"wp-block-column is-layout-flow wp-block-column-is-layout-flow\" style=\"flex-basis:66.66%\">\n<h2 class=\"has-medium-font-size wp-block-heading\">Aktuelle PositionEN<\/h2>\n\n\n\n<ul class=\"wp-block-list\"><li>Professor f\u00fcr Gerontopsychologie and Gerontologie, Psychologisches Institut, Universit\u00e4t Z\u00fcrich<\/li><li>Direktor, UFSP &#8222;Dynamik Gesunden Alterns&#8220;, Akademische Leitung Zentrum f\u00fcr Gerontologie (ZfG)<\/li><li>Viezepr\u00e4sident Schweizerischer Verband der Senioren-Universit\u00e4ten und Mitglied der \u201ca+ Swiss Platform Ageing Society\u201d<\/li><\/ul>\n\n\n\n<h2 class=\"has-medium-font-size wp-block-heading\">akademischer Hintergrund<\/h2>\n\n\n\n<ul class=\"wp-block-list\"><li>MA Psychologie, University of Georgia, USA<\/li><li>PhD Universit\u00e4t Mainz, Deutschland<\/li><li>Habilitation, Universit\u00e4t Heidelberg. Deutschland<\/li><\/ul>\n\n\n\n<h2 class=\"has-medium-font-size wp-block-heading\">Vorherige Erfahrungen<\/h2>\n\n\n\n<ul class=\"wp-block-list\"><li>Abteilungsleitung des Center for Research on Ageing, Universit\u00e4t Heidelberg, Deutschland<\/li><\/ul>\n\n\n\n<h2 class=\"has-medium-font-size wp-block-heading\">Forschungsschwerpunkte<\/h2>\n\n\n\n<ul class=\"wp-block-list\"><li>Stabilisierung der Lebensqualit\u00e4t und des Wohlbefindens \u00fcber die Lebensspanne<\/li><li>Semantische Aktivit\u00e4tsanalyse im Zusammenhang mit gesundem Altern<\/li><li>L\u00e4ngsschnittliche Erforschung des gesunden Alterns<\/li><\/ul>\n\n\n\n<h2 class=\"has-medium-font-size wp-block-heading\"><strong>Zus\u00e4tzliche Erfahrungen\/Meilensteine<\/strong><\/h2>\n\n\n\n<ul class=\"wp-block-list\"><li>Interdisziplin\u00e4re L\u00e4ngsschnittstudie des Erwachsenenalters (ILSE)<\/li><li>Longitudinal Healthy Aging Brain Database (LHAB)<\/li><li>Z\u00fcrcher L\u00e4ngsschnittuntersuchung zum kognitiven Altern (ZULU)<\/li><li>Mitglied der WHO Arbeitsgruppe zu Methoden und Forschungsstandards f\u00fcr gesundes Altern<\/li><li>Direktor ETH\/UZH Kompetenzzentrum Citizen Science<\/li><\/ul>\n<\/div>\n<\/div>\n","protected":false},"excerpt":{"rendered":"<p>Ein gro\u00dfer Teil der Altersph\u00e4nomene, einschlie\u00dflich des extremen Alters, wird aufgrund seiner Komplexit\u00e4t oft von der Forschung ausgeschlossen. Ich bin begeistert davon, dass SWISS100 zum ersten Mal in&hellip;<\/p>\n","protected":false},"author":1002150,"featured_media":0,"parent":919,"menu_order":-1,"comment_status":"closed","ping_status":"closed","template":"template-full-width.php","meta":{"_seopress_robots_primary_cat":"","_seopress_titles_title":"","_seopress_titles_desc":"","_seopress_robots_index":"","footnotes":""},"class_list":["post-2370","page","type-page","status-publish","has-post-thumbnail"],"_links":{"self":[{"href":"https:\/\/wp.unil.ch\/swiss100\/de\/wp-json\/wp\/v2\/pages\/2370","targetHints":{"allow":["GET"]}}],"collection":[{"href":"https:\/\/wp.unil.ch\/swiss100\/de\/wp-json\/wp\/v2\/pages"}],"about":[{"href":"https:\/\/wp.unil.ch\/swiss100\/de\/wp-json\/wp\/v2\/types\/page"}],"author":[{"embeddable":true,"href":"https:\/\/wp.unil.ch\/swiss100\/de\/wp-json\/wp\/v2\/users\/1002150"}],"replies":[{"embeddable":true,"href":"https:\/\/wp.unil.ch\/swiss100\/de\/wp-json\/wp\/v2\/comments?post=2370"}],"version-history":[{"count":0,"href":"https:\/\/wp.unil.ch\/swiss100\/de\/wp-json\/wp\/v2\/pages\/2370\/revisions"}],"up":[{"embeddable":true,"href":"https:\/\/wp.unil.ch\/swiss100\/de\/wp-json\/wp\/v2\/pages\/919"}],"wp:attachment":[{"href":"https:\/\/wp.unil.ch\/swiss100\/de\/wp-json\/wp\/v2\/media?parent=2370"}],"curies":[{"name":"wp","href":"https:\/\/api.w.org\/{rel}","templated":true}]}}