{"id":1945,"date":"2021-10-04T22:22:31","date_gmt":"2021-10-04T20:22:31","guid":{"rendered":"https:\/\/wp.unil.ch\/swiss100\/?page_id=1945"},"modified":"2025-11-11T12:02:30","modified_gmt":"2025-11-11T11:02:30","slug":"swiss100-die-erste-landesweite-studie-ueber-hundertjaehrige-in-der-schweiz","status":"publish","type":"page","link":"https:\/\/wp.unil.ch\/swiss100\/de\/","title":{"rendered":"SWISS100 &#8211; Die erste landesweite Studie \u00fcber Hundertj\u00e4hrige in der Schweiz"},"content":{"rendered":"\n<div class=\"wp-block-group alignwide\"><div class=\"wp-block-group__inner-container is-layout-flow wp-block-group-is-layout-flow\">\n<p class=\"has-drop-cap\" style=\"font-size:22px\">SWISS100 ist die erste landesweite Studie \u00fcber Hundertj\u00e4hrige in der Schweiz. Sie wird von Experten und Expertinnen unterschiedlicher Disziplinen durchgef\u00fchrt. Das Projekt begann im Jahr 2020; die aktive Datenerhebung endete 2025, spezifische Merkmale, Herausforderungen und Bed\u00fcrfnisse von Schweizer Hundertj\u00e4hrigen zu untersuchen.<\/p>\n\n\n\n<p style=\"font-size:22px\">Wir geben Hundertj\u00e4hrigen und ihren Familien nicht nur die M\u00f6glichkeit, ihre einzigartigen Erfahrungen zu teilen, sondern wollen auch der \u00d6ffentlichkeit helfen, die Herausforderungen hohen Alters besser zu verstehen. Dar\u00fcber hinaus wollen wir politische Entscheidungstr\u00e4ger dabei unterst\u00fctzen, informierte Entscheidungen \u00fcber Aspekte zu treffen, die sich auf die Lebensqualit\u00e4t der Hundertj\u00e4hrigen und ihnen nahestehenden Personen auswirken.<\/p>\n<\/div><\/div>\n\n\n\n<div class=\"wp-block-columns alignwide is-layout-flex wp-container-core-columns-is-layout-9d6595d7 wp-block-columns-is-layout-flex\">\n<div class=\"wp-block-column is-layout-flow wp-block-column-is-layout-flow\">\n<div class=\"wp-block-group\"><div class=\"wp-block-group__inner-container is-layout-flow wp-block-group-is-layout-flow\">\n<figure class=\"wp-block-image alignfull size-large\"><a href=\"https:\/\/wp.unil.ch\/swiss100\/de\/participants\/#telephonestudy\"><img alt=\"\" loading=\"lazy\" decoding=\"async\" width=\"1024\" height=\"768\" src=\"https:\/\/wp.unil.ch\/swiss100\/files\/2021\/10\/telefonstudie-01-01-1024x768.png\" alt=\"\" class=\"wp-image-1828\" srcset=\"https:\/\/wp.unil.ch\/swiss100\/files\/2021\/10\/telefonstudie-01-01-1024x768.png 1024w, https:\/\/wp.unil.ch\/swiss100\/files\/2021\/10\/telefonstudie-01-01-300x225.png 300w, https:\/\/wp.unil.ch\/swiss100\/files\/2021\/10\/telefonstudie-01-01-150x113.png 150w, https:\/\/wp.unil.ch\/swiss100\/files\/2021\/10\/telefonstudie-01-01-768x576.png 768w, https:\/\/wp.unil.ch\/swiss100\/files\/2021\/10\/telefonstudie-01-01-1536x1152.png 1536w, https:\/\/wp.unil.ch\/swiss100\/files\/2021\/10\/telefonstudie-01-01-1120x840.png 1120w, https:\/\/wp.unil.ch\/swiss100\/files\/2021\/10\/telefonstudie-01-01-540x405.png 540w, https:\/\/wp.unil.ch\/swiss100\/files\/2021\/10\/telefonstudie-01-01-1080x810.png 1080w, https:\/\/wp.unil.ch\/swiss100\/files\/2021\/10\/telefonstudie-01-01.png 1600w\" sizes=\"auto, (max-width: 1024px) 100vw, 1024px\" \/><\/a><\/figure>\n\n\n\n<h3 class=\"wp-block-heading\">TeleFonstudie <\/h3>\n\n\n\n<p>Dezember 2020 \u2014 2021 <\/p>\n\n\n\n<div class=\"wp-block-button is-style-outline is-style-outline--1\"><a class=\"wp-block-button__link has-accent-color has-text-color wp-element-button\" href=\"https:\/\/wp.unil.ch\/swiss100\/de\/participants\/#telephonestudy\" target=\"_blank\" rel=\"noreferrer noopener\">Mehr lesen<\/a><\/div>\n<\/div><\/div>\n\n\n\n<div class=\"wp-block-group\"><div class=\"wp-block-group__inner-container is-layout-flow wp-block-group-is-layout-flow\">\n<figure class=\"wp-block-image alignfull size-large\"><a href=\"https:\/\/wp.unil.ch\/swiss100\/de\/team\/\"><img alt=\"\" loading=\"lazy\" decoding=\"async\" width=\"1024\" height=\"768\" src=\"https:\/\/wp.unil.ch\/swiss100\/files\/2021\/10\/team-01-01-1024x768.png\" alt=\"\" class=\"wp-image-1838\" srcset=\"https:\/\/wp.unil.ch\/swiss100\/files\/2021\/10\/team-01-01-1024x768.png 1024w, https:\/\/wp.unil.ch\/swiss100\/files\/2021\/10\/team-01-01-300x225.png 300w, https:\/\/wp.unil.ch\/swiss100\/files\/2021\/10\/team-01-01-150x113.png 150w, https:\/\/wp.unil.ch\/swiss100\/files\/2021\/10\/team-01-01-768x576.png 768w, https:\/\/wp.unil.ch\/swiss100\/files\/2021\/10\/team-01-01-1536x1152.png 1536w, https:\/\/wp.unil.ch\/swiss100\/files\/2021\/10\/team-01-01-1120x840.png 1120w, https:\/\/wp.unil.ch\/swiss100\/files\/2021\/10\/team-01-01-540x405.png 540w, https:\/\/wp.unil.ch\/swiss100\/files\/2021\/10\/team-01-01-1080x810.png 1080w, https:\/\/wp.unil.ch\/swiss100\/files\/2021\/10\/team-01-01.png 1600w\" sizes=\"auto, (max-width: 1024px) 100vw, 1024px\" \/><\/a><\/figure>\n\n\n\n<h3 class=\"wp-block-heading\">TEAM<\/h3>\n\n\n\n<div class=\"wp-block-button is-style-outline is-style-outline--2\"><a class=\"wp-block-button__link wp-element-button\" href=\"https:\/\/wp.unil.ch\/swiss100\/de\/team\/\" target=\"_blank\" rel=\"noreferrer noopener\">Mehr lesen<\/a><\/div>\n<\/div><\/div>\n<\/div>\n\n\n\n<div class=\"wp-block-column is-layout-flow wp-block-column-is-layout-flow\">\n<div class=\"wp-block-group\"><div class=\"wp-block-group__inner-container is-layout-flow wp-block-group-is-layout-flow\">\n<figure class=\"wp-block-image alignfull size-large\"><a href=\"https:\/\/wp.unil.ch\/swiss100\/de\/participants\/#inpersonstudy\"><img alt=\"\" loading=\"lazy\" decoding=\"async\" width=\"1024\" height=\"768\" src=\"https:\/\/wp.unil.ch\/swiss100\/files\/2021\/10\/persoenliche-01-01-01-1024x768.png\" alt=\"\" class=\"wp-image-1832\" srcset=\"https:\/\/wp.unil.ch\/swiss100\/files\/2021\/10\/persoenliche-01-01-01-1024x768.png 1024w, https:\/\/wp.unil.ch\/swiss100\/files\/2021\/10\/persoenliche-01-01-01-300x225.png 300w, https:\/\/wp.unil.ch\/swiss100\/files\/2021\/10\/persoenliche-01-01-01-150x113.png 150w, https:\/\/wp.unil.ch\/swiss100\/files\/2021\/10\/persoenliche-01-01-01-768x576.png 768w, https:\/\/wp.unil.ch\/swiss100\/files\/2021\/10\/persoenliche-01-01-01-1536x1152.png 1536w, https:\/\/wp.unil.ch\/swiss100\/files\/2021\/10\/persoenliche-01-01-01-1120x840.png 1120w, https:\/\/wp.unil.ch\/swiss100\/files\/2021\/10\/persoenliche-01-01-01-540x405.png 540w, https:\/\/wp.unil.ch\/swiss100\/files\/2021\/10\/persoenliche-01-01-01-1080x810.png 1080w, https:\/\/wp.unil.ch\/swiss100\/files\/2021\/10\/persoenliche-01-01-01.png 1600w\" sizes=\"auto, (max-width: 1024px) 100vw, 1024px\" \/><\/a><\/figure>\n\n\n\n<h3 class=\"wp-block-heading\">Pers\u00f6nliche Studie<\/h3>\n\n\n\n<p>Herbst 2022 &#8211; Fr\u00fchling 2025<\/p>\n\n\n\n<div class=\"wp-block-button is-style-outline is-style-outline--3\"><a class=\"wp-block-button__link has-accent-color has-text-color wp-element-button\" href=\"https:\/\/wp.unil.ch\/swiss100\/de\/participants\/#inpersonstudy\" target=\"_blank\" rel=\"noreferrer noopener\">Mehr lesen<\/a><\/div>\n<\/div><\/div>\n\n\n\n<div class=\"wp-block-group\"><div class=\"wp-block-group__inner-container is-layout-flow wp-block-group-is-layout-flow\">\n<figure class=\"wp-block-image alignfull size-large\"><a href=\"https:\/\/wp.unil.ch\/swiss100\/de\/biobank-and-biomarkers\/\"><img alt=\"\" loading=\"lazy\" decoding=\"async\" width=\"1024\" height=\"768\" src=\"https:\/\/wp.unil.ch\/swiss100\/files\/2021\/10\/Lab-01-1024x768.png\" alt=\"\" class=\"wp-image-1842\" srcset=\"https:\/\/wp.unil.ch\/swiss100\/files\/2021\/10\/Lab-01-1024x768.png 1024w, https:\/\/wp.unil.ch\/swiss100\/files\/2021\/10\/Lab-01-300x225.png 300w, https:\/\/wp.unil.ch\/swiss100\/files\/2021\/10\/Lab-01-150x113.png 150w, https:\/\/wp.unil.ch\/swiss100\/files\/2021\/10\/Lab-01-768x576.png 768w, https:\/\/wp.unil.ch\/swiss100\/files\/2021\/10\/Lab-01-1536x1152.png 1536w, https:\/\/wp.unil.ch\/swiss100\/files\/2021\/10\/Lab-01-1120x840.png 1120w, https:\/\/wp.unil.ch\/swiss100\/files\/2021\/10\/Lab-01-540x405.png 540w, https:\/\/wp.unil.ch\/swiss100\/files\/2021\/10\/Lab-01-1080x810.png 1080w, https:\/\/wp.unil.ch\/swiss100\/files\/2021\/10\/Lab-01.png 1600w\" sizes=\"auto, (max-width: 1024px) 100vw, 1024px\" \/><\/a><\/figure>\n\n\n\n<h3 class=\"wp-block-heading\">Biobank Und Biomarker<\/h3>\n\n\n\n<div class=\"wp-block-button is-style-outline is-style-outline--4\"><a class=\"wp-block-button__link wp-element-button\" href=\"https:\/\/wp.unil.ch\/swiss100\/de\/biobank-and-biomarkers\/\" target=\"_blank\" rel=\"noreferrer noopener\">Mehr lesen<\/a><\/div>\n<\/div><\/div>\n<\/div>\n<\/div>\n\n\n\n<figure class=\"wp-block-image alignfull size-large\"><img alt=\"\" loading=\"lazy\" decoding=\"async\" width=\"1024\" height=\"213\" src=\"https:\/\/wp.unil.ch\/swiss100\/files\/2021\/12\/baum_2-1024x213.jpg\" alt=\"\" class=\"wp-image-2468\" srcset=\"https:\/\/wp.unil.ch\/swiss100\/files\/2021\/12\/baum_2-1024x213.jpg 1024w, https:\/\/wp.unil.ch\/swiss100\/files\/2021\/12\/baum_2-300x63.jpg 300w, https:\/\/wp.unil.ch\/swiss100\/files\/2021\/12\/baum_2-150x31.jpg 150w, https:\/\/wp.unil.ch\/swiss100\/files\/2021\/12\/baum_2-768x160.jpg 768w, https:\/\/wp.unil.ch\/swiss100\/files\/2021\/12\/baum_2-1536x320.jpg 1536w, https:\/\/wp.unil.ch\/swiss100\/files\/2021\/12\/baum_2-1120x233.jpg 1120w, https:\/\/wp.unil.ch\/swiss100\/files\/2021\/12\/baum_2-540x113.jpg 540w, https:\/\/wp.unil.ch\/swiss100\/files\/2021\/12\/baum_2-1080x225.jpg 1080w, https:\/\/wp.unil.ch\/swiss100\/files\/2021\/12\/baum_2.jpg 1920w\" sizes=\"auto, (max-width: 1024px) 100vw, 1024px\" \/><\/figure>\n\n\n\n<div class=\"wp-block-group alignwide\"><div class=\"wp-block-group__inner-container is-layout-flow wp-block-group-is-layout-flow\">\n<h2 class=\"wp-block-heading has-text-align-center has-accent-color has-text-color\">\u201cIm Jahr 2020 z\u00e4hlte die Schweiz 1700 Hundertj\u00e4hrige. Im Jahr 2024 sind es fast 2200 \u2013 eine Zahl, die in Zukunft rasch weiter steigen d\u00fcrfte.\u201d<\/h2>\n<\/div><\/div>\n\n\n\n<p class=\"has-drop-cap\">Die Schweiz ist eines der L\u00e4nder der Welt mit der h\u00f6chsten Lebenserwartung. Aktuell sind 240 von einer Millionen Menschen in der Schweiz 100 Jahre alt \u2013 eine Zahl, die in Zukunft noch weiter ansteigen wird. Das Bundesamt f\u00fcr Statistik (2024) zeigt, wie sich die Zahl der Hundertj\u00e4hrigen in der Schweiz von 1950 bis 2010 etwa alle zehn Jahre verdoppelt hat und weiter zunimmt. Trotzdem ist fast nichts \u00fcber die Hundertj\u00e4hrigen in unserem Land bekannt.<\/p>\n\n\n\n<figure class=\"wp-block-gallery alignwide has-nested-images columns-default wp-block-gallery-5 is-layout-flex wp-block-gallery-is-layout-flex\">\n<figure class=\"wp-block-image size-large\"><img alt=\"\" loading=\"lazy\" decoding=\"async\" width=\"1024\" height=\"791\" data-id=\"5986\" src=\"https:\/\/wp.unil.ch\/swiss100\/files\/2025\/11\/german_number-1024x791.png\" alt=\"\" class=\"wp-image-5986\" srcset=\"https:\/\/wp.unil.ch\/swiss100\/files\/2025\/11\/german_number-1024x791.png 1024w, https:\/\/wp.unil.ch\/swiss100\/files\/2025\/11\/german_number-300x232.png 300w, https:\/\/wp.unil.ch\/swiss100\/files\/2025\/11\/german_number-150x116.png 150w, https:\/\/wp.unil.ch\/swiss100\/files\/2025\/11\/german_number-768x593.png 768w, https:\/\/wp.unil.ch\/swiss100\/files\/2025\/11\/german_number-540x417.png 540w, https:\/\/wp.unil.ch\/swiss100\/files\/2025\/11\/german_number-1080x834.png 1080w, https:\/\/wp.unil.ch\/swiss100\/files\/2025\/11\/german_number.png 1500w\" sizes=\"auto, (max-width: 1024px) 100vw, 1024px\" \/><\/figure>\n\n\n\n<figure class=\"wp-block-image size-large\"><img alt=\"\" loading=\"lazy\" decoding=\"async\" width=\"792\" height=\"612\" data-id=\"2623\" src=\"https:\/\/wp.unil.ch\/swiss100\/files\/2021\/12\/Cent_Map_GE_Zeichenflaeche-1.png\" alt=\"\" class=\"wp-image-2623\" srcset=\"https:\/\/wp.unil.ch\/swiss100\/files\/2021\/12\/Cent_Map_GE_Zeichenflaeche-1.png 792w, https:\/\/wp.unil.ch\/swiss100\/files\/2021\/12\/Cent_Map_GE_Zeichenflaeche-1-300x232.png 300w, https:\/\/wp.unil.ch\/swiss100\/files\/2021\/12\/Cent_Map_GE_Zeichenflaeche-1-150x116.png 150w, https:\/\/wp.unil.ch\/swiss100\/files\/2021\/12\/Cent_Map_GE_Zeichenflaeche-1-768x593.png 768w, https:\/\/wp.unil.ch\/swiss100\/files\/2021\/12\/Cent_Map_GE_Zeichenflaeche-1-540x417.png 540w\" sizes=\"auto, (max-width: 792px) 100vw, 792px\" \/><\/figure>\n<\/figure>\n\n\n\n<div class=\"wp-block-columns is-layout-flex wp-container-core-columns-is-layout-9d6595d7 wp-block-columns-is-layout-flex\"><\/div>\n","protected":false},"excerpt":{"rendered":"<p>SWISS100 ist die erste landesweite Studie \u00fcber Hundertj\u00e4hrige in der Schweiz. Sie wird von Experten und Expertinnen unterschiedlicher Disziplinen durchgef\u00fchrt. Das Projekt begann im Jahr 2020; die aktive&hellip;<\/p>\n","protected":false},"author":1002150,"featured_media":2463,"parent":0,"menu_order":0,"comment_status":"closed","ping_status":"closed","template":"","meta":{"_seopress_robots_primary_cat":"","_seopress_titles_title":"","_seopress_titles_desc":"","_seopress_robots_index":"","footnotes":""},"class_list":["post-1945","page","type-page","status-publish","has-post-thumbnail"],"_links":{"self":[{"href":"https:\/\/wp.unil.ch\/swiss100\/de\/wp-json\/wp\/v2\/pages\/1945","targetHints":{"allow":["GET"]}}],"collection":[{"href":"https:\/\/wp.unil.ch\/swiss100\/de\/wp-json\/wp\/v2\/pages"}],"about":[{"href":"https:\/\/wp.unil.ch\/swiss100\/de\/wp-json\/wp\/v2\/types\/page"}],"author":[{"embeddable":true,"href":"https:\/\/wp.unil.ch\/swiss100\/de\/wp-json\/wp\/v2\/users\/1002150"}],"replies":[{"embeddable":true,"href":"https:\/\/wp.unil.ch\/swiss100\/de\/wp-json\/wp\/v2\/comments?post=1945"}],"version-history":[{"count":5,"href":"https:\/\/wp.unil.ch\/swiss100\/de\/wp-json\/wp\/v2\/pages\/1945\/revisions"}],"predecessor-version":[{"id":6047,"href":"https:\/\/wp.unil.ch\/swiss100\/de\/wp-json\/wp\/v2\/pages\/1945\/revisions\/6047"}],"wp:featuredmedia":[{"embeddable":true,"href":"https:\/\/wp.unil.ch\/swiss100\/de\/wp-json\/wp\/v2\/media\/2463"}],"wp:attachment":[{"href":"https:\/\/wp.unil.ch\/swiss100\/de\/wp-json\/wp\/v2\/media?parent=1945"}],"curies":[{"name":"wp","href":"https:\/\/api.w.org\/{rel}","templated":true}]}}