{"id":1663,"date":"2021-03-01T15:54:41","date_gmt":"2021-03-01T14:54:41","guid":{"rendered":"https:\/\/wp.unil.ch\/swiss100\/?page_id=1663"},"modified":"2021-12-13T13:47:07","modified_gmt":"2021-12-13T12:47:07","slug":"mona-neysari","status":"publish","type":"page","link":"https:\/\/wp.unil.ch\/swiss100\/de\/team\/mona-neysari\/","title":{"rendered":"Mona Neysari"},"content":{"rendered":"\n<div class=\"wp-block-columns is-layout-flex wp-container-core-columns-is-layout-9d6595d7 wp-block-columns-is-layout-flex\">\n<div class=\"wp-block-column is-layout-flow wp-block-column-is-layout-flow\" style=\"flex-basis:33.33%\">\n<figure class=\"wp-block-image size-large\"><img alt=\"\" decoding=\"async\" src=\"https:\/\/wp.unil.ch\/swiss100\/files\/2021\/12\/monaVH-819x1024.jpg\" alt=\"\" class=\"wp-image-2510\" \/><figcaption>Projektmanagement<\/figcaption><\/figure>\n<\/div>\n\n\n\n<div class=\"wp-block-column is-layout-flow wp-block-column-is-layout-flow\" style=\"flex-basis:66.66%\">\n<h2 class=\"has-medium-font-size wp-block-heading\">Aktuelle Positionen<\/h2>\n\n\n\n<ul class=\"wp-block-list\"><li>Forschungsgruppenleitung &#8222;Dyadic Communication Lab&#8220;<\/li><li>Wissenschaftliche Projektleitung SWISS100<\/li><li>Abteilung Gerontopsychologie, Universit\u00e4t Z\u00fcrich<\/li><li>UFSP &#8222;Dynamik gesunden Alterns&#8220;, Universit\u00e4t Z\u00fcrich<\/li><\/ul>\n\n\n\n<h2 class=\"has-medium-font-size wp-block-heading\">Akademischer Hintergrund<\/h2>\n\n\n\n<ul class=\"wp-block-list\"><li>PhD Psychologie, Universit\u00e4t Z\u00fcrich<\/li><li>M.Sc. Psychologie, Universit\u00e4t Z\u00fcrich<\/li><\/ul>\n\n\n\n<h2 class=\"has-medium-font-size wp-block-heading\">Vorherige Erfahrungen<\/h2>\n\n\n\n<ul class=\"wp-block-list\"><li>Oberassistentin, UFSP &#8222;Dynamik gesunden Alterns&#8220;, UZH<\/li><li>Assistentin, UZH<\/li><li>Gastwissenschaftlerin, Stanford Psychophysiology Laboratory, Stanford, USA<\/li><\/ul>\n\n\n\n<h2 class=\"has-medium-font-size wp-block-heading\">Forschungsschwerpunkte<\/h2>\n\n\n\n<ul class=\"wp-block-list\"><li>Kommunikation zwischen Paaren \u00fcber die Lebensspanne<\/li><li>Real-life Kommunikation<\/li><li>Within-Paar- und within-Personen-Ver\u00e4nderungen \u00fcber die Zeit<\/li><\/ul>\n\n\n\n<h2 class=\"has-medium-font-size wp-block-heading\">Zus\u00e4tzliche Erfahrungen\/Meilensteine<\/h2>\n\n\n\n<ul class=\"wp-block-list\"><li>Entwicklung von WeMatch: eine webbasierte Applikation zur Analyse von WhatsApp Chats mit Echtzeitfeedback<\/li><li>Vorstandsmtglied der Schweizerischen Fachgesellschaft f\u00fcr Gerontopsychologie (2014-2017)<\/li><\/ul>\n<\/div>\n<\/div>\n","protected":false},"excerpt":{"rendered":"<p>Aktuelle Positionen Forschungsgruppenleitung &#8222;Dyadic Communication Lab&#8220; Wissenschaftliche Projektleitung SWISS100 Abteilung Gerontopsychologie, Universit\u00e4t Z\u00fcrich UFSP &#8222;Dynamik gesunden Alterns&#8220;, Universit\u00e4t Z\u00fcrich Akademischer Hintergrund PhD Psychologie, Universit\u00e4t Z\u00fcrich M.Sc. Psychologie, Universit\u00e4t&hellip;<\/p>\n","protected":false},"author":1002150,"featured_media":0,"parent":919,"menu_order":-1,"comment_status":"closed","ping_status":"closed","template":"template-full-width.php","meta":{"_seopress_robots_primary_cat":"","_seopress_titles_title":"","_seopress_titles_desc":"","_seopress_robots_index":"","footnotes":""},"class_list":["post-1663","page","type-page","status-publish","has-post-thumbnail"],"_links":{"self":[{"href":"https:\/\/wp.unil.ch\/swiss100\/de\/wp-json\/wp\/v2\/pages\/1663","targetHints":{"allow":["GET"]}}],"collection":[{"href":"https:\/\/wp.unil.ch\/swiss100\/de\/wp-json\/wp\/v2\/pages"}],"about":[{"href":"https:\/\/wp.unil.ch\/swiss100\/de\/wp-json\/wp\/v2\/types\/page"}],"author":[{"embeddable":true,"href":"https:\/\/wp.unil.ch\/swiss100\/de\/wp-json\/wp\/v2\/users\/1002150"}],"replies":[{"embeddable":true,"href":"https:\/\/wp.unil.ch\/swiss100\/de\/wp-json\/wp\/v2\/comments?post=1663"}],"version-history":[{"count":0,"href":"https:\/\/wp.unil.ch\/swiss100\/de\/wp-json\/wp\/v2\/pages\/1663\/revisions"}],"up":[{"embeddable":true,"href":"https:\/\/wp.unil.ch\/swiss100\/de\/wp-json\/wp\/v2\/pages\/919"}],"wp:attachment":[{"href":"https:\/\/wp.unil.ch\/swiss100\/de\/wp-json\/wp\/v2\/media?parent=1663"}],"curies":[{"name":"wp","href":"https:\/\/api.w.org\/{rel}","templated":true}]}}