{"id":9894,"date":"2023-10-31T11:29:01","date_gmt":"2023-10-31T10:29:01","guid":{"rendered":"https:\/\/wp.unil.ch\/svsn\/?page_id=9894"},"modified":"2024-10-15T08:49:52","modified_gmt":"2024-10-15T06:49:52","slug":"prix-svsn","status":"publish","type":"page","link":"https:\/\/wp.unil.ch\/svsn\/prix-svsn\/","title":{"rendered":"Prix SVSN 2025"},"content":{"rendered":"\n<h4 class=\"wp-block-heading\">Le <strong>Prix SVSN 2025 <\/strong>est constitu\u00e9 d\u2019un prix d\u2019excellence dot\u00e9 de CHF 1000.- <br>et de trois prix sp\u00e9ciaux du Jury pour des travaux particuli\u00e8rement originaux de CHF 200.- chacun.<\/h4>\n\n\n\n<p>Le Prix SVSN r\u00e9compense un <strong>travail scientifique<\/strong> (travail de maturit\u00e9, par exemple) r\u00e9alis\u00e9 par un\u00b7e chercheur\u00b7euse &nbsp;\u00e2g\u00e9\u00b7e de moins de 21 ans, amateur\u00b7rice ind\u00e9pendant\u00b7e ou \u00e9l\u00e8ve d&rsquo;une \u00e9cole vaudoise de degr\u00e9 non universitaire (y compris provenant d&rsquo;\u00e9coles professionnelles qui aboutissent \u00e0 une maturit\u00e9).<\/p>\n\n\n\n<p>Le travail doit refl\u00e9ter une r\u00e9flexion personnelle et peut \u00eatre men\u00e9 dans les <strong>domaines suivants <\/strong>:<\/p>\n\n\n\n<ul class=\"wp-block-list\">\n<li>biologie,<\/li>\n\n\n\n<li>chimie,<\/li>\n\n\n\n<li>g\u00e9ologie,<\/li>\n\n\n\n<li>histoire des sciences,<\/li>\n\n\n\n<li>informatique li\u00e9e aux sciences naturelles,<\/li>\n\n\n\n<li>math\u00e9matiques,<\/li>\n\n\n\n<li>physique,<\/li>\n\n\n\n<li>ing\u00e9nierie.<\/li>\n<\/ul>\n\n\n\n<p>Les travaux devront \u00eatre envoy\u00e9s d\u2019ici au 31 janvier 2025<strong>.<\/strong><\/p>\n\n\n\n<p>Trouvez le r\u00e8glement de participation<a href=\"https:\/\/wp.unil.ch\/svsn\/files\/2023\/10\/Reglement_Prix-SVSN_2024-1.pdf\" data-type=\"link\" data-id=\"https:\/\/wp.unil.ch\/svsn\/files\/2023\/10\/Reglement_Prix-SVSN_2024-1.pdf\"> <\/a><strong><a href=\"https:\/\/wp.unil.ch\/svsn\/files\/2024\/09\/Reglement_Prix-SVSN_2025.pdf\">ici<\/a><\/strong><\/p>\n\n\n\n<p>Nous vous remercions de nous retourner<strong><a href=\"https:\/\/wp.unil.ch\/svsn\/files\/2024\/09\/Formulaire_inscription_Prix-SVSN_2025.pdf\"> le formulaire de participation<\/a><\/strong> d\u00fbment compl\u00e9t\u00e9,<br> <strong>un par personne s&rsquo;il s&rsquo;agit d&rsquo;un travail d&rsquo;\u00e9quipe.<\/strong><\/p>\n\n\n\n<p><\/p>\n","protected":false},"excerpt":{"rendered":"<p>Le Prix SVSN 2025 est constitu\u00e9 d\u2019un prix d\u2019excellence dot\u00e9 de CHF 1000.- et de trois prix sp\u00e9ciaux du Jury pour des travaux particuli\u00e8rement originaux de CHF 200.- chacun. Le Prix SVSN r\u00e9compense un travail scientifique (travail de maturit\u00e9, par<\/p>\n","protected":false},"author":1002538,"featured_media":0,"parent":0,"menu_order":0,"comment_status":"closed","ping_status":"closed","template":"","meta":{"_seopress_robots_primary_cat":"","_seopress_titles_title":"","_seopress_titles_desc":"","_seopress_robots_index":"","footnotes":""},"class_list":["post-9894","page","type-page","status-publish"],"_links":{"self":[{"href":"https:\/\/wp.unil.ch\/svsn\/wp-json\/wp\/v2\/pages\/9894","targetHints":{"allow":["GET"]}}],"collection":[{"href":"https:\/\/wp.unil.ch\/svsn\/wp-json\/wp\/v2\/pages"}],"about":[{"href":"https:\/\/wp.unil.ch\/svsn\/wp-json\/wp\/v2\/types\/page"}],"author":[{"embeddable":true,"href":"https:\/\/wp.unil.ch\/svsn\/wp-json\/wp\/v2\/users\/1002538"}],"replies":[{"embeddable":true,"href":"https:\/\/wp.unil.ch\/svsn\/wp-json\/wp\/v2\/comments?post=9894"}],"version-history":[{"count":5,"href":"https:\/\/wp.unil.ch\/svsn\/wp-json\/wp\/v2\/pages\/9894\/revisions"}],"predecessor-version":[{"id":10767,"href":"https:\/\/wp.unil.ch\/svsn\/wp-json\/wp\/v2\/pages\/9894\/revisions\/10767"}],"wp:attachment":[{"href":"https:\/\/wp.unil.ch\/svsn\/wp-json\/wp\/v2\/media?parent=9894"}],"curies":[{"name":"wp","href":"https:\/\/api.w.org\/{rel}","templated":true}]}}