{"id":9720,"date":"2023-09-19T15:30:30","date_gmt":"2023-09-19T13:30:30","guid":{"rendered":"https:\/\/wp.unil.ch\/svsn\/?page_id=9720"},"modified":"2025-12-04T15:26:02","modified_gmt":"2025-12-04T14:26:02","slug":"postes-ouverts","status":"publish","type":"page","link":"https:\/\/wp.unil.ch\/svsn\/postes-ouverts\/","title":{"rendered":"Poste ouvert"},"content":{"rendered":"\n<p>La soci\u00e9t\u00e9 vaudoise des sciences naturelles est une association vivante et active dans la promotion des sciences.<\/p>\n\n\n\n<p>Gr\u00e2ce \u00e0 un r\u00e9seau de b\u00e9n\u00e9voles, elle offre \u00e0 un large public les \u00e9v\u00e9nements, des conf\u00e9rences, des visites de sites, des activit\u00e9s duo, des activit\u00e9s pour les juniors ainsi que des speed-dating scientifiques. Elle organise \u00e9galement un concours pour les jeunes chercheurs &#8211; <a href=\"https:\/\/wp.unil.ch\/svsn\/prix-svsn\/\" data-type=\"link\" data-id=\"https:\/\/wp.unil.ch\/svsn\/prix-svsn\/\">Prix SVSN_<\/a> qui leur offre une belle visibilit\u00e9 au niveau Suisse et leur donne l&rsquo;opportunit\u00e9 de publier leur travail dans le<a href=\"https:\/\/wp.unil.ch\/svsn\/publications\/bulletins\/\" data-type=\"link\" data-id=\"https:\/\/wp.unil.ch\/svsn\/publications\/bulletins\/\"> Bulletin <\/a>annuel de la SVSN.<\/p>\n\n\n\n<p><strong>Nous recherchons actuellement des membres b\u00e9n\u00e9voles pour soutenir le Bureau et le Comit\u00e9 :<\/strong> <strong>Infos<a href=\"https:\/\/wp.unil.ch\/svsn\/files\/2025\/02\/2025_Recrutement-bureau-et-comite-de-benevole-SVSN-2025.pdf\"> ici<\/a><\/strong><\/p>\n\n\n\n<p><\/p>\n","protected":false},"excerpt":{"rendered":"<p>La soci\u00e9t\u00e9 vaudoise des sciences naturelles est une association vivante et active dans la promotion des sciences. Gr\u00e2ce \u00e0 un r\u00e9seau de b\u00e9n\u00e9voles, elle offre \u00e0 un large public les \u00e9v\u00e9nements, des conf\u00e9rences, des visites de sites, des activit\u00e9s duo,<\/p>\n","protected":false},"author":1002538,"featured_media":0,"parent":0,"menu_order":0,"comment_status":"closed","ping_status":"closed","template":"","meta":{"_seopress_robots_primary_cat":"","_seopress_titles_title":"","_seopress_titles_desc":"","_seopress_robots_index":"","footnotes":""},"class_list":["post-9720","page","type-page","status-publish"],"_links":{"self":[{"href":"https:\/\/wp.unil.ch\/svsn\/wp-json\/wp\/v2\/pages\/9720","targetHints":{"allow":["GET"]}}],"collection":[{"href":"https:\/\/wp.unil.ch\/svsn\/wp-json\/wp\/v2\/pages"}],"about":[{"href":"https:\/\/wp.unil.ch\/svsn\/wp-json\/wp\/v2\/types\/page"}],"author":[{"embeddable":true,"href":"https:\/\/wp.unil.ch\/svsn\/wp-json\/wp\/v2\/users\/1002538"}],"replies":[{"embeddable":true,"href":"https:\/\/wp.unil.ch\/svsn\/wp-json\/wp\/v2\/comments?post=9720"}],"version-history":[{"count":5,"href":"https:\/\/wp.unil.ch\/svsn\/wp-json\/wp\/v2\/pages\/9720\/revisions"}],"predecessor-version":[{"id":11794,"href":"https:\/\/wp.unil.ch\/svsn\/wp-json\/wp\/v2\/pages\/9720\/revisions\/11794"}],"wp:attachment":[{"href":"https:\/\/wp.unil.ch\/svsn\/wp-json\/wp\/v2\/media?parent=9720"}],"curies":[{"name":"wp","href":"https:\/\/api.w.org\/{rel}","templated":true}]}}