{"id":9666,"date":"2023-08-29T15:41:41","date_gmt":"2023-08-29T13:41:41","guid":{"rendered":"https:\/\/wp.unil.ch\/svsn\/?page_id=9666"},"modified":"2025-06-10T13:43:43","modified_gmt":"2025-06-10T11:43:43","slug":"mentions-legales","status":"publish","type":"page","link":"https:\/\/wp.unil.ch\/svsn\/mentions-legales\/","title":{"rendered":"Mentions l\u00e9gales"},"content":{"rendered":"\n<p><strong>Contact<br><\/strong>Email de la soci\u00e9t\u00e9: svsn@unil.ch<\/p>\n\n\n\n<p><strong>H\u00e9bergement du Site Web<br><\/strong>Site h\u00e9berg\u00e9 en Suisse chez Infomaniak<br>Rue Eug\u00e8ne Marziano 25<br>1227 Les Acacias (GE)<br><a href=\"https:\/\/www.infomaniak.com\/\">https:\/\/www.infomaniak.com\/<\/a><br><a href=\"https:\/\/www.infomaniak.com\/fr\/cgv\/mentions-legales\">Informations l\u00e9gales &#8211; Infomaniak<\/a><\/p>\n\n\n\n<p><\/p>\n\n\n\n<p><strong>D\u00e9claration de protection des donn\u00e9es <\/strong>selon la  (<a href=\"https:\/\/www.kmu.admin.ch\/kmu\/fr\/home\/actuel\/theme-du-mois\/2023\/protection-des-donnees-ce-qu-il-faut-savoir.html#:~:text=La%20nouvelle%20loi%20sur%20la,vigueur%20le%201er%20septembre%202023.\" data-type=\"link\" data-id=\"https:\/\/www.kmu.admin.ch\/kmu\/fr\/home\/actuel\/theme-du-mois\/2023\/protection-des-donnees-ce-qu-il-faut-savoir.html#:~:text=La%20nouvelle%20loi%20sur%20la,vigueur%20le%201er%20septembre%202023.\">LPD<\/a>)<br>Les donn\u00e9es r\u00e9colt\u00e9es seront trait\u00e9es uniquement pour la finalit\u00e9 pour laquelle elles ont \u00e9t\u00e9 collect\u00e9es.<br>Elles seront ensuite effac\u00e9es. <\/p>\n\n\n\n<p>Toutes les photos ne sont pas libres de droit. Merci de nous contacter pour les utiliser.<\/p>\n\n\n\n<p>Toutes informations compl\u00e9mentaires via<a href=\"https:\/\/wp.unil.ch\/svsn\/wp-admin\/admin.php?page=gf_edit_forms&amp;id=16\"> le formulaire de contact<\/a><\/p>\n","protected":false},"excerpt":{"rendered":"<p>ContactEmail de la soci\u00e9t\u00e9: svsn@unil.ch H\u00e9bergement du Site WebSite h\u00e9berg\u00e9 en Suisse chez InfomaniakRue Eug\u00e8ne Marziano 251227 Les Acacias (GE)https:\/\/www.infomaniak.com\/Informations l\u00e9gales &#8211; Infomaniak D\u00e9claration de protection des donn\u00e9es selon la (LPD)Les donn\u00e9es r\u00e9colt\u00e9es seront trait\u00e9es uniquement pour la finalit\u00e9 pour<\/p>\n","protected":false},"author":1002538,"featured_media":0,"parent":0,"menu_order":0,"comment_status":"closed","ping_status":"closed","template":"","meta":{"_seopress_robots_primary_cat":"","_seopress_titles_title":"","_seopress_titles_desc":"","_seopress_robots_index":"","_seopress_analysis_target_kw":"","footnotes":""},"class_list":["post-9666","page","type-page","status-publish"],"_links":{"self":[{"href":"https:\/\/wp.unil.ch\/svsn\/wp-json\/wp\/v2\/pages\/9666","targetHints":{"allow":["GET"]}}],"collection":[{"href":"https:\/\/wp.unil.ch\/svsn\/wp-json\/wp\/v2\/pages"}],"about":[{"href":"https:\/\/wp.unil.ch\/svsn\/wp-json\/wp\/v2\/types\/page"}],"author":[{"embeddable":true,"href":"https:\/\/wp.unil.ch\/svsn\/wp-json\/wp\/v2\/users\/1002538"}],"replies":[{"embeddable":true,"href":"https:\/\/wp.unil.ch\/svsn\/wp-json\/wp\/v2\/comments?post=9666"}],"version-history":[{"count":1,"href":"https:\/\/wp.unil.ch\/svsn\/wp-json\/wp\/v2\/pages\/9666\/revisions"}],"predecessor-version":[{"id":11370,"href":"https:\/\/wp.unil.ch\/svsn\/wp-json\/wp\/v2\/pages\/9666\/revisions\/11370"}],"wp:attachment":[{"href":"https:\/\/wp.unil.ch\/svsn\/wp-json\/wp\/v2\/media?parent=9666"}],"curies":[{"name":"wp","href":"https:\/\/api.w.org\/{rel}","templated":true}]}}