{"id":9433,"date":"2023-04-27T11:31:16","date_gmt":"2023-04-27T09:31:16","guid":{"rendered":"https:\/\/wp.unil.ch\/svsn\/?page_id=9433"},"modified":"2026-04-04T13:51:38","modified_gmt":"2026-04-04T11:51:38","slug":"programme","status":"publish","type":"page","link":"https:\/\/wp.unil.ch\/svsn\/programme\/","title":{"rendered":"Programme"},"content":{"rendered":"<p>D\u00e9couvrez tous nos prochains \u00e9v\u00e9nements. Retrouvez ci-dessous les informations et \u00e9ventuelles modifications dues aux recommandations g\u00e9n\u00e9rales.<\/p>\n<h4>Prochaines activit\u00e9s 2025 &#8211; 2026<\/h4>\n\n\n<p>Conf\u00e9rence et remise du Prix SVSN 2026<br><strong>De la poudre de roche pour r\u00e9g\u00e9n\u00e9rer les sols<\/strong><br>Le jeudi 21 mai<br>Xavier Dupla<br><strong><a href=\"https:\/\/wp.unil.ch\/svsn\/conference\/\">Informations<\/a><\/strong><\/p>\n\n\n\n<p><strong>Balade Urbaine<\/strong><br>Biodiversit\u00e9 et Homo urbanus entre grands \u00e9carts et besoins communs\u00a0?<br>Le dimanche 31 mai<br>Pascale Aubert &#8211; Pierre Corajoud<br><strong><a href=\"https:\/\/wp.unil.ch\/svsn\/balade-urbaine\/\">Informations<\/a><br><\/strong><br><strong>75 ans de l&rsquo;UVSS<\/strong><br>Parc du Bourget<br>Le samedi 20 juin<br>Informations \u00e0 venir<\/p>\n\n\n\n<p>Excursion <br>Le Vallon de Nant<br>Le samedi 25 Juillet<br>Informations \u00e0 venir<br><br><br><br><\/p>\n\n\n\n<p><\/p>\n","protected":false},"excerpt":{"rendered":"<p>D\u00e9couvrez tous nos prochains \u00e9v\u00e9nements. Retrouvez ci-dessous les informations et \u00e9ventuelles modifications dues aux recommandations g\u00e9n\u00e9rales. Prochaines activit\u00e9s 2025 &#8211; 2026 Conf\u00e9rence et remise du Prix SVSN 2026De la poudre de roche pour r\u00e9g\u00e9n\u00e9rer les solsLe jeudi 21 maiXavier DuplaInformations<\/p>\n","protected":false},"author":1002538,"featured_media":0,"parent":0,"menu_order":0,"comment_status":"closed","ping_status":"closed","template":"","meta":{"_seopress_robots_primary_cat":"","_seopress_titles_title":"","_seopress_titles_desc":"","_seopress_robots_index":"","footnotes":""},"class_list":["post-9433","page","type-page","status-publish"],"_links":{"self":[{"href":"https:\/\/wp.unil.ch\/svsn\/wp-json\/wp\/v2\/pages\/9433","targetHints":{"allow":["GET"]}}],"collection":[{"href":"https:\/\/wp.unil.ch\/svsn\/wp-json\/wp\/v2\/pages"}],"about":[{"href":"https:\/\/wp.unil.ch\/svsn\/wp-json\/wp\/v2\/types\/page"}],"author":[{"embeddable":true,"href":"https:\/\/wp.unil.ch\/svsn\/wp-json\/wp\/v2\/users\/1002538"}],"replies":[{"embeddable":true,"href":"https:\/\/wp.unil.ch\/svsn\/wp-json\/wp\/v2\/comments?post=9433"}],"version-history":[{"count":5,"href":"https:\/\/wp.unil.ch\/svsn\/wp-json\/wp\/v2\/pages\/9433\/revisions"}],"predecessor-version":[{"id":12121,"href":"https:\/\/wp.unil.ch\/svsn\/wp-json\/wp\/v2\/pages\/9433\/revisions\/12121"}],"wp:attachment":[{"href":"https:\/\/wp.unil.ch\/svsn\/wp-json\/wp\/v2\/media?parent=9433"}],"curies":[{"name":"wp","href":"https:\/\/api.w.org\/{rel}","templated":true}]}}