{"id":9055,"date":"2022-11-15T16:35:52","date_gmt":"2022-11-15T15:35:52","guid":{"rendered":"https:\/\/wp.unil.ch\/svsn\/?page_id=9055"},"modified":"2025-12-16T16:12:03","modified_gmt":"2025-12-16T15:12:03","slug":"rapports-dactivites","status":"publish","type":"page","link":"https:\/\/wp.unil.ch\/svsn\/rapports-dactivites\/","title":{"rendered":"Rapports d&rsquo;activit\u00e9s"},"content":{"rendered":"\n<p>Chaque ann\u00e9e la SVSN publie un rapport d&rsquo;activit\u00e9s que vous pouvez retrouver \u00e9galement dans le bulletin annuel. Vous y retrouvez toutes les propositions faites au cours de l&rsquo;ann\u00e9e. <\/p>\n\n\n\n<p>Rapport d&rsquo;activit\u00e9s 2025 (\u00e0 venir)<br><br><a href=\"https:\/\/wp.unil.ch\/svsn\/files\/2025\/12\/rapport-dactivite-2024.pdf\"><strong>Rapport d&rsquo;activit\u00e9s 2024<\/strong><\/a><br><br><strong><a href=\"https:\/\/wp.unil.ch\/svsn\/files\/2025\/12\/rapport-dactivite-2023.pdf\">Rapport d&rsquo;activit\u00e9s 2023<\/a><\/strong><br><br><a href=\"https:\/\/wp.unil.ch\/svsn\/files\/2023\/10\/Rapport-dactivites-2022.pdf\" data-type=\"attachment\" data-id=\"9907\"><strong>Rapport d&rsquo;activit\u00e9s 2022<\/strong><\/a><\/p>\n\n\n\n<p><a rel=\"noreferrer noopener\" href=\"https:\/\/wp.unil.ch\/svsn\/files\/2022\/11\/Rapport-dactivites-2021.pdf\" target=\"_blank\"><strong>Rapport d&rsquo;activit\u00e9s 2021<\/strong><\/a><\/p>\n\n\n\n<p><a href=\"https:\/\/wp.unil.ch\/svsn\/files\/2022\/11\/Rapport-dactivites-2020.pdf\" target=\"_blank\" rel=\"noreferrer noopener\"><strong>Rapport d&rsquo;activit\u00e9<\/strong><\/a><a href=\"https:\/\/wp.unil.ch\/svsn\/files\/2022\/11\/Rapport-dactivites-2020.pdf\" target=\"_blank\" rel=\"noreferrer noopener\"><strong>s <\/strong><\/a><a href=\"https:\/\/wp.unil.ch\/svsn\/files\/2022\/11\/Rapport-dactivites-2020.pdf\" target=\"_blank\" rel=\"noreferrer noopener\"><strong>2020<\/strong><\/a><\/p>\n\n\n\n<p><a rel=\"noreferrer noopener\" href=\"https:\/\/wp.unil.ch\/svsn\/files\/2022\/11\/Annexe-1.-Rapport-activite-2019-Copie.pdf\" target=\"_blank\"><strong>Rapport d&rsquo;activit\u00e9s 2019<\/strong><\/a><\/p>\n\n\n\n<p><a rel=\"noreferrer noopener\" href=\"https:\/\/wp.unil.ch\/svsn\/files\/2022\/11\/Rapport-dactivites-2018-du-President.pdf\" target=\"_blank\"><strong>Rapport d&rsquo;activit\u00e9s 2018<\/strong><\/a><\/p>\n","protected":false},"excerpt":{"rendered":"<p>Chaque ann\u00e9e la SVSN publie un rapport d&rsquo;activit\u00e9s que vous pouvez retrouver \u00e9galement dans le bulletin annuel. Vous y retrouvez toutes les propositions faites au cours de l&rsquo;ann\u00e9e. Rapport d&rsquo;activit\u00e9s 2025 (\u00e0 venir) Rapport d&rsquo;activit\u00e9s 2024 Rapport d&rsquo;activit\u00e9s 2023 Rapport<\/p>\n","protected":false},"author":1002538,"featured_media":0,"parent":0,"menu_order":0,"comment_status":"closed","ping_status":"closed","template":"","meta":{"_seopress_robots_primary_cat":"","_seopress_titles_title":"","_seopress_titles_desc":"","_seopress_robots_index":"","footnotes":""},"class_list":["post-9055","page","type-page","status-publish"],"_links":{"self":[{"href":"https:\/\/wp.unil.ch\/svsn\/wp-json\/wp\/v2\/pages\/9055","targetHints":{"allow":["GET"]}}],"collection":[{"href":"https:\/\/wp.unil.ch\/svsn\/wp-json\/wp\/v2\/pages"}],"about":[{"href":"https:\/\/wp.unil.ch\/svsn\/wp-json\/wp\/v2\/types\/page"}],"author":[{"embeddable":true,"href":"https:\/\/wp.unil.ch\/svsn\/wp-json\/wp\/v2\/users\/1002538"}],"replies":[{"embeddable":true,"href":"https:\/\/wp.unil.ch\/svsn\/wp-json\/wp\/v2\/comments?post=9055"}],"version-history":[{"count":5,"href":"https:\/\/wp.unil.ch\/svsn\/wp-json\/wp\/v2\/pages\/9055\/revisions"}],"predecessor-version":[{"id":11814,"href":"https:\/\/wp.unil.ch\/svsn\/wp-json\/wp\/v2\/pages\/9055\/revisions\/11814"}],"wp:attachment":[{"href":"https:\/\/wp.unil.ch\/svsn\/wp-json\/wp\/v2\/media?parent=9055"}],"curies":[{"name":"wp","href":"https:\/\/api.w.org\/{rel}","templated":true}]}}