{"id":90,"date":"2010-07-08T19:34:01","date_gmt":"2010-07-08T17:34:01","guid":{"rendered":"http:\/\/wp.unil.ch\/svsn\/?page_id=90"},"modified":"2026-03-19T13:22:33","modified_gmt":"2026-03-19T12:22:33","slug":"prix-svsn","status":"publish","type":"page","link":"https:\/\/wp.unil.ch\/svsn\/releve\/prix-svsn\/","title":{"rendered":"Prix SVSN"},"content":{"rendered":"\n<p><strong><br><\/strong><br>Le <strong>Prix SVSN <\/strong>est constitu\u00e9 d\u2019un prix d\u2019excellence dot\u00e9 de CHF 1000.- et de trois prix sp\u00e9ciaux du Jury pour des travaux particuli\u00e8rement originaux de CHF 200.- chacun.<\/p>\n\n\n\n<p>Le Prix SVSN r\u00e9compense un <strong>travail scientifique<\/strong> (travail de maturit\u00e9, par exemple) r\u00e9alis\u00e9 par un\u00b7e chercheur\u00b7euse &nbsp;\u00e2g\u00e9\u00b7e de moins de 21 ans, amateur\u00b7rice ind\u00e9pendant\u00b7e ou \u00e9l\u00e8ve d&rsquo;une \u00e9cole vaudoise de degr\u00e9 non universitaire (y compris provenant d&rsquo;\u00e9coles professionnelles qui aboutissent \u00e0 une maturit\u00e9).<\/p>\n\n\n\n<p>Le travail doit refl\u00e9ter une r\u00e9flexion personnelle et peut \u00eatre men\u00e9 dans les <strong>domaines suivants <\/strong>:<\/p>\n\n\n\n<ul class=\"wp-block-list\">\n<li>biologie,<\/li>\n\n\n\n<li>chimie,<\/li>\n\n\n\n<li>g\u00e9ologie,<\/li>\n\n\n\n<li>histoire des sciences,<\/li>\n\n\n\n<li>informatique li\u00e9e aux sciences naturelles,<\/li>\n\n\n\n<li>math\u00e9matiques,<\/li>\n\n\n\n<li>physique,<\/li>\n\n\n\n<li>ing\u00e9nierie.<\/li>\n<\/ul>\n\n\n\n<hr class=\"wp-block-separator has-alpha-channel-opacity\" \/>\n\n\n\n<h4 class=\"wp-block-heading\">Laur\u00e9ates 2026<\/h4>\n\n\n\n<p>C&rsquo;est le travail de maturit\u00e9 d&rsquo;Arthur Fr\u00e9sard, intitul\u00e9 \u00ab\u00a0<strong><strong><em>\u00a0<em>Mod\u00e9lisation et construction r\u00e9duite d&rsquo;un PC-7 MkII via optimisation empirique assist\u00e9e par simulation num\u00e9rique.<\/em><\/em><\/strong><\/strong>\u00a0\u00bb qui remporte le Prix SVSN 2026 d\u2019une valeur de 1\u2019000 CHF.<\/p>\n\n\n\n<figure class=\"wp-block-table\"><table><tbody><tr><td><p><strong>R\u00e9sum\u00e9 <\/strong><\/p>D\u00e8s mon enfance, j\u2019ai \u00e9t\u00e9 fascin\u00e9 par le vol des avions. Ayant toujours cette passion, j\u2019ai choisi de l\u2019\u00e9tudier dans ce travail de maturit\u00e9. N\u00e9ophyte en mati\u00e8re d\u2019a\u00e9ronautique, j\u2019ai consult\u00e9 internet pour conna\u00eetre quelles sont les connaissances \u00e0 \u00e9tudier pour pr\u00e9senter mon \u00e9tude. Ayant acquis ces derni\u00e8res ann\u00e9es les connaissances d\u2019impression d\u2019objet en 3D, j\u2019ai d\u00e9cid\u00e9 de mod\u00e9liser un avion monomoteur, le PILATUS PC-7 MkII. Le choix de cet avion est culturel et pratique, car il n\u2019existe aucun mod\u00e8le opensource permettant sa r\u00e9alisation. La probl\u00e9matique centrale de ce travail consiste \u00e0 d\u00e9terminer quels ph\u00e9nom\u00e8nes physiques sont \u00e0 l\u2019origine des forces a\u00e9rodynamiques, et comment on peut les observer, analyser et comparer \u00e0 travers des simulations num\u00e9riques sur un mod\u00e8le r\u00e9duit? Plus pr\u00e9cis\u00e9ment : l\u2019optimisation des performances a\u00e9rodynamiques du mod\u00e8le r\u00e9duit PC7 MkII (\u00e9chelle 1 pour 10) par variation de l\u2019angle des ailes externes (voir Fig. 3.8) et de l\u2019\u00e9paisseur du profil des ailes principales. <br><br>M\u00e9thode<br>Apr\u00e8s quelques tentatives infructueuses avec d\u2019autres logiciels, c\u2019est finalement par le logiciel OpenVSP que j\u2019ai mod\u00e9lis\u00e9 le PC-7 MkII. J\u2019ai entrepris une mod\u00e9lisation compl\u00e8te \u00e0 partir d\u2019un plan de r\u00e9f\u00e9rence t\u00e9l\u00e9charg\u00e9 d\u2019un site de mod\u00e9lisme suisse. Les simulations ont test\u00e9 six angles d\u2019ailes externes et trois \u00e9paisseurs de profil, soit 18 mod\u00e8les \u00e0 analyser. Optimiser des simulations prend beaucoup de temps. Pour \u00e9viter de devoir rester devant l\u2019ordinateur, j\u2019ai \u00e9crit un script Python et ainsi l\u2019ordinateur a pu calculer ind\u00e9pendamment de ma pr\u00e9sence pendant plus de treize jours. J\u2019ai d\u00e9velopp\u00e9 une m\u00e9thode de correction des valeurs aberrantes g\u00e9n\u00e9r\u00e9es par VSPAERO afin d\u2019obtenir des courbes graphiques viables permettant le choix du meilleur mod\u00e8le physiquement coh\u00e9rent.<br><br>R\u00e9sultats et Discussion<br>Les simulations ont valid\u00e9 l\u2019influence des variables choisies sur la portance et la tra\u00een\u00e9e, avec des courbes de rapport portance-tra\u00een\u00e9e suivant les tendances classiques d\u00e9crites dans la litt\u00e9rature : augmentation progressive avec l\u2019angle d\u2019incidence, puis chute correspondant au d\u00e9crochage. Le classement final, bas\u00e9 sur l\u2019int\u00e9gration du rapport L\/D et la d\u00e9riv\u00e9e du coefficient de moment de force CM, a permis d\u2019identifi\u00e9 le mod\u00e8le optimal com- binant un angle d\u2019ailes de 10\u25e6 et une \u00e9paisseur de 15%. Cependant, les r\u00e9sultats restent propres au mod\u00e8le r\u00e9duit et ne sont pas repr\u00e9sentatifs du comportement de l\u2019avion grandeur nature, car conserver le m\u00eame nombre de Reynolds n\u00e9cessiterait une envergure de 12,5 m ou une vitesse de vol quasi Mach 13. La construction du mod\u00e8le r\u00e9duit fonctionnel sera finalis\u00e9 pour l\u2019oral en LW-PLA-HT (mat\u00e9riau d\u2019impression 3D r\u00e9sistant \u00e0 des chaleurs de bons jours d\u2019\u00e9t\u00e9s) avec d\u00e9coupage optimis\u00e9 pour l\u2019impression 3D et int\u00e9gration de l\u2019\u00e9lectronique de radiocommande.<br><div class=\"page\" title=\"Page 3\"><div class=\"layoutArea\"><div class=\"column\"><\/div><\/div><\/div><div class=\"page\" title=\"Page 3\"><\/div><\/td><\/tr><\/tbody><\/table><\/figure>\n\n\n\n<p><a href=\"https:\/\/www.google.com\/search?q=cqfd+youssef+palam&amp;rlz=1C1GCEA_enCH932CH932&amp;oq=cqfd+&amp;gs_lcrp=EgZjaHJvbWUqBggCEEUYOzIHCAAQABiPAjIHCAEQABiABDIGCAIQRRg7MgcIAxAAGIAEMgcIBBAAGIAEMgcIBRAAGIAEMgcIBhAAGIAEMgcIBxAAGIAEMgcICBAAGIAEMgcICRAAGIAE0gEINTg1OGowajeoAgCwAgA&amp;sourceid=chrome&amp;ie=UTF-8\"><strong>RTS &#8211; \u00e9mission CQFD<\/strong><\/a><\/p>\n\n\n\n<p>Youssef Palma, laur\u00e9at du Prix SVSN 2025 est invit\u00e9 \u00e0 l&rsquo;\u00e9mission CQFD.<br><br><strong><a href=\"https:\/\/www.rts.ch\/audio-podcast\/2024\/audio\/la-svsn-ou-comment-encourager-les-jeunes-a-faire-de-la-science-28481886.html\">RTS &#8211; \u00e9mission CQFD <\/a><\/strong><br>Laurence Froidevaux a invit\u00e9 les laur\u00e9ats 2024 \u00e0 participer avec le Pr\u00e9sident du Jury Monsieur Lengacher \u00e0 l&rsquo;\u00e9mission CQFD dans On en parle.<\/p>\n\n\n\n<h4 class=\"wp-block-heading\"><strong>Prix SVSN d&rsquo;excellence &#8211; Laur\u00e9ats<\/strong><\/h4>\n\n\n\n<figure class=\"wp-block-table\"><table><tbody><tr><td>2026<\/td><td>Mod\u00e9lisation et construction r\u00e9duite d&rsquo;un PC-7 MkII via optimisation empirique assist\u00e9e par simulation num\u00e9rique.<\/td><td>Arthur Fr\u00e9sard<\/td><td>Gymnase du Bugnon &#8211; Sevelin<\/td><\/tr><tr><td>2025<\/td><td>Phagothe\u0301rapie antibiothe\u0301rapie deux approches comple\u0301mentaires pluto\u0302t que substitutives<\/td><td>Youssef Palma<\/td><td>Gymnase de la Cit\u00e9, Lausanne<\/td><\/tr><tr><td>2024<\/td><td>Analyse g\u00e9n\u00e9tique d&rsquo;Artemisia nivalis<\/td><td>V\u00e9ronique Van Nunen, Lucie Urweider<\/td><td>Gymnase de la Cit\u00e9, Lausanne<\/td><\/tr><tr><td>2023<\/td><td>Hydres<\/td><td>H\u00e9lene ZELLER, Clara DESRIAC, Nora YERLY<\/td><td>Gymnase de Beaulieu, Lausanne<\/td><\/tr><tr><td>2022<\/td><td>Simulation informatique d\u2019un tr\u00e9buchet en JavaScript<\/td><td>Adrien MARTELLI,  Simon PIGUET Adrien BARMAZ<\/td><td>Gymnase de Renens<\/td><\/tr><tr><td>2021<\/td><td>L&rsquo;anhydrobiose et la revivicence des tardigrades: une approche exp\u00e9rimentale<\/td><td>Alexandra DELACRETAZ<\/td><td>Gymnase de Beaulieu, Lausanne<\/td><\/tr><tr><td>2020<\/td><td>Une \u00e9tude de <em>Pulmonaria helvetica<\/em><\/td><td>Talisa A. FERNANDEZ<\/td><td>Gymnase de la Cit\u00e9, Lausanne<\/td><\/tr><tr><td>2019<\/td><td>Syst\u00e8me de stabilisation PID<em><br><\/em><\/td><td>Johan LINK<\/td><td>Gymnase de Burier, <span class=\"YhemCb\">La Tour-de-Peilz<\/span><\/td><\/tr><tr><td>2018<\/td><td><em>Remote controlled cylinder<\/em><\/td><td>Oc\u00e9ane PATINY<\/td><td>Gymnase Provence, Lausanne<\/td><\/tr><tr><td>2017<\/td><td>Lancer d&rsquo;un ballon stratosph\u00e9rique<\/td><td>Marc JACQUART<\/td><td>Gymnase de Chamblandes, Pully<\/td><\/tr><tr><td>2016<\/td><td>Etude de la position et de la stabilit\u00e9 des points de Lagrange<\/td><td>Emilie HERTIG<\/td><td>Gymnase Auguste Piccard, Lausanne<\/td><\/tr><tr><td>2015<\/td><td>Piloter un groupe de robots avec le regard gr\u00e2ce \u00e0 l&rsquo;\u00e9lectroenc\u00e9phalographie<\/td><td>Luca MONDADA<\/td><td>Gymnase de la Cit\u00e9, Lausanne<\/td><\/tr><tr><td>2014<\/td><td>Etude des petits mammif\u00e8res dans le tissu urbain de Lausanne<\/td><td>Yasmeen SAIAH<\/td><td>Gymnase Auguste Piccard, Lausanne<\/td><\/tr><tr><td>2013<\/td><td>L&rsquo;herp\u00e9tofaune de l&rsquo;\u00e9tang du S\u00e9pey (Cossonay, Vaud)<\/td><td>Luc REYMOND<\/td><td>Gymnase Auguste Piccard, Lausanne<\/td><\/tr><tr><td>2012<\/td><td>Les ferrofluides, synth\u00e8se, caract\u00e9risation et \u00e9tude de la bir\u00e9fringence<\/td><td>Thanh Phong LE<\/td><td>Gymnase du Bugnon, Lausanne<\/td><\/tr><tr><td>2011<\/td><td>\u00c9tude de deux m\u00e9canismes de l\u2019attraction sexuelle humaine: les ph\u00e9romones et la sym\u00e9trie des visages<\/td><td>Ariane CLOT<\/td><td>Gymnase du Bugnon, Lausanne<\/td><\/tr><tr><td rowspan=\"3\">2010<\/td><td>Les staphylocoques dor\u00e9s<\/td><td>Marie-Claude BAY<br>Jeanne MARTIN<\/td><td>Gymnase du Bugnon, Lausanne<\/td><\/tr><tr><td>La chouette de Tengmalm<\/td><td>Ludovic LONGCHAMP<\/td><td>Gymnase d&rsquo;Yverdon<\/td><\/tr><tr><td>Les bact\u00e9ries sur les mains des gymnasiens<\/td><td>Tomas Jara SCHOCH<\/td><td>Gymnase de Bienne<\/td><\/tr><tr><td>2009<\/td><td>Consonance et Dissonance<\/td><td>Adrien BOLENS<br>Cl\u00e9ment K\u00dcNDIG<\/td><td>&nbsp;<\/td><\/tr><tr><td>2008<\/td><td>R\u00e9alisation d&rsquo;un hologramme<\/td><td>Nicolas VAUCHER<\/td><td>&nbsp;<\/td><\/tr><tr><td>2007<\/td><td>Une introduction \u00e0 la Th\u00e9orie des nombres \u00e0 travers les \u00e9quations diophantiennes<\/td><td>Bogdan GHEORGHE<\/td><td>Gymnase de la Cit\u00e9, Lausanne<\/td><\/tr><tr><td>2006<\/td><td>Recherche sur couches minces. Le secret des passeurs de lumi\u00e8re d\u00e9voil\u00e9 par les nanotechnologies<\/td><td>Killian SCARTEZZINI<\/td><td>Gymnase de Chamblandes, Pully<\/td><\/tr><tr><td>2005<\/td><td>Etude de l&rsquo;agressivit\u00e9 chez des fourmis monogynes<\/td><td>Rapha\u00ebl BRAUNSCHWEIG<br>Lucas VILLARD<\/td><td>Gymnase de la Cit\u00e9, Lausanne<\/td><\/tr><tr><td rowspan=\"2\">2004<\/td><td>La solidit\u00e9 des noeuds<\/td><td>Gr\u00e9goire MICHIELIN<\/td><td>Gymnase du Bugnon, Lausanne<\/td><\/tr><tr><td>Savez-vous parler stomates?<\/td><td>Julien REYMOND<\/td><td>Gymnase d&rsquo;Yverdon<\/td><\/tr><\/tbody><\/table><\/figure>\n\n\n\n<h4 class=\"wp-block-heading\"><strong>Prix sp\u00e9ciaux du Jury &#8211; Laur\u00e9ats<\/strong><\/h4>\n\n\n\n<figure class=\"wp-block-table\"><table><tbody><tr><td>2026<\/td><td>La Plaine Morte<\/td><td>Camille M\u00e9tral<\/td><td>Gymnase du Burier<\/td><\/tr><tr><td>2026<\/td><td>The effect of omega-3 fatty acids on primary dysmenorrhea in teenage girls<\/td><td>Cydney Jennings<\/td><td>Gymnase du Burier<\/td><\/tr><tr><td>2026<\/td><td>Introduction \u00e0 la m\u00e9canique Lagrangienne<\/td><td>Fr\u00e9d\u00e9ricRouquier<\/td><td>Gymnase de Chamblande<\/td><\/tr><tr><td>2025<\/td><td>Cr\u00e9ation d\u2019un atelier sur l\u2019\u00e9nergie &#8211; la science expliqu\u00e9e aux enfants<\/td><td>Joss Anouck<\/td><td>Gymnase de Bussigny<\/td><\/tr><tr><td>2025<\/td><td>Conception et construction d\u2019un d\u00e9monstrateur de moteur fus\u00e9e hybride<\/td><td>Bumann Sacha, Samuel Gebhard<\/td><td>Gymnase de Morges<\/td><\/tr><tr><td>2025<\/td><td>Bact\u00e9ries productrices de carbapenemaes  dans des siphons sanitaires<\/td><td>Melachroinos Estelle<\/td><td>Gymnase Biel-Seeland<\/td><\/tr><tr><td>2024<\/td><td>R\u00e9tention des polluants par les roseli\u00e8res.<\/td><td>Terrier L\u00e9on<\/td><td>Gymnase de la Cit\u00e9, Lausanne<\/td><\/tr><tr><td>2024<\/td><td>Construction d&rsquo;une chambre \u00e0 brouillard<\/td><td>Gauglhofer Jonathan<\/td><td><br>Gymnase d&rsquo;Yverdon<\/td><\/tr><tr><td>2024<\/td><td>Le Physarum Polycephalum ou Blob, vulgarisation d&rsquo;un unicellulaire fascinant<\/td><td>Lavanchy Gilles, Martino Molteni <\/td><td>Gymnase d\u2019Etoy<\/td><\/tr><tr><td>2023<\/td><td>Exploration de la stratosphere avec un ballon sonde<\/td><td>Romane TANNER<\/td><td>Gymnase d&rsquo;Yverdon<\/td><\/tr><tr><td>2023<\/td><td>A\u00e9rodynamique et ailes d&rsquo;avion<\/td><td>Daren PILET<\/td><td>Gymnase de la Cit\u00e9, Lausanne<\/td><\/tr><tr><td>2023<\/td><td>Projet_C-12_La_Fus\u00e9e_Haute_Pression_A_Eau_Et_CO2_Liquide<\/td><td>Damien BADER , Cedric MURISIER<\/td><td>Gymnase de Renens<\/td><\/tr><tr><td>2022<\/td><td>Le Levain : Une Cohabitation Acidul\u00e9e<\/td><td>Maillot-Xulia<\/td><td>Gymnase de la Cit\u00e9, Lausanne<\/td><\/tr><tr><td>2022<\/td><td>\u00c9thologie et photographie animali\u00e8re<\/td><td>Karine DELACRETAZ<\/td><td>Gymnase du Bugnon, S\u00e9velin<\/td><\/tr><tr><td>2022<\/td><td>Recettes de gel d\u00e9sinfectant sur internet: \u00e0 prendre ou \u00e0 laisser?<\/td><td>Mariapia AYROM, Margot FESSLER<\/td><td>ES sant\u00e9<\/td><\/tr><tr><td>2021<\/td><td>What is the most effective way of preventing corals from extinction?<\/td><td>Sebastian Leser<\/td><td>Gymnase de Beaulieu,  Lausanne<\/td><\/tr><tr><td>2021<\/td><td>La communication des plantes<\/td><td>Joy-Anne Salomon<\/td><td>Gymnase d&rsquo;Yverdon<\/td><\/tr><tr><td>2021<\/td><td>La trigonom\u00e9trie de Pitiscus<\/td><td>Benoit Bonzon<\/td><td>Gymnase Auguste Piccard,  Lausanne<\/td><\/tr><tr><td>2020<\/td><td>Th\u00e9rapie g\u00e9nique, une approche ing\u00e9nieuse ou ing\u00e9nue ?<\/td><td>Oriane Aubord<\/td><td>Gymnase de Burier, La Tour-de-Peilz<\/td><\/tr><tr><td>2020<\/td><td>\u00c9tude du trou noir super massif&nbsp; Sgr A* au centre de la Voie Lact\u00e9e<\/td><td>Sam\u00fcel Bakker<\/td><td>Gymnase de Beaulieu, Lausanne<\/td><\/tr><tr><td>2020<\/td><td>Conception d\u2019une r\u00e9plique d\u2019un acc\u00e9l\u00e9rateur de particules<\/td><td>Hector Mir et Alexis Zuber<\/td><td>Gymnase du Bugnon, S\u00e9velin<\/td><\/tr><tr><td>2019<\/td><td>Meringue au jus de pois chiche<\/td><td>Chlo\u00e9 Athanasiad\u00e8s et Natalia Gonard<\/td><td>Gymnase de Burier, La Tour-de-Peilz<\/td><\/tr><tr><td>2019<\/td><td>Cavitation &#8211; D\u00e9placement des bulles faiblement d\u00e9form\u00e9es<\/td><td>Henry Hollenweger<\/td><td>Gymnase du Bugnon, S\u00e9velin<\/td><\/tr><tr><td>2019<\/td><td>Illustrations scientifiques d\u2019une esp\u00e8ce nouvelle pour la science : <em>Sebaea solaris<\/em> (<em>Gentianaceae<\/em>)<\/td><td>Lena Ihringer<\/td><td>Gymnase de la Cit\u00e9, Lausanne<\/td><\/tr><tr><td>2018<\/td><td>De l\u2019\u00e9laboration \u00e0 l\u2019exp\u00e9rimentation d\u2019un engrais min\u00e9ral<\/td><td>Chlo\u00e9 Udressy et Sara Selmi<\/td><td>Gymnase de Morges<\/td><\/tr><tr><td>2018<\/td><td>Ballons stratosph\u00e9riques<\/td><td>Alexandre Rupp et Lionel Isoz<\/td><td>Gymnase de Morges<\/td><\/tr><tr><td>2018<\/td><td>Trous noirs stellaires&nbsp;: de l\u2019approche th\u00e9orique \u00e0 l\u2019analyse photom\u00e9trique<\/td><td>Dana\u00e9 P\u00e9rez<\/td><td>Gymnase du Bugnon, S\u00e9velin<\/td><\/tr><tr><td>2017<\/td><td>Acclimatation \u00e0 l&rsquo;altitude &#8211; Ascension du Denali et analyse<\/td><td>Quentin BOCHUD<\/td><td>Gymnase de Burier, La Tour-de-Peilz<\/td><\/tr><tr><td>2017<\/td><td>La mesure des angles dans la parallaxe en astronomie et Manga<\/td><td>Jessica GUMOWSKI<\/td><td>Gymnase de la Cit\u00e9, Lausanne<\/td><\/tr><tr><td>2016<\/td><td>Ballon-sonde exp\u00e9rimental &#8211; mod\u00e9lisation de la pression atmosph\u00e9rique<\/td><td>Julien SAHLI<\/td><td>Gymnase de Provence, Lausanne<\/td><\/tr><tr><td>2016<\/td><td>Le transport du phosphate chez <em>Arabidopsis thaliana<\/em><\/td><td>Ilinca DRAGAN et Riyana FERNANDO<\/td><td>Gymnase de Chamblandes, Pully<\/td><\/tr><tr><td>2015<\/td><td>F\u00e9condation in vitro &#8211; S\u00e9lection dans l&rsquo;\u00e9prouvette<\/td><td>Alexia Roux<\/td><td>Gymnase de Beaulieu, Lausanne<\/td><\/tr><tr><td>2015<\/td><td>La durabilit\u00e9 environnementale aux Jeux olympiques d\u2019hiver. Etude de cas: Les JO 2006 de Turin<\/td><td>Arnold BRAAM<\/td><td>Gymnase de Burier, la Tour-de-Peilz<\/td><\/tr><tr><td>2015<\/td><td>Mise en \u00e9vidence de traces de sang \u00e0 l&rsquo;aide de la r\u00e9action de Kastle-Meyer<\/td><td>Magjun SHALA<\/td><td>Gymnase d&rsquo;Yverdon<\/td><\/tr><\/tbody><\/table><\/figure>\n\n\n\n<div class=\"wp-block-group\"><div class=\"wp-block-group__inner-container is-layout-constrained wp-block-group-is-layout-constrained\">\n<div class=\"wp-block-columns is-layout-flex wp-container-core-columns-is-layout-9d6595d7 wp-block-columns-is-layout-flex\">\n<div class=\"wp-block-column is-layout-flow wp-block-column-is-layout-flow\" style=\"flex-basis:100%\">\n<p><br><\/p>\n<\/div>\n<\/div>\n<\/div><\/div>\n","protected":false},"excerpt":{"rendered":"<p>Ce prix annuels r\u00e9compense le travail scientifique d&rsquo;un jeune de moins de 21 ans<\/p>\n","protected":false},"author":1001879,"featured_media":5866,"parent":14,"menu_order":0,"comment_status":"closed","ping_status":"closed","template":"","meta":{"_seopress_robots_primary_cat":"","_seopress_titles_title":"","_seopress_titles_desc":"","_seopress_robots_index":"","footnotes":""},"class_list":["post-90","page","type-page","status-publish","has-post-thumbnail"],"_links":{"self":[{"href":"https:\/\/wp.unil.ch\/svsn\/wp-json\/wp\/v2\/pages\/90","targetHints":{"allow":["GET"]}}],"collection":[{"href":"https:\/\/wp.unil.ch\/svsn\/wp-json\/wp\/v2\/pages"}],"about":[{"href":"https:\/\/wp.unil.ch\/svsn\/wp-json\/wp\/v2\/types\/page"}],"author":[{"embeddable":true,"href":"https:\/\/wp.unil.ch\/svsn\/wp-json\/wp\/v2\/users\/1001879"}],"replies":[{"embeddable":true,"href":"https:\/\/wp.unil.ch\/svsn\/wp-json\/wp\/v2\/comments?post=90"}],"version-history":[{"count":4,"href":"https:\/\/wp.unil.ch\/svsn\/wp-json\/wp\/v2\/pages\/90\/revisions"}],"predecessor-version":[{"id":12090,"href":"https:\/\/wp.unil.ch\/svsn\/wp-json\/wp\/v2\/pages\/90\/revisions\/12090"}],"up":[{"embeddable":true,"href":"https:\/\/wp.unil.ch\/svsn\/wp-json\/wp\/v2\/pages\/14"}],"wp:featuredmedia":[{"embeddable":true,"href":"https:\/\/wp.unil.ch\/svsn\/wp-json\/wp\/v2\/media\/5866"}],"wp:attachment":[{"href":"https:\/\/wp.unil.ch\/svsn\/wp-json\/wp\/v2\/media?parent=90"}],"curies":[{"name":"wp","href":"https:\/\/api.w.org\/{rel}","templated":true}]}}