{"id":8110,"date":"2022-01-24T16:47:41","date_gmt":"2022-01-24T15:47:41","guid":{"rendered":"https:\/\/wp.unil.ch\/svsn\/?page_id=8110"},"modified":"2024-04-09T15:33:32","modified_gmt":"2024-04-09T13:33:32","slug":"partenariat","status":"publish","type":"page","link":"https:\/\/wp.unil.ch\/svsn\/partenariat\/","title":{"rendered":"Partenaires"},"content":{"rendered":"\n<p>Outre la promotion des sciences au travers de conf\u00e9rences, d&rsquo;excursions et de concours, la SVSN entretient des liens avec des nombreuses soci\u00e9t\u00e9s et institutions. Elle d\u00e9veloppe des partenariats permettant d&rsquo;enrichir ses propositions. Ces collaborations nous permettent notamment d&rsquo;inviter des orateurs de prestige, de proposer des activit\u00e9s dans des lieux d&rsquo;exception et offrent \u00e9galement la possibilit\u00e9 \u00e0 nos membres de participer \u00e0 des visites comment\u00e9es et de s&rsquo;inscrire \u00e0 des cours \u00e0 des prix pr\u00e9f\u00e9rentiels.<\/p>\n\n\n\n<p>La SVSN s&rsquo;engage fondamentalement dans la diffusion du savoir scientifique, pour tous. Toutes ces propositions ne pourraient se r\u00e9aliser sans le soutien de nos partenaires et de nos sponsors.<\/p>\n\n\n\n<p><\/p>\n\n\n\n<p><strong>LES PARTENAIRES :<\/strong><br>Unil<\/p>\n\n\n\n<p><\/p>\n\n\n\n<p>Ville de  Lausanne<\/p>\n\n\n\n<p><strong><a href=\"https:\/\/wp.unil.ch\/connaissance3\/\">Connaissance 3<\/a> <\/strong><br>Cr\u00e9\u00e9e dans une perspective de formation continue tout au long de la vie, Connaissance 3 est l\u2019Universit\u00e9 des seniors du canton de Vaud. Ses activit\u00e9s s\u2019adressent en priorit\u00e9 aux seniors, mais elle est ouverte \u00e0 toutes et \u00e0 tous, sans limite d\u2019\u00e2ge ni consid\u00e9ration de dipl\u00f4me. Son ambition : favoriser le plaisir d\u2019apprendre et apporter au grand public une formation et une information de niveau universitaire, mises \u00e0 la port\u00e9e de&nbsp;chacun\u00b7e, par le biais de conf\u00e9rences, de cours et de visites culturelles, au sens large.&nbsp;<\/p>\n\n\n\n<p>Fra\u00eechement int\u00e9gr\u00e9 au sein de nos partenaires, nous nous r\u00e9jouissons de pourvoir faire profiter \u00e0 nos membres des offres pr\u00e9f\u00e9rentielles qui leurs sont offertes lors de l\u2019inscription \u00e0 des cours ou \u00e0 des formations propos\u00e9s par Connaissance 3.<\/p>\n\n\n\n<p><strong><a href=\"https:\/\/zoologie.vd.ch\/museum-cantonal-des-sciences-naturelles\/\">NATUREUM<\/a><\/strong><br>La SVSN r\u00e9side dans les murs du <a href=\"https:\/\/palaisderumine.ch\/le-palais\/accueil\/\">Palais de Rumine <\/a>depuis sa construction. Nos multiples \u00e9changes de publications avec les soci\u00e9t\u00e9s scientifiques internationales alimentent les fonds de la Biblioth\u00e8que Cantonale Universitaire &#8211; BCU. De plus la SVSN s&rsquo;investit \u00e0 repr\u00e9senter les sciences en proposant notamment des conf\u00e9rences th\u00e9matiques dans le cadre des expositions du Palais de Rumine. Cette collaboration profite par ailleurs \u00e0 nos membres qui sont invit\u00e9s \u00e0 des visites guid\u00e9es de l&rsquo;exposition et\/ou re\u00e7oivent une invitation.<br>Le NATUREUM est  d\u00e9positaire d\u2019un patrimoine scientifique, culturel et naturel unique. En accord avec les recommandations du Conseil international des mus\u00e9es (ICOM), le NATUREUM s\u2019appuie sur les quatre missions suivantes : acqu\u00e9rir, conserver, \u00e9tudier et mettre en valeur le patrimoine dont ils sont d\u00e9positaires.<\/p>\n\n\n\n<p>Dans le cadre de sa mission de m\u00e9diations et d&rsquo;accueil des publics, le Palais de Rumine offre un lieu d&rsquo;exception aux activit\u00e9s de la SVSN. La SVSN participe r\u00e9guli\u00e8rement \u00e0 leurs manifestations et elles re\u00e7oivent annuellement nos juniors lors d&rsquo;ateliers cr\u00e9atifs en lien avec la biodiversit\u00e9.<\/p>\n\n\n\n<p><a rel=\"noreferrer noopener\" href=\"https:\/\/www.s-a-v.org\/\" target=\"_blank\"><strong>Soci\u00e9t\u00e9 Acad\u00e9mique Vaudoise &#8211; SAV<\/strong><\/a><br>Fond\u00e9e en 1890, la Soci\u00e9t\u00e9 Acad\u00e9mique Vaudoise regroupe des anciens \u00e9tudiants, des enseignants et des amis de l\u2019Universit\u00e9 de Lausanne. Elle a notamment pour mission de maintenir et de d\u00e9velopper le lien entre l\u2019universit\u00e9 et les autorit\u00e9s cantonales ainsi que la soci\u00e9t\u00e9 civile. Elle soutient les chercheurs, enseignants et \u00e9tudiants par des aides sous forme de subsides de recherche, de subsides de publications, de bourses de fin d\u2019\u00e9tudes. Au surplus, elle remet chaque ann\u00e9e des Prix concernant les laur\u00e9ats de l\u2019UNIL.<\/p>\n\n\n\n<p>Par ses fondations associ\u00e9es, la SAV apporte \u00e9galement un soutien \u00e0 de nombreux projets culturels. Elle co-organise en collaboration avec  la SVSN la traditionnelle conf\u00e9rence acad\u00e9mique propos\u00e9e annuellement en fin d\u2019ann\u00e9e.<\/p>\n\n\n\n<p><a href=\"https:\/\/wp.unil.ch\/svsn\/uvss\/\"><strong>Soci\u00e9t\u00e9s de l&rsquo;UVSS<\/strong><\/a><br>Avec les soci\u00e9t\u00e9s locales ou sp\u00e9cialis\u00e9es de l&rsquo;Union Vaudoise des Soci\u00e9t\u00e9s Scientifiques, la SVSN organise chaque ann\u00e9e une sortie ou un symposium sur un th\u00e8me multidisciplinaire. Nous avons \u00e9galement de nombreux \u00e9changes et collaborons sur des activit\u00e9s et des d\u00e9veloppements. <\/p>\n\n\n\n<p><\/p>\n\n\n<\/p>\n<div>\n<\/div>","protected":false},"excerpt":{"rendered":"<p>Outre la promotion des sciences au travers de conf\u00e9rences, d&rsquo;excursions et de concours, la SVSN entretient des liens avec des nombreuses soci\u00e9t\u00e9s et institutions. Elle d\u00e9veloppe des partenariats permettant d&rsquo;enrichir ses propositions. Ces collaborations nous permettent notamment d&rsquo;inviter des orateurs<\/p>\n","protected":false},"author":1002538,"featured_media":0,"parent":0,"menu_order":0,"comment_status":"closed","ping_status":"closed","template":"","meta":{"_seopress_robots_primary_cat":"","_seopress_titles_title":"","_seopress_titles_desc":"","_seopress_robots_index":"","footnotes":""},"class_list":["post-8110","page","type-page","status-publish"],"_links":{"self":[{"href":"https:\/\/wp.unil.ch\/svsn\/wp-json\/wp\/v2\/pages\/8110","targetHints":{"allow":["GET"]}}],"collection":[{"href":"https:\/\/wp.unil.ch\/svsn\/wp-json\/wp\/v2\/pages"}],"about":[{"href":"https:\/\/wp.unil.ch\/svsn\/wp-json\/wp\/v2\/types\/page"}],"author":[{"embeddable":true,"href":"https:\/\/wp.unil.ch\/svsn\/wp-json\/wp\/v2\/users\/1002538"}],"replies":[{"embeddable":true,"href":"https:\/\/wp.unil.ch\/svsn\/wp-json\/wp\/v2\/comments?post=8110"}],"version-history":[{"count":2,"href":"https:\/\/wp.unil.ch\/svsn\/wp-json\/wp\/v2\/pages\/8110\/revisions"}],"predecessor-version":[{"id":10468,"href":"https:\/\/wp.unil.ch\/svsn\/wp-json\/wp\/v2\/pages\/8110\/revisions\/10468"}],"wp:attachment":[{"href":"https:\/\/wp.unil.ch\/svsn\/wp-json\/wp\/v2\/media?parent=8110"}],"curies":[{"name":"wp","href":"https:\/\/api.w.org\/{rel}","templated":true}]}}