{"id":5522,"date":"2019-07-07T19:16:33","date_gmt":"2019-07-07T17:16:33","guid":{"rendered":"http:\/\/wp.unil.ch\/svsn\/?page_id=5522"},"modified":"2025-04-03T13:05:07","modified_gmt":"2025-04-03T11:05:07","slug":"activites","status":"publish","type":"page","link":"https:\/\/wp.unil.ch\/svsn\/activites\/","title":{"rendered":"Activit\u00e9s"},"content":{"rendered":"\n<div class=\"wp-block-buttons is-horizontal is-content-justification-center is-layout-flex wp-container-core-buttons-is-layout-499968f5 wp-block-buttons-is-layout-flex\">\n<div class=\"wp-block-button\"><a class=\"wp-block-button__link has-background wp-element-button\" href=\"https:\/\/wp.unil.ch\/svsn\/programme\/\" style=\"background-color:#00a467\">Programme des activit\u00e9s <\/a><\/div>\n<\/div>\n\n\n<p>La SVSN offre une vari\u00e9t\u00e9 d&rsquo;activit\u00e9s tout au long de l&rsquo;ann\u00e9e :<\/p>\n<p><img alt=\"\" loading=\"lazy\" decoding=\"async\" class=\"wp-image-5484 aligncenter\" src=\"https:\/\/wp.unil.ch\/svsn\/files\/2019\/07\/Tableau_activites-1024x626.png\" alt=\"\" width=\"600\" height=\"367\" srcset=\"https:\/\/wp.unil.ch\/svsn\/files\/2019\/07\/Tableau_activites-1024x626.png 1024w, https:\/\/wp.unil.ch\/svsn\/files\/2019\/07\/Tableau_activites-300x183.png 300w, https:\/\/wp.unil.ch\/svsn\/files\/2019\/07\/Tableau_activites-768x469.png 768w, https:\/\/wp.unil.ch\/svsn\/files\/2019\/07\/Tableau_activites.png 1052w\" sizes=\"auto, (max-width: 600px) 100vw, 600px\" \/><\/p>\n<p>La SVSN organise \u00e9galement des excursions et symposiums avec l&rsquo;<a href=\"https:\/\/wp.unil.ch\/svsn\/uvss\/\" target=\"_blank\" rel=\"noopener noreferrer\">Union vaudoise des soci\u00e9t\u00e9s scientifiques (UVSS)<\/a>.<\/p>\n<div class=\"page\" title=\"Page 1\">\n<div class=\"layoutArea\">\n<div class=\"column\">\n<p><strong>Pour qui ?<\/strong><\/p>\n<p>Les activit\u00e9s de la SVSN s&rsquo;adressent \u00e0 toute personne curieuse de sciences en constante \u00e9volution, amatrice des richesses naturelles du pays de Vaud et d\u00e9sireuse de partager son int\u00e9r\u00eat au sein d\u2019une large communaut\u00e9. Parmi ses membres, la SVSN compte aussi bien des amateurs de sciences, novices dans certains domaines, que des experts.<\/p>\n<\/div>\n<p><a href=\"https:\/\/wp.unil.ch\/svsn\/historique-des-activites\/\"><strong>Voir les activit\u00e9s pr\u00e9c\u00e9dentes (archives)<\/strong><\/a><\/p>\n<hr \/>\n<h4>Formation continue<\/h4>\n<p>La SVSN est en mesure de d\u00e9livrer des attestations de participation \u00e0 ses diverses activit\u00e9s (conf\u00e9rences, cours d\u2019information) de sorte que ces derni\u00e8res puissent \u00eatre prises en compte dans le cadre d\u2019une formation continue.<\/p>\n<p>Les enseignants peuvent obtenir une attestation de formation continue au terme de chaque conf\u00e9rence SVSN.<\/p>\n<p>Les personnes qui le d\u00e9sirent rempliront un formulaire \u00ab\u00a0<a href=\"https:\/\/wp.unil.ch\/svsn\/files\/2019\/07\/Attestation_participation_activite_SVSN.pdf\" target=\"_blank\" rel=\"noopener noreferrer\">Attestation de participation<\/a>\u00a0\u00bb et le feront signer par un membre du bureau ou du comit\u00e9 de la SVSN \u00e0 l\u2019issue de l\u2019activit\u00e9.<\/p>\n<\/div>\n<\/div>","protected":false},"excerpt":{"rendered":"<p>La SVSN offre une vari\u00e9t\u00e9 d&rsquo;activit\u00e9s tout au long de l&rsquo;ann\u00e9e : La SVSN organise \u00e9galement des excursions et symposiums avec l&rsquo;Union vaudoise des soci\u00e9t\u00e9s scientifiques (UVSS). Pour qui ? Les activit\u00e9s de la SVSN s&rsquo;adressent \u00e0 toute personne curieuse<\/p>\n","protected":false},"author":1002538,"featured_media":0,"parent":0,"menu_order":2,"comment_status":"closed","ping_status":"closed","template":"","meta":{"_seopress_robots_primary_cat":"","_seopress_titles_title":"","_seopress_titles_desc":"","_seopress_robots_index":"","footnotes":""},"class_list":["post-5522","page","type-page","status-publish"],"_links":{"self":[{"href":"https:\/\/wp.unil.ch\/svsn\/wp-json\/wp\/v2\/pages\/5522","targetHints":{"allow":["GET"]}}],"collection":[{"href":"https:\/\/wp.unil.ch\/svsn\/wp-json\/wp\/v2\/pages"}],"about":[{"href":"https:\/\/wp.unil.ch\/svsn\/wp-json\/wp\/v2\/types\/page"}],"author":[{"embeddable":true,"href":"https:\/\/wp.unil.ch\/svsn\/wp-json\/wp\/v2\/users\/1002538"}],"replies":[{"embeddable":true,"href":"https:\/\/wp.unil.ch\/svsn\/wp-json\/wp\/v2\/comments?post=5522"}],"version-history":[{"count":2,"href":"https:\/\/wp.unil.ch\/svsn\/wp-json\/wp\/v2\/pages\/5522\/revisions"}],"predecessor-version":[{"id":11162,"href":"https:\/\/wp.unil.ch\/svsn\/wp-json\/wp\/v2\/pages\/5522\/revisions\/11162"}],"wp:attachment":[{"href":"https:\/\/wp.unil.ch\/svsn\/wp-json\/wp\/v2\/media?parent=5522"}],"curies":[{"name":"wp","href":"https:\/\/api.w.org\/{rel}","templated":true}]}}