{"id":5348,"date":"2019-06-08T00:06:23","date_gmt":"2019-06-07T22:06:23","guid":{"rendered":"http:\/\/wp.unil.ch\/svsn\/?page_id=5348"},"modified":"2021-05-08T00:12:30","modified_gmt":"2021-05-07T22:12:30","slug":"archives","status":"publish","type":"page","link":"https:\/\/wp.unil.ch\/svsn\/publications\/archives\/","title":{"rendered":"Archives de la SVSN"},"content":{"rendered":"<h3><strong><a href=\"https:\/\/wp.unil.ch\/svsn\/files\/2019\/06\/1805_De\u0301partArchives-7.jpg\"><img alt=\"\" loading=\"lazy\" decoding=\"async\" class=\"alignright wp-image-5353\" src=\"https:\/\/wp.unil.ch\/svsn\/files\/2019\/06\/1805_De\u0301partArchives-7-199x300.jpg\" alt=\"\" width=\"146\" height=\"220\" srcset=\"https:\/\/wp.unil.ch\/svsn\/files\/2019\/06\/1805_De\u0301partArchives-7-199x300.jpg 199w, https:\/\/wp.unil.ch\/svsn\/files\/2019\/06\/1805_De\u0301partArchives-7-768x1159.jpg 768w, https:\/\/wp.unil.ch\/svsn\/files\/2019\/06\/1805_De\u0301partArchives-7-678x1024.jpg 678w, https:\/\/wp.unil.ch\/svsn\/files\/2019\/06\/1805_De\u0301partArchives-7.jpg 795w\" sizes=\"auto, (max-width: 146px) 100vw, 146px\" \/><\/a>Entre de bonnes mains !<\/strong><\/h3>\n<p>En 200 ans d\u2019existence, la SVSN a accumul\u00e9 un patrimoine documentaire de r\u00e9f\u00e9rence sur les personnalit\u00e9s, la sociabilit\u00e9 et les activit\u00e9s scientifiques dans le canton de Vaud et sur le plan international. Il t\u00e9moigne de l\u2019originalit\u00e9 et de la vari\u00e9t\u00e9 des r\u00e9flexions dont plusieurs sont d\u2019actualit\u00e9 comme le climat, l\u2019\u00e9volution des esp\u00e8ces et des glaciers.<\/p>\n<p>D\u00e9sireuse d&rsquo;assurer la conservation de ses archives et de les rendre accessible au plus grand nombre, <a href=\"https:\/\/wp.unil.ch\/svsn\/files\/2019\/06\/Convention_signee_donation_archives.pdf\" target=\"_blank\" rel=\"noopener noreferrer\">la SVSN a c\u00e9d\u00e9 celles-ci aux Archives cantonales vaudoises<\/a> le 6 juin 2019.<\/p>\n<p>&nbsp;<\/p>\n<h3><strong>Inventaire des archives de la SVSN<\/strong><\/h3>\n<p>Au sein de ces archives se cache une multitude de documents, parmi lesquels des bulletins, m\u00e9moires, rapports et essais manuscrits, mais \u00e9galement des objets telles des peintures ou gravures permettant de visualiser quelques illustres scientifiques vaudois. La collection contient \u00e9galement des pi\u00e8ces remarquables, \u00e0 l&rsquo;instar d&rsquo;instruments de mesure d&rsquo;\u00e9poque ou encore du testament de Gabriel de Rumine.<\/p>\n<p>Gr\u00e2ce \u00e0 un travail cons\u00e9quent d&rsquo;inventaire, la liste compl\u00e8te des pi\u00e8ces archiv\u00e9es est maintenant dress\u00e9e&#8230;et mesur\u00e9e : 23 m\u00e8tres lin\u00e9aires soigneusement conserv\u00e9s par les archives cantonales !<\/p>\n<p>Pour en savoir plus :<\/p>\n<ul>\n<li><a href=\"https:\/\/wp.unil.ch\/svsn\/files\/2019\/06\/Liste_inventaire_archives_SVSN.pdf\" target=\"_blank\" rel=\"noopener noreferrer\"><strong>Inventaire des archives de la SVSN<\/strong><\/a> [PDF, 5 Mo]<\/li>\n<li>Informations compl\u00e9mentaires sur le <a href=\"https:\/\/www.davel.vd.ch\/detail.aspx?ID=1181368\" target=\"_blank\" rel=\"noopener noreferrer\">site des Archives cantonales vaudoises &#8211; Catalogue Davel<\/a><\/li>\n<\/ul>\n<p>&nbsp;<\/p>\n<h3><strong>En images<\/strong><\/h3>\n<p>Sauriez-vous reconna\u00eetre ces quelques objets remarquables ?<\/p>\n<div id='gallery-1' class='gallery galleryid-5348 gallery-columns-3 gallery-size-thumbnail'><figure class='gallery-item'>\n\t\t\t<div class='gallery-icon landscape'>\n\t\t\t\t<img loading=\"lazy\" decoding=\"async\" width=\"150\" height=\"150\" src=\"https:\/\/wp.unil.ch\/svsn\/files\/2019\/06\/1805_D\u00e9partArchives-6-150x150.jpg\" class=\"attachment-thumbnail size-thumbnail\" alt=\"\" srcset=\"https:\/\/wp.unil.ch\/svsn\/files\/2019\/06\/1805_D\u00e9partArchives-6-150x150.jpg 150w, https:\/\/wp.unil.ch\/svsn\/files\/2019\/06\/1805_D\u00e9partArchives-6-230x230.jpg 230w, https:\/\/wp.unil.ch\/svsn\/files\/2019\/06\/1805_D\u00e9partArchives-6-365x365.jpg 365w\" sizes=\"auto, (max-width: 150px) 100vw, 150px\" \/>\n\t\t\t<\/div><\/figure><figure class='gallery-item'>\n\t\t\t<div class='gallery-icon portrait'>\n\t\t\t\t<img loading=\"lazy\" decoding=\"async\" width=\"150\" height=\"150\" src=\"https:\/\/wp.unil.ch\/svsn\/files\/2019\/06\/1805_D\u00e9partArchives-5-150x150.jpg\" class=\"attachment-thumbnail size-thumbnail\" alt=\"\" srcset=\"https:\/\/wp.unil.ch\/svsn\/files\/2019\/06\/1805_D\u00e9partArchives-5-150x150.jpg 150w, https:\/\/wp.unil.ch\/svsn\/files\/2019\/06\/1805_D\u00e9partArchives-5-230x230.jpg 230w, https:\/\/wp.unil.ch\/svsn\/files\/2019\/06\/1805_D\u00e9partArchives-5-365x365.jpg 365w\" sizes=\"auto, (max-width: 150px) 100vw, 150px\" \/>\n\t\t\t<\/div><\/figure><figure class='gallery-item'>\n\t\t\t<div class='gallery-icon portrait'>\n\t\t\t\t<img loading=\"lazy\" decoding=\"async\" width=\"150\" height=\"150\" src=\"https:\/\/wp.unil.ch\/svsn\/files\/2019\/06\/1805_D\u00e9partArchives-8-150x150.jpg\" class=\"attachment-thumbnail size-thumbnail\" alt=\"\" srcset=\"https:\/\/wp.unil.ch\/svsn\/files\/2019\/06\/1805_D\u00e9partArchives-8-150x150.jpg 150w, https:\/\/wp.unil.ch\/svsn\/files\/2019\/06\/1805_D\u00e9partArchives-8-230x230.jpg 230w, https:\/\/wp.unil.ch\/svsn\/files\/2019\/06\/1805_D\u00e9partArchives-8-365x365.jpg 365w\" sizes=\"auto, (max-width: 150px) 100vw, 150px\" \/>\n\t\t\t<\/div><\/figure><figure class='gallery-item'>\n\t\t\t<div class='gallery-icon portrait'>\n\t\t\t\t<img loading=\"lazy\" decoding=\"async\" width=\"150\" height=\"150\" src=\"https:\/\/wp.unil.ch\/svsn\/files\/2019\/06\/1805_D\u00e9partArchives-14-150x150.jpg\" class=\"attachment-thumbnail size-thumbnail\" alt=\"\" srcset=\"https:\/\/wp.unil.ch\/svsn\/files\/2019\/06\/1805_D\u00e9partArchives-14-150x150.jpg 150w, https:\/\/wp.unil.ch\/svsn\/files\/2019\/06\/1805_D\u00e9partArchives-14-230x230.jpg 230w, https:\/\/wp.unil.ch\/svsn\/files\/2019\/06\/1805_D\u00e9partArchives-14-365x365.jpg 365w\" sizes=\"auto, (max-width: 150px) 100vw, 150px\" \/>\n\t\t\t<\/div><\/figure><figure class='gallery-item'>\n\t\t\t<div class='gallery-icon landscape'>\n\t\t\t\t<img loading=\"lazy\" decoding=\"async\" width=\"150\" height=\"150\" src=\"https:\/\/wp.unil.ch\/svsn\/files\/2019\/06\/1805_D\u00e9partArchives-13-150x150.jpg\" class=\"attachment-thumbnail size-thumbnail\" alt=\"\" srcset=\"https:\/\/wp.unil.ch\/svsn\/files\/2019\/06\/1805_D\u00e9partArchives-13-150x150.jpg 150w, https:\/\/wp.unil.ch\/svsn\/files\/2019\/06\/1805_D\u00e9partArchives-13-230x230.jpg 230w, https:\/\/wp.unil.ch\/svsn\/files\/2019\/06\/1805_D\u00e9partArchives-13-365x365.jpg 365w\" sizes=\"auto, (max-width: 150px) 100vw, 150px\" \/>\n\t\t\t<\/div><\/figure><figure class='gallery-item'>\n\t\t\t<div class='gallery-icon landscape'>\n\t\t\t\t<img loading=\"lazy\" decoding=\"async\" width=\"150\" height=\"150\" src=\"https:\/\/wp.unil.ch\/svsn\/files\/2019\/06\/1805_D\u00e9partArchives-11-150x150.jpg\" class=\"attachment-thumbnail size-thumbnail\" alt=\"\" srcset=\"https:\/\/wp.unil.ch\/svsn\/files\/2019\/06\/1805_D\u00e9partArchives-11-150x150.jpg 150w, https:\/\/wp.unil.ch\/svsn\/files\/2019\/06\/1805_D\u00e9partArchives-11-230x230.jpg 230w, https:\/\/wp.unil.ch\/svsn\/files\/2019\/06\/1805_D\u00e9partArchives-11-365x365.jpg 365w\" sizes=\"auto, (max-width: 150px) 100vw, 150px\" \/>\n\t\t\t<\/div><\/figure><figure class='gallery-item'>\n\t\t\t<div class='gallery-icon landscape'>\n\t\t\t\t<img loading=\"lazy\" decoding=\"async\" width=\"150\" height=\"150\" src=\"https:\/\/wp.unil.ch\/svsn\/files\/2019\/06\/1805_D\u00e9partArchives-2-150x150.jpg\" class=\"attachment-thumbnail size-thumbnail\" alt=\"\" srcset=\"https:\/\/wp.unil.ch\/svsn\/files\/2019\/06\/1805_D\u00e9partArchives-2-150x150.jpg 150w, https:\/\/wp.unil.ch\/svsn\/files\/2019\/06\/1805_D\u00e9partArchives-2-230x230.jpg 230w, https:\/\/wp.unil.ch\/svsn\/files\/2019\/06\/1805_D\u00e9partArchives-2-365x365.jpg 365w\" sizes=\"auto, (max-width: 150px) 100vw, 150px\" \/>\n\t\t\t<\/div><\/figure><figure class='gallery-item'>\n\t\t\t<div class='gallery-icon landscape'>\n\t\t\t\t<img loading=\"lazy\" decoding=\"async\" width=\"150\" height=\"150\" src=\"https:\/\/wp.unil.ch\/svsn\/files\/2019\/06\/1805_D\u00e9partArchives-3-150x150.jpg\" class=\"attachment-thumbnail size-thumbnail\" alt=\"\" srcset=\"https:\/\/wp.unil.ch\/svsn\/files\/2019\/06\/1805_D\u00e9partArchives-3-150x150.jpg 150w, https:\/\/wp.unil.ch\/svsn\/files\/2019\/06\/1805_D\u00e9partArchives-3-230x230.jpg 230w, https:\/\/wp.unil.ch\/svsn\/files\/2019\/06\/1805_D\u00e9partArchives-3-365x365.jpg 365w\" sizes=\"auto, (max-width: 150px) 100vw, 150px\" \/>\n\t\t\t<\/div><\/figure><figure class='gallery-item'>\n\t\t\t<div class='gallery-icon portrait'>\n\t\t\t\t<img loading=\"lazy\" decoding=\"async\" width=\"150\" height=\"150\" src=\"https:\/\/wp.unil.ch\/svsn\/files\/2019\/06\/1805_D\u00e9partArchives-19-150x150.jpg\" class=\"attachment-thumbnail size-thumbnail\" alt=\"\" srcset=\"https:\/\/wp.unil.ch\/svsn\/files\/2019\/06\/1805_D\u00e9partArchives-19-150x150.jpg 150w, https:\/\/wp.unil.ch\/svsn\/files\/2019\/06\/1805_D\u00e9partArchives-19-230x230.jpg 230w, https:\/\/wp.unil.ch\/svsn\/files\/2019\/06\/1805_D\u00e9partArchives-19-365x365.jpg 365w\" sizes=\"auto, (max-width: 150px) 100vw, 150px\" \/>\n\t\t\t<\/div><\/figure>\n\t\t<\/div>\n\n<p>Les archives quittent le Palais de Rumine pour rejoindre les Archives cantonales vaudoises :<\/p>\n<div id='gallery-2' class='gallery galleryid-5348 gallery-columns-3 gallery-size-thumbnail'><figure class='gallery-item'>\n\t\t\t<div class='gallery-icon portrait'>\n\t\t\t\t<img loading=\"lazy\" decoding=\"async\" width=\"150\" height=\"150\" src=\"https:\/\/wp.unil.ch\/svsn\/files\/2019\/06\/1805_D\u00e9partArchives-1-150x150.jpg\" class=\"attachment-thumbnail size-thumbnail\" alt=\"\" srcset=\"https:\/\/wp.unil.ch\/svsn\/files\/2019\/06\/1805_D\u00e9partArchives-1-150x150.jpg 150w, https:\/\/wp.unil.ch\/svsn\/files\/2019\/06\/1805_D\u00e9partArchives-1-230x230.jpg 230w, https:\/\/wp.unil.ch\/svsn\/files\/2019\/06\/1805_D\u00e9partArchives-1-365x365.jpg 365w\" sizes=\"auto, (max-width: 150px) 100vw, 150px\" \/>\n\t\t\t<\/div><\/figure><figure class='gallery-item'>\n\t\t\t<div class='gallery-icon landscape'>\n\t\t\t\t<img loading=\"lazy\" decoding=\"async\" width=\"150\" height=\"150\" src=\"https:\/\/wp.unil.ch\/svsn\/files\/2019\/06\/1805_D\u00e9partArchives-16-150x150.jpg\" class=\"attachment-thumbnail size-thumbnail\" alt=\"\" srcset=\"https:\/\/wp.unil.ch\/svsn\/files\/2019\/06\/1805_D\u00e9partArchives-16-150x150.jpg 150w, https:\/\/wp.unil.ch\/svsn\/files\/2019\/06\/1805_D\u00e9partArchives-16-230x230.jpg 230w, https:\/\/wp.unil.ch\/svsn\/files\/2019\/06\/1805_D\u00e9partArchives-16-365x365.jpg 365w\" sizes=\"auto, (max-width: 150px) 100vw, 150px\" \/>\n\t\t\t<\/div><\/figure><figure class='gallery-item'>\n\t\t\t<div class='gallery-icon landscape'>\n\t\t\t\t<img loading=\"lazy\" decoding=\"async\" width=\"150\" height=\"150\" src=\"https:\/\/wp.unil.ch\/svsn\/files\/2019\/06\/20180525_092429-150x150.jpg\" class=\"attachment-thumbnail size-thumbnail\" alt=\"\" srcset=\"https:\/\/wp.unil.ch\/svsn\/files\/2019\/06\/20180525_092429-150x150.jpg 150w, https:\/\/wp.unil.ch\/svsn\/files\/2019\/06\/20180525_092429-230x230.jpg 230w, https:\/\/wp.unil.ch\/svsn\/files\/2019\/06\/20180525_092429-365x365.jpg 365w\" sizes=\"auto, (max-width: 150px) 100vw, 150px\" \/>\n\t\t\t<\/div><\/figure><figure class='gallery-item'>\n\t\t\t<div class='gallery-icon landscape'>\n\t\t\t\t<img loading=\"lazy\" decoding=\"async\" width=\"150\" height=\"150\" src=\"https:\/\/wp.unil.ch\/svsn\/files\/2019\/06\/1805_D\u00e9partArchives-10-150x150.jpg\" class=\"attachment-thumbnail size-thumbnail\" alt=\"\" srcset=\"https:\/\/wp.unil.ch\/svsn\/files\/2019\/06\/1805_D\u00e9partArchives-10-150x150.jpg 150w, https:\/\/wp.unil.ch\/svsn\/files\/2019\/06\/1805_D\u00e9partArchives-10-230x230.jpg 230w, https:\/\/wp.unil.ch\/svsn\/files\/2019\/06\/1805_D\u00e9partArchives-10-365x365.jpg 365w\" sizes=\"auto, (max-width: 150px) 100vw, 150px\" \/>\n\t\t\t<\/div><\/figure><figure class='gallery-item'>\n\t\t\t<div class='gallery-icon portrait'>\n\t\t\t\t<img loading=\"lazy\" decoding=\"async\" width=\"150\" height=\"150\" src=\"https:\/\/wp.unil.ch\/svsn\/files\/2019\/06\/20180726_113735-150x150.jpg\" class=\"attachment-thumbnail size-thumbnail\" alt=\"\" srcset=\"https:\/\/wp.unil.ch\/svsn\/files\/2019\/06\/20180726_113735-150x150.jpg 150w, https:\/\/wp.unil.ch\/svsn\/files\/2019\/06\/20180726_113735-230x230.jpg 230w, https:\/\/wp.unil.ch\/svsn\/files\/2019\/06\/20180726_113735-365x365.jpg 365w\" sizes=\"auto, (max-width: 150px) 100vw, 150px\" \/>\n\t\t\t<\/div><\/figure><figure class='gallery-item'>\n\t\t\t<div class='gallery-icon landscape'>\n\t\t\t\t<img loading=\"lazy\" decoding=\"async\" width=\"150\" height=\"150\" src=\"https:\/\/wp.unil.ch\/svsn\/files\/2019\/06\/CH-ACV__PP-1100_02-150x150.jpg\" class=\"attachment-thumbnail size-thumbnail\" alt=\"\" srcset=\"https:\/\/wp.unil.ch\/svsn\/files\/2019\/06\/CH-ACV__PP-1100_02-150x150.jpg 150w, https:\/\/wp.unil.ch\/svsn\/files\/2019\/06\/CH-ACV__PP-1100_02-230x230.jpg 230w, https:\/\/wp.unil.ch\/svsn\/files\/2019\/06\/CH-ACV__PP-1100_02-365x365.jpg 365w\" sizes=\"auto, (max-width: 150px) 100vw, 150px\" \/>\n\t\t\t<\/div><\/figure>\n\t\t<\/div>\n\n","protected":false},"excerpt":{"rendered":"<p>Entre de bonnes mains ! En 200 ans d\u2019existence, la SVSN a accumul\u00e9 un patrimoine documentaire de r\u00e9f\u00e9rence sur les personnalit\u00e9s, la sociabilit\u00e9 et les activit\u00e9s scientifiques dans le canton de Vaud et sur le plan international. Il t\u00e9moigne de<\/p>\n","protected":false},"author":1002538,"featured_media":0,"parent":4108,"menu_order":0,"comment_status":"closed","ping_status":"closed","template":"","meta":{"_seopress_robots_primary_cat":"","_seopress_titles_title":"","_seopress_titles_desc":"","_seopress_robots_index":"","footnotes":""},"class_list":["post-5348","page","type-page","status-publish"],"_links":{"self":[{"href":"https:\/\/wp.unil.ch\/svsn\/wp-json\/wp\/v2\/pages\/5348","targetHints":{"allow":["GET"]}}],"collection":[{"href":"https:\/\/wp.unil.ch\/svsn\/wp-json\/wp\/v2\/pages"}],"about":[{"href":"https:\/\/wp.unil.ch\/svsn\/wp-json\/wp\/v2\/types\/page"}],"author":[{"embeddable":true,"href":"https:\/\/wp.unil.ch\/svsn\/wp-json\/wp\/v2\/users\/1002538"}],"replies":[{"embeddable":true,"href":"https:\/\/wp.unil.ch\/svsn\/wp-json\/wp\/v2\/comments?post=5348"}],"version-history":[{"count":0,"href":"https:\/\/wp.unil.ch\/svsn\/wp-json\/wp\/v2\/pages\/5348\/revisions"}],"up":[{"embeddable":true,"href":"https:\/\/wp.unil.ch\/svsn\/wp-json\/wp\/v2\/pages\/4108"}],"wp:attachment":[{"href":"https:\/\/wp.unil.ch\/svsn\/wp-json\/wp\/v2\/media?parent=5348"}],"curies":[{"name":"wp","href":"https:\/\/api.w.org\/{rel}","templated":true}]}}