{"id":4907,"date":"2019-04-03T18:19:49","date_gmt":"2019-04-03T16:19:49","guid":{"rendered":"http:\/\/wp.unil.ch\/svsn\/?page_id=4907"},"modified":"2026-02-19T11:41:25","modified_gmt":"2026-02-19T10:41:25","slug":"revuepresse","status":"publish","type":"page","link":"https:\/\/wp.unil.ch\/svsn\/a-propos\/revuepresse\/","title":{"rendered":"Revue de presse"},"content":{"rendered":"<ul>\n<li>Prix SVSN 2025<strong><br \/>\n<\/strong>25 juin 2025_<strong><a href=\"https:\/\/www.rts.ch\/emissions\/cqfd\/\">CQFD_On en parle _ Youssef Palma<\/a><br \/>\n<\/strong>Prix SVSN 2024<br \/>\n25 avril 2024_<strong><a href=\"https:\/\/www.rts.ch\/audio-podcast\/2024\/audio\/la-svsn-ou-comment-encourager-les-jeunes-a-faire-de-la-science-28481886.html\">CQFD_On en parle_RTS<\/a><br \/>\n<a href=\"https:\/\/www.lfm.ch\/mobile\/mobile.php?id=351386\">Speed dating<\/a><br \/>\n<\/strong>16 mai 2022 _LFM Lausanne-FM<strong><br \/>\n<a href=\"https:\/\/wp.unil.ch\/svsn\/files\/2021\/12\/21_Bloc-erratique2_article-Avivo.pdf\">Blocs erratiques<\/a><\/strong><br \/>\nd\u00e9cembre 2021 &#8211; Janvier 2022 &#8211; AVIVO<br \/>\n<a href=\"https:\/\/wp.unil.ch\/svsn\/files\/2021\/12\/21_Bloc-erratiquelignerolle_Avivo_oct-nov.pdf\"><strong>Les blocs erratiques de Lignerolle <\/strong><\/a><br \/>\noctobre &#8211; novembre 2021 &#8211; AVIVO<\/li>\n<li><strong><a href=\"https:\/\/wp.unil.ch\/svsn\/files\/2021\/12\/rencontre-BG-leuthold.pdf\">La g\u00e9opo\u00e9sie, une cl\u00e9 pour d\u00e9couvrir la Terre et partager son savoir<\/a><\/strong><br \/>\n26 octobre 2020 &#8211; Terre et nature<\/li>\n<li><a href=\"https:\/\/wp.unil.ch\/svsn\/files\/2019\/10\/20191010_La-R\u00e9gion-Nord-vaudois_Lignerolle.jpg\"><strong>\u00ab\u00a0Un vestige des Alpes sur nos montagnes\u00a0\u00bb<\/strong><\/a><br \/>\n10 octobre 2019 &#8211; La R\u00e9gion, journal du Nord vaudois<\/li>\n<li><a href=\"https:\/\/wp.unil.ch\/svsn\/files\/2020\/02\/VSonnay-in-24heures_REGION_2019-08-26.pdf\"><strong>\u00ab\u00a0Le biologiste de terrain pr\u00f4ne la nature militante\u00a0\u00bb<\/strong><\/a><br \/>\nLe 26 ao\u00fbt 2019 &#8211; 24 Heures<\/li>\n<li><a href=\"https:\/\/wp.unil.ch\/svsn\/files\/2019\/06\/06.06.2019_24Heures_Archives.pdf\"><strong>\u00ab\u00a0La Soci\u00e9t\u00e9 vaudoise des sciences naturelles partage tout son savoir\u00a0\u00bb<\/strong><\/a><br \/>\nLe 6 juin 2019 &#8211; 24 Heures<\/li>\n<li><strong><a href=\"https:\/\/wp.unil.ch\/svsn\/files\/2019\/06\/Communiqu\u00e9-presse-Etat-Vaud-c\u00e9r\u00e9monie-donation-archives-SVSN-ACV.pdf\">\u00ab\u00a0C\u00e9r\u00e9monie de donation des archives de la Soci\u00e9t\u00e9 vaudoise des sciences naturelles aux Archives cantonales vaudoises\u00a0\u00bb<\/a><\/strong><br \/>\nLe 29 mai 2019 &#8211; Communiqu\u00e9 de presse de l&rsquo;Etat de Vaud<\/li>\n<li><strong>Blocs erratiques de Bex<br \/>\n<\/strong>Le 24 avril 2019 sur Radio Chablais &#8211; \u00c9mission Le Club <strong><br \/>\n<\/strong><audio class=\"wp-audio-shortcode\" id=\"audio-4907-1\" preload=\"none\" style=\"width: 100%;\" controls=\"controls\"><source type=\"audio\/mpeg\" src=\"https:\/\/wp.unil.ch\/svsn\/files\/2019\/06\/clubsoir_3_23042019.mp3?_=1\" \/><a href=\"https:\/\/wp.unil.ch\/svsn\/files\/2019\/06\/clubsoir_3_23042019.mp3\">https:\/\/wp.unil.ch\/svsn\/files\/2019\/06\/clubsoir_3_23042019.mp3<\/a><\/audio><\/li>\n<li><strong>La SVSN f\u00eate ses 200 ans<br \/>\n<\/strong>Le 2 avril 2019 sur la RTS &#8211; \u00c9mission CQFD<br \/>\n<audio class=\"wp-audio-shortcode\" id=\"audio-4907-2\" preload=\"none\" style=\"width: 100%;\" controls=\"controls\"><source type=\"audio\/mpeg\" src=\"https:\/\/wp.unil.ch\/svsn\/files\/2019\/04\/cqfd_20190402_standard_zoom-sur-les-societes-de-sciences-nature_f849d795-a894-416b-b642-41587ebcc7bf-128k.mp3?_=2\" \/><a href=\"https:\/\/wp.unil.ch\/svsn\/files\/2019\/04\/cqfd_20190402_standard_zoom-sur-les-societes-de-sciences-nature_f849d795-a894-416b-b642-41587ebcc7bf-128k.mp3\">https:\/\/wp.unil.ch\/svsn\/files\/2019\/04\/cqfd_20190402_standard_zoom-sur-les-societes-de-sciences-nature_f849d795-a894-416b-b642-41587ebcc7bf-128k.mp3<\/a><\/audio><\/li>\n<li><strong>La SVSN f\u00eate ses 200 ans<br \/>\n<\/strong>Le 20 mars 2019 sur Radio Chablais &#8211; Aux informations<br \/>\n<audio class=\"wp-audio-shortcode\" id=\"audio-4907-3\" preload=\"none\" style=\"width: 100%;\" controls=\"controls\"><source type=\"audio\/mpeg\" src=\"https:\/\/wp.unil.ch\/svsn\/files\/2019\/04\/SVSN-info_12h_20-mars-2019.mp3?_=3\" \/><a href=\"https:\/\/wp.unil.ch\/svsn\/files\/2019\/04\/SVSN-info_12h_20-mars-2019.mp3\">https:\/\/wp.unil.ch\/svsn\/files\/2019\/04\/SVSN-info_12h_20-mars-2019.mp3<\/a><\/audio><\/li>\n<li><a href=\"https:\/\/wp.unil.ch\/svsn\/files\/2017\/08\/Coop_Magazine_14aout2017_Guide_papillons_jour.pdf\" target=\"_blank\" rel=\"noopener\"><strong>\u00ab\u00a0Sherlock des papillons\u00a0\u00bb <\/strong><\/a><br \/>\nLe 14 ao\u00fbt 2017 &#8211; Coop\u00e9ration<\/li>\n<\/ul>\n<p>La revue de presse li\u00e9e \u00e0 Op\u00e9ration Fourmis se trouve <strong><a href=\"https:\/\/wp.unil.ch\/fourmisvaud\/revuepresse\/\">ici<\/a><\/strong>.<\/p>\n","protected":false},"excerpt":{"rendered":"<p>Prix SVSN 2025 25 juin 2025_CQFD_On en parle _ Youssef Palma Prix SVSN 2024 25 avril 2024_CQFD_On en parle_RTS Speed dating 16 mai 2022 _LFM Lausanne-FM Blocs erratiques d\u00e9cembre 2021 &#8211; Janvier 2022 &#8211; AVIVO Les blocs erratiques de Lignerolle<\/p>\n","protected":false},"author":1001879,"featured_media":0,"parent":2,"menu_order":0,"comment_status":"closed","ping_status":"closed","template":"","meta":{"_seopress_robots_primary_cat":"","_seopress_titles_title":"","_seopress_titles_desc":"","_seopress_robots_index":"","footnotes":""},"class_list":["post-4907","page","type-page","status-publish"],"_links":{"self":[{"href":"https:\/\/wp.unil.ch\/svsn\/wp-json\/wp\/v2\/pages\/4907","targetHints":{"allow":["GET"]}}],"collection":[{"href":"https:\/\/wp.unil.ch\/svsn\/wp-json\/wp\/v2\/pages"}],"about":[{"href":"https:\/\/wp.unil.ch\/svsn\/wp-json\/wp\/v2\/types\/page"}],"author":[{"embeddable":true,"href":"https:\/\/wp.unil.ch\/svsn\/wp-json\/wp\/v2\/users\/1001879"}],"replies":[{"embeddable":true,"href":"https:\/\/wp.unil.ch\/svsn\/wp-json\/wp\/v2\/comments?post=4907"}],"version-history":[{"count":5,"href":"https:\/\/wp.unil.ch\/svsn\/wp-json\/wp\/v2\/pages\/4907\/revisions"}],"predecessor-version":[{"id":11401,"href":"https:\/\/wp.unil.ch\/svsn\/wp-json\/wp\/v2\/pages\/4907\/revisions\/11401"}],"up":[{"embeddable":true,"href":"https:\/\/wp.unil.ch\/svsn\/wp-json\/wp\/v2\/pages\/2"}],"wp:attachment":[{"href":"https:\/\/wp.unil.ch\/svsn\/wp-json\/wp\/v2\/media?parent=4907"}],"curies":[{"name":"wp","href":"https:\/\/api.w.org\/{rel}","templated":true}]}}