{"id":4548,"date":"2019-02-01T11:00:56","date_gmt":"2019-02-01T10:00:56","guid":{"rendered":"http:\/\/wp.unil.ch\/svsn\/?page_id=4548"},"modified":"2021-01-21T13:46:27","modified_gmt":"2021-01-21T12:46:27","slug":"bourse200","status":"publish","type":"page","link":"https:\/\/wp.unil.ch\/svsn\/releve\/bourse200\/","title":{"rendered":"Bourse du 200e"},"content":{"rendered":"<p>La SVSN et la <a href=\"https:\/\/s-a-v.org\/\">Soci\u00e9t\u00e9 Acad\u00e9mique Vaudoise<\/a> (SAV) ont \u00e0 c\u0153ur de soutenir la rel\u00e8ve. \u00c0 l&rsquo;occasion du bicentenaire de la SVSN, une bourse s&rsquo;\u00e9levant \u00e0 <strong>30&rsquo;000 CHF <\/strong>a \u00e9t\u00e9 offerte pour soutenir le projet scientifique d\u2019un jeune chercheur dans le domaine des sciences naturelles.<\/p>\n<h4>Laur\u00e9at de la bourse du bicentenaire de la SVSN<\/h4>\n<div class=\"page\" title=\"Page 1\">\n<div class=\"layoutArea\">\n<div title=\"Page 2\">\n<div>\n<div>\n<figure style=\"width: 200px\" class=\"wp-caption alignright\"><img loading=\"lazy\" decoding=\"async\" id=\"ContentPlaceHolder1_ImageMain\" class=\"MainPic\" src=\"https:\/\/images.nature-guide.info\/records\/large\/0fd9aa56-dfc9-4bfe-81f9-61fd268f7ba4.jpg\" alt=\"Lampyris noctiluca\" width=\"200\" height=\"200\" \/><figcaption class=\"wp-caption-text\">\u00a9 Copyright : John Tyler<\/figcaption><\/figure>\n<p><strong>Projet<\/strong><\/p>\n<p>Adaptation locale des populations naturelles et leur r\u00e9ponse au changement climatique : Le cas de la luciole Lampyris noctiluca dans le canton de Vaud.<\/p>\n<p><strong>Porteur du projet<\/strong><\/p>\n<ul>\n<li>Pablo Duch\u00e9n. Universit\u00e9 de Lausanne, D\u00e9partement de biologie computationnelle (DBC).<\/li>\n<\/ul>\n<p><strong>Collaborateurs<\/strong><\/p>\n<ul>\n<li>Ana Catal\u00e1n. Universit\u00e9 de Munich (LMU). D\u00e9partement de biologie II, Allemagne.<\/li>\n<li>Anne Freitag. Mus\u00e9e de zoologie, Lausanne, Suisse.<\/li>\n<li>Sarah Lower. Universit\u00e9 Bucknell, \u00c9tats-Unis.<\/li>\n<\/ul>\n<p><strong>Pr\u00e9sentation du projet<\/strong><\/p>\n<p>Le changement climatique affecte la biodiversit\u00e9 mondiale \u00e0 une vitesse sans pr\u00e9c\u00e9dent. Par cons\u00e9quent, un objectif essentiel de la g\u00e9n\u00e9tique de la conservation est de comprendre comment les organismes s\u2019adaptent \u00e0 ces changements et de trouver les g\u00e8nes impliqu\u00e9s. Pour atteindre cet objectif, disposer des ressources g\u00e9nomiques est indispensable. En Europe, nous supposons que cette adaptation s\u2019est produite diff\u00e9remment selon les diff\u00e9rents climats, du nord (temp\u00e9r\u00e9 froid) au sud (m\u00e9diterran\u00e9en \u00e0 subtropical). La luciole europ\u00e9enne Lampyris noctiluca constitue un organisme id\u00e9al pour \u00e9tudier l\u2019adaptation le long d\u2019un gradient nord-sud, car elle est distribu\u00e9e dans toute l\u2019Europe, son \u00e9cologie est tr\u00e8s bien d\u00e9crite, et sa collecte est facile.<\/p>\n<p>Malheureusement, des ressources g\u00e9nomiques n\u2019existent pas pour L. noctiluca. Nous proposons ici de g\u00e9n\u00e9rer les premi\u00e8res ressources g\u00e9nomiques pour la luciole europ\u00e9enne, \u00e0 partir de plusieurs sites dans le canton de Vaud, o\u00f9 l\u2019esp\u00e8ce est tr\u00e8s pr\u00e9sente. Gr\u00e2ce \u00e0 la situation g\u00e9ographique du canton de Vaud ces populations constitueront un \u00e9chantillon id\u00e9al le long d\u2019un gradient europ\u00e9en nord-sud (nous disposons d\u00e9j\u00e0 d\u2019\u00e9chantillons de Gr\u00e8ce et un \u00e9chantillonnage est pr\u00e9vu en Allemagne).<\/p>\n<p>Avec cette bourse, nous allons g\u00e9n\u00e9rer le premier g\u00e9nome de r\u00e9f\u00e9rence pour la luciole europ\u00e9enne, ainsi que des g\u00e9nomes suppl\u00e9mentaires suisses et europ\u00e9ens. Nous utiliserons ensuite ces ressources g\u00e9nomiques pour trouver les g\u00e8nes associ\u00e9s \u00e0 l\u2019adaptation aux conditions climatiques froides et chaudes en utilisant des m\u00e9thodes g\u00e9nomiques de pointe, qui font parties de notre expertise. De plus, nous comparerons nos r\u00e9sultats \u00e0 des analyses similaires effectu\u00e9es sur la luciole am\u00e9ricaine Photinus pyralis (pour laquelle des ressources g\u00e9nomiques sont d\u00e9j\u00e0 disponibles) afin de \u00e9tablir si leur adaptation s\u2019est produite de la m\u00eame fa\u00e7on sur le plan g\u00e9n\u00e9tique (\u00e9volution parall\u00e8le). En identifiant les r\u00e9gions g\u00e9nomiques soumis \u00e0 cette adaptation, nous comptons principalement identifier le type de pression s\u00e9lective entra\u00een\u00e9e par le changement climatique, mais \u00e9galement par d\u2019autres facteurs naturels (comme la charge parasitaire ou la pr\u00e9dation) ou des facteurs li\u00e9es \u00e0 l\u2019homme (insecticides ou perte d\u2019habitat). Finalement, nous appr\u00e9cions l\u2019importance des collections scientifiques dans la surveillance de la biodiversit\u00e9 et de la perte d\u2019habitat, entre autres. Pour cette raison, toutes nos collections seront donn\u00e9es au Mus\u00e9e de zoologie de Lausanne.<\/p>\n<p><strong>En r\u00e9sum\u00e9, avec le soutien de la SVSN et de la SAV :<\/strong><\/p>\n<ol>\n<li><strong>la luciole europ\u00e9enne aura comme g\u00e9nome de r\u00e9f\u00e9rence un sp\u00e9cimen vaudois,<\/strong><\/li>\n<li><strong>nous disposerons de ressources g\u00e9nomiques pour identifier les g\u00e8nes impliqu\u00e9s dans l\u2019adaptation aux changements climatiques, <\/strong><\/li>\n<li><strong>ces ressources et collections \u00e9tabliront le point de d\u00e9part des programmes de conservation dans le canton de Vaud.<\/strong><\/li>\n<\/ol>\n<p><a href=\"https:\/\/wp.unil.ch\/svsn\/files\/2021\/01\/Bourse200_Presentation_lucioles_Duchen.pdf\" target=\"_blank\" rel=\"noopener\">Pr\u00e9sentation du projet \u00e0 son commencement (PDF)<\/a><\/p>\n<p>&nbsp;<\/p>\n<\/div>\n<\/div>\n<\/div>\n<\/div>\n<\/div>\n","protected":false},"excerpt":{"rendered":"<p>La SVSN et la Soci\u00e9t\u00e9 Acad\u00e9mique Vaudoise (SAV) ont \u00e0 c\u0153ur de soutenir la rel\u00e8ve. \u00c0 l&rsquo;occasion du bicentenaire de la SVSN, une bourse s&rsquo;\u00e9levant \u00e0 30&rsquo;000 CHF a \u00e9t\u00e9 offerte pour soutenir le projet scientifique d\u2019un jeune chercheur dans<\/p>\n","protected":false},"author":1002538,"featured_media":4895,"parent":14,"menu_order":0,"comment_status":"closed","ping_status":"closed","template":"","meta":{"_seopress_robots_primary_cat":"","_seopress_titles_title":"","_seopress_titles_desc":"","_seopress_robots_index":"","footnotes":""},"class_list":["post-4548","page","type-page","status-publish","has-post-thumbnail"],"_links":{"self":[{"href":"https:\/\/wp.unil.ch\/svsn\/wp-json\/wp\/v2\/pages\/4548","targetHints":{"allow":["GET"]}}],"collection":[{"href":"https:\/\/wp.unil.ch\/svsn\/wp-json\/wp\/v2\/pages"}],"about":[{"href":"https:\/\/wp.unil.ch\/svsn\/wp-json\/wp\/v2\/types\/page"}],"author":[{"embeddable":true,"href":"https:\/\/wp.unil.ch\/svsn\/wp-json\/wp\/v2\/users\/1002538"}],"replies":[{"embeddable":true,"href":"https:\/\/wp.unil.ch\/svsn\/wp-json\/wp\/v2\/comments?post=4548"}],"version-history":[{"count":0,"href":"https:\/\/wp.unil.ch\/svsn\/wp-json\/wp\/v2\/pages\/4548\/revisions"}],"up":[{"embeddable":true,"href":"https:\/\/wp.unil.ch\/svsn\/wp-json\/wp\/v2\/pages\/14"}],"wp:featuredmedia":[{"embeddable":true,"href":"https:\/\/wp.unil.ch\/svsn\/wp-json\/wp\/v2\/media\/4895"}],"wp:attachment":[{"href":"https:\/\/wp.unil.ch\/svsn\/wp-json\/wp\/v2\/media?parent=4548"}],"curies":[{"name":"wp","href":"https:\/\/api.w.org\/{rel}","templated":true}]}}