{"id":4181,"date":"2018-11-01T23:58:53","date_gmt":"2018-11-01T22:58:53","guid":{"rendered":"http:\/\/wp.unil.ch\/svsn\/?page_id=4181"},"modified":"2021-05-08T00:07:40","modified_gmt":"2021-05-07T22:07:40","slug":"200ans","status":"publish","type":"page","link":"https:\/\/wp.unil.ch\/svsn\/200ans\/","title":{"rendered":"Bicentenaire de la SVSN"},"content":{"rendered":"<figure id=\"attachment_4658\" aria-describedby=\"caption-attachment-4658\" style=\"width: 160px\" class=\"wp-caption alignright\"><a href=\"https:\/\/wp.unil.ch\/svsn\/files\/2019\/02\/SVSN_200_ans_Programme.pdf\"><img alt=\"\" loading=\"lazy\" decoding=\"async\" class=\"wp-image-4658\" src=\"https:\/\/wp.unil.ch\/svsn\/files\/2019\/01\/Image_SVSN_Programme_200_ans-150x150.jpg\" alt=\"\" width=\"160\" height=\"160\" srcset=\"https:\/\/wp.unil.ch\/svsn\/files\/2019\/01\/Image_SVSN_Programme_200_ans-150x150.jpg 150w, https:\/\/wp.unil.ch\/svsn\/files\/2019\/01\/Image_SVSN_Programme_200_ans-300x300.jpg 300w, https:\/\/wp.unil.ch\/svsn\/files\/2019\/01\/Image_SVSN_Programme_200_ans-230x230.jpg 230w, https:\/\/wp.unil.ch\/svsn\/files\/2019\/01\/Image_SVSN_Programme_200_ans-365x365.jpg 365w, https:\/\/wp.unil.ch\/svsn\/files\/2019\/01\/Image_SVSN_Programme_200_ans.jpg 567w\" sizes=\"auto, (max-width: 160px) 100vw, 160px\" \/><\/a><figcaption id=\"caption-attachment-4658\" class=\"wp-caption-text\">Programme &#8211; PDF<\/figcaption><\/figure>\n<h5>200 ans, \u00e7a se f\u00eate !<\/h5>\n<p>En 2019, pour f\u00eater son bicentenaire comme il se doit, la SVSN a propos\u00e9 un programme sp\u00e9cial \u00e0 travers tout le canton:<\/p>\n<ul>\n<li><a href=\"https:\/\/wp.unil.ch\/svsn\/200ans\/symposium\/\" target=\"_blank\" rel=\"noopener noreferrer\"><strong>Symposium d&rsquo;ouverture UVSS<\/strong><\/a><\/li>\n<li><strong><a href=\"https:\/\/wp.unil.ch\/svsn\/200ans\/noble-assemblee\/\" target=\"_blank\" rel=\"noopener noreferrer\">Assembl\u00e9e g\u00e9n\u00e9rale et conf\u00e9rence du Prof. Hon. Jacques Dubochet<\/a><\/strong><\/li>\n<li><a href=\"https:\/\/wp.unil.ch\/svsn\/200ans\/gout-science-rochefort\/\" target=\"_blank\" rel=\"noopener noreferrer\"><strong>Le Go\u00fbt de la Science &#8211; Ch\u00e2teau Rochefort<\/strong><\/a><\/li>\n<li><a href=\"https:\/\/wp.unil.ch\/svsn\/200ans\/gout-science-burignon\/\" target=\"_blank\" rel=\"noopener noreferrer\"><strong>Le Go\u00fbt de la Science &#8211; Domaine du Burignon<\/strong><\/a><\/li>\n<li><strong><a href=\"https:\/\/wp.unil.ch\/svsn\/200ans\/patrimoine-erratique-bex\/\" target=\"_blank\" rel=\"noopener noreferrer\">Patrimoine erratique &#8211; Commune de Bex<\/a><\/strong><\/li>\n<li><strong><a href=\"https:\/\/wp.unil.ch\/svsn\/200ans\/patrimoine-erratique-mies\/\" target=\"_blank\" rel=\"noopener noreferrer\">Patrimoine erratique &#8211; Commune de Mies<\/a><\/strong><\/li>\n<li><strong><a href=\"https:\/\/wp.unil.ch\/svsn\/200ans\/patrimoine-erratique-lignerolle\/\" target=\"_blank\" rel=\"noopener noreferrer\">Patrimoine erratique &#8211; Commune de Lignerolle<\/a><\/strong><\/li>\n<li><a href=\"https:\/\/wp.unil.ch\/svsn\/200ans\/aventures-jurassiennes\/\" target=\"_blank\" rel=\"noopener noreferrer\"><strong>Aventures jurassiennes<\/strong><\/a><\/li>\n<li><a href=\"https:\/\/wp.unil.ch\/svsn\/200ans\/conference-academique\/\"><strong>Conf\u00e9rence acad\u00e9mique du Prof. Laurent Keller<\/strong><\/a><\/li>\n<li><a href=\"https:\/\/wp.unil.ch\/svsn\/releve\/bourse200\/\"><strong>Bourse du 200\u00e8me<\/strong><\/a><\/li>\n<li><a href=\"https:\/\/wp.unil.ch\/svsn\/200ans\/cloture\/\" target=\"_blank\" rel=\"noopener noreferrer\"><strong>Cl\u00f4ture du bicentenaire de la SVSN<\/strong><\/a><\/li>\n<\/ul>\n<p>Et retrouvez le programme en images dans notre <a href=\"https:\/\/wp.unil.ch\/svsn\/galerie2019\/\">galerie 2019<\/a> et la <a href=\"https:\/\/wp.unil.ch\/svsn\/revuepresse2019\/\">revue de presse 2019<\/a>.<\/p>\n","protected":false},"excerpt":{"rendered":"<p>200 ans, \u00e7a se f\u00eate ! En 2019, pour f\u00eater son bicentenaire comme il se doit, la SVSN a propos\u00e9 un programme sp\u00e9cial \u00e0 travers tout le canton: Symposium d&rsquo;ouverture UVSS Assembl\u00e9e g\u00e9n\u00e9rale et conf\u00e9rence du Prof. Hon. Jacques Dubochet<\/p>\n","protected":false},"author":1002538,"featured_media":5721,"parent":0,"menu_order":50,"comment_status":"closed","ping_status":"closed","template":"","meta":{"_seopress_robots_primary_cat":"","_seopress_titles_title":"","_seopress_titles_desc":"","_seopress_robots_index":"","footnotes":""},"class_list":["post-4181","page","type-page","status-publish","has-post-thumbnail"],"_links":{"self":[{"href":"https:\/\/wp.unil.ch\/svsn\/wp-json\/wp\/v2\/pages\/4181","targetHints":{"allow":["GET"]}}],"collection":[{"href":"https:\/\/wp.unil.ch\/svsn\/wp-json\/wp\/v2\/pages"}],"about":[{"href":"https:\/\/wp.unil.ch\/svsn\/wp-json\/wp\/v2\/types\/page"}],"author":[{"embeddable":true,"href":"https:\/\/wp.unil.ch\/svsn\/wp-json\/wp\/v2\/users\/1002538"}],"replies":[{"embeddable":true,"href":"https:\/\/wp.unil.ch\/svsn\/wp-json\/wp\/v2\/comments?post=4181"}],"version-history":[{"count":0,"href":"https:\/\/wp.unil.ch\/svsn\/wp-json\/wp\/v2\/pages\/4181\/revisions"}],"wp:featuredmedia":[{"embeddable":true,"href":"https:\/\/wp.unil.ch\/svsn\/wp-json\/wp\/v2\/media\/5721"}],"wp:attachment":[{"href":"https:\/\/wp.unil.ch\/svsn\/wp-json\/wp\/v2\/media?parent=4181"}],"curies":[{"name":"wp","href":"https:\/\/api.w.org\/{rel}","templated":true}]}}