{"id":36,"date":"2010-07-08T18:06:42","date_gmt":"2010-07-08T16:06:42","guid":{"rendered":"http:\/\/wp.unil.ch\/svsn\/?page_id=36"},"modified":"2025-09-18T09:48:30","modified_gmt":"2025-09-18T07:48:30","slug":"sponsors","status":"publish","type":"page","link":"https:\/\/wp.unil.ch\/svsn\/a-propos\/sponsors\/","title":{"rendered":"Sponsors"},"content":{"rendered":"\n<h3 class=\"wp-block-heading\" id=\"de-nombreux-mecenes-soutiennent-la-svsn\">De nombreux m\u00e9c\u00e8nes soutiennent la SVSN<\/h3>\n\n\n\n<p>La SVSN vit gr\u00e2ce au g\u00e9n\u00e9reux soutien de ses membres, mais \u00e9galement gr\u00e2ce \u00e0 l&rsquo;engagement fid\u00e8le d&rsquo;entreprises et de collectivit\u00e9s publiques. Qu&rsquo;elles soient ici chaleureusement remerci\u00e9es:<\/p>\n\n\n\n<div style=\"height:23px\" aria-hidden=\"true\" class=\"wp-block-spacer\"><\/div>\n\n\n\n<div class=\"wp-block-media-text alignwide is-stacked-on-mobile\" style=\"grid-template-columns:17% auto\"><figure class=\"wp-block-media-text__media\"><img loading=\"lazy\" decoding=\"async\" width=\"828\" height=\"284\" src=\"https:\/\/wp.unil.ch\/svsn\/files\/2022\/02\/a_logo_SCNAT_FR_RGB.png\" alt=\"logo SCNAT 2022\" class=\"wp-image-8205 size-full\" srcset=\"https:\/\/wp.unil.ch\/svsn\/files\/2022\/02\/a_logo_SCNAT_FR_RGB.png 828w, https:\/\/wp.unil.ch\/svsn\/files\/2022\/02\/a_logo_SCNAT_FR_RGB-300x103.png 300w, https:\/\/wp.unil.ch\/svsn\/files\/2022\/02\/a_logo_SCNAT_FR_RGB-768x263.png 768w\" sizes=\"auto, (max-width: 828px) 100vw, 828px\" \/><\/figure><div class=\"wp-block-media-text__content\">\n<p class=\"has-medium-font-size\"><strong><a rel=\"noreferrer noopener\" href=\"https:\/\/sciencesnaturelles.ch\" target=\"_blank\">Acad\u00e9mie suisse des sciences naturelles<\/a><\/strong><\/p>\n<\/div><\/div>\n\n\n\n<div class=\"wp-block-media-text alignwide is-stacked-on-mobile\" style=\"grid-template-columns:17% auto\"><figure class=\"wp-block-media-text__media\"><img alt=\"\" loading=\"lazy\" decoding=\"async\" width=\"1000\" height=\"336\" src=\"https:\/\/wp.unil.ch\/svsn\/files\/2024\/04\/vd_logo_sponsoring_positif_1000px.png\" alt=\"\" class=\"wp-image-10455 size-full\" srcset=\"https:\/\/wp.unil.ch\/svsn\/files\/2024\/04\/vd_logo_sponsoring_positif_1000px.png 1000w, https:\/\/wp.unil.ch\/svsn\/files\/2024\/04\/vd_logo_sponsoring_positif_1000px-300x101.png 300w, https:\/\/wp.unil.ch\/svsn\/files\/2024\/04\/vd_logo_sponsoring_positif_1000px-768x258.png 768w\" sizes=\"auto, (max-width: 1000px) 100vw, 1000px\" \/><\/figure><div class=\"wp-block-media-text__content\">\n<p class=\"has-medium-font-size\">                <strong><a href=\"https:\/\/sciencesnaturelles.ch\" target=\"_blank\" rel=\"noreferrer noopener\">Canton de Vaud<\/a><\/strong><\/p>\n<\/div><\/div>\n\n\n\n<div class=\"wp-block-media-text alignwide is-stacked-on-mobile\" style=\"grid-template-columns:17% auto\"><figure class=\"wp-block-media-text__media\"><img alt=\"\" loading=\"lazy\" decoding=\"async\" width=\"1024\" height=\"357\" src=\"https:\/\/wp.unil.ch\/svsn\/files\/2023\/01\/LoRo-LogoBeneficiaires-CMJN-1024x357.jpg\" alt=\"\" class=\"wp-image-9182 size-full\" srcset=\"https:\/\/wp.unil.ch\/svsn\/files\/2023\/01\/LoRo-LogoBeneficiaires-CMJN-1024x357.jpg 1024w, https:\/\/wp.unil.ch\/svsn\/files\/2023\/01\/LoRo-LogoBeneficiaires-CMJN-300x105.jpg 300w, https:\/\/wp.unil.ch\/svsn\/files\/2023\/01\/LoRo-LogoBeneficiaires-CMJN-768x268.jpg 768w, https:\/\/wp.unil.ch\/svsn\/files\/2023\/01\/LoRo-LogoBeneficiaires-CMJN-1536x536.jpg 1536w, https:\/\/wp.unil.ch\/svsn\/files\/2023\/01\/LoRo-LogoBeneficiaires-CMJN-1320x461.jpg 1320w, https:\/\/wp.unil.ch\/svsn\/files\/2023\/01\/LoRo-LogoBeneficiaires-CMJN.jpg 1920w\" sizes=\"auto, (max-width: 1024px) 100vw, 1024px\" \/><\/figure><div class=\"wp-block-media-text__content\">\n<p class=\"has-medium-font-size\"><strong><a href=\"https:\/\/www.loro.ch\/fr\/utilite-publique\/projets-soutenus\">Loterie romande<\/a><\/strong><\/p>\n<\/div><\/div>\n\n\n\n<div class=\"wp-block-media-text alignwide is-stacked-on-mobile\" style=\"grid-template-columns:17% auto\"><figure class=\"wp-block-media-text__media\"><img alt=\"\" loading=\"lazy\" decoding=\"async\" width=\"300\" height=\"70\" src=\"https:\/\/wp.unil.ch\/svsn\/files\/2020\/09\/Logo_ICM_Carrara.jpg\" alt=\"\" class=\"wp-image-6473 size-full\" \/><\/figure><div class=\"wp-block-media-text__content\">\n<p class=\"has-medium-font-size\"><strong><a href=\"https:\/\/imprimerie-morges.ch\" target=\"_blank\" rel=\"noreferrer noopener\">Imprimerie Carrara<\/a><\/strong><\/p>\n<\/div><\/div>\n\n\n\n<p><\/p>\n","protected":false},"excerpt":{"rendered":"<p>De nombreux m\u00e9c\u00e8nes soutiennent la SVSN La SVSN vit gr\u00e2ce au g\u00e9n\u00e9reux soutien de ses membres, mais \u00e9galement gr\u00e2ce \u00e0 l&rsquo;engagement fid\u00e8le d&rsquo;entreprises et de collectivit\u00e9s publiques. Qu&rsquo;elles soient ici chaleureusement remerci\u00e9es: Acad\u00e9mie suisse des sciences naturelles Canton de Vaud<\/p>\n","protected":false},"author":253,"featured_media":0,"parent":2,"menu_order":3,"comment_status":"closed","ping_status":"closed","template":"","meta":{"_seopress_robots_primary_cat":"","_seopress_titles_title":"","_seopress_titles_desc":"","_seopress_robots_index":"","footnotes":""},"class_list":["post-36","page","type-page","status-publish"],"_links":{"self":[{"href":"https:\/\/wp.unil.ch\/svsn\/wp-json\/wp\/v2\/pages\/36","targetHints":{"allow":["GET"]}}],"collection":[{"href":"https:\/\/wp.unil.ch\/svsn\/wp-json\/wp\/v2\/pages"}],"about":[{"href":"https:\/\/wp.unil.ch\/svsn\/wp-json\/wp\/v2\/types\/page"}],"author":[{"embeddable":true,"href":"https:\/\/wp.unil.ch\/svsn\/wp-json\/wp\/v2\/users\/253"}],"replies":[{"embeddable":true,"href":"https:\/\/wp.unil.ch\/svsn\/wp-json\/wp\/v2\/comments?post=36"}],"version-history":[{"count":5,"href":"https:\/\/wp.unil.ch\/svsn\/wp-json\/wp\/v2\/pages\/36\/revisions"}],"predecessor-version":[{"id":11586,"href":"https:\/\/wp.unil.ch\/svsn\/wp-json\/wp\/v2\/pages\/36\/revisions\/11586"}],"up":[{"embeddable":true,"href":"https:\/\/wp.unil.ch\/svsn\/wp-json\/wp\/v2\/pages\/2"}],"wp:attachment":[{"href":"https:\/\/wp.unil.ch\/svsn\/wp-json\/wp\/v2\/media?parent=36"}],"curies":[{"name":"wp","href":"https:\/\/api.w.org\/{rel}","templated":true}]}}