{"id":3262,"date":"2017-02-14T14:37:15","date_gmt":"2017-02-14T13:37:15","guid":{"rendered":"http:\/\/wp.unil.ch\/svsn\/?page_id=3262"},"modified":"2025-04-08T09:30:55","modified_gmt":"2025-04-08T07:30:55","slug":"statuts-et-reglements","status":"publish","type":"page","link":"https:\/\/wp.unil.ch\/svsn\/a-propos\/statuts-et-reglements\/","title":{"rendered":"Statuts et r\u00e8glements"},"content":{"rendered":"<p>Les nouveaux statuts et r\u00e8glements de la SVSN sont en vigueur depuis l&rsquo;Assembl\u00e9e g\u00e9n\u00e9rale du 7 octobre 2020. Ils sont disponibles dans le document ci-dessous.<\/p>\n<p><a href=\"https:\/\/wp.unil.ch\/svsn\/files\/2025\/04\/statuts-et-reglements-svsn-2025-final-a-signe.pdf\"><strong>Statuts et r\u00e8glements SVSN<\/strong><\/a><\/p>\n\n\n<p><\/p>\n","protected":false},"excerpt":{"rendered":"<p>Les nouveaux statuts et r\u00e8glements de la SVSN sont en vigueur depuis l&rsquo;Assembl\u00e9e g\u00e9n\u00e9rale du 7 octobre 2020. Ils sont disponibles dans le document ci-dessous. Statuts et r\u00e8glements SVSN<\/p>\n","protected":false},"author":1002538,"featured_media":0,"parent":2,"menu_order":4,"comment_status":"closed","ping_status":"closed","template":"","meta":{"_seopress_robots_primary_cat":"","_seopress_titles_title":"","_seopress_titles_desc":"","_seopress_robots_index":"","footnotes":""},"class_list":["post-3262","page","type-page","status-publish"],"_links":{"self":[{"href":"https:\/\/wp.unil.ch\/svsn\/wp-json\/wp\/v2\/pages\/3262","targetHints":{"allow":["GET"]}}],"collection":[{"href":"https:\/\/wp.unil.ch\/svsn\/wp-json\/wp\/v2\/pages"}],"about":[{"href":"https:\/\/wp.unil.ch\/svsn\/wp-json\/wp\/v2\/types\/page"}],"author":[{"embeddable":true,"href":"https:\/\/wp.unil.ch\/svsn\/wp-json\/wp\/v2\/users\/1002538"}],"replies":[{"embeddable":true,"href":"https:\/\/wp.unil.ch\/svsn\/wp-json\/wp\/v2\/comments?post=3262"}],"version-history":[{"count":2,"href":"https:\/\/wp.unil.ch\/svsn\/wp-json\/wp\/v2\/pages\/3262\/revisions"}],"predecessor-version":[{"id":11171,"href":"https:\/\/wp.unil.ch\/svsn\/wp-json\/wp\/v2\/pages\/3262\/revisions\/11171"}],"up":[{"embeddable":true,"href":"https:\/\/wp.unil.ch\/svsn\/wp-json\/wp\/v2\/pages\/2"}],"wp:attachment":[{"href":"https:\/\/wp.unil.ch\/svsn\/wp-json\/wp\/v2\/media?parent=3262"}],"curies":[{"name":"wp","href":"https:\/\/api.w.org\/{rel}","templated":true}]}}