{"id":32,"date":"2010-07-08T17:58:47","date_gmt":"2010-07-08T15:58:47","guid":{"rendered":"http:\/\/wp.unil.ch\/svsn\/?page_id=32"},"modified":"2026-03-24T12:53:00","modified_gmt":"2026-03-24T11:53:00","slug":"organisation","status":"publish","type":"page","link":"https:\/\/wp.unil.ch\/svsn\/a-propos\/organisation\/","title":{"rendered":"Organisation"},"content":{"rendered":"<p>La Soci\u00e9t\u00e9 vaudoise des sciences naturelles est constitu\u00e9e d&rsquo;un Bureau et d&rsquo;un Comit\u00e9, ainsi que de diverses commissions dont les fonctions sont d\u00e9crites dans l&rsquo;organigramme (<a href=\"https:\/\/wp.unil.ch\/svsn\/files\/2024\/09\/Organigramme-SVSN_2024-2.pdf\"><strong>t\u00e9l\u00e9charger le PD<\/strong><strong>F<\/strong><\/a>).<\/p>\n<div class=\"su-spoiler su-spoiler-style-fancy su-spoiler-icon-chevron su-spoiler-closed\" data-scroll-offset=\"0\" data-anchor-in-url=\"no\"><div class=\"su-spoiler-title\" tabindex=\"0\" role=\"button\"><span class=\"su-spoiler-icon\"><\/span>Secr\u00e9tariat<\/div><div class=\"su-spoiler-content su-u-clearfix su-u-trim\">\n<p><strong>Soci\u00e9t\u00e9 Vaudoise des Sciences Naturelles<\/strong><br \/>Palais de Rumine<br \/>Place de la Riponne 6<br \/>1005 Lausanne<br \/>T\u00e9l. 021 312 43 34<br \/><a href=\"mailto:svsn@unil.ch\">svsn(at)unil.ch<\/a><br \/>IBAN CH76 8046 5000 0021 1108 6<\/p>\n<p><span style=\"color: #00a467\"><strong>Secr\u00e9taire<\/strong><\/span><\/p>\n<ul>\n<li><strong>Carole BLOMJOUS<\/strong><\/li>\n<\/ul>\n<\/div><\/div>\n<div class=\"su-spoiler su-spoiler-style-fancy su-spoiler-icon-chevron su-spoiler-closed\" data-scroll-offset=\"0\" data-anchor-in-url=\"no\"><div class=\"su-spoiler-title\" tabindex=\"0\" role=\"button\"><span class=\"su-spoiler-icon\"><\/span>Bureau<\/div><div class=\"su-spoiler-content su-u-clearfix su-u-trim\">\n<p><span style=\"color: #00a467\"><strong>Co-pr\u00e9sidence\u00a0<\/strong><\/span><strong><br \/><\/strong><\/p>\n<ul>\n<li><strong>Brahimsamba BOMOU<br \/>Jos\u00e9phine ULDRY<\/strong><\/li>\n<\/ul>\n<p><strong><span style=\"color: #00a467\">Membres du bureau<\/span><\/strong><\/p>\n<ul>\n<li><strong>Aur\u00e9lie BERTHET<\/strong><\/li>\n<li><strong>Manon<\/strong>\u00a0<strong> BINCTEUX<br \/><\/strong><\/li>\n<li><strong><strong><strong>Julien LEUTHOLD<\/strong><\/strong><\/strong><\/li>\n<li><strong>G\u00e9raldine PARATTE Tr\u00e9sori\u00e8re<br \/>Nicola MACKINNON<br \/>Oksana MAYDEBURA<\/strong><\/li>\n<\/ul>\n<\/div><\/div>\n<div class=\"su-spoiler su-spoiler-style-fancy su-spoiler-icon-chevron su-spoiler-closed\" data-scroll-offset=\"0\" data-anchor-in-url=\"no\"><div class=\"su-spoiler-title\" tabindex=\"0\" role=\"button\"><span class=\"su-spoiler-icon\"><\/span>Comit\u00e9<\/div><div class=\"su-spoiler-content su-u-clearfix su-u-trim\"><strong style=\"color: #00a467;font-family: 'Roboto Slab', sans-serif;font-size: 19px\"><em>Dicast\u00e8res<br \/><\/em><\/strong><strong style=\"color: #00a467;font-family: 'Roboto Slab', sans-serif;font-size: 19px\">Botanique<\/strong><\/p>\n<ul>\n<li><strong>Fran\u00e7ois FELBER<\/strong><br \/>Mus\u00e9e et Jardins botaniques cantonaux<\/li>\n<\/ul>\n<p><span style=\"color: #00a467\"><strong>Chimie<\/strong><\/span><\/p>\n<ul>\n<li><strong>Jacques MOSER<br \/><\/strong>EPFL &#8211; Institut des sciences et ing\u00e9nierie chimiques\u00a0<a href=\"mailto:jerome.waser@epfl.ch\"><br \/><\/a><\/li>\n<\/ul>\n<p><span style=\"color: #00a467\"><strong>Math\u00e9matiques<\/strong><\/span><\/p>\n<ul>\n<li><strong>Laura VINCKENBOSCH<\/strong><br \/>HEIG-VD<\/li>\n<\/ul>\n<p><strong><span style=\"color: #00a467\">M\u00e9thodologie et histoire des sciences<\/span><br \/><\/strong><\/p>\n<ul>\n<li><strong>J\u00e9r\u00f4me BAUDRY<\/strong><br \/>EPFL &#8211; CDH DHI LHST<\/li>\n<\/ul>\n<p><span style=\"color: #00a467\"><strong>Physique<\/strong><\/span><\/p>\n<ul>\n<li><strong>Jean-Philippe Brantut\u00a0<\/strong><br \/>EPFL SB IPHYS LQG<\/li>\n<\/ul>\n<p><span style=\"color: #00a467\"><strong><span style=\"color: #00a467\">Sciences de la Terr<\/span>e<\/strong><\/span><\/p>\n<ul>\n<li><strong><strong>Caroline REYMOND<br \/><\/strong><\/strong>SCNAT<\/li>\n<\/ul>\n<p><span style=\"color: #00a467\"><strong>Sciences de la vie<\/strong><\/span><\/p>\n<ul>\n<li><strong>Alexandre REYMOND<br \/><\/strong>UNIL &#8211; Centre int\u00e9gratif de g\u00e9nomique<\/li>\n<\/ul>\n<p><span style=\"color: #00a467\"><strong>Zoologie<\/strong><\/span><\/p>\n<ul>\n<li><strong><strong>Emilie TRIDONDANE<br \/><\/strong><\/strong>Revitalisation des cours d\u2019eau du canton de Fribourg<\/li>\n<\/ul>\n<p><span style=\"color: #00a467\"><strong>Enseignement<\/strong><\/span><\/p>\n<ul>\n<li><strong>Emilio VALENTINO<br \/><\/strong>Enseignant<\/li>\n<\/ul>\n<p><span style=\"color: #00a467\"><strong>ADAS<\/strong><\/span><\/p>\n<ul>\n<li><strong>Philipp WALCH<\/strong><br \/>Association des doctorants et assistants en sciences<\/li>\n<\/ul>\n<p><span style=\"color: #00a467\"><strong>Astrophysique<br \/><\/strong><\/span><\/p>\n<ul>\n<li><strong>Yves REVAZ<br \/><\/strong>EPFL- Laboratoire d&rsquo;Astrophysique<strong><br \/><\/strong><\/li>\n<\/ul>\n<p><span style=\"color: #00a467\"><strong>Climatologie<\/strong><\/span><\/p>\n<ul>\n<li><strong>Jean-Michel FALLOT<br \/><\/strong>UNIL &#8211; Facult\u00e9 des g\u00e9osciences et de l&rsquo;environnement<strong><br \/><\/strong><\/li>\n<\/ul>\n<p><span style=\"color: #00a467\"><strong>Natureum<\/strong><\/span><\/p>\n<ul>\n<li><strong>G\u00e9raldine PARATTE<br \/><\/strong>Natureum<\/li>\n<\/ul>\n<\/div><\/div>\n<div class=\"su-spoiler su-spoiler-style-fancy su-spoiler-icon-chevron su-spoiler-closed\" data-scroll-offset=\"0\" data-anchor-in-url=\"no\"><div class=\"su-spoiler-title\" tabindex=\"0\" role=\"button\"><span class=\"su-spoiler-icon\"><\/span>Commissions<\/div><div class=\"su-spoiler-content su-u-clearfix su-u-trim\">\n<p><span style=\"color: #00a467\"><strong>Commission de gestion<\/strong><\/span><\/p>\n<ul>\n<li><strong>Marc-Henri DERRON &#8211; Pr\u00e9sident de la commission<\/strong><\/li>\n<li><strong>Marc RUCHTI<br \/><\/strong><strong><strong>Vincent SONNAY<br \/>David GIORGIS<\/strong><\/strong><\/li>\n<\/ul>\n<p><span style=\"color: #00a467\"><strong>V\u00e9rification des comptes<\/strong><\/span><\/p>\n<ul>\n<li><strong>Guy MARCHAND<\/strong><\/li>\n<li><strong>Franck-William GOLAZ<\/strong><\/li>\n<li><strong>Jean-Luc Epard<br \/><\/strong><\/li>\n<\/ul>\n<p><span style=\"color: #00a467\"><strong>D\u00e9l\u00e9gu\u00e9 \u00e0 la sc\/nat<\/strong><\/span><\/p>\n<ul>\n<li><strong>Fran\u00e7ois FELBER<\/strong><\/li>\n<li><strong>Julien LEUTHOLD<\/strong> (Suppl\u00e9ant)<\/li>\n<\/ul>\n<p><span style=\"color: #00a467\"><strong>D\u00e9l\u00e9gu\u00e9 \u00e0 la Commission vaudoise <\/strong><strong>pour la protection de la nature<\/strong><\/span><\/p>\n<ul>\n<li><b>Vacant<\/b><\/li>\n<\/ul>\n<\/div><\/div>\n<div class=\"su-spoiler su-spoiler-style-fancy su-spoiler-icon-chevron su-spoiler-closed\" data-scroll-offset=\"0\" data-anchor-in-url=\"no\"><div class=\"su-spoiler-title\" tabindex=\"0\" role=\"button\"><span class=\"su-spoiler-icon\"><\/span>Publications<\/div><div class=\"su-spoiler-content su-u-clearfix su-u-trim\">\n<p><span style=\"color: #00a467\"><strong>R\u00e9daction\u00a0<\/strong><\/span><\/p>\n<ul>\n<li><b>Marie DEFAGO<br \/>Maud LIEGEOIS<\/b><br \/><a href=\"mailto:redaction.svsn@unil.ch\">e-mail: redaction.svsn(at)unil.ch<\/a><\/li>\n<\/ul>\n<p><span style=\"color: #00a467\"><strong>Mise en page<\/strong><\/span><\/p>\n<ul>\n<li><strong>Nicole DEMARTA<br \/><\/strong><a href=\"mailto:nicodem@bluewin.ch\">mailto:nicodem@bluewin.ch<\/a><strong><br \/><\/strong><\/li>\n<\/ul>\n<p><span style=\"color: #00a467\"><strong>Vente<\/strong><\/span><\/p>\n<ul>\n<li>Soci\u00e9t\u00e9 Vaudoise des Sciences Naturelles<br \/>Secr\u00e9tariat &#8211; Palais de Rumine &#8211; Place de la Riponne 6 &#8211; 1005 Lausanne<br \/>T\u00e9l: 021 312 43 34<br \/><a href=\"mailto:svsn@unil.ch\">svsn(at)unil.ch<\/a><\/li>\n<\/ul>\n<\/div><\/div>\n\n\n<p><\/p>\n","protected":false},"excerpt":{"rendered":"<p>La Soci\u00e9t\u00e9 vaudoise des sciences naturelles est constitu\u00e9e d&rsquo;un Bureau et d&rsquo;un Comit\u00e9, ainsi que de diverses commissions dont les fonctions sont d\u00e9crites dans l&rsquo;organigramme (t\u00e9l\u00e9charger le PDF).<\/p>\n","protected":false},"author":1001879,"featured_media":0,"parent":2,"menu_order":1,"comment_status":"closed","ping_status":"closed","template":"","meta":{"_seopress_robots_primary_cat":"","_seopress_titles_title":"","_seopress_titles_desc":"","_seopress_robots_index":"","footnotes":""},"class_list":["post-32","page","type-page","status-publish"],"_links":{"self":[{"href":"https:\/\/wp.unil.ch\/svsn\/wp-json\/wp\/v2\/pages\/32","targetHints":{"allow":["GET"]}}],"collection":[{"href":"https:\/\/wp.unil.ch\/svsn\/wp-json\/wp\/v2\/pages"}],"about":[{"href":"https:\/\/wp.unil.ch\/svsn\/wp-json\/wp\/v2\/types\/page"}],"author":[{"embeddable":true,"href":"https:\/\/wp.unil.ch\/svsn\/wp-json\/wp\/v2\/users\/1001879"}],"replies":[{"embeddable":true,"href":"https:\/\/wp.unil.ch\/svsn\/wp-json\/wp\/v2\/comments?post=32"}],"version-history":[{"count":5,"href":"https:\/\/wp.unil.ch\/svsn\/wp-json\/wp\/v2\/pages\/32\/revisions"}],"predecessor-version":[{"id":12110,"href":"https:\/\/wp.unil.ch\/svsn\/wp-json\/wp\/v2\/pages\/32\/revisions\/12110"}],"up":[{"embeddable":true,"href":"https:\/\/wp.unil.ch\/svsn\/wp-json\/wp\/v2\/pages\/2"}],"wp:attachment":[{"href":"https:\/\/wp.unil.ch\/svsn\/wp-json\/wp\/v2\/media?parent=32"}],"curies":[{"name":"wp","href":"https:\/\/api.w.org\/{rel}","templated":true}]}}