{"id":2516,"date":"2015-11-26T14:47:55","date_gmt":"2015-11-26T13:47:55","guid":{"rendered":"http:\/\/wp.unil.ch\/svsn\/?page_id=2516"},"modified":"2019-06-12T07:14:26","modified_gmt":"2019-06-12T05:14:26","slug":"cco-vaud","status":"publish","type":"page","link":"https:\/\/wp.unil.ch\/svsn\/uvss\/agenda\/cco-vaud\/","title":{"rendered":"CCO- VAUD"},"content":{"rendered":"<h2><a href=\"https:\/\/wp.unil.ch\/svsn\/files\/2019\/06\/Logo-CCO-Vaud_2.png\"><img alt=\"\" loading=\"lazy\" decoding=\"async\" class=\"alignnone size-full wp-image-5391\" src=\"https:\/\/wp.unil.ch\/svsn\/files\/2019\/06\/Logo-CCO-Vaud_2.png\" alt=\"\" width=\"250\" height=\"228\" \/><\/a><\/h2>\n<h2>Centre pour l\u2019\u00e9tude et la protection<\/h2>\n<h2>des chauves-souris du canton de Vaud &#8211; CCO-VAUD<\/h2>\n<p>L\u2019association CCO-Vaud est l\u2019antenne vaudoise du CCO. Le CCO-Vaud est\u00a0mandat\u00e9 par la Direction G\u00e9n\u00e9rale de l\u2019Environnement (DGE) afin de suivre\u00a0et prot\u00e9ger les chauves-souris sur le territoire vaudois.<\/p>\n<p>Ce but est atteint par la mise en place de diverses actions:<\/p>\n<ul>\n<li>Sensibilisation de la population au travers de l&rsquo;organisation de nuits des chauves-souris, passeports-vacances, excursions et ateliers dans des classes d&rsquo;\u00e9cole.<\/li>\n<li>Permanence t\u00e9l\u00e9phonique afin de r\u00e9pondre aux questions et d&rsquo;apporter une solution aux personnes qui rencontrent un probl\u00e8me avec des chauves-souris.<\/li>\n<li>Etudes et suivis annuels de colonies de mise-bas, de sites de reproduction et d&rsquo;hibernation.<\/li>\n<li>Protection des sites importants et conseils lors de travaux.<\/li>\n<li>Prospections afin de mieux conna\u00eetre la distribution des esp\u00e8ces dans le canton de Vaud.<\/li>\n<li>Collaboration avec les autres antennes cantonales.<\/li>\n<\/ul>\n<p>Les membre de l\u2019association ont acc\u00e8s \u00e0 :<\/p>\n<ul>\n<li>une newsletter annuelle<\/li>\n<li>des conf\u00e9rences sur l\u2019\u00e9cologie et la protection des chauves-souris<\/li>\n<li>des propositions de balades et d\u2019excursions \u00e0 la d\u00e9couverte des chauves-souris<\/li>\n<li>des cours de formation sur les chauves-souris<\/li>\n<\/ul>\n<p>CCO-Vaud<br \/>\nc\/o Audrey Megali<br \/>\nCh. du Pr\u00e9 des Planches 1<br \/>\n1807 Blonay<\/p>\n<p>T\u00e9l. : 079 124 21 39<br \/>\nE-mail: cco-vaud(at)chauves-souris.ch<br \/>\nSite Internet:\u00a0<a href=\"https:\/\/www.chauves-souris.ch\/\"><strong>www.chauves-souris.ch<\/strong><\/a><br \/>\nCotisation: fr. 25.- par an<\/p>\n","protected":false},"excerpt":{"rendered":"<p>Centre pour l\u2019\u00e9tude et la protection des chauves-souris du canton de Vaud &#8211; CCO-VAUD L\u2019association CCO-Vaud est l\u2019antenne vaudoise du CCO. Le CCO-Vaud est\u00a0mandat\u00e9 par la Direction G\u00e9n\u00e9rale de l\u2019Environnement (DGE) afin de suivre\u00a0et prot\u00e9ger les chauves-souris sur le territoire<\/p>\n","protected":false},"author":1002538,"featured_media":0,"parent":152,"menu_order":0,"comment_status":"closed","ping_status":"closed","template":"","meta":{"_seopress_robots_primary_cat":"","_seopress_titles_title":"","_seopress_titles_desc":"","_seopress_robots_index":"","footnotes":""},"class_list":["post-2516","page","type-page","status-publish"],"_links":{"self":[{"href":"https:\/\/wp.unil.ch\/svsn\/wp-json\/wp\/v2\/pages\/2516","targetHints":{"allow":["GET"]}}],"collection":[{"href":"https:\/\/wp.unil.ch\/svsn\/wp-json\/wp\/v2\/pages"}],"about":[{"href":"https:\/\/wp.unil.ch\/svsn\/wp-json\/wp\/v2\/types\/page"}],"author":[{"embeddable":true,"href":"https:\/\/wp.unil.ch\/svsn\/wp-json\/wp\/v2\/users\/1002538"}],"replies":[{"embeddable":true,"href":"https:\/\/wp.unil.ch\/svsn\/wp-json\/wp\/v2\/comments?post=2516"}],"version-history":[{"count":0,"href":"https:\/\/wp.unil.ch\/svsn\/wp-json\/wp\/v2\/pages\/2516\/revisions"}],"up":[{"embeddable":true,"href":"https:\/\/wp.unil.ch\/svsn\/wp-json\/wp\/v2\/pages\/152"}],"wp:attachment":[{"href":"https:\/\/wp.unil.ch\/svsn\/wp-json\/wp\/v2\/media?parent=2516"}],"curies":[{"name":"wp","href":"https:\/\/api.w.org\/{rel}","templated":true}]}}