{"id":225,"date":"2010-07-12T21:22:55","date_gmt":"2010-07-12T19:22:55","guid":{"rendered":"http:\/\/wp.unil.ch\/svsn\/?page_id=225"},"modified":"2011-07-10T17:14:52","modified_gmt":"2011-07-10T15:14:52","slug":"vallon-de-nant","status":"publish","type":"page","link":"https:\/\/wp.unil.ch\/svsn\/publications\/memoires\/vallon-de-nant\/","title":{"rendered":"Vallon de Nant"},"content":{"rendered":"<h3>Biodiversit\u00e9 du Vallon de Nant<\/h3>\n<h4>PLUMETTAZ CLOT A.-C., CHERIX D., DESSIMOZ F., GATTOLLIAT J.-L., GM\u00dcR  P., VITTOZ P. &amp; VUST M. (Eds.), 2009.<\/h4>\n<h4>M\u00e9moire de la Soci\u00e9t\u00e9 vaudoise des Sciences naturelles 23:  1-240.<\/h4>\n<p>Premi\u00e8res Journ\u00e9es de la biodiversit\u00e9 en Suisse Romande (5 et 6 juillet)<\/p>\n<table border=\"0\">\n<tbody>\n<tr>\n<td style=\"border: 2px solid #61a659\">VITTOZ P. &amp; GM\u00dcR P.<\/td>\n<td style=\"border: 2px solid #61a659\">Introduction aux Journ\u00e9es de la biodiversit\u00e9 dans le Vallon de Nant.<\/td>\n<td style=\"border: 2px solid #61a659\">Biodiversit\u00e9 du Vallon de Nant. M\u00e9moire de la Soci\u00e9t\u00e9 vaudoise des  Sciences naturelles 23: 3-20.<\/td>\n<td style=\"border: 2px solid #61a659\"><a href=\"https:\/\/wp.unil.ch\/svsn\/files\/2010\/07\/01_Vittoz_Vallon_de_Nant.pdf\">pdf<\/a><\/td>\n<\/tr>\n<tr>\n<td style=\"border: 2px solid #61a659\">AUBORT D.<\/td>\n<td style=\"border: 2px solid #61a659\">Vallon de Nant, riche de biodiversit\u00e9: regard d\u2019un  observateur photographe.<\/td>\n<td style=\"border: 2px solid #61a659\">Biodiversit\u00e9 du Vallon de Nant. M\u00e9moire de la Soci\u00e9t\u00e9 vaudoise des  Sciences naturelles 23: 21-28.<\/td>\n<td style=\"border: 2px solid #61a659\"><a href=\"https:\/\/wp.unil.ch\/svsn\/files\/2010\/07\/02_Aubort_Vallon_de_Nant.pdf\">pdf<\/a><\/td>\n<\/tr>\n<tr>\n<td style=\"border: 2px solid #61a659\">SENN-IRLET B., AEBERHARD H., BIERI G., BOVAY G., BRODTBECK T., KELLER J.  &amp; K\u00dcFFER N.<\/td>\n<td style=\"border: 2px solid #61a659\">Champignons du Vallon de Nant.<\/td>\n<td style=\"border: 2px solid #61a659\">Biodiversit\u00e9 du Vallon de Nant. M\u00e9moire de la Soci\u00e9t\u00e9 vaudoise des  Sciences naturelles 23: 29-50.<\/td>\n<td style=\"border: 2px solid #61a659\"><a href=\"https:\/\/wp.unil.ch\/svsn\/files\/2010\/07\/03_Senn-Irlet_Vallon_de_Nant.pdf\">pdf<\/a><\/td>\n<\/tr>\n<tr>\n<td style=\"border: 2px solid #61a659\">VUST M., TRUONG C. &amp; MERMILLIODJ.-C.<\/td>\n<td style=\"border: 2px solid #61a659\">Lichens  du Vallon de Nant.<\/td>\n<td style=\"border: 2px solid #61a659\">Biodiversit\u00e9 du Vallon de Nant. M\u00e9moire de la Soci\u00e9t\u00e9 vaudoise des  Sciences naturelles 23: 51-74.<\/td>\n<td style=\"border: 2px solid #61a659\"><a href=\"https:\/\/wp.unil.ch\/svsn\/files\/2010\/07\/04_Vust_Vallon_de_Nant.pdf\">pdf<\/a><\/td>\n<\/tr>\n<tr>\n<td style=\"border: 2px solid #61a659\">JACOB-STREIFF A., CAILLIAU A. &amp; BURGISSER L.<\/td>\n<td style=\"border: 2px solid #61a659\">H\u00e9patiques  et mousses du Vallon de Nant.<\/td>\n<td style=\"border: 2px solid #61a659\">Biodiversit\u00e9 du Vallon de Nant. M\u00e9moire de la Soci\u00e9t\u00e9 vaudoise des  Sciences naturelles 23: 75-84.<\/td>\n<td style=\"border: 2px solid #61a659\"><a href=\"https:\/\/wp.unil.ch\/svsn\/files\/2010\/07\/05_Jacob-Streiff_Vallon_de_Nant.pdf\">pdf<\/a><\/td>\n<\/tr>\n<tr>\n<td style=\"border: 2px solid #61a659\">VITTOZ P.\u00a0&amp; DESSIMOZ F., 2009.<\/td>\n<td style=\"border: 2px solid #61a659\">Flore  vasculaire du Vallon de Nant.<\/td>\n<td style=\"border: 2px solid #61a659\">Biodiversit\u00e9 du Vallon de Nant. M\u00e9moire de la Soci\u00e9t\u00e9 vaudoise des  Sciences naturelles 23: 85-114.<\/td>\n<td style=\"border: 2px solid #61a659\"><a href=\"https:\/\/wp.unil.ch\/svsn\/files\/2010\/07\/06_Vittoz_Vallon_de_Nant.pdf\">pdf<\/a><\/td>\n<\/tr>\n<tr>\n<td style=\"border: 2px solid #61a659\">FOURNIER J. &amp; BURRI F.<\/td>\n<td style=\"border: 2px solid #61a659\">Mollusques du Vallon de Nant.<\/td>\n<td style=\"border: 2px solid #61a659\">Biodiversit\u00e9 du Vallon de Nant. M\u00e9moire de la Soci\u00e9t\u00e9 vaudoise des  Sciences naturelles 23: 115-128.<\/td>\n<td style=\"border: 2px solid #61a659\"><a href=\"https:\/\/wp.unil.ch\/svsn\/files\/2010\/07\/07_Fournier_Vallon_de_Nant.pdf\">pdf<\/a><\/td>\n<\/tr>\n<tr>\n<td style=\"border: 2px solid #61a659\">GATTOLLIAT J.-L., KNISPEL S., LODS-CROZET B., LUBINI V. &amp; SARTORI M.<\/td>\n<td style=\"border: 2px solid #61a659\">Macroinvert\u00e9br\u00e9s aquatiques du Vallon de Nant.<\/td>\n<td style=\"border: 2px solid #61a659\">Biodiversit\u00e9 du Vallon de Nant. M\u00e9moire de la Soci\u00e9t\u00e9 vaudoise des  Sciences naturelles 23: 129-144.<\/td>\n<td style=\"border: 2px solid #61a659\"><a href=\"https:\/\/wp.unil.ch\/svsn\/files\/2010\/07\/08_Gattoliat_Vallon_de_Nant.pdf\">pdf<\/a><\/td>\n<\/tr>\n<tr>\n<td style=\"border: 2px solid #61a659\">FREITAG\u00a0A.\u00a0&amp; CHERIX D., 2009.<\/td>\n<td style=\"border: 2px solid #61a659\">Fourmis du Vallon de Nant \u2013 Premi\u00e8res donn\u00e9es.<\/td>\n<td style=\"border: 2px solid #61a659\">Biodiversit\u00e9 du Vallon de Nant. M\u00e9moire de la Soci\u00e9t\u00e9 vaudoise des  Sciences naturelles 23: 145-152.<\/td>\n<td style=\"border: 2px solid #61a659\"><a href=\"https:\/\/wp.unil.ch\/svsn\/files\/2010\/07\/09_Freitag_Vallon_de_Nant.pdf\">pdf<\/a><\/td>\n<\/tr>\n<tr>\n<td style=\"border: 2px solid #61a659\">CHITTARO Y. &amp; PASCHE A.<\/td>\n<td style=\"border: 2px solid #61a659\">Papillons  (Macrol\u00e9pidopt\u00e8res) du Vallon de Nant.<\/td>\n<td style=\"border: 2px solid #61a659\">Biodiversit\u00e9 du Vallon de Nant. M\u00e9moire de la Soci\u00e9t\u00e9 vaudoise des  Sciences naturelles 23: 153-170.<\/td>\n<td style=\"border: 2px solid #61a659\"><a href=\"https:\/\/wp.unil.ch\/svsn\/files\/2010\/07\/10_Chittaro_Vallon_de_Nant.pdf\">pdf<\/a><\/td>\n<\/tr>\n<tr>\n<td style=\"border: 2px solid #61a659\">FREITAG A.<\/td>\n<td style=\"border: 2px solid #61a659\">Note  sur quelques insectes observ\u00e9s dans le Vallon de Nant.<\/td>\n<td style=\"border: 2px solid #61a659\">Biodiversit\u00e9 du Vallon de Nant. M\u00e9moire de la Soci\u00e9t\u00e9 vaudoise des  Sciences naturelles 23: 171-178.<\/td>\n<td style=\"border: 2px solid #61a659\"><a href=\"https:\/\/wp.unil.ch\/svsn\/files\/2010\/07\/11_Freitag_Vallon_de_Nant.pdf\">pdf<\/a><\/td>\n<\/tr>\n<tr>\n<td style=\"border: 2px solid #61a659\">HELFER V. &amp; MONNEY J.-C.<\/td>\n<td style=\"border: 2px solid #61a659\">Batraciens  et reptiles du Vallon de Nant \u2013 Premier recensement.<\/td>\n<td style=\"border: 2px solid #61a659\">Biodiversit\u00e9 du Vallon de Nant. M\u00e9moire de la Soci\u00e9t\u00e9 vaudoise des  Sciences naturelles 23: 179-188.<\/td>\n<td style=\"border: 2px solid #61a659\"><a href=\"https:\/\/wp.unil.ch\/svsn\/files\/2010\/07\/12_Helfer_Vallon_de_Nant.pdf\">pdf<\/a><\/td>\n<\/tr>\n<tr>\n<td style=\"border: 2px solid #61a659\">MORARD E.<\/td>\n<td style=\"border: 2px solid #61a659\">Oiseaux  du Vallon de Nant.<\/td>\n<td style=\"border: 2px solid #61a659\">Biodiversit\u00e9 du Vallon de Nant. M\u00e9moire de la Soci\u00e9t\u00e9 vaudoise des  Sciences naturelles 23: 189-202.<\/td>\n<td style=\"border: 2px solid #61a659\"><a href=\"https:\/\/wp.unil.ch\/svsn\/files\/2010\/07\/13_Morard_Vallon_de_Nant.pdf\">pdf<\/a><\/td>\n<\/tr>\n<tr>\n<td style=\"border: 2px solid #61a659\">MARCHESI P., LUGRIN R., ROCH J.-C.\u00a0&amp; VOGEL P.<\/td>\n<td style=\"border: 2px solid #61a659\">Mammif\u00e8res terrestres du Vallon de Nant.<\/td>\n<td style=\"border: 2px solid #61a659\">Biodiversit\u00e9 du Vallon de Nant. M\u00e9moire de la Soci\u00e9t\u00e9 vaudoise des  Sciences naturelles 23: 203-216.<\/td>\n<td style=\"border: 2px solid #61a659\"><a href=\"https:\/\/wp.unil.ch\/svsn\/files\/2010\/07\/14_Marchesi_Vallon_de_Nant.pdf\">pdf<\/a><\/td>\n<\/tr>\n<tr>\n<td style=\"border: 2px solid #61a659\">GLAIZOT O., CHRISTE P., REY E.\u00a0&amp; BIOLLAZ F.<\/td>\n<td style=\"border: 2px solid #61a659\">Chauves-souris du Vallon de Nant \u2013 Captures et relev\u00e9s  acoustiques.<\/td>\n<td style=\"border: 2px solid #61a659\">Biodiversit\u00e9 du Vallon de Nant. M\u00e9moire de la Soci\u00e9t\u00e9 vaudoise des  Sciences naturelles 23: 217-224.<\/td>\n<td style=\"border: 2px solid #61a659\"><a href=\"https:\/\/wp.unil.ch\/svsn\/files\/2010\/07\/15_Glaizot_Vallon_de_Nant.pdf\">pdf<\/a><\/td>\n<\/tr>\n<tr>\n<td style=\"border: 2px solid #61a659\">CHERIX D. &amp; VITTOZ P.<\/td>\n<td style=\"border: 2px solid #61a659\">Synth\u00e8se et conclusions aux Journ\u00e9es de la biodiversit\u00e9  2008 dans le Vallon de Nant.<\/td>\n<td style=\"border: 2px solid #61a659\">Biodiversit\u00e9 du Vallon de Nant. M\u00e9moire de la Soci\u00e9t\u00e9 vaudoise des  Sciences naturelles 23: 225-240.<\/td>\n<td style=\"border: 2px solid #61a659\"><a href=\"https:\/\/wp.unil.ch\/svsn\/files\/2010\/07\/16_Cherix_Vallon_de_Nant.pdf\">pdf<\/a><\/td>\n<\/tr>\n<\/tbody>\n<\/table>\n<p><\/p>\n","protected":false},"excerpt":{"rendered":"<p>Biodiversit\u00e9 du Vallon de Nant PLUMETTAZ CLOT A.-C., CHERIX D., DESSIMOZ F., GATTOLLIAT J.-L., GM\u00dcR P., VITTOZ P. &amp; VUST M. (Eds.), 2009. M\u00e9moire de la Soci\u00e9t\u00e9 vaudoise des Sciences naturelles 23: 1-240. Premi\u00e8res Journ\u00e9es de la biodiversit\u00e9 en Suisse<\/p>\n","protected":false},"author":253,"featured_media":0,"parent":12,"menu_order":1,"comment_status":"closed","ping_status":"closed","template":"","meta":{"_seopress_robots_primary_cat":"","_seopress_titles_title":"","_seopress_titles_desc":"","_seopress_robots_index":"","footnotes":""},"class_list":["post-225","page","type-page","status-publish"],"_links":{"self":[{"href":"https:\/\/wp.unil.ch\/svsn\/wp-json\/wp\/v2\/pages\/225","targetHints":{"allow":["GET"]}}],"collection":[{"href":"https:\/\/wp.unil.ch\/svsn\/wp-json\/wp\/v2\/pages"}],"about":[{"href":"https:\/\/wp.unil.ch\/svsn\/wp-json\/wp\/v2\/types\/page"}],"author":[{"embeddable":true,"href":"https:\/\/wp.unil.ch\/svsn\/wp-json\/wp\/v2\/users\/253"}],"replies":[{"embeddable":true,"href":"https:\/\/wp.unil.ch\/svsn\/wp-json\/wp\/v2\/comments?post=225"}],"version-history":[{"count":0,"href":"https:\/\/wp.unil.ch\/svsn\/wp-json\/wp\/v2\/pages\/225\/revisions"}],"up":[{"embeddable":true,"href":"https:\/\/wp.unil.ch\/svsn\/wp-json\/wp\/v2\/pages\/12"}],"wp:attachment":[{"href":"https:\/\/wp.unil.ch\/svsn\/wp-json\/wp\/v2\/media?parent=225"}],"curies":[{"name":"wp","href":"https:\/\/api.w.org\/{rel}","templated":true}]}}