{"id":205,"date":"2010-07-12T20:54:15","date_gmt":"2010-07-12T18:54:15","guid":{"rendered":"http:\/\/wp.unil.ch\/svsn\/?page_id=205"},"modified":"2022-05-12T08:55:07","modified_gmt":"2022-05-12T06:55:07","slug":"cosny","status":"publish","type":"page","link":"https:\/\/wp.unil.ch\/svsn\/uvss\/agenda\/cosny\/","title":{"rendered":"COSNY"},"content":{"rendered":"<h2>Cercle ornithologique et de sciences naturelles d&rsquo;Yverdon<\/h2>\n<p>Fond\u00e9 en 1968<\/p>\n<p>Comme son nom le laisse entendre, le COSNY regroupe essentiellement les ornithologues mais, de fa\u00e7on plus g\u00e9n\u00e9rale, tous les amateurs de sciences naturelles du Nord vaudois. Il organise un cycle hivernal de six conf\u00e9rences et met sur pied chaque ann\u00e9e une dizaine d&rsquo;excursions sur le terrain. Notre cercle collabore r\u00e9guli\u00e8rement aux recensements et aux recherches propos\u00e9es par la Centrale ornithologique romande et par la Station suisse de Sempach. Il s&rsquo;efforce aussi d&rsquo;apporter sa contribution \u00e0 la protection de la nature en suscitant la cr\u00e9ation de nouvelles r\u00e9serves naturelles et en se chargeant de leur entretien. Le COSNY publie, l&rsquo;intention de ses membres, un bulletin saisonniers des courses et conf\u00e9rences (2 fois\/an).<\/p>\n<p>Le COSNY est fier d&rsquo;\u00eatre une section locale de <a href=\"https:\/\/www.birdlife.ch\/fr\">BirdLife-Suisse<\/a>.<\/p>\n<p>Pr\u00e9sident: M. Christian Clerc<br \/>\nsite : <a href=\"https:\/\/www.cosny.ch\/\">www.cosny.ch<\/a><br \/>\ne-mail: info.cosny(at)bluewin.ch<br \/>\nEffectif: 250 membres<br \/>\nCotisations: fr. 36 .- par an; couples: fr. 36 .-; junior (moins de 18 ans) offert<\/p>\n","protected":false},"excerpt":{"rendered":"<p>Cercle ornithologique et de sciences naturelles d&rsquo;Yverdon Fond\u00e9 en 1968 Comme son nom le laisse entendre, le COSNY regroupe essentiellement les ornithologues mais, de fa\u00e7on plus g\u00e9n\u00e9rale, tous les amateurs de sciences naturelles du Nord vaudois. Il organise un cycle<\/p>\n","protected":false},"author":1001879,"featured_media":0,"parent":152,"menu_order":2,"comment_status":"closed","ping_status":"closed","template":"","meta":{"_seopress_robots_primary_cat":"","_seopress_titles_title":"","_seopress_titles_desc":"","_seopress_robots_index":"","footnotes":""},"class_list":["post-205","page","type-page","status-publish"],"_links":{"self":[{"href":"https:\/\/wp.unil.ch\/svsn\/wp-json\/wp\/v2\/pages\/205","targetHints":{"allow":["GET"]}}],"collection":[{"href":"https:\/\/wp.unil.ch\/svsn\/wp-json\/wp\/v2\/pages"}],"about":[{"href":"https:\/\/wp.unil.ch\/svsn\/wp-json\/wp\/v2\/types\/page"}],"author":[{"embeddable":true,"href":"https:\/\/wp.unil.ch\/svsn\/wp-json\/wp\/v2\/users\/1001879"}],"replies":[{"embeddable":true,"href":"https:\/\/wp.unil.ch\/svsn\/wp-json\/wp\/v2\/comments?post=205"}],"version-history":[{"count":0,"href":"https:\/\/wp.unil.ch\/svsn\/wp-json\/wp\/v2\/pages\/205\/revisions"}],"up":[{"embeddable":true,"href":"https:\/\/wp.unil.ch\/svsn\/wp-json\/wp\/v2\/pages\/152"}],"wp:attachment":[{"href":"https:\/\/wp.unil.ch\/svsn\/wp-json\/wp\/v2\/media?parent=205"}],"curies":[{"name":"wp","href":"https:\/\/api.w.org\/{rel}","templated":true}]}}