{"id":2,"date":"2010-03-18T10:56:13","date_gmt":"2010-03-18T09:56:13","guid":{"rendered":""},"modified":"2021-05-08T00:11:26","modified_gmt":"2021-05-07T22:11:26","slug":"a-propos","status":"publish","type":"page","link":"https:\/\/wp.unil.ch\/svsn\/a-propos\/","title":{"rendered":"\u00c0 propos"},"content":{"rendered":"<p>Depuis 1819, la Soci\u00e9t\u00e9 Vaudoise des Sciences Naturelles s\u2019engage pour la <strong>promotion<\/strong> <strong>des sciences naturelles <\/strong>dans toute leur diversit\u00e9, des math\u00e9matiques \u00e0 la g\u00e9ologie, en passant par la physique, la chimie, la biologie, la botanique et la zoologie.<\/p>\n<p>Tr\u00e8s attach\u00e9e \u00e0 l\u2019<strong>interdisciplinarit\u00e9<\/strong>, la SVSN a pour mission de valoriser le savoir d\u00e9velopp\u00e9 quotidiennement dans les milieux acad\u00e9miques et par les professionnels sur le terrain, plus particuli\u00e8rement dans le canton de Vaud. Au travers de ses <strong>publications<\/strong> et d\u2019un <strong>programme vari\u00e9 <\/strong>qui conjugue conf\u00e9rences et sorties sur le terrain, la SVSN partage et diffuse de nouvelles connaissances en les mettant en r\u00e9sonance avec l\u2019actualit\u00e9.<\/p>\n<p>Si, \u00e0 ses d\u00e9buts, elle \u00e9tait une soci\u00e9t\u00e9 acad\u00e9mique qui permettait aux scientifiques de diffuser leurs travaux, la SVSN s\u2019adresse aujourd\u2019hui \u00e0 toute <strong>personne curieuse <\/strong>de sciences en constante \u00e9volution, amatrice des <strong>richesses naturelles du pays de Vaud <\/strong>et d\u00e9sireuse de <strong>partager <\/strong>son int\u00e9r\u00eat au sein d\u2019une large communaut\u00e9.<\/p>\n<div>\n<p>Enfin, la SVSN joue \u00e9galement le r\u00f4le de soci\u00e9t\u00e9 fa\u00eeti\u00e8re des soci\u00e9t\u00e9s scientifiques du canton gr\u00e2ce, entre autres, \u00e0 son secr\u00e9tariat professionnel. Son pr\u00e9sident est ainsi responsable de l&rsquo;UVSS (Union Vaudoise des Soci\u00e9t\u00e9s Scientifiques), r\u00f4le f\u00e9d\u00e9rateur reconnu par Sc. Nat (Acad\u00e9mie Suisse des Sciences Naturelles), dont la <strong>SVSN<\/strong> est membre.<\/p>\n<p>Ses statuts et r\u00e8glements sont disponibles <strong><a href=\"https:\/\/wp.unil.ch\/svsn\/about\/statuts-et-reglements\/\">ici<\/a><\/strong>.<\/p>\n<\/div>\n","protected":false},"excerpt":{"rendered":"<p>Depuis 1819, la Soci\u00e9t\u00e9 Vaudoise des Sciences Naturelles s\u2019engage pour la promotion des sciences naturelles dans toute leur diversit\u00e9, des math\u00e9matiques \u00e0 la g\u00e9ologie, en passant par la physique, la chimie, la biologie, la botanique et la zoologie. Tr\u00e8s attach\u00e9e<\/p>\n","protected":false},"author":108,"featured_media":0,"parent":0,"menu_order":12,"comment_status":"closed","ping_status":"closed","template":"","meta":{"_seopress_robots_primary_cat":"","_seopress_titles_title":"","_seopress_titles_desc":"","_seopress_robots_index":"","footnotes":""},"class_list":["post-2","page","type-page","status-publish"],"_links":{"self":[{"href":"https:\/\/wp.unil.ch\/svsn\/wp-json\/wp\/v2\/pages\/2","targetHints":{"allow":["GET"]}}],"collection":[{"href":"https:\/\/wp.unil.ch\/svsn\/wp-json\/wp\/v2\/pages"}],"about":[{"href":"https:\/\/wp.unil.ch\/svsn\/wp-json\/wp\/v2\/types\/page"}],"author":[{"embeddable":true,"href":"https:\/\/wp.unil.ch\/svsn\/wp-json\/wp\/v2\/users\/108"}],"replies":[{"embeddable":true,"href":"https:\/\/wp.unil.ch\/svsn\/wp-json\/wp\/v2\/comments?post=2"}],"version-history":[{"count":0,"href":"https:\/\/wp.unil.ch\/svsn\/wp-json\/wp\/v2\/pages\/2\/revisions"}],"wp:attachment":[{"href":"https:\/\/wp.unil.ch\/svsn\/wp-json\/wp\/v2\/media?parent=2"}],"curies":[{"name":"wp","href":"https:\/\/api.w.org\/{rel}","templated":true}]}}