{"id":198,"date":"2010-07-12T20:52:30","date_gmt":"2010-07-12T18:52:30","guid":{"rendered":"http:\/\/wp.unil.ch\/svsn\/?page_id=198"},"modified":"2017-03-23T09:23:56","modified_gmt":"2017-03-23T08:23:56","slug":"csn-vevey-montreux","status":"publish","type":"page","link":"https:\/\/wp.unil.ch\/svsn\/uvss\/agenda\/csn-vevey-montreux\/","title":{"rendered":"CSN Vevey-Montreux"},"content":{"rendered":"<h2>Cercle des sciences naturelles de Vevey-Montreux<\/h2>\n<p><img alt=\"\" loading=\"lazy\" decoding=\"async\" class=\"alignnone size-full wp-image-199\" src=\"https:\/\/wp.unil.ch\/svsn\/files\/2010\/07\/CSNveveylogo.jpg\" alt=\"\" width=\"156\" height=\"159\" \/><\/p>\n<p>Fond\u00e9 en 1936<\/p>\n<p>Issu en 1956 du Cercle ornithologique de Vevey-Montreux, le Cercle a gard\u00e9 de cette ascendance un grand attachement au monde des oiseaux. Il comprend plusieurs groupements s&rsquo;int\u00e9ressant \u00e0 des sujets particuliers, comme l&rsquo;ornithologie, la botanique ou des excursions dans la nature. Plusieurs de ses membres s&rsquo;occupent de protection de la nature et de l&rsquo;entretien des r\u00e9serves naturelles que Pro Natura Vaud poss\u00e8de dans la r\u00e9gion. Les juniors peuvent exercer diverses activit\u00e9s dans le cadre du groupe \u00ab\u00a0Jeunes + nature\u00a0\u00bb de l&rsquo;Est vaudois.<\/p>\n<p>En hiver, le Cercle organise un cycle de neuf conf\u00e9rences avec projection de diapositives ou de films; les sujets trait\u00e9s sont vari\u00e9s: ornithologie, botanique, herp\u00e9tologie, entomologie, g\u00e9ologie, voyages, etc.<\/p>\n<p>Un bulletin donnant le programme des activit\u00e9s et comprenant des articles consacr\u00e9s \u00e0 la faune, \u00e0 la flore ainsi que d&rsquo;une mani\u00e8re g\u00e9n\u00e9rale \u00e0 la connaissance et \u00e0 la protection de la nature est \u00e9dit\u00e9 trois fois par an.<\/p>\n<p>Pr\u00e9sidente: Mme Isabelle Dunand<br \/>\nCh. du Mont-Tendre 10, 1007 Lausanne<br \/>\ne-mail: idunand(at)hotmail.com<br \/>\nLocal: Les conf\u00e9rences ont lieu en g\u00e9n\u00e9ral \u00e0 l&rsquo;aula du coll\u00e8ge Courbet, La Tour-de-Peilz<br \/>\nSite Internet: <a href=\"https:\/\/www.natures.ch\/\" target=\"_blank\">www.natures.ch<\/a><br \/>\nEffectif: environ 450 membres<br \/>\nCotisations: simple fr. 20.-; couples fr. 30.-; jeunes jusqu&rsquo;\u00e0 25 ans fr. 7.-;<br \/>\npersonnes morales fr. 100.-<\/p>\n","protected":false},"excerpt":{"rendered":"<p>Cercle des sciences naturelles de Vevey-Montreux Fond\u00e9 en 1936 Issu en 1956 du Cercle ornithologique de Vevey-Montreux, le Cercle a gard\u00e9 de cette ascendance un grand attachement au monde des oiseaux. Il comprend plusieurs groupements s&rsquo;int\u00e9ressant \u00e0 des sujets particuliers,<\/p>\n","protected":false},"author":253,"featured_media":0,"parent":152,"menu_order":5,"comment_status":"closed","ping_status":"closed","template":"","meta":{"_seopress_robots_primary_cat":"","_seopress_titles_title":"","_seopress_titles_desc":"","_seopress_robots_index":"","footnotes":""},"class_list":["post-198","page","type-page","status-publish"],"_links":{"self":[{"href":"https:\/\/wp.unil.ch\/svsn\/wp-json\/wp\/v2\/pages\/198","targetHints":{"allow":["GET"]}}],"collection":[{"href":"https:\/\/wp.unil.ch\/svsn\/wp-json\/wp\/v2\/pages"}],"about":[{"href":"https:\/\/wp.unil.ch\/svsn\/wp-json\/wp\/v2\/types\/page"}],"author":[{"embeddable":true,"href":"https:\/\/wp.unil.ch\/svsn\/wp-json\/wp\/v2\/users\/253"}],"replies":[{"embeddable":true,"href":"https:\/\/wp.unil.ch\/svsn\/wp-json\/wp\/v2\/comments?post=198"}],"version-history":[{"count":0,"href":"https:\/\/wp.unil.ch\/svsn\/wp-json\/wp\/v2\/pages\/198\/revisions"}],"up":[{"embeddable":true,"href":"https:\/\/wp.unil.ch\/svsn\/wp-json\/wp\/v2\/pages\/152"}],"wp:attachment":[{"href":"https:\/\/wp.unil.ch\/svsn\/wp-json\/wp\/v2\/media?parent=198"}],"curies":[{"name":"wp","href":"https:\/\/api.w.org\/{rel}","templated":true}]}}