{"id":193,"date":"2010-07-12T20:51:08","date_gmt":"2010-07-12T18:51:08","guid":{"rendered":"http:\/\/wp.unil.ch\/svsn\/?page_id=193"},"modified":"2022-11-01T08:34:53","modified_gmt":"2022-11-01T07:34:53","slug":"col","status":"publish","type":"page","link":"https:\/\/wp.unil.ch\/svsn\/uvss\/agenda\/col\/","title":{"rendered":"COL"},"content":{"rendered":"<h2>Cercle ornithologique de Lausanne<\/h2>\n<p><img alt=\"\" loading=\"lazy\" decoding=\"async\" class=\"alignnone size-full wp-image-194\" src=\"https:\/\/wp.unil.ch\/svsn\/files\/2010\/07\/COLlogo.jpg\" alt=\"\" width=\"111\" height=\"117\" \/><\/p>\n<p>Fond\u00e9 en 1927<\/p>\n<p>Le COL, section de la Soci\u00e9t\u00e9 romande pour l&rsquo;\u00e9tude et la protection des oiseaux \u00ab\u00a0Nos Oiseaux\u00a0\u00bb, poursuit le double but de faire conna\u00eetre les oiseaux et de contribuer \u00e0 leur sauvegarde et \u00e0 celle de leurs habitats.<\/p>\n<p>Il organise environ huit s\u00e9ances par ann\u00e9e sous forme de conf\u00e9rences d&rsquo;initiation et de sp\u00e9cialisation, de pr\u00e9sentation de clich\u00e9s et de films; en outre, des excursions sur le terrain sont conduites par des observateurs exp\u00e9riment\u00e9s et procurent aux membres une meilleure connaissance de notre avifaune r\u00e9gionale. Le Cercle compte dans ses rangs des ornithologues chevronn\u00e9s aussi bien que des amateurs, qui portent tous aux oiseaux le m\u00eame int\u00e9r\u00eat passionn\u00e9.<\/p>\n<p>Une biblioth\u00e8que est mise \u00e0 leur disposition \u00e0 la m\u00eame adresse que celle du local des s\u00e9ances.<\/p>\n<p>Pr\u00e9sident: M. Lionel Maumary<br \/>\nPraz-S\u00e9chaud 40, 1010 Lausanne<br \/>\nT\u00e9l. 079\u00a0323 17 03<br \/>\ne-mail: lionel.maumary(at)oiseau.ch<br \/>\nSite internet: <a href=\"https:\/\/www.oiseau.ch\/\" target=\"_blank\" rel=\"noopener\">www.oiseau.ch<\/a><br \/>\nAdresse: Cercle ornithologique de Lausanne, c\/o Lionel Maumary, ch. de Praz-S\u00e9chaud 40, 1010 Lausanne<br \/>\nLocal: Coll\u00e8ge de la Barre, rue de la Barre 15, 1005 Lausanne<br \/>\nEffectif: 450 membres<br \/>\nCotisation: laiss\u00e9e \u00e0 l\u2019appr\u00e9ciation de chacun, minimum 5 francs par an<\/p>\n","protected":false},"excerpt":{"rendered":"<p>Cercle ornithologique de Lausanne Fond\u00e9 en 1927 Le COL, section de la Soci\u00e9t\u00e9 romande pour l&rsquo;\u00e9tude et la protection des oiseaux \u00ab\u00a0Nos Oiseaux\u00a0\u00bb, poursuit le double but de faire conna\u00eetre les oiseaux et de contribuer \u00e0 leur sauvegarde et \u00e0<\/p>\n","protected":false},"author":253,"featured_media":0,"parent":152,"menu_order":1,"comment_status":"closed","ping_status":"closed","template":"","meta":{"_seopress_robots_primary_cat":"","_seopress_titles_title":"","_seopress_titles_desc":"","_seopress_robots_index":"","footnotes":""},"class_list":["post-193","page","type-page","status-publish"],"_links":{"self":[{"href":"https:\/\/wp.unil.ch\/svsn\/wp-json\/wp\/v2\/pages\/193","targetHints":{"allow":["GET"]}}],"collection":[{"href":"https:\/\/wp.unil.ch\/svsn\/wp-json\/wp\/v2\/pages"}],"about":[{"href":"https:\/\/wp.unil.ch\/svsn\/wp-json\/wp\/v2\/types\/page"}],"author":[{"embeddable":true,"href":"https:\/\/wp.unil.ch\/svsn\/wp-json\/wp\/v2\/users\/253"}],"replies":[{"embeddable":true,"href":"https:\/\/wp.unil.ch\/svsn\/wp-json\/wp\/v2\/comments?post=193"}],"version-history":[{"count":0,"href":"https:\/\/wp.unil.ch\/svsn\/wp-json\/wp\/v2\/pages\/193\/revisions"}],"up":[{"embeddable":true,"href":"https:\/\/wp.unil.ch\/svsn\/wp-json\/wp\/v2\/pages\/152"}],"wp:attachment":[{"href":"https:\/\/wp.unil.ch\/svsn\/wp-json\/wp\/v2\/media?parent=193"}],"curies":[{"name":"wp","href":"https:\/\/api.w.org\/{rel}","templated":true}]}}