{"id":188,"date":"2010-07-12T20:49:44","date_gmt":"2010-07-12T18:49:44","guid":{"rendered":"http:\/\/wp.unil.ch\/svsn\/?page_id=188"},"modified":"2021-09-27T09:38:51","modified_gmt":"2021-09-27T07:38:51","slug":"ghal","status":"publish","type":"page","link":"https:\/\/wp.unil.ch\/svsn\/uvss\/agenda\/ghal\/","title":{"rendered":"GHAL"},"content":{"rendered":"<h2>Groupement herp\u00e9tologique et arachnide de Lausanne<\/h2>\n<table style=\"height: 250px\" width=\"460\">\n<tbody>\n<tr>\n<td>\n<h2><a href=\"https:\/\/wp.unil.ch\/svsn\/files\/2015\/12\/GHAL-logo.jpg\"><img loading=\"lazy\" decoding=\"async\" class=\"alignleft wp-image-2541\" src=\"https:\/\/wp.unil.ch\/svsn\/files\/2015\/12\/GHAL-logo-252x300.jpg\" alt=\"GHAL logo\" width=\"166\" height=\"196\" \/><\/a><\/h2>\n<\/td>\n<\/tr>\n<\/tbody>\n<\/table>\n<p style=\"margin: 0cm;margin-bottom: .0001pt;vertical-align: baseline\"><span style=\"font-family: 'Arial',sans-serif;color: black;background: white\">\u00ab\u00a0<i>Le Groupement Herp\u00e9tologique et Arachnologique de Lausanne GHAL a \u00e9t\u00e9 fond\u00e9 le 6 d\u00e9cembre 2003 via la fusion entre le Groupement Herp\u00e9tologique de Lausanne (GHL, fond\u00e9 le 6 d\u00e9cembre 1963 en m\u00eame temps que le Vivarium) et la Societas Scorpiologica Helvetica (SSH).<\/i><\/span><\/p>\n<p style=\"margin: 0cm;margin-bottom: .0001pt;vertical-align: baseline;background-image: initial;background-size: initial\"><i><span style=\"font-family: 'Arial',sans-serif;color: black;background: white\">Ce Groupement regroupe des passionn\u00e9s de tout horizon qui souhaitent partager et \u00e9changer des connaissances sur les reptiles et les araign\u00e9es.<\/p>\n<p><\/span><\/i><\/p>\n<p style=\"margin: 0cm;margin-bottom: .0001pt;vertical-align: baseline;background-image: initial;background-size: initial\"><i><span style=\"font-family: 'Arial',sans-serif;color: black;background: white\">Le groupement s\u2019articule autour de trois principes\u00a0:<\/span><\/i><\/p>\n<p style=\"margin: 0cm;margin-bottom: .0001pt;vertical-align: baseline;background-image: initial;background-size: initial\"><i><span style=\"font-family: 'Arial',sans-serif;color: black;background: white\">1\u00b0 Sensibilisation aupr\u00e8s du public<\/span><\/i><\/p>\n<p style=\"margin: 0cm;margin-bottom: .0001pt;vertical-align: baseline;background-image: initial;background-size: initial\"><i><span style=\"font-family: 'Arial',sans-serif;color: black;background: white\">2\u00b0 Transmission des connaissances<\/span><\/i><\/p>\n<p style=\"margin: 0cm;margin-bottom: .0001pt;vertical-align: baseline;background-image: initial;background-size: initial\"><i><span style=\"font-family: 'Arial',sans-serif;color: black;background: white\">3\u00b0 Participation \u00e0 la conservation des reptiles et arachnides de Suisse<\/p>\n<p><\/span><\/i><\/p>\n<p><em>Nous proposons \u00e0 nos membres environ une sortie par mois pendant la belle saison pour observer reptiles, amphibiens et araign\u00e9es dans leurs habitats naturels. Nous organisons \u00e9galement des conf\u00e9rences sur des th\u00e8mes vari\u00e9s en lien avec la protection de la nature. Finalement, nous proposons \u00e0 nos membres de partager un souper de No\u00ebl chaque ann\u00e9e.<\/em><\/p>\n<p><em>Pr\u00e9sident: Johan Sch\u00fcrch<br \/>\ne-mail: <a href=\"mailto:info@herpeto.ch\">info@herpeto.ch<\/a><br \/>\nSite Internet:\u00a0<a href=\"https:\/\/www.herpeto.ch\/\">www.herpeto.ch<\/a><br \/>\nEffectif: environ 60 membres<br \/>\nCotisations: 25 CHF\/an (40 CHF\/an membre famille)\u00a0\u00bb<\/em><\/p>\n","protected":false},"excerpt":{"rendered":"<p>Groupement herp\u00e9tologique et arachnide de Lausanne \u00ab\u00a0Le Groupement Herp\u00e9tologique et Arachnologique de Lausanne GHAL a \u00e9t\u00e9 fond\u00e9 le 6 d\u00e9cembre 2003 via la fusion entre le Groupement Herp\u00e9tologique de Lausanne (GHL, fond\u00e9 le 6 d\u00e9cembre 1963 en m\u00eame temps que<\/p>\n","protected":false},"author":253,"featured_media":0,"parent":152,"menu_order":8,"comment_status":"closed","ping_status":"closed","template":"","meta":{"_seopress_robots_primary_cat":"","_seopress_titles_title":"","_seopress_titles_desc":"","_seopress_robots_index":"","footnotes":""},"class_list":["post-188","page","type-page","status-publish"],"_links":{"self":[{"href":"https:\/\/wp.unil.ch\/svsn\/wp-json\/wp\/v2\/pages\/188","targetHints":{"allow":["GET"]}}],"collection":[{"href":"https:\/\/wp.unil.ch\/svsn\/wp-json\/wp\/v2\/pages"}],"about":[{"href":"https:\/\/wp.unil.ch\/svsn\/wp-json\/wp\/v2\/types\/page"}],"author":[{"embeddable":true,"href":"https:\/\/wp.unil.ch\/svsn\/wp-json\/wp\/v2\/users\/253"}],"replies":[{"embeddable":true,"href":"https:\/\/wp.unil.ch\/svsn\/wp-json\/wp\/v2\/comments?post=188"}],"version-history":[{"count":0,"href":"https:\/\/wp.unil.ch\/svsn\/wp-json\/wp\/v2\/pages\/188\/revisions"}],"up":[{"embeddable":true,"href":"https:\/\/wp.unil.ch\/svsn\/wp-json\/wp\/v2\/pages\/152"}],"wp:attachment":[{"href":"https:\/\/wp.unil.ch\/svsn\/wp-json\/wp\/v2\/media?parent=188"}],"curies":[{"name":"wp","href":"https:\/\/api.w.org\/{rel}","templated":true}]}}