{"id":183,"date":"2010-07-12T20:48:01","date_gmt":"2010-07-12T18:48:01","guid":{"rendered":"http:\/\/wp.unil.ch\/svsn\/?page_id=183"},"modified":"2020-07-29T13:56:56","modified_gmt":"2020-07-29T11:56:56","slug":"sve","status":"publish","type":"page","link":"https:\/\/wp.unil.ch\/svsn\/uvss\/agenda\/sve\/","title":{"rendered":"SVE"},"content":{"rendered":"<h2>Soci\u00e9t\u00e9 vaudoise d&rsquo;entomologie<\/h2>\n<p><img alt=\"\" loading=\"lazy\" decoding=\"async\" class=\"alignnone size-full wp-image-184\" src=\"https:\/\/wp.unil.ch\/svsn\/files\/2010\/07\/SVElogo.jpg\" alt=\"\" width=\"159\" height=\"103\" \/><\/p>\n<p>Fond\u00e9e en 1945<\/p>\n<p>La SVE veut r\u00e9unir les personnes s&rsquo;int\u00e9ressant au monde prodigieux des insectes et les collectionneurs amateurs afin de les mettre en contact avec les entomologistes professionnels qui travaillent dans les stations f\u00e9d\u00e9rales de recherche agronomique, dans l&rsquo;industrie chimique, au Mus\u00e9e zoologique, \u00e0 l&rsquo;Universit\u00e9, au Service v\u00e9t\u00e9rinaire. Elle cr\u00e9e entre ces deux cat\u00e9gories de chercheurs des liens aussi amicaux qu&rsquo;enrichissants, et encourage l&rsquo;\u00e9tude de la faune entomologique du Pays de Vaud.<\/p>\n<p>Section de la Soci\u00e9t\u00e9 entomologique suisse, la SVE publie des travaux de ses membres dans le Bulletin romand d&rsquo;Entomologie, ainsi que dans le Bulletin de la Soci\u00e9t\u00e9 entomologique suisse.<\/p>\n<p>Son activit\u00e9 r\u00e9side dans des conf\u00e9rences et communications, des s\u00e9ances de d\u00e9termination \u00e0 l&rsquo;aide du mat\u00e9riel scientifique et des collections du mus\u00e9e, ainsi que dans des excursions sur le terrain.<\/p>\n<p>Pr\u00e9sidente: Alain Reymond<br \/>\ne-mail: alain.jean.reymond@gmail.com<\/p>\n<p>Local: Auditoire XIX du Palais de Rumine<br \/>\nPlace de la Riponne 6<br \/>\n1005 Lausanne<br \/>\nEffectif: 70 membres<br \/>\nCotisation: fr. 40. &#8211; par an.<br \/>\n<a href=\"https:\/\/www.musees.vd.ch\/musee-de-zoologie\/le-musee\/societe-vaudoise-dentomologie\/\">site internet<\/a><\/p>\n","protected":false},"excerpt":{"rendered":"<p>Soci\u00e9t\u00e9 vaudoise d&rsquo;entomologie Fond\u00e9e en 1945 La SVE veut r\u00e9unir les personnes s&rsquo;int\u00e9ressant au monde prodigieux des insectes et les collectionneurs amateurs afin de les mettre en contact avec les entomologistes professionnels qui travaillent dans les stations f\u00e9d\u00e9rales de recherche<\/p>\n","protected":false},"author":253,"featured_media":0,"parent":152,"menu_order":11,"comment_status":"closed","ping_status":"closed","template":"","meta":{"_seopress_robots_primary_cat":"","_seopress_titles_title":"","_seopress_titles_desc":"","_seopress_robots_index":"","_seopress_analysis_target_kw":"","footnotes":""},"class_list":["post-183","page","type-page","status-publish"],"_links":{"self":[{"href":"https:\/\/wp.unil.ch\/svsn\/wp-json\/wp\/v2\/pages\/183","targetHints":{"allow":["GET"]}}],"collection":[{"href":"https:\/\/wp.unil.ch\/svsn\/wp-json\/wp\/v2\/pages"}],"about":[{"href":"https:\/\/wp.unil.ch\/svsn\/wp-json\/wp\/v2\/types\/page"}],"author":[{"embeddable":true,"href":"https:\/\/wp.unil.ch\/svsn\/wp-json\/wp\/v2\/users\/253"}],"replies":[{"embeddable":true,"href":"https:\/\/wp.unil.ch\/svsn\/wp-json\/wp\/v2\/comments?post=183"}],"version-history":[{"count":0,"href":"https:\/\/wp.unil.ch\/svsn\/wp-json\/wp\/v2\/pages\/183\/revisions"}],"up":[{"embeddable":true,"href":"https:\/\/wp.unil.ch\/svsn\/wp-json\/wp\/v2\/pages\/152"}],"wp:attachment":[{"href":"https:\/\/wp.unil.ch\/svsn\/wp-json\/wp\/v2\/media?parent=183"}],"curies":[{"name":"wp","href":"https:\/\/api.w.org\/{rel}","templated":true}]}}