{"id":179,"date":"2010-07-12T20:46:25","date_gmt":"2010-07-12T18:46:25","guid":{"rendered":"http:\/\/wp.unil.ch\/svsn\/?page_id=179"},"modified":"2020-03-30T12:12:41","modified_gmt":"2020-03-30T10:12:41","slug":"cvb","status":"publish","type":"page","link":"https:\/\/wp.unil.ch\/svsn\/uvss\/agenda\/cvb\/","title":{"rendered":"CVB"},"content":{"rendered":"<h2>Cercle vaudois de botanique<\/h2>\n<p>Fond\u00e9 en 1949<\/p>\n<p>L&rsquo;int\u00e9r\u00eat pour les plantes est extr\u00eamement r\u00e9pandu, mais rares sont les personnes disposant de connaissances un peu \u00e9tendues sur le sujet. La botanique syst\u00e9matique peut para\u00eetre ardue et il faut \u00eatre reconnaissant envers des soci\u00e9t\u00e9s comme le CVB qui fait une vulgarisation intelligente de cette science si captivante.<\/p>\n<p>Ses moyens d&rsquo;action sont classiques: s\u00e9ances, conf\u00e9rences, cours de d\u00e9termination, excursions, voyages et journ\u00e9es de recherche floristique. Il r\u00e9dige un bulletin o\u00f9 ses membres publient les r\u00e9sultats de leurs travaux ainsi que des m\u00e9moires (<em>Gaudinia<\/em>).<\/p>\n<p>Les membres collaborent \u00e9galement \u00e0 des relev\u00e9s p\u00e9riodiques de la flore du canton, pour suivre son \u00e9volution dans l&rsquo;optique d&rsquo;une meilleure protection. En 2014, le CVB a lanc\u00e9 le projet d&rsquo;inventaire de la flore vaudoise dans le but de publier un \u00ab\u00a0Atlas de la flore vaudoise\u00a0\u00bb et un atlas on-line. Pr\u00e8s de 120 b\u00e9n\u00e9voles participent \u00e0 ce projet.<\/p>\n<p>Pr\u00e9sidente : Mme Jo\u00eblle Magnin-Gonze<br \/>\nMus\u00e9e botanique cantonal<br \/>\nAvenue de Cour 14 bis<br \/>\n1007 Lausanne<br \/>\nt\u00e9l.: 079 773 95 42<br \/>\ne-mail: joelle.magnin-gonze(at)unil.ch<br \/>\nsite : <a href=\"https:\/\/www.cvbot.ch\">www.cvbot.ch<\/a><br \/>\nAdresse et local: Mus\u00e9e botanique cantonal, avenue de Cour 14 bis, 1007 Lausanne<br \/>\nEffectif: 274 membres<br \/>\nCotisations: fr. 60.- par an; couples: fr. 80.-; \u00e9tudiants: fr. 30.-<\/p>\n","protected":false},"excerpt":{"rendered":"<p>Cercle vaudois de botanique Fond\u00e9 en 1949 L&rsquo;int\u00e9r\u00eat pour les plantes est extr\u00eamement r\u00e9pandu, mais rares sont les personnes disposant de connaissances un peu \u00e9tendues sur le sujet. La botanique syst\u00e9matique peut para\u00eetre ardue et il faut \u00eatre reconnaissant envers<\/p>\n","protected":false},"author":1001879,"featured_media":0,"parent":152,"menu_order":6,"comment_status":"closed","ping_status":"closed","template":"","meta":{"_seopress_robots_primary_cat":"","_seopress_titles_title":"","_seopress_titles_desc":"","_seopress_robots_index":"","footnotes":""},"class_list":["post-179","page","type-page","status-publish"],"_links":{"self":[{"href":"https:\/\/wp.unil.ch\/svsn\/wp-json\/wp\/v2\/pages\/179","targetHints":{"allow":["GET"]}}],"collection":[{"href":"https:\/\/wp.unil.ch\/svsn\/wp-json\/wp\/v2\/pages"}],"about":[{"href":"https:\/\/wp.unil.ch\/svsn\/wp-json\/wp\/v2\/types\/page"}],"author":[{"embeddable":true,"href":"https:\/\/wp.unil.ch\/svsn\/wp-json\/wp\/v2\/users\/1001879"}],"replies":[{"embeddable":true,"href":"https:\/\/wp.unil.ch\/svsn\/wp-json\/wp\/v2\/comments?post=179"}],"version-history":[{"count":0,"href":"https:\/\/wp.unil.ch\/svsn\/wp-json\/wp\/v2\/pages\/179\/revisions"}],"up":[{"embeddable":true,"href":"https:\/\/wp.unil.ch\/svsn\/wp-json\/wp\/v2\/pages\/152"}],"wp:attachment":[{"href":"https:\/\/wp.unil.ch\/svsn\/wp-json\/wp\/v2\/media?parent=179"}],"curies":[{"name":"wp","href":"https:\/\/api.w.org\/{rel}","templated":true}]}}