{"id":177,"date":"2010-07-12T20:45:48","date_gmt":"2010-07-12T18:45:48","guid":{"rendered":"http:\/\/wp.unil.ch\/svsn\/?page_id=177"},"modified":"2014-03-06T18:15:24","modified_gmt":"2014-03-06T17:15:24","slug":"uvsm","status":"publish","type":"page","link":"https:\/\/wp.unil.ch\/svsn\/uvss\/agenda\/uvsm\/","title":{"rendered":"UVSM"},"content":{"rendered":"<h2>Union vaudoise des soci\u00e9t\u00e9s mycologiques<\/h2>\n<p>Fond\u00e9e en 1975<\/p>\n<p>L&rsquo;UVSM regroupe dix soci\u00e9t\u00e9s r\u00e9parties dans tout le canton. Ses objectifs sont de susciter, d&rsquo;encourager, de suivre et de propager les recherches, \u00e9tudes, travaux et publications relatifs aux champignons.<br \/>\nDans ce but, elle organise divers cours, des journ\u00e9es et des soir\u00e9es d&rsquo;\u00e9tude ou de d\u00e9terminations macroscopique et microscopique, des conf\u00e9rences et des d\u00e9bats. Des expositions sont pr\u00e9sent\u00e9es directement par les soci\u00e9t\u00e9s membres, mettant plus particuli\u00e8rement l&rsquo;accent sur les esp\u00e8ces dangereuses, mortelles et toxiques, ainsi que celles qui sont menac\u00e9es et \u00e0 prot\u00e9ger. L&rsquo;UVSM participe \u00e9galement aux recherches et \u00e0 l&rsquo;\u00e9tude des mesures de protection et de sauvegarde de la flore fongique indig\u00e8ne, entreprises par l&rsquo;Institut f\u00e9d\u00e9ral de recherche sur la for\u00eat, la neige et le paysage et l&rsquo;Union suisse des soci\u00e9t\u00e9s mycologiques.<br \/>\nUn autre de ses objectifs r\u00e9side dans la promotion de l&rsquo;\u00e9cologie et la protection de la flore fongique. Il vise \u00e0 sensibiliser ses membres et le public en g\u00e9n\u00e9ral sur la vie des champignons et leur r\u00f4le dans l&rsquo;\u00e9quilibre de nos \u00e9cosyst\u00e8mes, sur le respect de la nature ainsi que sur les responsabilit\u00e9s engendr\u00e9es par tout pr\u00e9l\u00e8vement effectu\u00e9 par les champignonneurs.<\/p>\n<p>Pr\u00e9sidente: Mme Raymonde Cornu<br \/>\nRte du \u00a0Village 3, 1070 Puidoux, t\u00e9l. 021 946 41 52<br \/>\ne-mail: raymonde.cornu(at)bluewin.ch<br \/>\nSite internet de la Soci\u00e9t\u00e9 mycologique vaudoise: <a href=\"https:\/\/www.myco-vaud.ch\/\" target=\"_blank\">www.myco-vaud.ch<\/a><br \/>\nLocal: Les r\u00e9unions ont lieu dans les locaux des soci\u00e9t\u00e9s membres<br \/>\nEffectif: 10 soci\u00e9t\u00e9s pour 950 membres<br \/>\nCotisation: fr. 60.- par soci\u00e9t\u00e9 pour 50 membres + fr. 20.- par 25 membres.<\/p>\n","protected":false},"excerpt":{"rendered":"<p>Union vaudoise des soci\u00e9t\u00e9s mycologiques Fond\u00e9e en 1975 L&rsquo;UVSM regroupe dix soci\u00e9t\u00e9s r\u00e9parties dans tout le canton. Ses objectifs sont de susciter, d&rsquo;encourager, de suivre et de propager les recherches, \u00e9tudes, travaux et publications relatifs aux champignons. Dans ce but,<\/p>\n","protected":false},"author":253,"featured_media":0,"parent":152,"menu_order":14,"comment_status":"closed","ping_status":"closed","template":"","meta":{"_seopress_robots_primary_cat":"","_seopress_titles_title":"","_seopress_titles_desc":"","_seopress_robots_index":"","footnotes":""},"class_list":["post-177","page","type-page","status-publish"],"_links":{"self":[{"href":"https:\/\/wp.unil.ch\/svsn\/wp-json\/wp\/v2\/pages\/177","targetHints":{"allow":["GET"]}}],"collection":[{"href":"https:\/\/wp.unil.ch\/svsn\/wp-json\/wp\/v2\/pages"}],"about":[{"href":"https:\/\/wp.unil.ch\/svsn\/wp-json\/wp\/v2\/types\/page"}],"author":[{"embeddable":true,"href":"https:\/\/wp.unil.ch\/svsn\/wp-json\/wp\/v2\/users\/253"}],"replies":[{"embeddable":true,"href":"https:\/\/wp.unil.ch\/svsn\/wp-json\/wp\/v2\/comments?post=177"}],"version-history":[{"count":0,"href":"https:\/\/wp.unil.ch\/svsn\/wp-json\/wp\/v2\/pages\/177\/revisions"}],"up":[{"embeddable":true,"href":"https:\/\/wp.unil.ch\/svsn\/wp-json\/wp\/v2\/pages\/152"}],"wp:attachment":[{"href":"https:\/\/wp.unil.ch\/svsn\/wp-json\/wp\/v2\/media?parent=177"}],"curies":[{"name":"wp","href":"https:\/\/api.w.org\/{rel}","templated":true}]}}