{"id":167,"date":"2010-07-12T20:42:54","date_gmt":"2010-07-12T18:42:54","guid":{"rendered":"http:\/\/wp.unil.ch\/svsn\/?page_id=167"},"modified":"2016-04-15T10:00:49","modified_gmt":"2016-04-15T08:00:49","slug":"sva","status":"publish","type":"page","link":"https:\/\/wp.unil.ch\/svsn\/uvss\/agenda\/sva\/","title":{"rendered":"SVA"},"content":{"rendered":"<h2>Soci\u00e9t\u00e9 vaudoise d&rsquo;astronomie<\/h2>\n<p><img alt=\"\" loading=\"lazy\" decoding=\"async\" class=\"alignnone size-full wp-image-168\" src=\"https:\/\/wp.unil.ch\/svsn\/files\/2010\/07\/Logo_SVA.jpg\" alt=\"\" width=\"125\" height=\"128\" \/><\/p>\n<p>Fond\u00e9e en 1942<\/p>\n<p>La Soci\u00e9t\u00e9 Vaudoise d&rsquo;Astronomie, SVA a pour but de r\u00e9unir toutes les personnes s&rsquo;int\u00e9ressant \u00e0 l&rsquo;astronomie ainsi qu&rsquo;aux sciences qui s&rsquo;y rattachent ainsi que vulgariser l&rsquo;astronomie aupr\u00e8s du grand public.<\/p>\n<p>Elle offre \u00e0 ses membres un large \u00e9ventail d&rsquo;activit\u00e9s, telles que des s\u00e9ances d&rsquo;observation, des conf\u00e9rences et cours ainsi que des ateliers pratiques.<\/p>\n<p>L&rsquo;observatoire principal, situ\u00e9 \u00e0 Lausanne, est compos\u00e9 de trois b\u00e2timents abritant 2 t\u00e9lescopes de type Schmidt-Cassegrain de 40 cm et 35 cm d&rsquo;ouverture, ainsi qu&rsquo;une lunette de 11 cm. D&rsquo;autres \u00e9quipements tels que cam\u00e9ras CCD, appareils photographiques, coronographe et filtre hydrog\u00e8ne-alpha viennent compl\u00e9ter les installations. L&rsquo;observatoire des Grandes-Roches se compose \u00e9galement d&rsquo;un local informatique, d&rsquo;un laboratoire photo ainsi qu&rsquo;une biblioth\u00e8que. La SVA poss\u00e8de \u00e9galement un observatoire secondaire \u00e0 900 m. d&rsquo;altitude \u00e0 Longirod, \u00e9quip\u00e9 d&rsquo;un t\u00e9lescope Newton-Cassegrain de 21 cm d&rsquo;ouverture.<\/p>\n<p>Pr\u00e9sident: M. Mica\u00ebl Hautier<br \/>\nCh. de la Roche 3<br \/>\n1020 Renens<br \/>\nT\u00e9l. 079 532 58 96<br \/>\ne-mail: info@universe-communication.com<br \/>\nLocal: Observatoire de Lausanne, chemin des Grandes-Roches 8, 1018 Lausanne,<br \/>\nSite Internet: <a href=\"https:\/\/www.svastro.ch\/\" target=\"_blank\">www.svastro.ch<\/a><br \/>\nEffectif: 200 membres<br \/>\nCotisations: fr. 60.- pour les membres titulaires; fr. 25- pour les membres juniors<\/p>\n","protected":false},"excerpt":{"rendered":"<p>Soci\u00e9t\u00e9 vaudoise d&rsquo;astronomie Fond\u00e9e en 1942 La Soci\u00e9t\u00e9 Vaudoise d&rsquo;Astronomie, SVA a pour but de r\u00e9unir toutes les personnes s&rsquo;int\u00e9ressant \u00e0 l&rsquo;astronomie ainsi qu&rsquo;aux sciences qui s&rsquo;y rattachent ainsi que vulgariser l&rsquo;astronomie aupr\u00e8s du grand public. Elle offre \u00e0 ses<\/p>\n","protected":false},"author":253,"featured_media":0,"parent":152,"menu_order":10,"comment_status":"closed","ping_status":"closed","template":"","meta":{"_seopress_robots_primary_cat":"","_seopress_titles_title":"","_seopress_titles_desc":"","_seopress_robots_index":"","footnotes":""},"class_list":["post-167","page","type-page","status-publish"],"_links":{"self":[{"href":"https:\/\/wp.unil.ch\/svsn\/wp-json\/wp\/v2\/pages\/167","targetHints":{"allow":["GET"]}}],"collection":[{"href":"https:\/\/wp.unil.ch\/svsn\/wp-json\/wp\/v2\/pages"}],"about":[{"href":"https:\/\/wp.unil.ch\/svsn\/wp-json\/wp\/v2\/types\/page"}],"author":[{"embeddable":true,"href":"https:\/\/wp.unil.ch\/svsn\/wp-json\/wp\/v2\/users\/253"}],"replies":[{"embeddable":true,"href":"https:\/\/wp.unil.ch\/svsn\/wp-json\/wp\/v2\/comments?post=167"}],"version-history":[{"count":0,"href":"https:\/\/wp.unil.ch\/svsn\/wp-json\/wp\/v2\/pages\/167\/revisions"}],"up":[{"embeddable":true,"href":"https:\/\/wp.unil.ch\/svsn\/wp-json\/wp\/v2\/pages\/152"}],"wp:attachment":[{"href":"https:\/\/wp.unil.ch\/svsn\/wp-json\/wp\/v2\/media?parent=167"}],"curies":[{"name":"wp","href":"https:\/\/api.w.org\/{rel}","templated":true}]}}