{"id":16,"date":"2010-07-08T15:15:14","date_gmt":"2010-07-08T13:15:14","guid":{"rendered":"http:\/\/wp.unil.ch\/svsn\/?page_id=16"},"modified":"2025-09-18T15:28:40","modified_gmt":"2025-09-18T13:28:40","slug":"uvss","status":"publish","type":"page","link":"https:\/\/wp.unil.ch\/svsn\/uvss\/","title":{"rendered":"UVSS"},"content":{"rendered":"\n<h5 class=\"wp-block-heading\">Union vaudoise des soci\u00e9t\u00e9s scientifiques<\/h5>\n\n\n<div class=\"wp-block-image\">\n<figure class=\"alignleft size-large is-resized\"><img alt=\"\" loading=\"lazy\" decoding=\"async\" width=\"213\" height=\"413\" src=\"https:\/\/wp.unil.ch\/svsn\/files\/2010\/07\/siguvss.jpg\" alt=\"\" class=\"wp-image-492\" style=\"width:127px;height:246px\" srcset=\"https:\/\/wp.unil.ch\/svsn\/files\/2010\/07\/siguvss.jpg 213w, https:\/\/wp.unil.ch\/svsn\/files\/2010\/07\/siguvss-154x300.jpg 154w\" sizes=\"auto, (max-width: 213px) 100vw, 213px\" \/><\/figure>\n<\/div>\n\n\n<p>Dans le but de s&rsquo;unir pour collaborer \u00e0 leurs int\u00e9r\u00eats communs, tout en conservant leur autonomie, plusieurs soci\u00e9t\u00e9s ont sign\u00e9 une convention le 6 mars 1951 et cr\u00e9\u00e9 l&rsquo;Union vaudoise des soci\u00e9t\u00e9s scientifiques (UVSS). Chaque mois, la SVSN publie pour l&rsquo;UVSS l&rsquo;<strong><a href=\"https:\/\/wp.unil.ch\/svsn\/uvss\/agenda\/\">agenda des activit\u00e9s<\/a><\/strong> propos\u00e9es par ses membres.<\/p>\n\n\n\n<p>Chaque ann\u00e9e, une manifestation commune &#8211; symposium ou excursion alternativement &#8211; regroupe les membres des diff\u00e9rentes soci\u00e9t\u00e9s de l&rsquo;UVSS autour d&rsquo;un th\u00e8me scientifique d&rsquo;int\u00e9r\u00eat g\u00e9n\u00e9ral. <\/p>\n\n\n\n<p><\/p>\n\n\n\n<div style=\"height:20px\" aria-hidden=\"true\" class=\"wp-block-spacer\"><\/div>\n\n\n\n<h5 class=\"wp-block-heading\">Les membres de l&rsquo;UVSS<\/h5>\n\n\n\n<p>L&rsquo;UVSS compte les 13 soci\u00e9t\u00e9s suivantes:<\/p>\n\n\n\n<ul class=\"wp-block-list\">\n<li><a href=\"https:\/\/wp.unil.ch\/svsn\/uvss\/societes-membres\/cco-vaud\/\">Centre de coordination pour l&rsquo;\u00e9tude et la protection des chauves-souris, section Vaud CCO-Vaud<\/a><\/li>\n\n\n\n<li><a href=\"..\/uvss\/societes-membres\/col\">Cercle ornithologique de Lausanne COL<\/a><\/li>\n\n\n\n<li><a href=\"..\/uvss\/societes-membres\/csn-chablais\">Cercle des sciences naturelles du Chablais<\/a><\/li>\n\n\n\n<li><a href=\"..\/uvss\/societes-membres\/csn-nyon-la-cote\">Cercle des sciences naturelles Nyon-La C\u00f4te CSNC<\/a><\/li>\n\n\n\n<li><a href=\"..\/uvss\/societes-membres\/csn-vevey-montreux\">Cercle des sciences naturelles de Vevey-Montreux<\/a><\/li>\n\n\n\n<li><a href=\"..\/uvss\/societes-membres\/cvb\">Cercle vaudois de botanique CVB<\/a><\/li>\n\n\n\n<li><a href=\"..\/uvss\/societes-membres\/ghal\">Groupement herp\u00e9tologique et arachnide de Lausanne GHAL<\/a><\/li>\n\n\n\n<li><a href=\"..\/uvss\/societes-membres\/gos\">Groupe ornithologique et des sciences naturelles de Morges et environs GOS<\/a><\/li>\n\n\n\n<li><a href=\"..\/uvss\/societes-membres\/sva\">Soci\u00e9t\u00e9 vaudoise d&rsquo;astronomie SVA<\/a><\/li>\n\n\n\n<li><a href=\"..\/uvss\/societes-membres\/sve\">Soci\u00e9t\u00e9 vaudoise d&rsquo;entomologie SVE<\/a><\/li>\n\n\n\n<li><a href=\"..\/uvss\/societes-membres\/svm\">Soci\u00e9t\u00e9 vaudoise de min\u00e9ralogie SVM<\/a><\/li>\n\n\n\n<li><a href=\"..\/uvss\/societes-membres\/svsn\">Soci\u00e9t\u00e9 vaudoise des sciences naturelles SVSN<\/a><br><\/li>\n<\/ul>\n","protected":false},"excerpt":{"rendered":"<p>Union vaudoise des soci\u00e9t\u00e9s scientifiques Dans le but de s&rsquo;unir pour collaborer \u00e0 leurs int\u00e9r\u00eats communs, tout en conservant leur autonomie, plusieurs soci\u00e9t\u00e9s ont sign\u00e9 une convention le 6 mars 1951 et cr\u00e9\u00e9 l&rsquo;Union vaudoise des soci\u00e9t\u00e9s scientifiques (UVSS). Chaque<\/p>\n","protected":false},"author":1001879,"featured_media":0,"parent":0,"menu_order":14,"comment_status":"closed","ping_status":"closed","template":"","meta":{"_seopress_robots_primary_cat":"","_seopress_titles_title":"","_seopress_titles_desc":"","_seopress_robots_index":"","footnotes":""},"class_list":["post-16","page","type-page","status-publish"],"_links":{"self":[{"href":"https:\/\/wp.unil.ch\/svsn\/wp-json\/wp\/v2\/pages\/16","targetHints":{"allow":["GET"]}}],"collection":[{"href":"https:\/\/wp.unil.ch\/svsn\/wp-json\/wp\/v2\/pages"}],"about":[{"href":"https:\/\/wp.unil.ch\/svsn\/wp-json\/wp\/v2\/types\/page"}],"author":[{"embeddable":true,"href":"https:\/\/wp.unil.ch\/svsn\/wp-json\/wp\/v2\/users\/1001879"}],"replies":[{"embeddable":true,"href":"https:\/\/wp.unil.ch\/svsn\/wp-json\/wp\/v2\/comments?post=16"}],"version-history":[{"count":5,"href":"https:\/\/wp.unil.ch\/svsn\/wp-json\/wp\/v2\/pages\/16\/revisions"}],"predecessor-version":[{"id":11618,"href":"https:\/\/wp.unil.ch\/svsn\/wp-json\/wp\/v2\/pages\/16\/revisions\/11618"}],"wp:attachment":[{"href":"https:\/\/wp.unil.ch\/svsn\/wp-json\/wp\/v2\/media?parent=16"}],"curies":[{"name":"wp","href":"https:\/\/api.w.org\/{rel}","templated":true}]}}