{"id":152,"date":"2010-07-11T15:32:56","date_gmt":"2010-07-11T13:32:56","guid":{"rendered":"http:\/\/wp.unil.ch\/svsn\/?page_id=152"},"modified":"2026-04-02T09:11:24","modified_gmt":"2026-04-02T07:11:24","slug":"agenda","status":"publish","type":"page","link":"https:\/\/wp.unil.ch\/svsn\/uvss\/agenda\/","title":{"rendered":"Agenda UVSS"},"content":{"rendered":"\n<p>La SVSN publie chaque mois un programme mensuel qui liste \u00e9galement les activit\u00e9s des soci\u00e9t\u00e9s de l&rsquo;Union vaudoise des soci\u00e9t\u00e9s scientifiques.<br><br>Programme SVSN &#8211; UVSS avril <a href=\"https:\/\/wp.unil.ch\/svsn\/files\/2026\/03\/pm_202604-1-4.pdf\">(t\u00e9l\u00e9charger ici)<\/a><br>Programme SVSN &#8211; UVSS mai <a href=\"https:\/\/wp.unil.ch\/svsn\/files\/2026\/04\/pm_202605-1-4.pdf\">(t\u00e9l\u00e9charger ici)<\/a><br><\/p>\n\n\n\n<p><br><\/p>\n\n\n\n<p><a href=\"https:\/\/wp.unil.ch\/svsn\/files\/2025\/05\/pm_2024_06.pdf\"><br><\/a><br><br><br><br><br><\/p>\n","protected":false},"excerpt":{"rendered":"<p>La SVSN publie chaque mois un programme mensuel qui liste \u00e9galement les activit\u00e9s des soci\u00e9t\u00e9s de l&rsquo;Union vaudoise des soci\u00e9t\u00e9s scientifiques. Programme SVSN &#8211; UVSS avril (t\u00e9l\u00e9charger ici)Programme SVSN &#8211; UVSS mai (t\u00e9l\u00e9charger ici)<\/p>\n","protected":false},"author":1001879,"featured_media":0,"parent":16,"menu_order":0,"comment_status":"closed","ping_status":"closed","template":"","meta":{"_seopress_robots_primary_cat":"","_seopress_titles_title":"","_seopress_titles_desc":"","_seopress_robots_index":"","footnotes":""},"class_list":["post-152","page","type-page","status-publish"],"_links":{"self":[{"href":"https:\/\/wp.unil.ch\/svsn\/wp-json\/wp\/v2\/pages\/152","targetHints":{"allow":["GET"]}}],"collection":[{"href":"https:\/\/wp.unil.ch\/svsn\/wp-json\/wp\/v2\/pages"}],"about":[{"href":"https:\/\/wp.unil.ch\/svsn\/wp-json\/wp\/v2\/types\/page"}],"author":[{"embeddable":true,"href":"https:\/\/wp.unil.ch\/svsn\/wp-json\/wp\/v2\/users\/1001879"}],"replies":[{"embeddable":true,"href":"https:\/\/wp.unil.ch\/svsn\/wp-json\/wp\/v2\/comments?post=152"}],"version-history":[{"count":5,"href":"https:\/\/wp.unil.ch\/svsn\/wp-json\/wp\/v2\/pages\/152\/revisions"}],"predecessor-version":[{"id":12114,"href":"https:\/\/wp.unil.ch\/svsn\/wp-json\/wp\/v2\/pages\/152\/revisions\/12114"}],"up":[{"embeddable":true,"href":"https:\/\/wp.unil.ch\/svsn\/wp-json\/wp\/v2\/pages\/16"}],"wp:attachment":[{"href":"https:\/\/wp.unil.ch\/svsn\/wp-json\/wp\/v2\/media?parent=152"}],"curies":[{"name":"wp","href":"https:\/\/api.w.org\/{rel}","templated":true}]}}