{"id":14,"date":"2010-07-08T15:14:53","date_gmt":"2010-07-08T13:14:53","guid":{"rendered":"http:\/\/wp.unil.ch\/svsn\/?page_id=14"},"modified":"2021-05-08T00:10:18","modified_gmt":"2021-05-07T22:10:18","slug":"releve","status":"publish","type":"page","link":"https:\/\/wp.unil.ch\/svsn\/releve\/","title":{"rendered":"Soutien \u00e0 la rel\u00e8ve"},"content":{"rendered":"<h6>Prix SVSN<\/h6>\n<p>La SVSN soutient la rel\u00e8ve scientifique en attribuant un prix \u00e0 des jeunes de moins de 21 ans pour un travail r\u00e9alis\u00e9 dans le domaine des sciences naturelles (travail de maturit\u00e9 par exemple). Le <strong><a href=\"https:\/\/wp.unil.ch\/svsn\/soutien-a-la-releve\/prix-svsn\/\">prix SVSN<\/a><\/strong> est constitu\u00e9 d&rsquo;un prix d&rsquo;excellence dot\u00e9 de CHF 1000.- et de trois prix sp\u00e9ciaux du Jury pour des travaux particuli\u00e8rement originaux de CHF 200.- chacun.<\/p>\n<h6>Bourse du bicentenaire de la SVSN<\/h6>\n<p>Pour f\u00eater son bicentenaire, la SVSN a remis exceptionnellement, en partenariat avec la <a href=\"https:\/\/s-a-v.org\/\">Soci\u00e9t\u00e9 Acad\u00e9mique Vaudoise<\/a> (SAV), une <a href=\"https:\/\/wp.unil.ch\/svsn\/soutien-a-la-releve\/bourse200\/\"><strong>bourse du 200\u00e8me<\/strong><\/a> au Dr. Pablo Duch\u00e9n Bocangel du D\u00e9partement de biologie computationnelle de l&rsquo;Universit\u00e9 de Lausanne pour son projet intitul\u00e9 \u00ab\u00a0Adaptation locale des populations naturelles et leur r\u00e9ponse au changement climatique : le cas de la luciole <em>Lampyris noctiluca<\/em> dans le canton de Vaud\u00a0\u00bb.<\/p>\n","protected":false},"excerpt":{"rendered":"<p>Prix SVSN La SVSN soutient la rel\u00e8ve scientifique en attribuant un prix \u00e0 des jeunes de moins de 21 ans pour un travail r\u00e9alis\u00e9 dans le domaine des sciences naturelles (travail de maturit\u00e9 par exemple). Le prix SVSN est constitu\u00e9<\/p>\n","protected":false},"author":1001879,"featured_media":0,"parent":0,"menu_order":6,"comment_status":"closed","ping_status":"closed","template":"","meta":{"_seopress_robots_primary_cat":"","_seopress_titles_title":"","_seopress_titles_desc":"","_seopress_robots_index":"","footnotes":""},"class_list":["post-14","page","type-page","status-publish"],"_links":{"self":[{"href":"https:\/\/wp.unil.ch\/svsn\/wp-json\/wp\/v2\/pages\/14","targetHints":{"allow":["GET"]}}],"collection":[{"href":"https:\/\/wp.unil.ch\/svsn\/wp-json\/wp\/v2\/pages"}],"about":[{"href":"https:\/\/wp.unil.ch\/svsn\/wp-json\/wp\/v2\/types\/page"}],"author":[{"embeddable":true,"href":"https:\/\/wp.unil.ch\/svsn\/wp-json\/wp\/v2\/users\/1001879"}],"replies":[{"embeddable":true,"href":"https:\/\/wp.unil.ch\/svsn\/wp-json\/wp\/v2\/comments?post=14"}],"version-history":[{"count":0,"href":"https:\/\/wp.unil.ch\/svsn\/wp-json\/wp\/v2\/pages\/14\/revisions"}],"wp:attachment":[{"href":"https:\/\/wp.unil.ch\/svsn\/wp-json\/wp\/v2\/media?parent=14"}],"curies":[{"name":"wp","href":"https:\/\/api.w.org\/{rel}","templated":true}]}}