{"id":12124,"date":"2026-04-16T11:25:00","date_gmt":"2026-04-16T09:25:00","guid":{"rendered":"https:\/\/wp.unil.ch\/svsn\/?page_id=12124"},"modified":"2026-05-05T09:15:21","modified_gmt":"2026-05-05T07:15:21","slug":"12124-2","status":"publish","type":"page","link":"https:\/\/wp.unil.ch\/svsn\/12124-2\/","title":{"rendered":""},"content":{"rendered":"\n<p class=\"has-text-align-center has-text-color has-link-color has-large-font-size wp-elements-52e9c3a5ba3d39bbde92fe53e71fc42c\" style=\"color:#0fa455\"><strong>Excursion scientifique <\/strong><br><br><br><strong>dans le vallon de Nant (VD)<\/strong><br><br><br><\/p>\n\n\n\n<p class=\"has-text-align-center\"><strong>Le samedi 25 juillet 2026<br>Vallon de Nant<br>9h &#8211; 17h<\/strong><br><strong>Sur inscription<\/strong> <strong>obligatoire<\/strong> (lien en bas de page)<br><\/p>\n\n\n\n<figure class=\"wp-block-gallery has-nested-images columns-default is-cropped wp-block-gallery-1 is-layout-flex wp-block-gallery-is-layout-flex\">\n<figure class=\"wp-block-image size-large\"><a href=\"https:\/\/wp.unil.ch\/svsn\/files\/2026\/04\/nant-1.jpg\"><img loading=\"lazy\" decoding=\"async\" width=\"667\" height=\"499\" data-id=\"12144\" src=\"https:\/\/wp.unil.ch\/svsn\/files\/2026\/04\/nant-1.jpg\" alt=\"nant 1\" class=\"wp-image-12144\" srcset=\"https:\/\/wp.unil.ch\/svsn\/files\/2026\/04\/nant-1.jpg 667w, https:\/\/wp.unil.ch\/svsn\/files\/2026\/04\/nant-1-300x224.jpg 300w\" sizes=\"auto, (max-width: 667px) 100vw, 667px\" \/><\/a><figcaption class=\"wp-element-caption\">Station m\u00e9t\u00e9orologique \u00e0 l\u2019alpage de La Chaux \u00a9 Jean-Michel Fallot<\/figcaption><\/figure>\n\n\n\n<figure class=\"wp-block-image size-large\"><a href=\"https:\/\/wp.unil.ch\/svsn\/files\/2026\/04\/nant-2.jpg\"><img loading=\"lazy\" decoding=\"async\" width=\"667\" height=\"499\" data-id=\"12145\" src=\"https:\/\/wp.unil.ch\/svsn\/files\/2026\/04\/nant-2.jpg\" alt=\"nant 2\" class=\"wp-image-12145\" srcset=\"https:\/\/wp.unil.ch\/svsn\/files\/2026\/04\/nant-2.jpg 667w, https:\/\/wp.unil.ch\/svsn\/files\/2026\/04\/nant-2-300x224.jpg 300w\" sizes=\"auto, (max-width: 667px) 100vw, 667px\" \/><\/a><figcaption class=\"wp-element-caption\">Cirque au fond du vallon de Nant \u00a9 Jean-Michel Fallot<\/figcaption><\/figure>\n\n\n\n<figure class=\"wp-block-image size-large\"><a href=\"https:\/\/wp.unil.ch\/svsn\/files\/2026\/04\/nant3.jpg\"><img loading=\"lazy\" decoding=\"async\" width=\"667\" height=\"500\" data-id=\"12146\" src=\"https:\/\/wp.unil.ch\/svsn\/files\/2026\/04\/nant3.jpg\" alt=\"nant3\" class=\"wp-image-12146\" srcset=\"https:\/\/wp.unil.ch\/svsn\/files\/2026\/04\/nant3.jpg 667w, https:\/\/wp.unil.ch\/svsn\/files\/2026\/04\/nant3-300x225.jpg 300w\" sizes=\"auto, (max-width: 667px) 100vw, 667px\" \/><\/a><figcaption class=\"wp-element-caption\">Processus gravitaires \u00a9 Simon Martin <\/figcaption><\/figure>\n\n\n\n<figure class=\"wp-block-image size-large\"><a href=\"https:\/\/wp.unil.ch\/svsn\/files\/2026\/04\/nant-4.jpg\"><img loading=\"lazy\" decoding=\"async\" width=\"667\" height=\"500\" data-id=\"12147\" src=\"https:\/\/wp.unil.ch\/svsn\/files\/2026\/04\/nant-4.jpg\" alt=\"nant 4\" class=\"wp-image-12147\" srcset=\"https:\/\/wp.unil.ch\/svsn\/files\/2026\/04\/nant-4.jpg 667w, https:\/\/wp.unil.ch\/svsn\/files\/2026\/04\/nant-4-300x225.jpg 300w\" sizes=\"auto, (max-width: 667px) 100vw, 667px\" \/><\/a><figcaption class=\"wp-element-caption\">Mat\u00e9riaux charri\u00e9s par l\u2019Avan\u00e7on \u00a9 Simon Martin <\/figcaption><\/figure>\n\n\n\n<figure class=\"wp-block-image size-large\"><a href=\"https:\/\/wp.unil.ch\/svsn\/files\/2026\/04\/nant-5.jpg\"><img loading=\"lazy\" decoding=\"async\" width=\"355\" height=\"789\" data-id=\"12148\" src=\"https:\/\/wp.unil.ch\/svsn\/files\/2026\/04\/nant-5.jpg\" alt=\"nant 5\" class=\"wp-image-12148\" srcset=\"https:\/\/wp.unil.ch\/svsn\/files\/2026\/04\/nant-5.jpg 355w, https:\/\/wp.unil.ch\/svsn\/files\/2026\/04\/nant-5-135x300.jpg 135w\" sizes=\"auto, (max-width: 355px) 100vw, 355px\" \/><\/a><figcaption class=\"wp-element-caption\">Dryade \u00e0 huit p\u00e9tales \u00a9 Lila Siegfried<\/figcaption><\/figure>\n<\/figure>\n\n\n\n<p class=\"has-text-align-center\"><\/p>\n\n\n\n<p><strong>Intervenants&nbsp;:<\/strong><br><strong>Dr Jean-Michel Fallot&nbsp;:<\/strong> g\u00e9ographe-climatologue \u00e0 l\u2019UNIL, retrait\u00e9.<br><strong>Dr Simon Martin&nbsp;:<\/strong> g\u00e9ographe-g\u00e9omorphologue, associ\u00e9 au bureau Relief \u00e0 Aigle.<br><strong>Dr Lila Siegfried&nbsp;<\/strong>: Dr. en science de l\u2019environnement, botaniste et p\u00e9dologue.<br><br>Le Vallon de Nant est une r\u00e9serve naturelle cantonale au-dessus des Plans-sur-Bex dans les Alpes vaudoises qui fait partie du district franc f\u00e9d\u00e9ral du Grand Muveran. Ce vallon est un joyau de la biodiversit\u00e9 en Suisse qui abrite plus de 600 esp\u00e8ces de plantes diff\u00e9rentes sur une surface de 14 km<sup>2<\/sup>. Il repr\u00e9sente aussi un terrain d\u2019\u00e9tudes privil\u00e9gi\u00e9 depuis presque 2 si\u00e8cles autour de diverses disciplines. La Facult\u00e9 des G\u00e9osciences et de l\u2019Environnement (FGSE) de l\u2019Universit\u00e9 de Lausanne (UNIL) a men\u00e9 de nombreuses recherches depuis une vingtaine d\u2019ann\u00e9es, notamment dans les domaines de la climatologie, de l\u2019hydrologie, de la g\u00e9omorphologie, du transport s\u00e9dimentaire, de la g\u00e9ologie, de la p\u00e9dologie et de l\u2019\u00e9cologie alpine. Trois stations m\u00e9t\u00e9orologiques et divers instruments de mesures ont \u00e9t\u00e9 install\u00e9s dans ce vallon.<\/p>\n\n\n\n<p>L\u2019objectif de cette excursion est de pr\u00e9senter quelques \u00e9tudes r\u00e9alis\u00e9es dans ce vallon dans le domaine de la climatologie, de la g\u00e9omorphologie et de l\u2019\u00e9cologie alpine (flore) \u00e0 l\u2019intention d\u2019un large public a priori non scientifique. Cette excursion est ouverte \u00e0 tout le monde et sera dirig\u00e9e par 3 intervenants qui conduiront les participants du parking du Pont-de-Nant (1250 m\/mer) \u00e0 l\u2019alpage de Nant (1500 m\/mer) au fond du vallon, avec plusieurs arr\u00eats scientifiques.<br><br><strong>Jean-Michel Fallot<\/strong> pr\u00e9sentera le r\u00e9seau m\u00e9t\u00e9orologique install\u00e9 dans le vallon de Nant et quelques r\u00e9sultats de ces mesures. Il d\u00e9crira aussi plusieurs effets de la topographie susceptibles d\u2019influencer la temp\u00e9rature de l\u2019air et d\u2019autres \u00e9l\u00e9ments du climat r\u00e9gional et local. La topographie favorise notamment par nuit claire des accumulations d\u2019air froid au fond des vall\u00e9es et des d\u00e9pressions dont l\u2019ampleur varie fortement en fonction de leur morphologie. La topographie influence aussi fortement la pluviom\u00e9trie&nbsp;: les pr\u00e9cipitations moyennes augmentent avec l\u2019altitude et elles d\u00e9pendent aussi beaucoup de l\u2019exposition des reliefs aux afflux d\u2019air humides. Le vallon de Nant est tr\u00e8s expos\u00e9 \u00e0 ces afflux d\u2019air qui lui conf\u00e8rent un climat humide et frais. Ces effets de la topographie peuvent ensuite influencer d\u2019autres domaines comme la v\u00e9g\u00e9tation ou l\u2019agriculture.<\/p>\n\n\n\n<p><strong>Simon Martin<\/strong> pr\u00e9sentera le contexte g\u00e9ologique et la g\u00e9omorphologique du vallon de Nant dont le relief actuel r\u00e9sulte de la combinaison de processus glaciaires, gravitaires et torrentiels. Plusieurs arr\u00eats permettront d\u2019observer ensemble les dynamiques pass\u00e9s et actuelles \u00e0 diff\u00e9rentes \u00e9chelles. La valeur patrimoniale de ce site, bient\u00f4t inscrit \u00e0 l\u2019inventaire des g\u00e9otopes vaudois, sera \u00e9galement abord\u00e9e \u00e0 travers l\u2019historique de sa mise sous protection, son int\u00e9r\u00eat pour la recherche en g\u00e9osciences, ses usages p\u00e9dagogiques et g\u00e9otouristiques, ainsi que les sp\u00e9cificit\u00e9s du secteur morainique et p\u00e9riglaciaire des Martinets \u2013 que nous admirerons depuis le bas.<\/p>\n\n\n\n<p><strong>Lila Siegfried<\/strong> pr\u00e9sentera la flore alpine dans le vallon de Nant en mettant en \u00e9vidence la diversit\u00e9 des communaut\u00e9s v\u00e9g\u00e9tales et leur r\u00e9partition dans le paysage en fonction des conditions environnementales. Les principales adaptations des plantes aux milieux alpins seront abord\u00e9es, ainsi que les liens \u00e9troits entre la v\u00e9g\u00e9tation, le sol et le substrat g\u00e9ologique. L\u2019influence humaine sur la v\u00e9g\u00e9tation dans le vallon de Nant sera aussi \u00e9voqu\u00e9e, tout comme les dynamiques de succession \u00e9cologique.<br><br><strong>Biographie<\/strong><\/p>\n\n\n\n<p><strong>Jean-Michel Fallot<\/strong> est un g\u00e9ographe-climatologue. Il a obtenu son doctorat \u00e0 l\u2019Universit\u00e9 de Fribourg en 1992 avec une th\u00e8se sur les vents dans la vall\u00e9e de la Sarine en Gruy\u00e8re. Il a ensuite suivi un stage post-doc de 2 ans \u00e0 Boulder (Colorado, USA). Il a particip\u00e9 \u00e0 plusieurs projets de recherche en climatologie depuis 1981 d\u2019abord en tant qu\u2019assistant \u00e0 l\u2019Universit\u00e9 de Fribourg et collaborateur scientifique \u00e0 l\u2019EPFL, puis en tant que Ma\u00eetre d\u2019Enseignement et de Recherche (MER) \u00e0 temps partiel \u00e0 l\u2019Universit\u00e9 de Lausanne depuis 2006. Ses recherches ont notamment port\u00e9 sur les influences de la topographie et des villes sur le climat r\u00e9gional, sur le changement et les extr\u00eames climatiques, ainsi que sur la ventilation en relation avec la qualit\u00e9 de l\u2019air. Il a \u00e9galement travaill\u00e9 \u00e0 temps partiel pendant plus de 20 ans dans un bureau priv\u00e9 sur des expertises climatiques et des \u00e9tudes d\u2019impact sur l\u2019environnement, en particulier sur des \u00e9tudes de pollution de l\u2019air, de bruit et de trafic pour des projets autoroutiers. Il est retrait\u00e9 depuis ao\u00fbt 2023 et responsable du dicast\u00e8re climatologie- m\u00e9t\u00e9orologie au sein de la SVSN.<\/p>\n\n\n\n<p><strong>Simon Martin<\/strong> est g\u00e9ographe&nbsp;; il a obtenu son doctorat \u00e0 l\u2019Universit\u00e9 de Lausanne en 2012 en soutenant une th\u00e8se sur la m\u00e9diation (vulgarisation) des concepts et objets de la g\u00e9omorphologie par le biais de supports visuels et interactifs. Le vallon de Nant a constitu\u00e9 l\u2019un de ses terrains d\u2019\u00e9tude, principalement pour \u00e9tudier les connaissances, int\u00e9r\u00eats et motivation des visiteurs du site concernant les sciences de la Terre et le paysage. Il a \u00e9galement travaill\u00e9 avec Amandine Perret sur la carte g\u00e9omorphologique du vallon et l\u2019\u00e9tude du complexe morainique des Martinets. Il a co-fond\u00e9 en 2012 le bureau d\u2019\u00e9tude Relief \u00e0 Aigle, sp\u00e9cialis\u00e9 dans la gestion du patrimoine naturel (en particulier g\u00e9ologique), la planification touristique (g\u00e9otourisme et tourisme durable) et la r\u00e9alisation de documents de vulgarisation, sensibilisation et de communication. Avec le bureau Relief, il a entre autres particip\u00e9 \u00e0 la valorisation de sites g\u00e9omorphologiques sur la commune de Bex et \u00e0 la r\u00e9vision de l\u2019inventaire des g\u00e9otopes du canton de Vaud. Simon Martin est membre de la Soci\u00e9t\u00e9 suisse de G\u00e9omorphologie, de la commission suisse du g\u00e9o-patrimoine (SCNAT) et de l\u2019association Morcles-Diablerets-Muveran qui a pour but de faire conna\u00eetre et valoriser le patrimoine culturel et naturel de l\u2019objet IFP 1503 qui inclut le vallon de Nant.<\/p>\n\n\n\n<p><strong>Lila Siegfried<\/strong> est sp\u00e9cialis\u00e9e en biog\u00e9osciences et s\u2019int\u00e9resse particuli\u00e8rement aux interactions entre la v\u00e9g\u00e9tation et le sol. Elle a obtenu son doctorat \u00e0 l\u2019Universit\u00e9 de Lausanne en 2025, avec une th\u00e8se sur la dynamique des for\u00eats riveraines dans les r\u00e9serves de la Grande Cari\u00e7aie. Titulaire du certificat 600 en botanique de terrain, elle a d\u00e9velopp\u00e9 ses connaissances en botanique alpine \u00e0 travers son travail de Master dans la plaine alluviale du glacier d\u2019Otemma, puis lors d\u2019un stage en \u00e9cologie alpine au col de la Furka. Durant sa th\u00e8se en tant qu\u2019assistante, elle a particip\u00e9 \u00e0 des camps de terrain dans les Alpes et dans divers milieux en Suisse et en France. Elle a \u00e9galement particip\u00e9 au terrain de l\u2019Atlas de la flore du Valais autour du Mont Gond, depuis 2020. Elle a \u00e9galement anim\u00e9 plusieurs ateliers, notamment sur les plantes comestibles. Actuellement, elle anime des ateliers sur les sols avec l\u2019Eprouvette (le laboratoire de vulgarisation de l\u2019UNIL) et travaille en tant que botaniste et p\u00e9dologue au bureau Natura biologie appliqu\u00e9e, \u00e0 Oron-la-Ville.<br><br><strong>Informations pratiques<\/strong><br>Le chemin de randonn\u00e9e (piste carrossable) ne pr\u00e9sente pas de difficult\u00e9 particuli\u00e8re, mais il n\u2019est pas accessible aux personnes \u00e0 mobilit\u00e9 r\u00e9duite. Compter environ 1&nbsp;heure de marche pour l\u2019aller avec 300&nbsp;m de d\u00e9nivel\u00e9 et 45 minutes pour le retour, sans les arr\u00eats scientifiques.<br>Pour cette excursion, il convient de s\u2019\u00e9quiper de bonnes chaussures de marche, de pr\u00e9voir un pique-nique et des v\u00eatements adapt\u00e9s \u00e0 la m\u00e9t\u00e9orologie du jour&nbsp;: les matin\u00e9es sont fra\u00eeches dans le vallon de Nant, m\u00eame en \u00e9t\u00e9.<br>Pour les personnes venant par les transports publics, un co-voiturage pourra \u00eatre organis\u00e9 depuis la gare de Bex \u00e0 8h40 en fonction des voitures disponibles pour cela.<strong><br><\/strong><\/p>\n\n\n\n<p>Cette excursion est gratuite et accessible \u00e0 tous, mais il faut s&rsquo;inscrire pour cela, car le nombre de places est limit\u00e9 \u00e0 30 : les 30 premier(e)s inscrit(e)s seront retenu(e)s. Pri\u00e8re aussi d&rsquo;indiquer si vous seriez libre le samedi 8 ao\u00fbt 2026 au cas o\u00f9 l&rsquo;excursion serait report\u00e9e \u00e0 cette date en cas de mauvais temps le 25 juillet 2026.<\/p>\n\n\n<p>Les inscriptions seront ouvertes le 20 juin.<\/p>\n\n\n<figure class=\"wp-block-table\"><table class=\"has-background has-fixed-layout\" style=\"background-color:#ececec\"><tbody><tr><td><strong>Date: 25 juillet 2026<br>Horaire: 9h \u2013 17h.<\/strong><br><strong>Sur inscription:<\/strong> via le formulaire ci-dessus<br><strong>Rendez-vous\u00a0: <\/strong>9h au <a href=\"https:\/\/maps.app.goo.gl\/7uVtQ8LLTgiM74iF9\">parking du Pont de Nant<\/a> pr\u00e8s de la station m\u00e9t\u00e9orologique.<br><strong>En cas de mauvais temps, l\u2019excursion sera annul\u00e9e et report\u00e9e au samedi 8 ao\u00fbt 2026.<\/strong><br><strong>En cas de doute (m\u00e9t\u00e9o incertaine), se renseigner aupr\u00e8s de Jean-Michel Fallot le soir avant entre 20h15 et 22h au 076 585 18 27.<\/strong><\/td><\/tr><\/tbody><\/table><\/figure>\n\n\n\n<p><\/p>\n","protected":false},"excerpt":{"rendered":"<p>Excursion scientifique dans le vallon de Nant (VD) Le samedi 25 juillet 2026Vallon de Nant9h &#8211; 17hSur inscription obligatoire (lien en bas de page) Intervenants&nbsp;:Dr Jean-Michel Fallot&nbsp;: g\u00e9ographe-climatologue \u00e0 l\u2019UNIL, retrait\u00e9.Dr Simon Martin&nbsp;: g\u00e9ographe-g\u00e9omorphologue, associ\u00e9 au bureau Relief \u00e0 Aigle.Dr<\/p>\n","protected":false},"author":1002538,"featured_media":0,"parent":0,"menu_order":0,"comment_status":"closed","ping_status":"closed","template":"","meta":{"_seopress_robots_primary_cat":"","_seopress_titles_title":"","_seopress_titles_desc":"","_seopress_robots_index":"","footnotes":""},"class_list":["post-12124","page","type-page","status-publish"],"_links":{"self":[{"href":"https:\/\/wp.unil.ch\/svsn\/wp-json\/wp\/v2\/pages\/12124","targetHints":{"allow":["GET"]}}],"collection":[{"href":"https:\/\/wp.unil.ch\/svsn\/wp-json\/wp\/v2\/pages"}],"about":[{"href":"https:\/\/wp.unil.ch\/svsn\/wp-json\/wp\/v2\/types\/page"}],"author":[{"embeddable":true,"href":"https:\/\/wp.unil.ch\/svsn\/wp-json\/wp\/v2\/users\/1002538"}],"replies":[{"embeddable":true,"href":"https:\/\/wp.unil.ch\/svsn\/wp-json\/wp\/v2\/comments?post=12124"}],"version-history":[{"count":5,"href":"https:\/\/wp.unil.ch\/svsn\/wp-json\/wp\/v2\/pages\/12124\/revisions"}],"predecessor-version":[{"id":12195,"href":"https:\/\/wp.unil.ch\/svsn\/wp-json\/wp\/v2\/pages\/12124\/revisions\/12195"}],"wp:attachment":[{"href":"https:\/\/wp.unil.ch\/svsn\/wp-json\/wp\/v2\/media?parent=12124"}],"curies":[{"name":"wp","href":"https:\/\/api.w.org\/{rel}","templated":true}]}}