{"id":12032,"date":"2026-03-02T14:39:08","date_gmt":"2026-03-02T13:39:08","guid":{"rendered":"https:\/\/wp.unil.ch\/svsn\/?page_id=12032"},"modified":"2026-03-19T12:03:58","modified_gmt":"2026-03-19T11:03:58","slug":"conference","status":"publish","type":"page","link":"https:\/\/wp.unil.ch\/svsn\/conference\/","title":{"rendered":"Conf\u00e9rence et remise du Prix SVSN 2026"},"content":{"rendered":"\n<p class=\"has-text-color has-link-color has-large-font-size wp-elements-0bfe674b04279f16b2cdb69b8430c561\" style=\"color:#1fae72\"><strong>R\u00e9g\u00e9n\u00e9ration des sols par la poudre de roche: <br><br><br>l&rsquo;\u00e9ternel retour d&rsquo;une technique pluris\u00e9culaire.<\/strong><\/p>\n\n\n\n<p><strong>Dr<\/strong> <strong>Xavier Dupla<\/strong> <em><a href=\"https:\/\/eaps.ethz.ch\/en\/people\/profile.xaviermarie-dupla.html\">Department of Earth and Planetary Sciences<\/a> &#8211; ETHZ<\/em><\/p>\n\n\n\n<p class=\"has-text-align-center\"><strong>Le jeudi 21 mai 2026<br>Au Palais de Rumine<br>Auditoire Narbel<\/strong><br><strong>18h30<\/strong><\/p>\n\n\n\n<p class=\"has-text-align-center\"><strong>Online : <\/strong>lien \u00e0 venir<\/p>\n\n\n\n<figure class=\"wp-block-image size-large\"><a href=\"https:\/\/wp.unil.ch\/svsn\/files\/2026\/03\/81b88671-20c7-4170-bc75-f08b3ac4289e.jpg\"><img loading=\"lazy\" decoding=\"async\" width=\"1024\" height=\"768\" src=\"https:\/\/wp.unil.ch\/svsn\/files\/2026\/03\/81b88671-20c7-4170-bc75-f08b3ac4289e-1024x768.jpg\" alt=\"81b88671 20c7 4170 bc75 f08b3ac4289e\" class=\"wp-image-12036\" srcset=\"https:\/\/wp.unil.ch\/svsn\/files\/2026\/03\/81b88671-20c7-4170-bc75-f08b3ac4289e-1024x768.jpg 1024w, https:\/\/wp.unil.ch\/svsn\/files\/2026\/03\/81b88671-20c7-4170-bc75-f08b3ac4289e-300x225.jpg 300w, https:\/\/wp.unil.ch\/svsn\/files\/2026\/03\/81b88671-20c7-4170-bc75-f08b3ac4289e-768x576.jpg 768w, https:\/\/wp.unil.ch\/svsn\/files\/2026\/03\/81b88671-20c7-4170-bc75-f08b3ac4289e-1536x1152.jpg 1536w, https:\/\/wp.unil.ch\/svsn\/files\/2026\/03\/81b88671-20c7-4170-bc75-f08b3ac4289e-1320x990.jpg 1320w, https:\/\/wp.unil.ch\/svsn\/files\/2026\/03\/81b88671-20c7-4170-bc75-f08b3ac4289e.jpg 1600w\" sizes=\"auto, (max-width: 1024px) 100vw, 1024px\" \/><\/a><figcaption class=\"wp-element-caption\">L\u00e9gende: Photo Xavier Dupla<\/figcaption><\/figure>\n\n\n\n<p>R\u00e9sum\u00e9:<br>Depuis une dizaine d\u2019ann\u00e9es, une m\u00e9thode de pi\u00e9geage du CO2 appel\u00e9e&nbsp;<em>alt\u00e9ration acc\u00e9l\u00e9r\u00e9e des roches<\/em>&nbsp;(enhanced rock weathering) est en plein essor \u00e0 l\u2019\u00e9chelle internationale. Le principe est simple en apparence : \u00e9pandre de grandes quantit\u00e9s de poudres de roches, souvent silicat\u00e9es, sur les sols agricoles afin d\u2019acc\u00e9l\u00e9rer des processus naturels d\u2019alt\u00e9ration chimique qui consomment du CO2 atmosph\u00e9rique.<\/p>\n\n\n\n<p>Si les b\u00e9n\u00e9fices climatiques sont incertains, les effets agronomiques, eux, pourraient s\u2019av\u00e9rer d\u00e9terminants. Apports en nutriments, r\u00e9gulation du pH, stimulation de la fertilit\u00e9 biologique : l\u2019<em>alt\u00e9ration acc\u00e9l\u00e9r\u00e9e<\/em>&nbsp;pourrait contribuer \u00e0 r\u00e9g\u00e9n\u00e9rer des sols appauvris et \u00e0 renforcer la r\u00e9silience des cultures face aux stress environnementaux.<\/p>\n\n\n\n<p>Dans cette conf\u00e9rence, le g\u00e9ochimiste des sols Xavier Dupla (ETH Z\u00fcrich) propose de revisiter les racines de cette \u00ab d\u00e9couverte\u00bb contemporaine. Car derri\u00e8re ce qui est aujourd\u2019hui pr\u00e9sent\u00e9 comme une innovation agronomique se cache une histoire bien plus ancienne. Des pratiques agricoles de l\u2019\u00cele Maurice aux sols volcaniques de Lanzarote, en passant par les intuitions des penseurs de la Gr\u00e8ce antique, ce voyage entre science et histoire des sciences r\u00e9v\u00e8le l\u2019\u00e9ternel retour d\u2019une technique pluris\u00e9culaire \u2014 o\u00f9 l\u2019alt\u00e9ration des roches appara\u00eet non seulement comme un levier climatique potentiel, mais aussi comme un outil de r\u00e9g\u00e9n\u00e9ration des agro\u00e9cosyst\u00e8mes.<\/p>\n\n\n\n<p>Biographie:<br>Agronome de formation (hepia), je me suis sp\u00e9cialis\u00e9 en g\u00e9ochimie de sols \u00e0 l&rsquo;Universit\u00e9 de Lausanne o\u00f9 j&rsquo;ai effectu\u00e9 sous la direction de Dr. St\u00e9phanie Grand ma th\u00e8se sur les effets p\u00e9dologiques et climatiques de l&rsquo;alt\u00e9ration acc\u00e9l\u00e9r\u00e9e des silicates. Je poursuis actuellement mes recherches \u00e0 l&rsquo;ETH Z\u00fcrich o\u00f9 je m&rsquo;int\u00e9resse aux effets agronomiques de cette technique en contexte temp\u00e9r\u00e9 (Europe) et tropical (Kenya, \u00cele Maurice).<br><br><br><br><\/p>\n\n\n\n<figure class=\"wp-block-table\"><table class=\"has-background has-fixed-layout\" style=\"background-color:#f2f2f2\"><tbody><tr><td><strong>Date:<\/strong> le 21 mai 2026<br><strong>Lieu:<\/strong> Auditoire Narbel, Palais de Rumine<br><strong>Horaire: 18h30<br>Online: <\/strong>line \u00e0 venir<br><strong>Gratuit et ouvert \u00e0 tous<\/strong><\/td><\/tr><\/tbody><\/table><\/figure>\n\n\n\n<p><\/p>\n","protected":false},"excerpt":{"rendered":"<p>R\u00e9g\u00e9n\u00e9ration des sols par la poudre de roche: l&rsquo;\u00e9ternel retour d&rsquo;une technique pluris\u00e9culaire. Dr Xavier Dupla Department of Earth and Planetary Sciences &#8211; ETHZ Le jeudi 21 mai 2026Au Palais de RumineAuditoire Narbel18h30 Online : lien \u00e0 venir R\u00e9sum\u00e9:Depuis une<\/p>\n","protected":false},"author":1002538,"featured_media":0,"parent":0,"menu_order":0,"comment_status":"closed","ping_status":"closed","template":"","meta":{"_seopress_robots_primary_cat":"","_seopress_titles_title":"","_seopress_titles_desc":"","_seopress_robots_index":"","footnotes":""},"class_list":["post-12032","page","type-page","status-publish"],"_links":{"self":[{"href":"https:\/\/wp.unil.ch\/svsn\/wp-json\/wp\/v2\/pages\/12032","targetHints":{"allow":["GET"]}}],"collection":[{"href":"https:\/\/wp.unil.ch\/svsn\/wp-json\/wp\/v2\/pages"}],"about":[{"href":"https:\/\/wp.unil.ch\/svsn\/wp-json\/wp\/v2\/types\/page"}],"author":[{"embeddable":true,"href":"https:\/\/wp.unil.ch\/svsn\/wp-json\/wp\/v2\/users\/1002538"}],"replies":[{"embeddable":true,"href":"https:\/\/wp.unil.ch\/svsn\/wp-json\/wp\/v2\/comments?post=12032"}],"version-history":[{"count":5,"href":"https:\/\/wp.unil.ch\/svsn\/wp-json\/wp\/v2\/pages\/12032\/revisions"}],"predecessor-version":[{"id":12080,"href":"https:\/\/wp.unil.ch\/svsn\/wp-json\/wp\/v2\/pages\/12032\/revisions\/12080"}],"wp:attachment":[{"href":"https:\/\/wp.unil.ch\/svsn\/wp-json\/wp\/v2\/media?parent=12032"}],"curies":[{"name":"wp","href":"https:\/\/api.w.org\/{rel}","templated":true}]}}