{"id":12001,"date":"2026-02-19T13:46:48","date_gmt":"2026-02-19T12:46:48","guid":{"rendered":"https:\/\/wp.unil.ch\/svsn\/?page_id=12001"},"modified":"2026-02-26T14:54:00","modified_gmt":"2026-02-26T13:54:00","slug":"ag-2026","status":"publish","type":"page","link":"https:\/\/wp.unil.ch\/svsn\/ag-2026\/","title":{"rendered":"AG 2026"},"content":{"rendered":"\n<p>Ch\u00e8res et chers membres de la Soci\u00e9t\u00e9 Vaudoise des Sciences Naturelles,<\/p>\n\n\n\n<p>L&rsquo;Assembl\u00e9e g\u00e9n\u00e9rale de la SVSN aura lieu le lundi 23 mars 20246\u00e0 18h30 \u00e0 l&rsquo;Auditoire Narbel.<\/p>\n\n\n\n<p>Veuillez trouver les documents n\u00e9cessaires ci-joints (l&rsquo;ensemble des documents qui seront pr\u00e9sent\u00e9s lors de l&rsquo;AG peuvent \u00eatre demand\u00e9s aupr\u00e8s du secr\u00e9tariat) :<\/p>\n\n\n\n<p><strong><a href=\"https:\/\/wp.unil.ch\/svsn\/files\/2026\/02\/convocation-_-oj-ag-2026.pdf\">OJ AG 2026<\/a><\/strong><br><strong><a href=\"https:\/\/wp.unil.ch\/svsn\/files\/2026\/02\/pv-ag_svsn_2025.pdf\">PV AG 2025<\/a><a href=\"https:\/\/wp.unil.ch\/svsn\/files\/2024\/02\/Rapport-dactivite-2023.pdf\"><br><\/a><a href=\"https:\/\/wp.unil.ch\/svsn\/files\/2026\/02\/rapport-activite-2025.pdf\">Rapport d&rsquo;activit\u00e9<\/a><\/strong><a href=\"https:\/\/wp.unil.ch\/svsn\/files\/2024\/03\/Annexe-3-Rapports-dactivite2023AG.pdf\"><br><\/a><\/p>\n\n\n\n<p>A l&rsquo;issue de l&rsquo;assembl\u00e9e g\u00e9n\u00e9rale, nous vous convions \u00e0 un ap\u00e9ritif dans la salle du S\u00e9nat.<br><\/p>\n\n\n\n<figure class=\"wp-block-table\"><table class=\"has-background\" style=\"background-color:#ebebed\"><tbody><tr><td>Date : le lundi 23 mars<br>Lieu: Auditoire Narbel<br>Horaire: 18h30<br>Ap\u00e9ro: Suivra \u00e0 la Salle du S\u00e9nat<\/td><\/tr><\/tbody><\/table><\/figure>\n","protected":false},"excerpt":{"rendered":"<p>Ch\u00e8res et chers membres de la Soci\u00e9t\u00e9 Vaudoise des Sciences Naturelles, L&rsquo;Assembl\u00e9e g\u00e9n\u00e9rale de la SVSN aura lieu le lundi 23 mars 20246\u00e0 18h30 \u00e0 l&rsquo;Auditoire Narbel. Veuillez trouver les documents n\u00e9cessaires ci-joints (l&rsquo;ensemble des documents qui seront pr\u00e9sent\u00e9s lors<\/p>\n","protected":false},"author":1002538,"featured_media":0,"parent":0,"menu_order":0,"comment_status":"closed","ping_status":"closed","template":"","meta":{"_seopress_robots_primary_cat":"","_seopress_titles_title":"","_seopress_titles_desc":"","_seopress_robots_index":"","footnotes":""},"class_list":["post-12001","page","type-page","status-publish"],"_links":{"self":[{"href":"https:\/\/wp.unil.ch\/svsn\/wp-json\/wp\/v2\/pages\/12001","targetHints":{"allow":["GET"]}}],"collection":[{"href":"https:\/\/wp.unil.ch\/svsn\/wp-json\/wp\/v2\/pages"}],"about":[{"href":"https:\/\/wp.unil.ch\/svsn\/wp-json\/wp\/v2\/types\/page"}],"author":[{"embeddable":true,"href":"https:\/\/wp.unil.ch\/svsn\/wp-json\/wp\/v2\/users\/1002538"}],"replies":[{"embeddable":true,"href":"https:\/\/wp.unil.ch\/svsn\/wp-json\/wp\/v2\/comments?post=12001"}],"version-history":[{"count":4,"href":"https:\/\/wp.unil.ch\/svsn\/wp-json\/wp\/v2\/pages\/12001\/revisions"}],"predecessor-version":[{"id":12015,"href":"https:\/\/wp.unil.ch\/svsn\/wp-json\/wp\/v2\/pages\/12001\/revisions\/12015"}],"wp:attachment":[{"href":"https:\/\/wp.unil.ch\/svsn\/wp-json\/wp\/v2\/media?parent=12001"}],"curies":[{"name":"wp","href":"https:\/\/api.w.org\/{rel}","templated":true}]}}