{"id":12,"date":"2010-07-08T15:14:32","date_gmt":"2010-07-08T13:14:32","guid":{"rendered":"http:\/\/wp.unil.ch\/svsn\/?page_id=12"},"modified":"2024-02-20T09:58:10","modified_gmt":"2024-02-20T08:58:10","slug":"memoires","status":"publish","type":"page","link":"https:\/\/wp.unil.ch\/svsn\/publications\/memoires\/","title":{"rendered":"M\u00e9moires"},"content":{"rendered":"\n<p>Depuis 1922, la SVSN publie ponctuellement des monographies sur des sujets sp\u00e9cifiques dans sa collection de <strong>M\u00e9moires<\/strong>. Tous les num\u00e9ros ont \u00e9t\u00e9 num\u00e9ris\u00e9s et peuvent \u00eatre consult\u00e9 librement sur la plateforme<a href=\"https:\/\/www.e-periodica.ch\/digbib\/volumes?UID=msv-001\"> <strong>e-periodica.<\/strong><\/a><\/p>\n\n\n\n<h4 class=\"wp-block-heading\"><strong>Nouveau!<\/strong><\/h4>\n\n\n\n<div class=\"wp-block-media-text alignwide is-stacked-on-mobile\" style=\"grid-template-columns:15% auto\"><figure class=\"wp-block-media-text__media\"><img alt=\"\" loading=\"lazy\" decoding=\"async\" width=\"231\" height=\"330\" src=\"https:\/\/wp.unil.ch\/svsn\/files\/2021\/12\/Papillons-2022-2-e1640167594256.jpg\" alt=\"\" class=\"wp-image-8059 size-full\" \/><\/figure><div class=\"wp-block-media-text__content\">\n<p>2\u00e8me \u00e9dition du guide d&rsquo;identification des papillons de jour de Suisse, r\u00e9dig\u00e9 par Vincent Baudraz &amp; Michel Baudraz, compl\u00e9t\u00e9 avec des cartes de distribution des esp\u00e8ces. <a href=\"https:\/\/cscf.abacuscity.ch\/fr\/chf\/A~99APU18F\/0~0~Typ\/Guide-d'identification-des-papillons-de-jour-de-Suisse\"><strong>A commander Ici.&nbsp;&nbsp;<\/strong><\/a><\/p>\n<\/div><\/div>\n\n\n\n<p>Derniers M\u00e9moires parus:<\/p>\n\n\n\n<div class=\"wp-block-media-text alignwide is-stacked-on-mobile\" style=\"grid-template-columns:15% auto\"><figure class=\"wp-block-media-text__media\"><img alt=\"\" loading=\"lazy\" decoding=\"async\" width=\"485\" height=\"681\" src=\"https:\/\/wp.unil.ch\/svsn\/files\/2021\/12\/2021_memoire-29-_-Montricher.jpg\" alt=\"\" class=\"wp-image-8045 size-full\" srcset=\"https:\/\/wp.unil.ch\/svsn\/files\/2021\/12\/2021_memoire-29-_-Montricher.jpg 485w, https:\/\/wp.unil.ch\/svsn\/files\/2021\/12\/2021_memoire-29-_-Montricher-214x300.jpg 214w\" sizes=\"auto, (max-width: 485px) 100vw, 485px\" \/><\/figure><div class=\"wp-block-media-text__content\">\n<p>2021<br><strong>20 ans de r\u00e9serves foresti\u00e8res \u00e0 Montricher: premiers bilans<\/strong><br>Marc-Andr\u00e9 Silva &amp; Mathias Vust<br>no 29<\/p>\n<\/div><\/div>\n\n\n\n<div class=\"wp-block-media-text alignwide is-stacked-on-mobile\" style=\"grid-template-columns:15% auto\"><figure class=\"wp-block-media-text__media\"><img alt=\"\" loading=\"lazy\" decoding=\"async\" width=\"724\" height=\"1024\" src=\"https:\/\/wp.unil.ch\/svsn\/files\/2019\/03\/M\u00e9moire_28-2019-724x1024.jpg\" alt=\"\" class=\"wp-image-4839 size-full\" srcset=\"https:\/\/wp.unil.ch\/svsn\/files\/2019\/03\/M\u00e9moire_28-2019-724x1024.jpg 724w, https:\/\/wp.unil.ch\/svsn\/files\/2019\/03\/M\u00e9moire_28-2019-212x300.jpg 212w, https:\/\/wp.unil.ch\/svsn\/files\/2019\/03\/M\u00e9moire_28-2019-768x1086.jpg 768w, https:\/\/wp.unil.ch\/svsn\/files\/2019\/03\/M\u00e9moire_28-2019.jpg 849w\" sizes=\"auto, (max-width: 724px) 100vw, 724px\" \/><\/figure><div class=\"wp-block-media-text__content\">\n<p>2019<br><strong><strong>Biodiversit\u00e9 du Bois de Ch\u00eanes<\/strong><\/strong><br>Marion Podolak (Ed.)<br>no 28<\/p>\n<\/div><\/div>\n\n\n\n<div class=\"wp-block-media-text alignwide is-stacked-on-mobile\" style=\"grid-template-columns:15% auto\"><figure class=\"wp-block-media-text__media\"><img alt=\"\" loading=\"lazy\" decoding=\"async\" width=\"481\" height=\"680\" src=\"https:\/\/wp.unil.ch\/svsn\/files\/2017\/02\/couverture-martignier.jpg\" alt=\"\" class=\"wp-image-3299 size-full\" srcset=\"https:\/\/wp.unil.ch\/svsn\/files\/2017\/02\/couverture-martignier.jpg 481w, https:\/\/wp.unil.ch\/svsn\/files\/2017\/02\/couverture-martignier-212x300.jpg 212w\" sizes=\"auto, (max-width: 481px) 100vw, 481px\" \/><\/figure><div class=\"wp-block-media-text__content\">\n<p>2017<br><strong><strong><strong>Influence des formations superficielles sur l\u2019\u00e9volution des sols du Jura suisse<\/strong><\/strong><\/strong> <br>Loraine Martignier<br>no 27<\/p>\n<\/div><\/div>\n\n\n\n<div class=\"wp-block-media-text alignwide is-stacked-on-mobile\" style=\"grid-template-columns:15% auto\"><figure class=\"wp-block-media-text__media\"><img alt=\"\" loading=\"lazy\" decoding=\"async\" width=\"625\" height=\"880\" src=\"https:\/\/wp.unil.ch\/svsn\/files\/2020\/09\/Tagfalter-CH-besti.jpg\" alt=\"\" class=\"wp-image-6521 size-full\" srcset=\"https:\/\/wp.unil.ch\/svsn\/files\/2020\/09\/Tagfalter-CH-besti.jpg 625w, https:\/\/wp.unil.ch\/svsn\/files\/2020\/09\/Tagfalter-CH-besti-213x300.jpg 213w\" sizes=\"auto, (max-width: 625px) 100vw, 625px\" \/><\/figure><div class=\"wp-block-media-text__content\">\n<p>2016<br><strong><strong><strong><strong>Guide d&rsquo;identification des papillons de jour de Suisse<\/strong><\/strong><\/strong><\/strong><br>Vincent Baudraz &amp; Michel Baudraz<br>no 26<\/p>\n<\/div><\/div>\n\n\n\n<div class=\"wp-block-media-text alignwide is-stacked-on-mobile\" style=\"grid-template-columns:15% auto\"><figure class=\"wp-block-media-text__media\"><img alt=\"\" loading=\"lazy\" decoding=\"async\" width=\"566\" height=\"800\" src=\"https:\/\/wp.unil.ch\/svsn\/files\/2010\/07\/dangersnaturels.jpg\" alt=\"\" class=\"wp-image-3124 size-full\" srcset=\"https:\/\/wp.unil.ch\/svsn\/files\/2010\/07\/dangersnaturels.jpg 566w, https:\/\/wp.unil.ch\/svsn\/files\/2010\/07\/dangersnaturels-212x300.jpg 212w\" sizes=\"auto, (max-width: 566px) 100vw, 566px\" \/><\/figure><div class=\"wp-block-media-text__content\">\n<p>2013<br><strong><strong><strong><strong><strong>Les dangers naturels en Suisse: pratiques et d\u00e9veloppements<\/strong><\/strong><\/strong><\/strong><\/strong><br>Pierrick Nicolet, Marc-Henri Derron &amp; Michel Jaboyedoff (\u00e9ds.)<br>no 25<\/p>\n<\/div><\/div>\n\n\n\n<div class=\"wp-block-media-text alignwide is-stacked-on-mobile\" style=\"grid-template-columns:15% auto\"><figure class=\"wp-block-media-text__media\"><img alt=\"\" loading=\"lazy\" decoding=\"async\" width=\"602\" height=\"800\" src=\"https:\/\/wp.unil.ch\/svsn\/files\/2013\/02\/Vust2011.png\" alt=\"\" class=\"wp-image-1626 size-full\" srcset=\"https:\/\/wp.unil.ch\/svsn\/files\/2013\/02\/Vust2011.png 602w, https:\/\/wp.unil.ch\/svsn\/files\/2013\/02\/Vust2011-225x300.png 225w\" sizes=\"auto, (max-width: 602px) 100vw, 602px\" \/><\/figure><div class=\"wp-block-media-text__content\">\n<p>2011<br><strong><strong><strong><strong><strong><strong>Les lichens terricoles de Suisse<\/strong><\/strong><\/strong><\/strong><\/strong><\/strong><br>Mathias Vust<br>no 24<\/p>\n<\/div><\/div>\n\n\n\n<div class=\"wp-block-media-text alignwide is-stacked-on-mobile\" style=\"grid-template-columns:15% auto\"><figure class=\"wp-block-media-text__media\"><img alt=\"\" loading=\"lazy\" decoding=\"async\" width=\"566\" height=\"800\" src=\"https:\/\/wp.unil.ch\/svsn\/files\/2010\/07\/vallonnant.jpg\" alt=\"\" class=\"wp-image-3125 size-full\" srcset=\"https:\/\/wp.unil.ch\/svsn\/files\/2010\/07\/vallonnant.jpg 566w, https:\/\/wp.unil.ch\/svsn\/files\/2010\/07\/vallonnant-212x300.jpg 212w\" sizes=\"auto, (max-width: 566px) 100vw, 566px\" \/><\/figure><div class=\"wp-block-media-text__content\">\n<p>2009<br><strong><strong><strong><strong><strong><strong><strong>Biodiversit\u00e9 du Vallon de Nant<\/strong><\/strong><\/strong><\/strong><\/strong><\/strong><\/strong><br>Plumettaz Clot A.-C., Cherix D., Dessimoz F., Gattolliat J.-L., Gm\u00fcr P., Vittoz P. &amp; Vust M. (\u00e9ds.)<br>no 23<\/p>\n<\/div><\/div>\n\n\n\n<div class=\"wp-block-media-text alignwide is-stacked-on-mobile\" style=\"grid-template-columns:15% auto\"><figure class=\"wp-block-media-text__media\"><img alt=\"\" decoding=\"async\" src=\"https:\/\/wp.unil.ch\/svsn\/files\/2010\/07\/SVSN6.jpg\" alt=\"\" class=\"wp-image-542 size-full\" \/><\/figure><div class=\"wp-block-media-text__content\">\n<p>2008<br><strong><strong><strong><strong><strong><strong><strong><strong>Les foug\u00e8res, pr\u00eales et lycopodes du canton de Vaud<\/strong><\/strong><\/strong><\/strong><\/strong><\/strong><\/strong><\/strong><br>Plumettaz Clot A.-C., Cherix D., Dessimoz F., Gattolliat J.-L., Gm\u00fcr P., Vittoz P. &amp; Vust M. (\u00e9ds.)Pierre Mingard<br>no 22<\/p>\n<\/div><\/div>\n\n\n\n<div class=\"wp-block-media-text alignwide is-stacked-on-mobile\" style=\"grid-template-columns:15% auto\"><figure class=\"wp-block-media-text__media\"><img alt=\"\" decoding=\"async\" src=\"https:\/\/wp.unil.ch\/svsn\/files\/2010\/07\/SVSN5.jpg\" alt=\"\" class=\"wp-image-541 size-full\" \/><\/figure><div class=\"wp-block-media-text__content\">\n<p>2006<br><strong><strong><strong><strong><strong><strong><strong><strong><strong>Le nom des plantes en patois vaudois<\/strong><\/strong><\/strong><\/strong><\/strong><\/strong><\/strong><\/strong><\/strong><br>Jean-Louis Moret &amp; Albin Jaques<br>no 21<\/p>\n\n\n\n<p><br><\/p>\n<\/div><\/div>\n\n\n\n<div class=\"wp-block-media-text alignwide is-stacked-on-mobile\" style=\"grid-template-columns:15% auto\"><figure class=\"wp-block-media-text__media\"><img alt=\"\" decoding=\"async\" src=\"https:\/\/wp.unil.ch\/svsn\/files\/2010\/07\/SVSN7.jpg\" alt=\"\" class=\"wp-image-543 size-full\" \/><\/figure><div class=\"wp-block-media-text__content\">\n<p>2003<br><strong><strong><strong><strong><strong><strong><strong><strong><strong>&nbsp;<strong>Les vari\u00e9t\u00e9s fruiti\u00e8res de l&rsquo;Arboretum national du Vallon de l&rsquo;Aubonne<\/strong><\/strong><\/strong><\/strong><\/strong><\/strong><\/strong><\/strong><\/strong><\/strong><br> Roger Corbaz<br>no 20<\/p>\n\n\n\n<p><br><\/p>\n<\/div><\/div>\n\n\n\n<div class=\"wp-block-media-text alignwide is-stacked-on-mobile\" style=\"grid-template-columns:15% auto\"><figure class=\"wp-block-media-text__media\"><img alt=\"\" decoding=\"async\" src=\"https:\/\/wp.unil.ch\/svsn\/files\/2010\/07\/SVSN4.jpg\" alt=\"\" class=\"wp-image-540 size-full\" \/><\/figure><div class=\"wp-block-media-text__content\">\n<p>2003<br><strong><strong><strong><strong><strong><strong><strong><strong><strong><strong><strong>Projet-pilote de gestion \u00e9cologique des for\u00eats de Montricher<\/strong><\/strong><\/strong><\/strong><\/strong><\/strong><\/strong><\/strong><\/strong><\/strong><\/strong><br>Cornelis Neet, Pierre Goeldlin de Tiefenau &amp; Raymond Delarze (\u00e9ds.)<br>no 19<\/p>\n\n\n\n<p><br><\/p>\n<\/div><\/div>\n\n\n<\/p>\n<hr \/>\n<p><!-- \/wp:post-content --><\/p>\n<p><!-- wp:paragraph --><\/p>\n<p><!-- \/wp:paragraph --><\/p>\n<p><!-- wp:media-text {\"mediaId\":6521,\"mediaLink\":\"https:\/\/wp.unil.ch\/svsn\/publications\/memoires\/tagfalter-ch-besti\/\",\"mediaType\":\"image\",\"mediaWidth\":15} --><\/p>\n<div class=\"wp-block-media-text alignwide is-stacked-on-mobile\" style=\"grid-template-columns: 15% auto\">\n<div class=\"wp-block-media-text__content\">\n<p><!-- \/wp:media-text --><\/p>\n<\/div>\n<\/div>\n<p><!-- \/wp:media-text --><\/p>","protected":false},"excerpt":{"rendered":"<p>Le guide d\u2019identification des papillons de jour de Suisse a \u00e9t\u00e9 \u00e9dit\u00e9 en allemand<\/p>\n","protected":false},"author":1001879,"featured_media":6520,"parent":4108,"menu_order":13,"comment_status":"closed","ping_status":"closed","template":"","meta":{"_seopress_robots_primary_cat":"","_seopress_titles_title":"","_seopress_titles_desc":"","_seopress_robots_index":"","footnotes":""},"class_list":["post-12","page","type-page","status-publish","has-post-thumbnail"],"_links":{"self":[{"href":"https:\/\/wp.unil.ch\/svsn\/wp-json\/wp\/v2\/pages\/12","targetHints":{"allow":["GET"]}}],"collection":[{"href":"https:\/\/wp.unil.ch\/svsn\/wp-json\/wp\/v2\/pages"}],"about":[{"href":"https:\/\/wp.unil.ch\/svsn\/wp-json\/wp\/v2\/types\/page"}],"author":[{"embeddable":true,"href":"https:\/\/wp.unil.ch\/svsn\/wp-json\/wp\/v2\/users\/1001879"}],"replies":[{"embeddable":true,"href":"https:\/\/wp.unil.ch\/svsn\/wp-json\/wp\/v2\/comments?post=12"}],"version-history":[{"count":1,"href":"https:\/\/wp.unil.ch\/svsn\/wp-json\/wp\/v2\/pages\/12\/revisions"}],"predecessor-version":[{"id":10221,"href":"https:\/\/wp.unil.ch\/svsn\/wp-json\/wp\/v2\/pages\/12\/revisions\/10221"}],"up":[{"embeddable":true,"href":"https:\/\/wp.unil.ch\/svsn\/wp-json\/wp\/v2\/pages\/4108"}],"wp:featuredmedia":[{"embeddable":true,"href":"https:\/\/wp.unil.ch\/svsn\/wp-json\/wp\/v2\/media\/6520"}],"wp:attachment":[{"href":"https:\/\/wp.unil.ch\/svsn\/wp-json\/wp\/v2\/media?parent=12"}],"curies":[{"name":"wp","href":"https:\/\/api.w.org\/{rel}","templated":true}]}}