{"id":11984,"date":"2026-02-17T08:47:50","date_gmt":"2026-02-17T07:47:50","guid":{"rendered":"https:\/\/wp.unil.ch\/svsn\/?page_id=11984"},"modified":"2026-02-19T11:27:22","modified_gmt":"2026-02-19T10:27:22","slug":"collection-dinstruments-scientifiques","status":"publish","type":"page","link":"https:\/\/wp.unil.ch\/svsn\/collection-dinstruments-scientifiques\/","title":{"rendered":"Collection d&rsquo;instruments scientifiques"},"content":{"rendered":"\n<p class=\"has-text-color has-link-color has-medium-font-size wp-elements-ea7c66d41ede15bf6d73c0e875ac2d5f\" style=\"color:#4fa387\"><strong>Tour d&rsquo;horizon de la Collection d&rsquo;instruments scientifiques de l&rsquo;UNIL-EPFL<\/strong><br><br><strong> (18e si\u00e8cle &#8211; 21e si\u00e8cle)<\/strong><\/p>\n\n\n\n<p><strong>Le jeudi 2 avril 2026<br>B\u00e2timent <a href=\"https:\/\/maps.app.goo.gl\/RpuNCdHLhL2Kgr529\">Cubotron<\/a><br>devant le b\u00e2timent<\/strong><br><strong>17h45<\/strong> <br><strong>Sur inscription<\/strong> formulaire ci-dessous<br><br><strong>Intervenants:<\/strong><br><strong>J\u00e9r\u00f4me Baudry <\/strong>: Professeur assistant d&rsquo;histoire des sciences et des techniques \u00e0 l&rsquo;EPFL.<br><strong>Yohann Guffroy <\/strong>: Docteur en histoire des sciences et des techniques, dipl\u00f4m\u00e9 de l&rsquo;EPFL en 2023.<br><\/p>\n\n\n\n<figure class=\"wp-block-image size-large\"><img decoding=\"async\" src=\"https:\/\/wp.unil.ch\/svsn\/files\/2026\/02\/mpl_vg_11.jpg\" alt=\"\" \/><\/figure>\n\n\n\n<p><strong>R\u00e9sum\u00e9&nbsp;<\/strong>: <br>Situ\u00e9e au sein du b\u00e2timent dit \u00ab Cubotron \u00bb du campus de Dorigny, la Collection d&rsquo;instruments scientifique de l&rsquo;Unil-EPFL, compos\u00e9e de plus de mille objets, t\u00e9moigne de l&rsquo;histoire dynamique de la physique \u00e0 Lausanne depuis la fin du 18e si\u00e8cle. Gr\u00e2ce au travail du physicien Jean-Fran\u00e7ois Loude, membre de la Soci\u00e9t\u00e9, \u00e0 partir de 2003 cette collection a \u00e9t\u00e9 pr\u00e9serv\u00e9e, inventori\u00e9e et expos\u00e9e publiquement.<\/p>\n\n\n\n<p>\u00c0 travers la pr\u00e9sentation de quelques objets expos\u00e9s, nous vous proposons de revenir sur certains temps forts de son histoire, abordant tout \u00e0 la fois sa double origine romande et al\u00e9manique, les acteurs ayant \u0153uvr\u00e9 \u00e0 sa constitution qu\u2019ils aient \u00e9t\u00e9 enseignants ou \u00e9tudiants, ou encore les publics qu\u2019elle a particip\u00e9 \u00e0 \u00e9duquer. Cette visite sera \u00e9galement l\u2019occasion de r\u00e9fl\u00e9chir collectivement sur la n\u00e9cessit\u00e9 de pr\u00e9server une telle collection au sein d\u2019une universit\u00e9 et d&rsquo;une \u00e9cole d\u2019ing\u00e9nieurs et \u00e0 son r\u00f4le dans la transmission de la m\u00e9moire des sciences.<\/p>\n\n\n\n<p><strong>Biographie<\/strong>:<br><br><strong>J\u00e9r\u00f4me Baudry <\/strong>: J\u00e9r\u00f4me Baudry est professeur assistant d&rsquo;histoire des sciences et des techniques \u00e0 l&rsquo;EPFL depuis 2019. Ses travaux portent principalement sur l&rsquo;histoire de la propri\u00e9t\u00e9 intellectuelle, sur les repr\u00e9sentations textuelles et visuelles de la technique, ainsi que sur les pratiques amateurs en sciences et en techniques. Il est charg\u00e9 de la valorisation de la Collection d&rsquo;instruments scientifiques de l&rsquo;UNIL et de l&rsquo;EPFL. Avec Yohann Guffroy, il a r\u00e9cemment publi\u00e9 l&rsquo;ouvrage\u00a0<em>Exp\u00e9rimenter, conserver, transmettre. La collection d&rsquo;instruments scientifiques de Lausanne, du XVIIIe si\u00e8cle \u00e0 nos jours<\/em>, chez EPFL Press.<br><br><strong>Yohann Guffroy <\/strong>: Yohann Guffroy est historien des sciences et des techniques, dipl\u00f4m\u00e9 de l\u2019EPFL. Il a notamment travaill\u00e9 sur la culture visuelle de l\u2019invention en Angleterre au 19<sup>e<\/sup>\u00a0si\u00e8cle et est l\u2019auteur d\u2019un ouvrage intitul\u00e9\u00a0<em>Les traits de l\u2019invention. Production et usages du dessin d\u2019objet technique en Angleterre au tournant du 19<sup>e<\/sup>\u00a0si\u00e8cle<\/em>, Presses des Mines, 2025. Ses recherches portent actuellement sur une histoire technique des dispositifs d\u2019assainissement de l\u2019air dans les espaces productifs.<br><\/p>\n\n\n<script type=\"text\/javascript\">\n\/* <![CDATA[ *\/\nvar gform;gform||(document.addEventListener(\"gform_main_scripts_loaded\",function(){gform.scriptsLoaded=!0}),document.addEventListener(\"gform\/theme\/scripts_loaded\",function(){gform.themeScriptsLoaded=!0}),window.addEventListener(\"DOMContentLoaded\",function(){gform.domLoaded=!0}),gform={domLoaded:!1,scriptsLoaded:!1,themeScriptsLoaded:!1,isFormEditor:()=>\"function\"==typeof InitializeEditor,callIfLoaded:function(o){return!(!gform.domLoaded||!gform.scriptsLoaded||!gform.themeScriptsLoaded&&!gform.isFormEditor()||(gform.isFormEditor()&&console.warn(\"The use of gform.initializeOnLoaded() is deprecated in the form editor context and will be removed in Gravity Forms 3.1.\"),o(),0))},initializeOnLoaded:function(o){gform.callIfLoaded(o)||(document.addEventListener(\"gform_main_scripts_loaded\",()=>{gform.scriptsLoaded=!0,gform.callIfLoaded(o)}),document.addEventListener(\"gform\/theme\/scripts_loaded\",()=>{gform.themeScriptsLoaded=!0,gform.callIfLoaded(o)}),window.addEventListener(\"DOMContentLoaded\",()=>{gform.domLoaded=!0,gform.callIfLoaded(o)}))},hooks:{action:{},filter:{}},addAction:function(o,r,e,t){gform.addHook(\"action\",o,r,e,t)},addFilter:function(o,r,e,t){gform.addHook(\"filter\",o,r,e,t)},doAction:function(o){gform.doHook(\"action\",o,arguments)},applyFilters:function(o){return gform.doHook(\"filter\",o,arguments)},removeAction:function(o,r){gform.removeHook(\"action\",o,r)},removeFilter:function(o,r,e){gform.removeHook(\"filter\",o,r,e)},addHook:function(o,r,e,t,n){null==gform.hooks[o][r]&&(gform.hooks[o][r]=[]);var d=gform.hooks[o][r];null==n&&(n=r+\"_\"+d.length),gform.hooks[o][r].push({tag:n,callable:e,priority:t=null==t?10:t})},doHook:function(r,o,e){var t;if(e=Array.prototype.slice.call(e,1),null!=gform.hooks[r][o]&&((o=gform.hooks[r][o]).sort(function(o,r){return o.priority-r.priority}),o.forEach(function(o){\"function\"!=typeof(t=o.callable)&&(t=window[t]),\"action\"==r?t.apply(null,e):e[0]=t.apply(null,e)})),\"filter\"==r)return e[0]},removeHook:function(o,r,t,n){var e;null!=gform.hooks[o][r]&&(e=(e=gform.hooks[o][r]).filter(function(o,r,e){return!!(null!=n&&n!=o.tag||null!=t&&t!=o.priority)}),gform.hooks[o][r]=e)}});\n\/* ]]> *\/\n<\/script>\n\n                <div class='gf_browser_gecko gform_wrapper gravity-theme gform-theme--no-framework' data-form-theme='gravity-theme' data-form-index='0' id='gform_wrapper_24' >\n                        <div class='gform_heading'>\n                            <h2 class=\"gform_title\">Visite Instruments<\/h2>\n                            <p class='gform_description'><\/p>\n\t\t\t\t\t\t\t<p class='gform_required_legend'>\u00ab\u00a0<span class=\"gfield_required gfield_required_asterisk\">*<\/span>\u00a0\u00bb indique les champs n\u00e9cessaires<\/p>\n                        <\/div><form method='post' enctype='multipart\/form-data'  id='gform_24'  action='\/svsn\/wp-json\/wp\/v2\/pages\/11984' data-formid='24' novalidate><div class='gf_invisible ginput_recaptchav3' data-sitekey='6LdujuwpAAAAAPhxRpxIHMzMYtcnJGeT7dAg7O30' data-tabindex='0'><input id=\"input_085e1bb1a85d39b88e96d4cfbd7a2578\" class=\"gfield_recaptcha_response\" type=\"hidden\" name=\"input_085e1bb1a85d39b88e96d4cfbd7a2578\" value=\"\"\/><\/div>\n                        <div class='gform-body gform_body'><div id='gform_fields_24' class='gform_fields top_label form_sublabel_below description_above validation_below'><div id=\"field_24_7\" class=\"gfield gfield--type-select gfield--input-type-select gfield--width-full gfield_contains_required field_sublabel_below gfield--no-description field_description_above field_validation_below gfield_visibility_visible\"  ><label class='gfield_label gform-field-label' for='input_24_7'>Inscription pour :<span class=\"gfield_required\"><span class=\"gfield_required gfield_required_asterisk\">*<\/span><\/span><\/label><div class='ginput_container ginput_container_select'><select name='input_7' id='input_24_7' class='large gfield_select'    aria-required=\"true\" aria-invalid=\"false\" ><option value='1 personne' >1 personne<\/option><option value='' ><\/option><\/select><\/div><\/div><fieldset id=\"field_24_1\" class=\"gfield gfield--type-name gfield--input-type-name gfield_contains_required field_sublabel_below gfield--no-description field_description_above field_validation_below gfield_visibility_visible\"  ><legend class='gfield_label gform-field-label gfield_label_before_complex' >Nom<span class=\"gfield_required\"><span class=\"gfield_required gfield_required_asterisk\">*<\/span><\/span><\/legend><div class='ginput_complex ginput_container ginput_container--name no_prefix has_first_name no_middle_name has_last_name no_suffix gf_name_has_2 ginput_container_name gform-grid-row' id='input_24_1'>\n                            \n                            <span id='input_24_1_3_container' class='name_first gform-grid-col gform-grid-col--size-auto' >\n                                                    <input type='text' name='input_1.3' id='input_24_1_3' value=''   aria-required='true'     \/>\n                                                    <label for='input_24_1_3' class='gform-field-label gform-field-label--type-sub '>Pr\u00e9nom<\/label>\n                                                <\/span>\n                            \n                            <span id='input_24_1_6_container' class='name_last gform-grid-col gform-grid-col--size-auto' >\n                                                    <input type='text' name='input_1.6' id='input_24_1_6' value=''   aria-required='true'     \/>\n                                                    <label for='input_24_1_6' class='gform-field-label gform-field-label--type-sub '>Nom<\/label>\n                                                <\/span>\n                            \n                        <\/div><\/fieldset><div id=\"field_24_3\" class=\"gfield gfield--type-email gfield--input-type-email gfield--width-full gfield_contains_required field_sublabel_below gfield--no-description field_description_above field_validation_below gfield_visibility_visible\"  ><label class='gfield_label gform-field-label' for='input_24_3'>E-mail<span class=\"gfield_required\"><span class=\"gfield_required gfield_required_asterisk\">*<\/span><\/span><\/label><div class='ginput_container ginput_container_email'>\n                            <input name='input_3' id='input_24_3' type='email' value='' class='large'    aria-required=\"true\" aria-invalid=\"false\"  \/>\n                        <\/div><\/div><div id=\"field_24_5\" class=\"gfield gfield--type-text gfield--input-type-text gfield--width-full field_sublabel_below gfield--no-description field_description_above field_validation_below gfield_visibility_visible\"  ><label class='gfield_label gform-field-label' for='input_24_5'>T\u00e9l\u00e9phone<\/label><div class='ginput_container ginput_container_text'><input name='input_5' id='input_24_5' type='text' value='' class='large'      aria-invalid=\"false\"   \/><\/div><\/div><\/div><\/div>\n        <div class='gform-footer gform_footer top_label'> <input type='submit' id='gform_submit_button_24' class='gform_button button' onclick='gform.submission.handleButtonClick(this);' data-submission-type='submit' value='Envoyer'  \/> \n            <input type='hidden' class='gform_hidden' name='gform_submission_method' data-js='gform_submission_method_24' value='postback' \/>\n            <input type='hidden' class='gform_hidden' name='gform_theme' data-js='gform_theme_24' id='gform_theme_24' value='gravity-theme' \/>\n            <input type='hidden' class='gform_hidden' name='gform_style_settings' data-js='gform_style_settings_24' id='gform_style_settings_24' value='{&quot;inputPrimaryColor&quot;:&quot;#204ce5&quot;}' \/>\n            <input type='hidden' class='gform_hidden' name='is_submit_24' value='1' \/>\n            <input type='hidden' class='gform_hidden' name='gform_submit' value='24' \/>\n            \n            <input type='hidden' class='gform_hidden' name='gform_currency' data-currency='USD' value='BzuTL\/MbCTrWAfM7CPaDs+qQt2ywOYLy2njUQMLoUYb7XG6FTHCWB8GwMpycVMAGPgFKH6We9pvJyGv2wUFOH65ynymLydzIXsvN3Oox38iQBBo=' \/>\n            <input type='hidden' class='gform_hidden' name='gform_unique_id' value='' \/>\n            <input type='hidden' class='gform_hidden' name='state_24' value='WyJbXSIsImE0NTAzOWYzZGZhMWUzOTA2NGI3ZjI1YzljYjJhODRkIl0=' \/>\n            <input type='hidden' autocomplete='off' class='gform_hidden' name='gform_target_page_number_24' id='gform_target_page_number_24' value='0' \/>\n            <input type='hidden' autocomplete='off' class='gform_hidden' name='gform_source_page_number_24' id='gform_source_page_number_24' value='1' \/>\n            <input type='hidden' name='gform_field_values' value='' \/>\n            \n        <\/div>\n                        <\/form>\n                        <\/div><script type=\"text\/javascript\">\n\/* <![CDATA[ *\/\n gform.initializeOnLoaded( function() {gformInitSpinner( 24, 'https:\/\/wp.unil.ch\/svsn\/wp-content\/plugins\/gravityforms\/images\/spinner.svg', true );jQuery('#gform_ajax_frame_24').on('load',function(){var contents = jQuery(this).contents().find('*').html();var is_postback = contents.indexOf('GF_AJAX_POSTBACK') >= 0;if(!is_postback){return;}var form_content = jQuery(this).contents().find('#gform_wrapper_24');var is_confirmation = jQuery(this).contents().find('#gform_confirmation_wrapper_24').length > 0;var is_redirect = contents.indexOf('gformRedirect(){') >= 0;var is_form = form_content.length > 0 && ! is_redirect && ! is_confirmation;var mt = parseInt(jQuery('html').css('margin-top'), 10) + parseInt(jQuery('body').css('margin-top'), 10) + 100;if(is_form){jQuery('#gform_wrapper_24').html(form_content.html());if(form_content.hasClass('gform_validation_error')){jQuery('#gform_wrapper_24').addClass('gform_validation_error');} else {jQuery('#gform_wrapper_24').removeClass('gform_validation_error');}setTimeout( function() { \/* delay the scroll by 50 milliseconds to fix a bug in chrome *\/  }, 50 );if(window['gformInitDatepicker']) {gformInitDatepicker();}if(window['gformInitPriceFields']) {gformInitPriceFields();}var current_page = jQuery('#gform_source_page_number_24').val();gformInitSpinner( 24, 'https:\/\/wp.unil.ch\/svsn\/wp-content\/plugins\/gravityforms\/images\/spinner.svg', true );jQuery(document).trigger('gform_page_loaded', [24, current_page]);window['gf_submitting_24'] = false;}else if(!is_redirect){var confirmation_content = jQuery(this).contents().find('.GF_AJAX_POSTBACK').html();if(!confirmation_content){confirmation_content = contents;}jQuery('#gform_wrapper_24').replaceWith(confirmation_content);jQuery(document).trigger('gform_confirmation_loaded', [24]);window['gf_submitting_24'] = false;wp.a11y.speak(jQuery('#gform_confirmation_message_24').text());}else{jQuery('#gform_24').append(contents);if(window['gformRedirect']) {gformRedirect();}}jQuery(document).trigger(\"gform_pre_post_render\", [{ formId: \"24\", currentPage: \"current_page\", abort: function() { this.preventDefault(); } }]);        if (event && event.defaultPrevented) {                return;        }        const gformWrapperDiv = document.getElementById( \"gform_wrapper_24\" );        if ( gformWrapperDiv ) {            const visibilitySpan = document.createElement( \"span\" );            visibilitySpan.id = \"gform_visibility_test_24\";            gformWrapperDiv.insertAdjacentElement( \"afterend\", visibilitySpan );        }        const visibilityTestDiv = document.getElementById( \"gform_visibility_test_24\" );        let postRenderFired = false;        function triggerPostRender() {            if ( postRenderFired ) {                return;            }            postRenderFired = true;            gform.core.triggerPostRenderEvents( 24, current_page );            if ( visibilityTestDiv ) {                visibilityTestDiv.parentNode.removeChild( visibilityTestDiv );            }        }        function debounce( func, wait, immediate ) {            var timeout;            return function() {                var context = this, args = arguments;                var later = function() {                    timeout = null;                    if ( !immediate ) func.apply( context, args );                };                var callNow = immediate && !timeout;                clearTimeout( timeout );                timeout = setTimeout( later, wait );                if ( callNow ) func.apply( context, args );            };        }        const debouncedTriggerPostRender = debounce( function() {            triggerPostRender();        }, 200 );        if ( visibilityTestDiv && visibilityTestDiv.offsetParent === null ) {            const observer = new MutationObserver( ( mutations ) => {                mutations.forEach( ( mutation ) => {                    if ( mutation.type === 'attributes' && visibilityTestDiv.offsetParent !== null ) {                        debouncedTriggerPostRender();                        observer.disconnect();                    }                });            });            observer.observe( document.body, {                attributes: true,                childList: false,                subtree: true,                attributeFilter: [ 'style', 'class' ],            });        } else {            triggerPostRender();        }    } );} ); \n\/* ]]> *\/\n<\/script>\n\n\n\n<figure class=\"wp-block-table\"><table class=\"has-background has-fixed-layout\" style=\"background-color:#eeeeee\"><tbody><tr><td><strong>Date <\/strong>: Le jeudi 2 avril 2026<strong><br>Lieu: <\/strong>devant l&rsquo;entr\u00e9e du b\u00e2timent <a href=\"https:\/\/maps.app.goo.gl\/RpuNCdHLhL2Kgr529\">Cubotron<\/a><br><strong>Horaire:<\/strong> 17h45 &#8211; 18h45<br><strong>Parking<\/strong>: Parking payant de l&rsquo;universit\u00e9 \u00e0 proximit\u00e9 du Cubotron<br><strong>TL: <\/strong>UNIL &#8211; arr\u00eat Sorge du M1. <br><strong>Bus: <\/strong>Le bus n\u00b0 31 <br><strong>Sur inscription<\/strong>: via le formulaire ci-dessus<\/td><\/tr><\/tbody><\/table><\/figure>\n\n\n\n<p><\/p>\n","protected":false},"excerpt":{"rendered":"<p>Tour d&rsquo;horizon de la Collection d&rsquo;instruments scientifiques de l&rsquo;UNIL-EPFL (18e si\u00e8cle &#8211; 21e si\u00e8cle) Le jeudi 2 avril 2026B\u00e2timent Cubotrondevant le b\u00e2timent17h45 Sur inscription formulaire ci-dessous Intervenants:J\u00e9r\u00f4me Baudry : Professeur assistant d&rsquo;histoire des sciences et des techniques \u00e0 l&rsquo;EPFL.Yohann Guffroy<\/p>\n","protected":false},"author":1002538,"featured_media":0,"parent":0,"menu_order":0,"comment_status":"closed","ping_status":"closed","template":"","meta":{"_seopress_robots_primary_cat":"","_seopress_titles_title":"","_seopress_titles_desc":"","_seopress_robots_index":"","footnotes":""},"class_list":["post-11984","page","type-page","status-publish"],"_links":{"self":[{"href":"https:\/\/wp.unil.ch\/svsn\/wp-json\/wp\/v2\/pages\/11984","targetHints":{"allow":["GET"]}}],"collection":[{"href":"https:\/\/wp.unil.ch\/svsn\/wp-json\/wp\/v2\/pages"}],"about":[{"href":"https:\/\/wp.unil.ch\/svsn\/wp-json\/wp\/v2\/types\/page"}],"author":[{"embeddable":true,"href":"https:\/\/wp.unil.ch\/svsn\/wp-json\/wp\/v2\/users\/1002538"}],"replies":[{"embeddable":true,"href":"https:\/\/wp.unil.ch\/svsn\/wp-json\/wp\/v2\/comments?post=11984"}],"version-history":[{"count":5,"href":"https:\/\/wp.unil.ch\/svsn\/wp-json\/wp\/v2\/pages\/11984\/revisions"}],"predecessor-version":[{"id":11999,"href":"https:\/\/wp.unil.ch\/svsn\/wp-json\/wp\/v2\/pages\/11984\/revisions\/11999"}],"wp:attachment":[{"href":"https:\/\/wp.unil.ch\/svsn\/wp-json\/wp\/v2\/media?parent=11984"}],"curies":[{"name":"wp","href":"https:\/\/api.w.org\/{rel}","templated":true}]}}