{"id":11923,"date":"2026-02-05T09:30:51","date_gmt":"2026-02-05T08:30:51","guid":{"rendered":"https:\/\/wp.unil.ch\/svsn\/?page_id=11923"},"modified":"2026-03-05T08:30:06","modified_gmt":"2026-03-05T07:30:06","slug":"climat-et-politique","status":"publish","type":"page","link":"https:\/\/wp.unil.ch\/svsn\/climat-et-politique\/","title":{"rendered":"Climat et politique"},"content":{"rendered":"\n<p><strong>Le <strong>mercredi 11 mars<\/strong><\/strong><br><strong>Palais de Rumine<\/strong>,<strong>Lausanne<\/strong><br><strong>Salle du S\u00e9nat, 1er \u00e9tage <br>Horaire<\/strong>:<strong>\u00a0<strong>18h30<\/strong> \u2013 20h30<\/strong><br><strong>Gratuit, ouvert \u00e0 tous<\/strong><br><br><strong>Online<\/strong> <a href=\"https:\/\/unil.zoom.us\/j\/2635095432?omn=93916356231\"><strong>https:\/\/unil.zoom.us\/j\/2635095432?omn=93916356231<\/strong><\/a><br><br><\/p>\n\n\n\n<p class=\"has-medium-font-size\"><strong><strong>Conf\u00e9rence &#8211; d\u00e9bat<\/strong><\/strong><\/p>\n\n\n\n<p class=\"has-text-color has-link-color has-medium-font-size wp-elements-c2731cf13d3feb97ac02689317987d11\" style=\"color:#369170\">&nbsp;<strong>\u00ab\u00a0Climat vaudois\u00a0\u00bb:<\/strong><br><strong><br>\u00c9changes au sujet de la situation climatique et des actions concr\u00e8tes<br><\/strong><\/p>\n\n\n\n<figure class=\"wp-block-image size-large\"><img decoding=\"async\" src=\"https:\/\/wp.unil.ch\/svsn\/files\/2026\/02\/capture-decran-2026-02-09-122855.png\" alt=\"\" \/><\/figure>\n\n\n\n<p><em>\u00c9volution des glaciers\u00c9volution des glaciers du Sex Rouge et de Tsanfleuron de 2013 \u00e0 2025 (\u00a9 Mauro Fischer, UNIBE). du Sex Rouge et de Tsanfleuron de 2013 \u00e0 2025 (\u00a9 Mauro Fischer).<\/em><\/p>\n\n\n\n<p><strong>Intervenants:<\/strong><br><strong>Prof. Martine Rebetez:<\/strong> Climatologue, UNINE\/WSL<br><strong>R\u00e9mi Schweizer:<\/strong> D\u00e9l\u00e9gu\u00e9 cantonal au climat (\u00c9tat de Vaud)<br><strong>S\u00e9bastien Humbert<\/strong>: D\u00e9put\u00e9 au Grand Conseil vaudois et consultant<br><br>Le changement climatique transforme d\u00e9j\u00e0 profond\u00e9ment nos territoires, nos modes de vie et nos choix collectifs. En Suisse comme ailleurs, ces bouleversements posent des d\u00e9fis majeurs aux politiques publiques, entre urgence d\u2019agir, contraintes institutionnelles et n\u00e9cessit\u00e9 de construire des solutions durables et accept\u00e9es.<\/p>\n\n\n\n<p>Cette conf\u00e9rence-d\u00e9bat r\u00e9unit <strong>trois intervenant\u00b7e\u00b7s<\/strong> aux expertises compl\u00e9mentaires, \u00e0 l\u2019interface entre <strong>science du climat<\/strong> et <strong>action politique<\/strong>, pour \u00e9clairer les enjeux actuels et futurs.<\/p>\n\n\n\n<p><strong>Martine Rebetez<\/strong> pr\u00e9sentera l\u2019\u00e9volution du climat en Suisse : l\u2019augmentation des temp\u00e9ratures, mais aussi les changements en cours et \u00e0 venir concernant les pr\u00e9cipitations, la neige ou encore le vent. Elle abordera \u00e9galement les cons\u00e9quences concr\u00e8tes de ces transformations, d\u00e9j\u00e0 observables aujourd\u2019hui et appel\u00e9es \u00e0 s\u2019intensifier \u00e0 l\u2019avenir.<\/p>\n\n\n\n<p><strong>S\u00e9bastien Humbert<\/strong> partagera son exp\u00e9rience politique des facteurs limitants, mais aussi des leviers et opportunit\u00e9s permettant de mettre en \u0153uvre une politique de durabilit\u00e9 r\u00e9ellement align\u00e9e avec les objectifs de d\u00e9carbonation de notre soci\u00e9t\u00e9. Il s\u2019int\u00e9ressera en particulier \u00e0 l\u2019atteinte de la neutralit\u00e9 carbone (net z\u00e9ro) \u00e0 l\u2019horizon 2050, en identifiant les secteurs o\u00f9 les efforts portent leurs fruits et ceux o\u00f9 les trajectoires restent insuffisantes \u2014 et en analysant les raisons de ces \u00e9carts.<\/p>\n\n\n\n<p><strong>R\u00e9mi Schweizer<\/strong> reviendra sur la responsabilit\u00e9 de la Suisse et du Canton de Vaud dans les efforts internationaux visant \u00e0 limiter les causes et les effets des changements climatiques. Son intervention donnera un aper\u00e7u des instruments d\u2019action publique cantonale, \u00e0 la fois pour r\u00e9duire les \u00e9missions de gaz \u00e0 effet de serre et pour s\u2019adapter aux impacts pr\u00e9sents et futurs, \u00e0 l\u2019interface entre expertise scientifique et construction du consensus politique.<\/p>\n\n\n\n<p>La conf\u00e9rence sera suivie d\u2019un <strong>temps d\u2019\u00e9change avec le public<\/strong>, afin de prolonger la r\u00e9flexion et nourrir le d\u00e9bat.<br><br><br><strong>Intervenants:<\/strong><br><br><strong>Martine Rebetez<\/strong> est professeure ordinaire de climatologie appliqu\u00e9e \u00e0 l\u2019Universit\u00e9 de Neuch\u00e2tel depuis 2017 et senior scientist au WSL (Institut f\u00e9d\u00e9ral de recherches sur la for\u00eat, la neige et le paysage) depuis 2006. Son parcours acad\u00e9mique s\u2019\u00e9tend sur plus de trois d\u00e9cennies, incluant des postes \u00e0 l\u2019Universit\u00e9 de Lausanne, Gen\u00e8ve, Fribourg et l\u2019EPFL, ainsi qu\u2019un doctorat obtenu \u00e0 Lausanne. Elle a commenc\u00e9 sa carri\u00e8re au service de l\u2019environnement de l\u2019\u00c9tat de Vaud avant de se consacrer \u00e0 la recherche climatique. Sp\u00e9cialiste des impacts du changement climatique en montagne, elle est une voix influente dans les d\u00e9bats scientifiques et publics sur l\u2019adaptation aux changements environnementaux en Suisse.<br><br><strong>R\u00e9mi Schweizer<\/strong> Apr\u00e8s une formation juridique et en management public, R\u00e9mi Schweizer se sp\u00e9cialise en analyse et pilotage des politiques climatiques et environnementales. Il r\u00e9alise une th\u00e8se \u00e0 l\u2019Institut de hautes \u00e9tudes en administration publique (idheap) et compte plusieurs ann\u00e9es d\u2019exp\u00e9rience dans le domaine aupr\u00e8s de divers instituts de recherche et administrations publiques. Depuis 2023, R\u00e9mi occupe le poste de D\u00e9l\u00e9gu\u00e9 cantonal au climat pour l\u2019Etat de Vaud. Dans cette fonction, il appuie le Conseil d\u2019Etat dans le pilotage et la coordination de la politique climatique cantonale.<br><br><strong>S\u00e9bastien Humbert <\/strong>est ing\u00e9nieur en environnement. Il travaille comme consultant en durabilit\u00e9 pour accompagner les entreprises et organisations dans l\u2019indentification de leur empreinte carbone et la mise en place de plans d\u00e9carbonation. En marge de ses activit\u00e9s professionnelles, S\u00e9bastien est impliqu\u00e9 en politique au niveau communal, en tant que municipal de la Commune de Le Vaud et au niveau cantonal en tant que d\u00e9put\u00e9 Vert\u2019lib\u00e9ral. Il est notamment membre de la Commission th\u00e9matique de l&rsquo;environnement et de l\u2019\u00e9nergie (CENEN) et coordonne le groupe th\u00e9matique sur le Climat.<\/p>\n\n\n\n<p><\/p>\n\n\n\n<figure class=\"wp-block-table\"><table class=\"has-background has-fixed-layout\" style=\"background-color:#e5e5e5\"><tbody><tr><td>Date: le mercredi 11 mars<br>Lieu: Palais de Rumine, salle du S\u00e9nat, 1er \u00e9tage <br>Online: <br>18h30-18h40: mots de bienvenue<br>18h40-19h10\u00a0: apports des expert.e.s et scientifiques<br>19h10-20h30 : \u00e9changes avec le public<br>D\u00e8s 20h30: ap\u00e9ritif et poursuite des \u00e9changes informels<br><br>Online: <a href=\"https:\/\/unil.zoom.us\/j\/2635095432?omn=93916356231\">https:\/\/unil.zoom.us\/j\/2635095432?omn=93916356231<\/a><br><br>Gratuit, ouvert \u00e0 tous<\/td><\/tr><\/tbody><\/table><\/figure>\n\n\n\n<p><\/p>\n","protected":false},"excerpt":{"rendered":"<p>Le mercredi 11 marsPalais de Rumine,LausanneSalle du S\u00e9nat, 1er \u00e9tage Horaire:\u00a018h30 \u2013 20h30Gratuit, ouvert \u00e0 tous Online https:\/\/unil.zoom.us\/j\/2635095432?omn=93916356231 Conf\u00e9rence &#8211; d\u00e9bat &nbsp;\u00ab\u00a0Climat vaudois\u00a0\u00bb:\u00c9changes au sujet de la situation climatique et des actions concr\u00e8tes \u00c9volution des glaciers\u00c9volution des glaciers du Sex<\/p>\n","protected":false},"author":1002538,"featured_media":0,"parent":0,"menu_order":0,"comment_status":"closed","ping_status":"closed","template":"","meta":{"_seopress_robots_primary_cat":"","_seopress_titles_title":"","_seopress_titles_desc":"","_seopress_robots_index":"","footnotes":""},"class_list":["post-11923","page","type-page","status-publish"],"_links":{"self":[{"href":"https:\/\/wp.unil.ch\/svsn\/wp-json\/wp\/v2\/pages\/11923","targetHints":{"allow":["GET"]}}],"collection":[{"href":"https:\/\/wp.unil.ch\/svsn\/wp-json\/wp\/v2\/pages"}],"about":[{"href":"https:\/\/wp.unil.ch\/svsn\/wp-json\/wp\/v2\/types\/page"}],"author":[{"embeddable":true,"href":"https:\/\/wp.unil.ch\/svsn\/wp-json\/wp\/v2\/users\/1002538"}],"replies":[{"embeddable":true,"href":"https:\/\/wp.unil.ch\/svsn\/wp-json\/wp\/v2\/comments?post=11923"}],"version-history":[{"count":5,"href":"https:\/\/wp.unil.ch\/svsn\/wp-json\/wp\/v2\/pages\/11923\/revisions"}],"predecessor-version":[{"id":12055,"href":"https:\/\/wp.unil.ch\/svsn\/wp-json\/wp\/v2\/pages\/11923\/revisions\/12055"}],"wp:attachment":[{"href":"https:\/\/wp.unil.ch\/svsn\/wp-json\/wp\/v2\/media?parent=11923"}],"curies":[{"name":"wp","href":"https:\/\/api.w.org\/{rel}","templated":true}]}}