{"id":11897,"date":"2026-01-29T08:56:38","date_gmt":"2026-01-29T07:56:38","guid":{"rendered":"https:\/\/wp.unil.ch\/svsn\/?page_id=11897"},"modified":"2026-02-09T12:22:51","modified_gmt":"2026-02-09T11:22:51","slug":"balade-urbaine","status":"publish","type":"page","link":"https:\/\/wp.unil.ch\/svsn\/balade-urbaine\/","title":{"rendered":"Balade urbaine\u00a0"},"content":{"rendered":"\n<p class=\"has-vivid-green-cyan-color has-text-color has-link-color has-large-font-size wp-elements-18c2477888e0031ebffe4dbfe2f1a4e5\"><strong>Biodiversit\u00e9 et Homo urbanus <\/strong><br><br><br><strong>entre grands \u00e9carts et besoins communs\u00a0?<\/strong><br><br><\/p>\n\n\n\n<p><strong>Le dimanche 31 mai 2026<\/strong><br><strong>10h &#8211; 12h30<\/strong><br><strong>Rdv <\/strong>: <a href=\"https:\/\/maps.app.goo.gl\/T9ySzxZafLmUVKdR6\">Sortie Nord de l\u2019arr\u00eat CHUV du M2<\/a>.<br><strong>Fin de la balade<\/strong> :  Sur la ligne du bus 7 (<a href=\"https:\/\/maps.app.goo.gl\/hJuDSaYZrpS8KxYcA\">arr\u00eat Fauconni\u00e8re<\/a> ou<a href=\"https:\/\/maps.app.goo.gl\/5Xjts58oVQ2v8pex8\"> B\u00e9thusy<\/a>)<br><strong>M\u00e9t\u00e9o:<\/strong> L\u2019excursion a lieu par tous les temps (hormis situation m\u00e9t\u00e9o exceptionnelle)<br><strong>Dur\u00e9e<\/strong>: environ 2,5 km de marche tranquille<br><\/p>\n\n\n\n<figure class=\"wp-block-image size-large\"><img decoding=\"async\" src=\"https:\/\/wp.unil.ch\/svsn\/files\/2026\/01\/balade-en-ville.png\" alt=\"\" \/><\/figure>\n\n\n\n<p>Photo\u00a9Marino Trotta<\/p>\n\n\n\n<p>R\u00e9sum\u00e9:<br>La ville est fa\u00e7onn\u00e9e par et pour l\u2019humain. Pour les autres organismes l\u2019adaptation est de mise. Certaines esp\u00e8ces tirent leurs \u00e9pingles du jeu tandis que d\u2019autres sont en difficult\u00e9. A l\u2019\u00e8re du changement climatique et de l\u2019effondrement de la biodiversit\u00e9, cette balade vous emm\u00e8nera d\u00e9couvrir comment Lausanne r\u00e9pond aux besoins de sa population en pr\u00e9servant un environnement agr\u00e9able \u00e0 vivre, tant pour les habitants que pour les autres formes de vie.<\/p>\n\n\n\n<p>Bio:<br>Mme Pascale Aubert, biologiste, m\u00e8ne des projets en faveur de la biodiversit\u00e9 urbaine en tant que d\u00e9l\u00e9gu\u00e9e \u00e0 la nature \u00e0 la Ville de Lausanne depuis 2011.<\/p>\n\n\n\n<p>M. Pierre Corajoud, auteur de guides de balades p\u00e9destres insolites \u00e0 Lausanne et alentours depuis 1997.<\/p>\n\n\n\n<figure class=\"wp-block-table\"><table class=\"has-background has-fixed-layout\" style=\"background-color:#e3e4e5\"><tbody><tr><td><strong>Date<\/strong>: Le dimanche 31 mai 2026<br><strong>Lieu<\/strong>:\u00a0<a href=\"https:\/\/maps.app.goo.gl\/T9ySzxZafLmUVKdR6\">Sortie Nord de l\u2019arr\u00eat CHUV du M2<\/a>.<br>La balade se terminera sur la ligne du bus 7 (<a href=\"https:\/\/maps.app.goo.gl\/hJuDSaYZrpS8KxYcA\">arr\u00eat Fauconni\u00e8re<\/a> ou B\u00e9thusy), possibilit\u00e9 de rejoindre le point de d\u00e9part en 10-15min \u00e0 pied.<br><strong>Horaire: <\/strong>10h-12h30<br><strong>M\u00e9t\u00e9o:<\/strong> L\u2019excursion \u00e0 lieu par tous les temps (hormis situation m\u00e9t\u00e9o exceptionnelle)<br><strong>Gratuit et ouvert \u00e0 toutes et tous<\/strong><\/td><\/tr><\/tbody><\/table><\/figure>\n\n\n\n<p><\/p>\n","protected":false},"excerpt":{"rendered":"<p>Biodiversit\u00e9 et Homo urbanus entre grands \u00e9carts et besoins communs\u00a0? Le dimanche 31 mai 202610h &#8211; 12h30Rdv : Sortie Nord de l\u2019arr\u00eat CHUV du M2.Fin de la balade : Sur la ligne du bus 7 (arr\u00eat Fauconni\u00e8re ou B\u00e9thusy)M\u00e9t\u00e9o: L\u2019excursion<\/p>\n","protected":false},"author":1002538,"featured_media":0,"parent":0,"menu_order":0,"comment_status":"closed","ping_status":"closed","template":"","meta":{"_seopress_robots_primary_cat":"","_seopress_titles_title":"","_seopress_titles_desc":"","_seopress_robots_index":"","footnotes":""},"class_list":["post-11897","page","type-page","status-publish"],"_links":{"self":[{"href":"https:\/\/wp.unil.ch\/svsn\/wp-json\/wp\/v2\/pages\/11897","targetHints":{"allow":["GET"]}}],"collection":[{"href":"https:\/\/wp.unil.ch\/svsn\/wp-json\/wp\/v2\/pages"}],"about":[{"href":"https:\/\/wp.unil.ch\/svsn\/wp-json\/wp\/v2\/types\/page"}],"author":[{"embeddable":true,"href":"https:\/\/wp.unil.ch\/svsn\/wp-json\/wp\/v2\/users\/1002538"}],"replies":[{"embeddable":true,"href":"https:\/\/wp.unil.ch\/svsn\/wp-json\/wp\/v2\/comments?post=11897"}],"version-history":[{"count":5,"href":"https:\/\/wp.unil.ch\/svsn\/wp-json\/wp\/v2\/pages\/11897\/revisions"}],"predecessor-version":[{"id":11918,"href":"https:\/\/wp.unil.ch\/svsn\/wp-json\/wp\/v2\/pages\/11897\/revisions\/11918"}],"wp:attachment":[{"href":"https:\/\/wp.unil.ch\/svsn\/wp-json\/wp\/v2\/media?parent=11897"}],"curies":[{"name":"wp","href":"https:\/\/api.w.org\/{rel}","templated":true}]}}