{"id":11707,"date":"2025-10-23T11:21:22","date_gmt":"2025-10-23T09:21:22","guid":{"rendered":"https:\/\/wp.unil.ch\/svsn\/?page_id=11707"},"modified":"2026-01-15T07:51:24","modified_gmt":"2026-01-15T06:51:24","slug":"speed-dating-2","status":"publish","type":"page","link":"https:\/\/wp.unil.ch\/svsn\/speed-dating-2\/","title":{"rendered":"Speed dating"},"content":{"rendered":"\n<p class=\"has-text-color has-link-color has-large-font-size wp-elements-268dc1470684f84fa6aaee229c38ec1a\" style=\"color:#25bd85\"><strong>\u00ab&nbsp;L&rsquo;exp\u00e9rimentation animale &#8211; quo vadis?\u00bb&nbsp;<\/strong><\/p>\n\n\n\n<p class=\"has-text-color has-link-color has-large-font-size wp-elements-575b0dfb8d10f9c106a5464101c42802\" style=\"color:#25bd85\"><br><\/p>\n\n\n\n<p class=\"has-black-color has-text-color has-link-color has-medium-font-size wp-elements-16561bcbedbf5be0c0b485aa949bdffa\"><strong>Le jeudi 26 f\u00e9vrier 2026<br>Palais de Rumine<br>Salle Tissot \u2013 (1er \u00e9tage \u00e0 droite en montant)<\/strong><br><strong>18h30 &#8211; 20h30<\/strong><\/p>\n\n\n\n<p class=\"has-black-color has-text-color has-link-color has-medium-font-size wp-elements-9ea9de3557edab6b4469dff93e6affdc\"><\/p>\n\n\n\n<figure class=\"wp-block-image size-large\"><a href=\"https:\/\/wp.unil.ch\/svsn\/files\/2026\/01\/experimentation-animale-picture.png\"><img loading=\"lazy\" decoding=\"async\" width=\"1024\" height=\"640\" src=\"https:\/\/wp.unil.ch\/svsn\/files\/2026\/01\/experimentation-animale-picture-1024x640.png\" alt=\"experimentation animale picture\" class=\"wp-image-11826\" srcset=\"https:\/\/wp.unil.ch\/svsn\/files\/2026\/01\/experimentation-animale-picture-1024x640.png 1024w, https:\/\/wp.unil.ch\/svsn\/files\/2026\/01\/experimentation-animale-picture-300x188.png 300w, https:\/\/wp.unil.ch\/svsn\/files\/2026\/01\/experimentation-animale-picture-768x480.png 768w, https:\/\/wp.unil.ch\/svsn\/files\/2026\/01\/experimentation-animale-picture-1536x960.png 1536w, https:\/\/wp.unil.ch\/svsn\/files\/2026\/01\/experimentation-animale-picture-1320x825.png 1320w, https:\/\/wp.unil.ch\/svsn\/files\/2026\/01\/experimentation-animale-picture.png 1920w\" sizes=\"auto, (max-width: 1024px) 100vw, 1024px\" \/><\/a><\/figure>\n\n\n\n<p><strong>Intervenants:<\/strong><br><strong>Prof. Florent Allagnat<\/strong>: Head of Research, Service de Chirurgie Vasculaire, CHUV<br><strong>Dre med v\u00e9t Laure Seriot<\/strong>: Le r\u00e9seau des animaleries l\u00e9maniques <a href=\"https:\/\/www.unil.ch\/resal\/fr\/home.html\">(ResAL)<\/a>, UNIL- CHUV<br><strong>Dre Valentina Marcaldo:<\/strong> Responsable du bien-\u00eatre animal, <a href=\"https:\/\/www.unil.ch\/dnf\/en\/home.html\">Department of Fundamental Neurosciences<\/a>, UNIL &amp; UNIGE (AGORA),, <br><strong>Dre St\u00e9phanie Claudinot:<\/strong> Coordinatrice 3R de la Facult\u00e9 de Biologie et de M\u00e9decine UNIL \u2013 CHUV<br><strong>DR Pascal Schneider:<\/strong> chef de groupe de recherche, enseignant, <a href=\"https:\/\/www.unil.ch\/ib\/en\/home.html\">Department of Immunobiology<\/a>, UNIL<br><strong>Prof. Claudia Bagni<\/strong>: Professeure oridinaire <a href=\"https:\/\/www.unil.ch\/dnf\/en\/home.html\">Department of Fundamental Neurosciences<\/a> , UNIL<\/p>\n\n\n\n<p><strong>L\u2019exp\u00e9rimentation animale est-elle encore n\u00e9cessaire aujourd\u2019hui ?<br>Quelles pr\u00e9cautions sont prises pour prot\u00e9ger les animaux ?<br>Quels b\u00e9n\u00e9fices r\u00e9els ces recherches apportent-elles \u00e0 la sant\u00e9 humaine et animale ?<\/strong><\/p>\n\n\n\n<p>Ces questions font souvent l&rsquo;objet de d\u00e9bats et montrent que l&rsquo;exp\u00e9rimentation animale est un sujet \u00e9motionnel, multidisciplinaire et tr\u00e8s pertinent. Afin d&rsquo;apporter un \u00e9clairage suppl\u00e9mentaire sur ce sujet complexe, nous vous invitons \u00e0 participer \u00e0 notre speed-dating scientifique avec des experts dans ce domaine, qui pourront vous apporter des points de vue et des perspectives uniques : biologie et recherche fondamentale, application clinique, \u00e9thique et bien-\u00eatre animal. Nous souhaitons stimuler une discussion constructive fond\u00e9e sur des bases scientifiques qui souligne la pertinence de l&rsquo;exp\u00e9rimentation animale pour la recherche, mais qui aborde \u00e9galement les pr\u00e9cautions, les pr\u00e9occupations \u00e9thiques et les mesures de s\u00e9curit\u00e9 mises en place.<\/p>\n\n\n\n<p>Nos expert\u00b7e\u00b7s aborderont notamment :<\/p>\n\n\n\n<p>&#8211; le r\u00f4le de l\u2019exp\u00e9rimentation animale en recherche fondamentale et clinique,<br>&#8211; les b\u00e9n\u00e9fices concrets pour la compr\u00e9hension et le traitement des maladies,<br>&#8211; les cadres l\u00e9gaux et les mesures strictes mises en place pour garantir le bien-\u00eatre animal,<br>&#8211; les principes des <strong>3R (Remplacer, R\u00e9duire, Raffiner)<\/strong> et le d\u00e9veloppement d\u2019alternatives,<br>&#8211; les enjeux \u00e9thiques et soci\u00e9taux li\u00e9s \u00e0 l\u2019utilisation d\u2019animaux en recherche.<br><br><strong>Programme:<\/strong><br>18h30 -18h40&nbsp;: Mot de bienvenue<br>18h40 &#8211; 20h00: apports des expert.e.s et scientifiques<br>20h00 &#8211; 20h30 : ap\u00e9ritif et poursuite des \u00e9changes informels<\/p>\n\n\n\n<p class=\"has-medium-font-size\"><strong><u>Les portraits des experts:<\/u><\/strong><\/p>\n\n\n\n<p><strong>Pascal Schneider: Chef de groupe de recherche, enseignant, D\u00e9partement d\u2019Immunobiologie, UNIL<\/strong><br>Pascal Schneider a effectu\u00e9 ses \u00e9tudes de biologie et une th\u00e8se \u00e0 l\u2019Universit\u00e9 de Lausanne. Apr\u00e8s un post-doctorat \u00e0 Dundee, en Ecosse pour \u00e9tudier un parasite tropical, il a poursuivi sa carri\u00e8re \u00e0 l\u2019UNIL au d\u00e9partement de biochimie (devenu le d\u00e9partement d\u2019immunobiologie), comme chercheur et enseignant, avec le titre de \u00ab&nbsp;ma\u00eetre d\u2019enseignement et de recherche&nbsp;\u00bb. Il travaille depuis plus de 20 ans sur des prot\u00e9ines de la famille du TNF nomm\u00e9es BAFF, APRIL et EDA. Il valide ses recherches et d\u00e9couvertes au sujet de ces prot\u00e9ines en utilisant des souris de laboratoire avec essentiellement deux approches&nbsp;: la premi\u00e8re consiste \u00e0 perturber les g\u00e8nes codant pour ces prot\u00e9ines et \u00e0 en mesurer l\u2019effet&nbsp;; la seconde ne touche pas aux g\u00e8nes mais directement aux prot\u00e9ines, pour les inhiber ou les activer dans le but d\u2019\u00e9valuer si l\u2019on pourrait ainsi traiter des maladies chez l\u2019homme. La chance et la constance ont lui ont offert la joie de constater qu\u2019un traitement d\u00e9velopp\u00e9 chez la souris, puis chez le chien, gu\u00e9ri aussi les humains touch\u00e9s par une maladie rare incurable. Ce traitement \u00e0 une particularit\u00e9 \u00e9tonnante&nbsp;: il doit \u00eatre administr\u00e9 au f\u0153tus avant la naissance pour \u00eatre efficace. Quand il n\u2019est pas occup\u00e9 au laboratoire, Pascal Schneider s\u2019efforce avec passion \u00e0 enseigner des aspects th\u00e9oriques et pratiques du fonctionnement de l\u2019organisme humain et des m\u00e9thodologies de la recherche scientifique \u00e0 de nombreux \u00e9tudiants en biologie et en m\u00e9decine.<\/p>\n\n\n\n<p><strong>Laure Seriot: Le r\u00e9seau des animaleries l\u00e9maniques (ResAL), UNIL- CHUV<\/strong><br>V\u00e9t\u00e9rinaire de formation, Laure Seriot a effectu\u00e9 des recherches sur le d\u00e9veloppement du cerveau durant son doctorat de Sciences, ainsi que des recherches sur le m\u00e9tabolisme \u00e9nerg\u00e9tique durant son post-doctorat, gr\u00e2ce \u00e0 diff\u00e9rents mod\u00e8les de souris modifi\u00e9es g\u00e9n\u00e9tiquement. Elle a ensuite obtenu le poste de Directrice de l\u2019exp\u00e9rimentation animale \u00e0 l\u2019Universit\u00e9 de Gen\u00e8ve en 2011. Depuis 2013, elle occupe la fonction de Directrice de l\u2019exp\u00e9rimentation animale de l\u2019Universit\u00e9 de Lausanne et du CHUV. Laure Seriot est responsable du respect des dispositions de la l\u00e9gislation sur la protection des animaux et des conditions et charges li\u00e9es aux autorisations d\u2019exp\u00e9rimentation animale d\u00e9livr\u00e9es par l\u2019autorit\u00e9 cantonale aux groupes de recherche de l\u2019Universit\u00e9 de Lausanne et du CHUV. Elle est \u00e9galement responsable, au sein des animaleries, des proc\u00e9dures de bonne pratique pour le bien-\u00eatre et la sant\u00e9 des animaux.<\/p>\n\n\n\n<p><strong>Valentina Mercaldo: Responsable du bien-\u00eatre animal \u2013 Universit\u00e9 de Lausanne &amp; UNIGE (AGORA)<\/strong><br>Je suis Responsable du bien-\u00eatre animal pour la Facult\u00e9 de biologie et de m\u00e9decine (FBM) \u00e0 l\u2019UNIL et pour les groupes de recherche de l\u2019UNIGE h\u00e9berg\u00e9s \u00e0 AGORA. J\u2019accompagne plus de 100 \u00e9quipes de recherche dans des domaines biom\u00e9dicaux vari\u00e9s utilisant des mod\u00e8les animaux, en veillant au respect des normes \u00e9thiques et l\u00e9gales les plus strictes.<br>Mon r\u00f4le comprend l\u2019\u00e9valuation et l\u2019am\u00e9lioration des protocoles exp\u00e9rimentaux, l\u2019accompagnement des chercheurs dans leurs d\u00e9marches administratives, ainsi que la promotion des principes des 3R (Remplacement, R\u00e9duction, Raffinement). Je dispense \u00e9galement des formations, r\u00e9alise des inspections des installations, et collabore \u00e9troitement avec les autorit\u00e9s cantonales pour garantir le bien-\u00eatre animal dans tous les domaines de recherche. Avec une formation en neurosciences et une solide exp\u00e9rience dans la supervision de la recherche animale, je suis engag\u00e9e dans plusieurs r\u00e9seaux suisses, europ\u00e9ens et internationaux qui me permettent de discuter et faire \u00e9voluer les pratiques li\u00e9es \u00e0 l\u2019utilisation des animaux mod\u00e8les en recherche fondamentale et translationnelle.<\/p>\n\n\n\n<p><strong>St\u00e9phanie Claudinot: Coordinatrice 3R de la Facult\u00e9 de Biologie et de M\u00e9decine UNIL \u2013 CHUV<\/strong><br>Apr\u00e8s 25 ans de recherche sur les cellules souches et l\u2019immunobiologie de la peau, St\u00e9phanie Claudinot&nbsp;&nbsp;est, depuis 2018, coordinatrice 3R \u00e0 la FBM. Le principe des 3R \u2014 Remplacer, R\u00e9duire, Raffiner \u2014 vise \u00e0 limiter l\u2019utilisation d\u2019animaux en recherche scientifique en privil\u00e9giant des alternatives, en diminuant le nombre d\u2019animaux n\u00e9cessaires et en am\u00e9liorant leur bien-\u00eatre lorsque leur utilisation reste indispensable. Elle est membre du comit\u00e9 ex\u00e9cutif du Centre de comp\u00e9tence 3R suisse (3RCC) qui promeut les 3R et facilite leur mise en \u0153uvre par le biais de la recherche, l\u2019\u00e9ducation et la communication. Au sein de la FBM, elle coordonne les initiatives du 3RCC, participe \u00e0 la formation et \u00e0 la communication en mati\u00e8re de recherche animale, et soutient les chercheur\u00b7e\u00b7s dans l\u2019int\u00e9gration des principes 3R dans leur pratique quotidienne.<\/p>\n\n\n\n<p><strong>Florent Allagnat: Biologiste chercheur en chirurgie vasculaire (CHUV, Lausanne)<\/strong><br>Florent dirige le laboratoire de recherche pr\u00e9-clinique du service de chirurgie vasculaire au CHUV. Ses travaux portent sur les m\u00e9canismes m\u00e9taboliques et inflammatoires impliqu\u00e9s dans les maladies vasculaires (an\u00e9vrisme de l\u2019aorte abdominale, hyperplasie intimale) et sur les b\u00e9n\u00e9fices d\u2019interventions nutritionnelles telles que le je\u00fbne intermittent. Son activit\u00e9 repose sur des mod\u00e8les chirurgicaux murins (isch\u00e9mie de membre, an\u00e9vrisme, etc.), combinant analyses histologiques, mol\u00e9culaires et fonctionnelles pour \u00e9tudier les maladies vasculaires. Il s\u2019implique activement dans le d\u00e9veloppement de pratiques \u00e9thiques et rigoureuses d\u2019exp\u00e9rimentation animale, avec une attention particuli\u00e8re \u00e0 la gestion de la douleur, au bien-\u00eatre animal et \u00e0 la validit\u00e9 translationnelle des mod\u00e8les utilis\u00e9s.<\/p>\n\n\n\n<p class=\"has-black-color has-text-color has-link-color wp-elements-ad9a3de7df3f02ec759f9ac4418cc2d5\"><strong>Claudia Bagni: Professeure ordinaire au D\u00e9partement de la Neuroscience Fondamentale, UNIL<\/strong><br>Claudia Bagni est professeure de neurosciences \u00e0 l\u2019Universit\u00e9 de Lausanne et \u00e0 l\u2019Universit\u00e9 de Rome Tor Vergata. Titulaire d\u2019un doctorat en biologie mol\u00e9culaire et cellulaire, elle a effectu\u00e9 sa formation postdoctorale en France, aux \u00c9tats-Unis et en Allemagne avant de cr\u00e9er son premier laboratoire \u00e0 l\u2019Universit\u00e9 de Rome Tor Vergata. En 2016, elle est devenue directrice du D\u00e9partement des neurosciences fondamentales de l\u2019Universit\u00e9 de Lausanne. Depuis plus de vingt ans, la professeure Bagni \u00e9tudie la fonction des synapses c\u00e9r\u00e9brales \u2014 des structures subcellulaires sp\u00e9cialis\u00e9es essentielles \u00e0 la formation des circuits neuronaux en conditions physiologiques et impliqu\u00e9es dans de nombreux troubles neurologiques, notamment l\u2019autisme (TSA), le syndrome de l\u2019X fragile (FXS), l\u2019\u00e9pilepsie, la schizophr\u00e9nie et les maladies neurod\u00e9g\u00e9n\u00e9ratives telles que la maladie d\u2019Alzheimer. Alors que le FXS et les TSA ne disposent toujours pas de traitement curatif, la professeure Bagni et son \u00e9quipe d\u00e9veloppent des strat\u00e9gies th\u00e9rapeutiques innovantes pour ces troubles du neurod\u00e9veloppement.<br><\/p>\n","protected":false},"excerpt":{"rendered":"<p>\u00ab&nbsp;L&rsquo;exp\u00e9rimentation animale &#8211; quo vadis?\u00bb&nbsp; Le jeudi 26 f\u00e9vrier 2026Palais de RumineSalle Tissot \u2013 (1er \u00e9tage \u00e0 droite en montant)18h30 &#8211; 20h30 Intervenants:Prof. Florent Allagnat: Head of Research, Service de Chirurgie Vasculaire, CHUVDre med v\u00e9t Laure Seriot: Le r\u00e9seau des<\/p>\n","protected":false},"author":1002538,"featured_media":0,"parent":0,"menu_order":0,"comment_status":"closed","ping_status":"closed","template":"","meta":{"_seopress_robots_primary_cat":"","_seopress_titles_title":"","_seopress_titles_desc":"","_seopress_robots_index":"","footnotes":""},"class_list":["post-11707","page","type-page","status-publish"],"_links":{"self":[{"href":"https:\/\/wp.unil.ch\/svsn\/wp-json\/wp\/v2\/pages\/11707","targetHints":{"allow":["GET"]}}],"collection":[{"href":"https:\/\/wp.unil.ch\/svsn\/wp-json\/wp\/v2\/pages"}],"about":[{"href":"https:\/\/wp.unil.ch\/svsn\/wp-json\/wp\/v2\/types\/page"}],"author":[{"embeddable":true,"href":"https:\/\/wp.unil.ch\/svsn\/wp-json\/wp\/v2\/users\/1002538"}],"replies":[{"embeddable":true,"href":"https:\/\/wp.unil.ch\/svsn\/wp-json\/wp\/v2\/comments?post=11707"}],"version-history":[{"count":5,"href":"https:\/\/wp.unil.ch\/svsn\/wp-json\/wp\/v2\/pages\/11707\/revisions"}],"predecessor-version":[{"id":11869,"href":"https:\/\/wp.unil.ch\/svsn\/wp-json\/wp\/v2\/pages\/11707\/revisions\/11869"}],"wp:attachment":[{"href":"https:\/\/wp.unil.ch\/svsn\/wp-json\/wp\/v2\/media?parent=11707"}],"curies":[{"name":"wp","href":"https:\/\/api.w.org\/{rel}","templated":true}]}}